{"id":8721,"date":"2021-12-17T03:02:05","date_gmt":"2021-12-17T08:02:05","guid":{"rendered":"https:\/\/puyapeptide.net\/product\/ganirelix-acetat-cas-123246-29-7-antagonisti-ai-hormonului-de-eliberare-a-gonadotropinei-gnrh\/"},"modified":"2021-12-17T03:02:05","modified_gmt":"2021-12-17T08:02:05","slug":"ganirelix-acetat-cas-123246-29-7-antagonisti-ai-hormonului-de-eliberare-a-gonadotropinei-gnrh","status":"publish","type":"product","link":"https:\/\/puyapeptide.net\/ro\/product\/ganirelix-acetat-cas-123246-29-7-antagonisti-ai-hormonului-de-eliberare-a-gonadotropinei-gnrh\/","title":{"rendered":"Ganirelix Acetat CAS 123246-29-7 Antagoni\u015fti ai hormonului de eliberare a gonadotropinei (GnRH)"},"content":{"rendered":"<h2><strong>Ganirelix Acetat CAS 123246-29-7 Antagoni\u015fti ai hormonului de eliberare a gonadotropinei (GnRH)<\/strong><\/h2>\n<p>Nume produs: Ganirelix Acetate<br \/>\nSinome: Ac-DNal-DCpa-DPal-Ser-Tyr-DHar(Et2)-Leu-Har(Et2)-Pro-DAla -NH2;Ganirelixum;ganirelix Acetate;GANIRELIX; Acetat de Ganirelix USP\/EP\/BP<br \/>\nCAS: 123246-29-7<br \/>\nMF: C80H113ClN18O13<br \/>\nMW: 1570,34<br \/>\nEINECS:<br \/>\nCategorii de produse: hormoni<br \/>\nMol File: 123246-29 -7.mol<\/p>\n<p>Ganirelix acetat este un compus decapeptidic sintetic similar hormonului endogen de eliberare a gonadotropinei (GnRH) (cunoscut \u0219i sub denumirea de hormon de eliberare a hormonului luteinizant (LHRH)) \u0219i este un antagonist al GnRH care antagonizeaz\u0103 competitiv receptorul gonadotrop GnRH, modific\u00e2nd astfel calea \u0219i provoc\u00e2nd inhibarea rapid\u0103 \u0219i reversibil\u0103 a secre\u021biei de gonadotropin\u0103 (hormon luteinizant LH \u0219i hormon foliculostimulant FSH). Acetatul de Ganirelix inhib\u0103 secre\u021bia de LH din hipofiz\u0103 mai semnificativ dec\u00e2t secre\u021bia de FSH, reduc\u00e2nd astfel produc\u021bia de hormoni sexuali.<\/p>\n<p> <strong>Func\u021bia \u0219i aplicarea acetatului de Ganirelix CAS 123246-29-7<\/strong><br \/>\nAcetatul de Ganirelix este un analog al GnRH cu substitu\u021bii la resturile 1, 2, 3, 6, 8 \u0219i 10. Nu este un superagonist, ci, mai degrab\u0103, este o decapeptid\u0103 sintetic\u0103 cu activitate antagonist\u0103 mare \u0219i primul antagonist GnRH care a fost comercializat. Este aprobat pentru suprimarea cre\u0219terilor de LH la femeile care urmeaz\u0103 un tratament de fertilitate cu hiperstimulare ovarian\u0103; Cre\u0219terile LH favorizeaz\u0103 \u00een mod normal ovula\u021bia. Scopul acestui medicament este de a reduce semnificativ num\u0103rul de zile de medica\u021bie necesare pentru a suprima cre\u0219terea LH, men\u021bin\u00e2nd astfel ovule \u00een ovare. Ciclurile de tratament cu fertilizare in vitro (FIV) au fost ini\u021biate istoric prin administrarea de acetat de leuprolid\u0103 pentru a suprima eliberarea prematur\u0103 de LH. Acest lucru inhib\u0103 ovula\u021bia, astfel \u00eenc\u00e2t ovulele r\u0103m\u00e2n disponibile pentru extragere de c\u0103tre un specialist \u00een fertilitate. \u00cen acest scop, acetatul de leuprolid\u0103 este de obicei injectat timp de p\u00e2n\u0103 la 26 de zile. Studiile clinice au ar\u0103tat c\u0103 acetatul de ganirelix poate opri cre\u0219terea LH \u00een numai 5 zile de tratament, c\u0103 suprimarea LH este mai pronun\u021bat\u0103 dec\u00e2t cea a FSH \u0219i c\u0103 timpul de tratament mai scurt minimizeaz\u0103 efectele secundare nepl\u0103cute, cum ar fi bufeurile \u0219i durerile de cap. .<\/p>\n<p>Se folose\u0219te \u00een principal clinic \u00een protocoalele de stimulare ovarian\u0103 controlat\u0103 pentru femeile supuse tehnologiei de reproducere asistat\u0103 pentru a preveni v\u00e2rfurile premature ale hormonului luteinizant \u0219i pentru tratamentul tulbur\u0103rilor de fertilitate cauzate de aceast\u0103 cauz\u0103 Chemicalbook. Medicamentul are mai pu\u021bine efecte adverse, rate ridicate de sarcin\u0103 \u0219i cicluri scurte de tratament \u0219i are avantaje clinice semnificative \u00een compara\u021bie cu medicamente similare.<\/p>\n","protected":false},"excerpt":{"rendered":"<p>Nume produs: Acetat de Ganirelix<br \/>\nCAS: 123246-29-7<br \/>\nMF: C80H113ClN18O13<br \/>\nMW: 1570,34<br \/>\nCategorii de produse: hormoni<br \/>\nMol File: 123246-29-7.mol<\/p>\n","protected":false},"featured_media":2109,"comment_status":"open","ping_status":"closed","template":"","meta":{"om_disable_all_campaigns":false,"_monsterinsights_skip_tracking":false,"_monsterinsights_sitenote_active":false,"_monsterinsights_sitenote_note":"","_monsterinsights_sitenote_category":0,"site-sidebar-layout":"default","site-content-layout":"default","ast-site-content-layout":"default","site-content-style":"default","site-sidebar-style":"default","ast-global-header-display":"","ast-banner-title-visibility":"","ast-main-header-display":"","ast-hfb-above-header-display":"","ast-hfb-below-header-display":"","ast-hfb-mobile-header-display":"","site-post-title":"","ast-breadcrumbs-content":"","ast-featured-img":"","footer-sml-layout":"","ast-disable-related-posts":"","theme-transparent-header-meta":"default","adv-header-id-meta":"","stick-header-meta":"","header-above-stick-meta":"","header-main-stick-meta":"","header-below-stick-meta":"","astra-migrate-meta-layouts":"default","ast-page-background-enabled":"default","ast-page-background-meta":{"desktop":{"background-color":"","background-image":"","background-repeat":"repeat","background-position":"center center","background-size":"auto","background-attachment":"scroll","background-type":"","background-media":"","overlay-type":"","overlay-color":"","overlay-opacity":"","overlay-gradient":""},"tablet":{"background-color":"","background-image":"","background-repeat":"repeat","background-position":"center center","background-size":"auto","background-attachment":"scroll","background-type":"","background-media":"","overlay-type":"","overlay-color":"","overlay-opacity":"","overlay-gradient":""},"mobile":{"background-color":"","background-image":"","background-repeat":"repeat","background-position":"center center","background-size":"auto","background-attachment":"scroll","background-type":"","background-media":"","overlay-type":"","overlay-color":"","overlay-opacity":"","overlay-gradient":""}},"ast-content-background-meta":{"desktop":{"background-color":"var(--ast-global-color-5)","background-image":"","background-repeat":"repeat","background-position":"center center","background-size":"auto","background-attachment":"scroll","background-type":"","background-media":"","overlay-type":"","overlay-color":"","overlay-opacity":"","overlay-gradient":""},"tablet":{"background-color":"var(--ast-global-color-5)","background-image":"","background-repeat":"repeat","background-position":"center center","background-size":"auto","background-attachment":"scroll","background-type":"","background-media":"","overlay-type":"","overlay-color":"","overlay-opacity":"","overlay-gradient":""},"mobile":{"background-color":"var(--ast-global-color-5)","background-image":"","background-repeat":"repeat","background-position":"center center","background-size":"auto","background-attachment":"scroll","background-type":"","background-media":"","overlay-type":"","overlay-color":"","overlay-opacity":"","overlay-gradient":""}}},"product_brand":[],"product_cat":[429],"product_tag":[1039],"class_list":{"0":"post-8721","1":"product","2":"type-product","3":"status-publish","4":"has-post-thumbnail","6":"product_cat-peptida-urogenitala","7":"product_tag-ganirelix-acetate-cas-123246-29-7-gonadotropin-releasing-hormone-gnrh-antagonists-ro","8":"desktop-align-left","9":"tablet-align-left","10":"mobile-align-left","12":"first","13":"instock","14":"shipping-taxable","15":"product-type-simple"},"_links":{"self":[{"href":"https:\/\/puyapeptide.net\/ro\/wp-json\/wp\/v2\/product\/8721","targetHints":{"allow":["GET"]}}],"collection":[{"href":"https:\/\/puyapeptide.net\/ro\/wp-json\/wp\/v2\/product"}],"about":[{"href":"https:\/\/puyapeptide.net\/ro\/wp-json\/wp\/v2\/types\/product"}],"replies":[{"embeddable":true,"href":"https:\/\/puyapeptide.net\/ro\/wp-json\/wp\/v2\/comments?post=8721"}],"wp:featuredmedia":[{"embeddable":true,"href":"https:\/\/puyapeptide.net\/ro\/wp-json\/wp\/v2\/media\/2109"}],"wp:attachment":[{"href":"https:\/\/puyapeptide.net\/ro\/wp-json\/wp\/v2\/media?parent=8721"}],"wp:term":[{"taxonomy":"product_brand","embeddable":true,"href":"https:\/\/puyapeptide.net\/ro\/wp-json\/wp\/v2\/product_brand?post=8721"},{"taxonomy":"product_cat","embeddable":true,"href":"https:\/\/puyapeptide.net\/ro\/wp-json\/wp\/v2\/product_cat?post=8721"},{"taxonomy":"product_tag","embeddable":true,"href":"https:\/\/puyapeptide.net\/ro\/wp-json\/wp\/v2\/product_tag?post=8721"}],"curies":[{"name":"wp","href":"https:\/\/api.w.org\/{rel}","templated":true}]}}