{"id":8797,"date":"2021-12-17T03:06:13","date_gmt":"2021-12-17T08:06:13","guid":{"rendered":"https:\/\/puyapeptide.net\/product\/puya-supply-degarelix-acetat-cas-214766-78-6-folosit-pentru-tratarea-cancerului-de-prostata\/"},"modified":"2021-12-17T03:06:13","modified_gmt":"2021-12-17T08:06:13","slug":"puya-supply-degarelix-acetat-cas-214766-78-6-folosit-pentru-tratarea-cancerului-de-prostata","status":"publish","type":"product","link":"https:\/\/puyapeptide.net\/ro\/product\/puya-supply-degarelix-acetat-cas-214766-78-6-folosit-pentru-tratarea-cancerului-de-prostata\/","title":{"rendered":"Puya Supply Degarelix Acetat CAS 214766-78-6 folosit pentru tratarea cancerului de prostat\u0103"},"content":{"rendered":"<h2><strong>Puya Supply Degarelix Acetat CAS 214766-78-6 folosit pentru tratarea cancerului de prostat\u0103<\/strong><\/h2>\n<p>Nume produs: DEGARELIX<br \/>\nSinome: DEGARELIX;Degarelix acetat;N-Acetil-3-(2-naftil)-D-alanil-4-cloro-D-fenilalanil-3-(3-piridil)-D -alanil-L-seril-4-[2,6-dioxohexahidropirimidin-4(S)-ilcarboxamido]-L-fenilalanil-4-ureido-D-fenilalanil-L-leucil-N6-izopropil-L-lisil-L- acetat de prolil-D-alaninamid\u0103; sare acetat de Degarelix; D-alaninamid\u0103, N-acetil-3-(naftalen-2-il)-D-alanil-4-clor-D-fenilalanil-3-(piridin-3-il) -D-alanil-L-seril-4-((((4S)-2,6-dioxohexahidropirimidin-4-il)carbonil)amino)-L-fenilalanil-4-(carbamoilamino)-D-fenilalanil-L-leucil -N6-(1-metiletil)-L-lisil-L-prolil-;Degarelix acetat(FE-200486,Degarelix);FirMagon;Degarelix, Degarelix acetat<br \/>\nCAS: 214766-78-6<br \/>\nMF: C82H103Cl103Cl<br \/>\nMW: 1632.26<br \/>\nEINECS: 807-277-4<br \/>\nCategorii de produse: API<br \/>\nFi\u0219ier Mol: 214766-78-6.mol<\/p>\n<p>Antagoni\u0219tii GnRH s-au dovedit a fi un terapie eficient\u0103 pentru cancerele reglate hormonal, cum ar fi prostat\u0103 \u0219i unele tipuri de s\u00e2n. Ca analogi ai GnRH, se leag\u0103 competitiv \u0219i reversibil de receptorii GnRH din glanda pituitar\u0103, bloc\u00e2nd astfel eliberarea hormonului luteinizant (LH) \u0219i a hormonului foliculostimulant (FSH). La b\u0103rba\u021bi, reducerea LH declan\u0219eaz\u0103 abla\u021bia secre\u021biei de testosteron din testicule, iar aceste niveluri asem\u0103n\u0103toare castrarii au fost esen\u021biale \u00een gestionarea eficient\u0103 a cancerului de prostat\u0103 avansat. \u00cen compara\u021bie cu agoni\u0219tii GnRH, antagoni\u0219tii nu sufer\u0103 de o poten\u021bial\u0103 apari\u021bie a bolii ca urmare a unei stimul\u0103ri ini\u021biale a axei hipotalamo-hipofizo-gonadale \u00eenainte de reglarea \u00een jos a receptorului GnRH. \u00cen plus, antagoni\u015ftii GnRH ofer\u0103 efecte benefice mai rapid dup\u0103 dozare \u015fi au ca rezultat o suprimare mai eficient\u0103 a nivelurilor de gonadotropin\u0103. Av\u00e2nd \u00een vedere acest lucru, acetatul de degarelix a fost lansat ca antagonist GnRH de genera\u021bia a treia pentru tratamentul cancerului de prostat\u0103 \u0219i se al\u0103tur\u0103 altor agen\u021bi de genera\u021bia a treia, ganirelix \u0219i cetronelix, de pe pia\u021b\u0103.<\/p>\n<p> <strong>Propriet\u0103\u021bi chimice ale Degarelix Acetat CAS 214766-78-6<\/strong><br \/>\ndensitate 1,325\u00b10,06 g\/cm3(Previzual)<br \/>\ntemp. A se p\u0103stra \u00eentr-un loc \u00eentunecat, Atmosfer\u0103 inert\u0103, A se p\u0103stra \u00een congelator, sub -20\u00b0C<br \/>\npka 10,38\u00b10,40(Previzual)<\/p>\n<p> <strong>Func\u021bia \u0219i aplicarea Degarelix Acetate CAS 214766-78-6<\/strong><br \/>\nHomon avansat -carcinomul de prostat\u0103 dependent<\/p>\n<p>Desmopressin&#39; (denumiri comerciale: DDAVP, DesmoMelt, Minirin, Minirin Melt, Octim, Stimate) este un \u00eenlocuitor sintetic al vasopresinei, hormonul care reduce produc\u021bia de urin\u0103. Poate fi administrat nazal, intravenos sau sub form\u0103 de tablete orale sau sublinguale. Medicii prescriu cel mai frecvent desmopresina pentru tratamentul diabetului insipid, enurezis sau nicturie.<\/p>\n<p>Se poate administra pe cale nazal\u0103, intravenoas\u0103 sau sub form\u0103 de tablete. Medicii prescriu desmopresina cel mai frecvent pentru tratamentul diabetului insipid sau al enurezisului nocturn. Desmopresina (1-desamino-8-D-arginina vasopresin\u0103) este o form\u0103 modificat\u0103 a hormonului uman normal arginina vasopresin\u0103, o peptid\u0103 care con\u021bine nou\u0103 aminoacizi. Utilizarea medical\u0103 a acetatului de desmopresin\u0103 include: (a) udarea patului; (b) urinarea pe timp de noapte; (c) tulbur\u0103ri de coagulare; (d) diabet insipid.<\/p>\n","protected":false},"excerpt":{"rendered":"<p>Nume produs: DEGARELIX<br \/>\nCAS: 214766-78-6<br \/>\nMF: C82H103ClN18O16<br \/>\nMW: 1632.26<br \/>\nEINECS: 807-277-4<br \/>\nCategorii de produse: API<br \/>\nMol File: 214766 -78-6.mol<\/p>\n","protected":false},"featured_media":2130,"comment_status":"open","ping_status":"closed","template":"","meta":{"om_disable_all_campaigns":false,"_monsterinsights_skip_tracking":false,"_monsterinsights_sitenote_active":false,"_monsterinsights_sitenote_note":"","_monsterinsights_sitenote_category":0,"site-sidebar-layout":"default","site-content-layout":"default","ast-site-content-layout":"default","site-content-style":"default","site-sidebar-style":"default","ast-global-header-display":"","ast-banner-title-visibility":"","ast-main-header-display":"","ast-hfb-above-header-display":"","ast-hfb-below-header-display":"","ast-hfb-mobile-header-display":"","site-post-title":"","ast-breadcrumbs-content":"","ast-featured-img":"","footer-sml-layout":"","ast-disable-related-posts":"","theme-transparent-header-meta":"default","adv-header-id-meta":"","stick-header-meta":"","header-above-stick-meta":"","header-main-stick-meta":"","header-below-stick-meta":"","astra-migrate-meta-layouts":"default","ast-page-background-enabled":"default","ast-page-background-meta":{"desktop":{"background-color":"","background-image":"","background-repeat":"repeat","background-position":"center center","background-size":"auto","background-attachment":"scroll","background-type":"","background-media":"","overlay-type":"","overlay-color":"","overlay-opacity":"","overlay-gradient":""},"tablet":{"background-color":"","background-image":"","background-repeat":"repeat","background-position":"center center","background-size":"auto","background-attachment":"scroll","background-type":"","background-media":"","overlay-type":"","overlay-color":"","overlay-opacity":"","overlay-gradient":""},"mobile":{"background-color":"","background-image":"","background-repeat":"repeat","background-position":"center center","background-size":"auto","background-attachment":"scroll","background-type":"","background-media":"","overlay-type":"","overlay-color":"","overlay-opacity":"","overlay-gradient":""}},"ast-content-background-meta":{"desktop":{"background-color":"var(--ast-global-color-5)","background-image":"","background-repeat":"repeat","background-position":"center center","background-size":"auto","background-attachment":"scroll","background-type":"","background-media":"","overlay-type":"","overlay-color":"","overlay-opacity":"","overlay-gradient":""},"tablet":{"background-color":"var(--ast-global-color-5)","background-image":"","background-repeat":"repeat","background-position":"center center","background-size":"auto","background-attachment":"scroll","background-type":"","background-media":"","overlay-type":"","overlay-color":"","overlay-opacity":"","overlay-gradient":""},"mobile":{"background-color":"var(--ast-global-color-5)","background-image":"","background-repeat":"repeat","background-position":"center center","background-size":"auto","background-attachment":"scroll","background-type":"","background-media":"","overlay-type":"","overlay-color":"","overlay-opacity":"","overlay-gradient":""}}},"product_brand":[],"product_cat":[386],"product_tag":[940],"class_list":{"0":"post-8797","1":"product","2":"type-product","3":"status-publish","4":"has-post-thumbnail","6":"product_cat-peptida-antitumorala","7":"product_tag-puya-supply-degarelix-acetate-cas-214766-78-6-used-for-treat-prostate-cancer-ro","8":"desktop-align-left","9":"tablet-align-left","10":"mobile-align-left","12":"first","13":"instock","14":"shipping-taxable","15":"product-type-simple"},"_links":{"self":[{"href":"https:\/\/puyapeptide.net\/ro\/wp-json\/wp\/v2\/product\/8797","targetHints":{"allow":["GET"]}}],"collection":[{"href":"https:\/\/puyapeptide.net\/ro\/wp-json\/wp\/v2\/product"}],"about":[{"href":"https:\/\/puyapeptide.net\/ro\/wp-json\/wp\/v2\/types\/product"}],"replies":[{"embeddable":true,"href":"https:\/\/puyapeptide.net\/ro\/wp-json\/wp\/v2\/comments?post=8797"}],"wp:featuredmedia":[{"embeddable":true,"href":"https:\/\/puyapeptide.net\/ro\/wp-json\/wp\/v2\/media\/2130"}],"wp:attachment":[{"href":"https:\/\/puyapeptide.net\/ro\/wp-json\/wp\/v2\/media?parent=8797"}],"wp:term":[{"taxonomy":"product_brand","embeddable":true,"href":"https:\/\/puyapeptide.net\/ro\/wp-json\/wp\/v2\/product_brand?post=8797"},{"taxonomy":"product_cat","embeddable":true,"href":"https:\/\/puyapeptide.net\/ro\/wp-json\/wp\/v2\/product_cat?post=8797"},{"taxonomy":"product_tag","embeddable":true,"href":"https:\/\/puyapeptide.net\/ro\/wp-json\/wp\/v2\/product_tag?post=8797"}],"curies":[{"name":"wp","href":"https:\/\/api.w.org\/{rel}","templated":true}]}}