{"id":8910,"date":"2021-12-17T03:14:20","date_gmt":"2021-12-17T08:14:20","guid":{"rendered":"https:\/\/puyapeptide.net\/product\/acetat-de-carbetocina-cas-37025-55-1-prevenirea-contractiilor-uterine-slabe-si-a-hemoragiei-postpartum\/"},"modified":"2021-12-17T03:14:20","modified_gmt":"2021-12-17T08:14:20","slug":"acetat-de-carbetocina-cas-37025-55-1-prevenirea-contractiilor-uterine-slabe-si-a-hemoragiei-postpartum","status":"publish","type":"product","link":"https:\/\/puyapeptide.net\/ro\/product\/acetat-de-carbetocina-cas-37025-55-1-prevenirea-contractiilor-uterine-slabe-si-a-hemoragiei-postpartum\/","title":{"rendered":"Acetat de carbetocin\u0103 CAS 37025-55-1 Prevenirea contrac\u021biilor uterine slabe \u0219i a hemoragiei postpartum"},"content":{"rendered":"<h2><strong>Acetat de carbetocin\u0103 CAS 37025-55-1 Prevenirea contrac\u021biilor uterine slabe \u0219i a hemoragiei postpartum<\/strong><\/h2>\n<p>Nume produs: CARBETOCIN<br \/>\nSinome: BUTYRYL-TYR(ME)-ILE-GLN-ASN-CYS-PRO-LEU-GLY-NH2, (LEG\u0102TUR\u0102 SULFID\u0102 \u00ceNTRE BUTIRIL-4-YL \u0218I CYS);BUTIRIL- TYR(ME)-ILE-GLN-ASN-CYS-PRO-LEU-GLY-NH2 SARE TRIFLUOROACETAT;(BUTYRYL1,TYR(ME)2)-1-CARBAOXYTOCIN SARE TRIFLUOROACETAT;(BUTYRYL1,TYR(ME)2)-OXYTOCIN ;(BUTYRYL1,TYR(ME)2)-OXITOCIN TRIFLUOROACETAT SARE;CARBETOCIN;CARBETOCIN TRIFLUOROACETAT SARE;(2-O-METILTIROSIN)-DE-AMINO-1-CARBAOXYTOCIN<br \/>\nCAS: 37025<br \/>\n55-1691<br \/>\nMW: 988,17<br \/>\nEINECS: 253-312-6<br \/>\nCategorii de produse: Alte API;Peptide;Receptor de vasopresin\u0103 \u0219i oxitocin\u0103;Intermediari \u0219i produse chimice fine;Farmaceutice<br \/>\nFi\u0219ier Mol:- 537025 1.mol<\/p>\n<p>Carbetocina este un analog sintetic de 8 peptide a oxitocinei cu ac\u021biune prelungit\u0103, cu propriet\u0103\u021bi agoniste, cu propriet\u0103\u021bi clinice \u0219i farmacologice similare cu cele ale oxitocinei naturale. La fel ca oxitocina, carbetocina se leag\u0103 de receptorii de oxitocin\u0103 din mu\u0219chiul neted al uterului, provoc\u00e2nd o contrac\u021bie ritmic\u0103 a uterului, care cre\u0219te frecven\u021ba acestuia \u0219i cre\u0219te tonusul uterin pe l\u00e2ng\u0103 contrac\u021bia original\u0103 a Chemicalbook. \u00cen starea de ne\u00eensarcinat\u0103, nivelul receptorilor de oxitocin\u0103 din uter este sc\u0103zut, cresc\u00e2nd \u00een timpul sarcinii \u0219i atinge v\u00e2rful la na\u0219tere. Prin urmare, cabergolina nu are efect asupra uterului care nu este gravid\u0103, dar are un efect eficient de contrac\u021bie uterin\u0103 asupra uterului gravid\u0103 \u0219i asupra uterului care tocmai a n\u0103scut.<\/p>\n<p> <strong>CARBETOCIN Propriet\u0103\u021bi chimice ale carbetocinei<\/strong><br \/>\nalpha D &#8211; 69,0\u00b0 (c = 0,25 \u00een acid acetic 1M)<br \/>\nPunctul de fierbere 1477,9\u00b165,0 \u00b0C(Predic\u021bie)<br \/>\ndensitate 1,218\u00b10,06 g\/cm3(Predic\u021bie)&lt;&amp; &gt;temp. -15\u00b0C<br \/>\nform\u0103 pulbere<br \/>\npka 13,07\u00b10,70(Previzual)<br \/>\nculoare alb p\u00e2n\u0103 la bej<\/p>\n<p> <strong>Func\u021bia \u0219i aplicarea carbetocinei<\/strong><br \/>\nPentru utilizare dup\u0103 anestezie epidural\u0103 sau lombar\u0103 electiv\u0103 pentru cezarian\u0103 na\u0219tere pentru a preveni contrac\u021biile uterine slabe \u0219i hemoragia postpartum.<br \/>\nOpera\u021bie cezarian\u0103 sub alt\u0103 anestezie pentru opera\u021bie cezarian\u0103 de urgen\u021b\u0103, opera\u021bie cezarian\u0103 clasic\u0103, anestezie epidural\u0103 sau rahidian\u0103 sau prezen\u021b\u0103 matern\u0103 cu boal\u0103 cardiac\u0103 semnificativ\u0103, antecedente arteriale de hipertensiune cardiac\u0103 semnificativ\u0103. coagulopatie cunoscut\u0103 sau hepatic\u0103, rinichi \u0219i boli endocrine (excluz\u00e2nd diabetul gesta\u021bional) Utilizarea carbetocinei nu a fost studiat\u0103. Administrarea carbetocinei dup\u0103 na\u0219terea vaginal\u0103 nu a fost studiat\u0103 \u00een mod stabilit \u0219i doza nu a fost determinat\u0103.<\/p>\n","protected":false},"excerpt":{"rendered":"<p>Nume produs: CARBETOCIN<br \/>\nCAS: 37025-55-1<br \/>\nMF: C45H69N11O12S<br \/>\nMW: 988,17<br \/>\nEINECS: 253-312-6<br \/>\nMol File: 37025-55-1. mol<\/p>\n","protected":false},"featured_media":2214,"comment_status":"open","ping_status":"closed","template":"","meta":{"om_disable_all_campaigns":false,"_monsterinsights_skip_tracking":false,"_monsterinsights_sitenote_active":false,"_monsterinsights_sitenote_note":"","_monsterinsights_sitenote_category":0,"site-sidebar-layout":"default","site-content-layout":"default","ast-site-content-layout":"default","site-content-style":"default","site-sidebar-style":"default","ast-global-header-display":"","ast-banner-title-visibility":"","ast-main-header-display":"","ast-hfb-above-header-display":"","ast-hfb-below-header-display":"","ast-hfb-mobile-header-display":"","site-post-title":"","ast-breadcrumbs-content":"","ast-featured-img":"","footer-sml-layout":"","ast-disable-related-posts":"","theme-transparent-header-meta":"default","adv-header-id-meta":"","stick-header-meta":"","header-above-stick-meta":"","header-main-stick-meta":"","header-below-stick-meta":"","astra-migrate-meta-layouts":"default","ast-page-background-enabled":"default","ast-page-background-meta":{"desktop":{"background-color":"","background-image":"","background-repeat":"repeat","background-position":"center center","background-size":"auto","background-attachment":"scroll","background-type":"","background-media":"","overlay-type":"","overlay-color":"","overlay-opacity":"","overlay-gradient":""},"tablet":{"background-color":"","background-image":"","background-repeat":"repeat","background-position":"center center","background-size":"auto","background-attachment":"scroll","background-type":"","background-media":"","overlay-type":"","overlay-color":"","overlay-opacity":"","overlay-gradient":""},"mobile":{"background-color":"","background-image":"","background-repeat":"repeat","background-position":"center center","background-size":"auto","background-attachment":"scroll","background-type":"","background-media":"","overlay-type":"","overlay-color":"","overlay-opacity":"","overlay-gradient":""}},"ast-content-background-meta":{"desktop":{"background-color":"var(--ast-global-color-5)","background-image":"","background-repeat":"repeat","background-position":"center center","background-size":"auto","background-attachment":"scroll","background-type":"","background-media":"","overlay-type":"","overlay-color":"","overlay-opacity":"","overlay-gradient":""},"tablet":{"background-color":"var(--ast-global-color-5)","background-image":"","background-repeat":"repeat","background-position":"center center","background-size":"auto","background-attachment":"scroll","background-type":"","background-media":"","overlay-type":"","overlay-color":"","overlay-opacity":"","overlay-gradient":""},"mobile":{"background-color":"var(--ast-global-color-5)","background-image":"","background-repeat":"repeat","background-position":"center center","background-size":"auto","background-attachment":"scroll","background-type":"","background-media":"","overlay-type":"","overlay-color":"","overlay-opacity":"","overlay-gradient":""}}},"product_brand":[],"product_cat":[429],"product_tag":[832],"class_list":{"0":"post-8910","1":"product","2":"type-product","3":"status-publish","4":"has-post-thumbnail","6":"product_cat-peptida-urogenitala","7":"product_tag-carbetocin-acetate-cas-37025-55-1-ro","8":"desktop-align-left","9":"tablet-align-left","10":"mobile-align-left","12":"first","13":"instock","14":"shipping-taxable","15":"product-type-simple"},"_links":{"self":[{"href":"https:\/\/puyapeptide.net\/ro\/wp-json\/wp\/v2\/product\/8910","targetHints":{"allow":["GET"]}}],"collection":[{"href":"https:\/\/puyapeptide.net\/ro\/wp-json\/wp\/v2\/product"}],"about":[{"href":"https:\/\/puyapeptide.net\/ro\/wp-json\/wp\/v2\/types\/product"}],"replies":[{"embeddable":true,"href":"https:\/\/puyapeptide.net\/ro\/wp-json\/wp\/v2\/comments?post=8910"}],"wp:featuredmedia":[{"embeddable":true,"href":"https:\/\/puyapeptide.net\/ro\/wp-json\/wp\/v2\/media\/2214"}],"wp:attachment":[{"href":"https:\/\/puyapeptide.net\/ro\/wp-json\/wp\/v2\/media?parent=8910"}],"wp:term":[{"taxonomy":"product_brand","embeddable":true,"href":"https:\/\/puyapeptide.net\/ro\/wp-json\/wp\/v2\/product_brand?post=8910"},{"taxonomy":"product_cat","embeddable":true,"href":"https:\/\/puyapeptide.net\/ro\/wp-json\/wp\/v2\/product_cat?post=8910"},{"taxonomy":"product_tag","embeddable":true,"href":"https:\/\/puyapeptide.net\/ro\/wp-json\/wp\/v2\/product_tag?post=8910"}],"curies":[{"name":"wp","href":"https:\/\/api.w.org\/{rel}","templated":true}]}}