{"id":6295,"date":"2021-12-16T04:23:42","date_gmt":"2021-12-16T09:23:42","guid":{"rendered":"https:\/\/puyapeptide.net\/product\/acetyl-hexapeptide-37-cas-1447824-16-9-for-fuktgivande-hud\/"},"modified":"2021-12-16T04:23:42","modified_gmt":"2021-12-16T09:23:42","slug":"acetyl-hexapeptide-37-cas-1447824-16-9-for-fuktgivande-hud","status":"publish","type":"product","link":"https:\/\/puyapeptide.net\/sv\/product\/acetyl-hexapeptide-37-cas-1447824-16-9-for-fuktgivande-hud\/","title":{"rendered":"Acetyl Hexapeptide-37 CAS 1447824-16-9 f\u00f6r fuktgivande hud"},"content":{"rendered":"<h2><strong>Acetyl Hexapeptide-37 CAS 1447824-16-9 f\u00f6r fuktgivande hud<\/strong><\/h2>\n<p>Produktnamn: Acetyl Hexapeptide-37, Diffuporine<br \/>\nCAS-nr: N\/A<br \/>\nRenhet\uff1a\u226598%<br \/>\nMolekylvikt \uff1a539,55g\/mol<br \/>\nMolekylformel: C22H33N7O9<br \/>\n Utseende: vitt pulver<br \/>\nF\u00f6rvaringsskick: 2 \u2103\uff5e8 \u2103<br \/>\nF\u00f6rpackningsspecifikation (pulver): 1g, 10g, 100g<br \/>\nAnv\u00e4ndning: Kosmetiska r\u00e5varor<\/p>\n<p>Acetylhexapeptid-37, ett vatten channel protein cell moisturizer, \u00e4r en ny hexapeptid som best\u00e5r av naturliga aminosyror, som effektivt kan \u00f6ka uttrycket av AQP3 i m\u00e4nniskokroppen p\u00e5 mRNA-niv\u00e5, och d\u00e4rmed \u00f6ka inneh\u00e5llet av AQP3 i huden. Det fr\u00e4mjar syntesen av typ I-kollagen i humana dermala fibroblast-progenitorceller och proliferationen av keratiniserade celler.<\/p>\n<p> <strong>Funktion av Acetyl Hexapeptide-37 CAS 1447824-16-9<\/strong><br \/>\n1. Acetyl Hexapeptide-37 kan motverka rynkor och \u00e5ldrande samt f\u00f6r att \u00e5terfukta huden<br \/>\n2. F\u00f6rb\u00e4ttra hudkvaliteten<br \/>\n3. Ansikts- och kroppsv\u00e5rd<br \/>\n4. Ansikts-, hals- och handv\u00e5rdsprodukter<br \/>\n5. Kan l\u00e4ggas till sk\u00f6nhetsv\u00e5rdsprodukter som lotioner, morgon- och kv\u00e4llskr\u00e4mer, \u00f6gonserum etc.<\/p>\n<p> <strong>Anv\u00e4ndning av Acetyl Hexapeptide-37 CAS 1447824-16-9<\/strong><br \/>\nDet kan effektivt \u00f6ka uttrycket av AQP3 i m\u00e4nniskokroppen p\u00e5 mRNA-niv\u00e5, vilket \u00f6kar halten av AQP3 i huden. Det har egenskaperna att f\u00f6rb\u00e4ttra fuktgivande och \u00e4r en bra fuktgivande aktiv ingrediens. Det kan ocks\u00e5 fr\u00e4mja typ I i humana dermala fibroblaster. Syntesen av kollagen och proliferationen av keratinocyter. Acetyl hexapeptide-37 fuktgivande peptid \u00e4r en ny och omfattande anti-aging aktiv ingrediens.<\/p>\n","protected":false},"excerpt":{"rendered":"<p>Produktnamn: Acetyl Hexapeptide-37, Diffuporine<br \/>\nRenhet\uff1a\u226598%<br \/>\nMolekylvikt \uff1a539,55g\/mol<br \/>\nMolekylformel: C22H33N7O9<br \/>\nUtseende: vitt pulver<br \/>\nAnv\u00e4ndning: Kosmetiska r\u00e5varor<\/p>\n","protected":false},"featured_media":2217,"comment_status":"open","ping_status":"closed","template":"","meta":{"om_disable_all_campaigns":false,"_monsterinsights_skip_tracking":false,"_monsterinsights_sitenote_active":false,"_monsterinsights_sitenote_note":"","_monsterinsights_sitenote_category":0,"site-sidebar-layout":"default","site-content-layout":"default","ast-site-content-layout":"default","site-content-style":"default","site-sidebar-style":"default","ast-global-header-display":"","ast-banner-title-visibility":"","ast-main-header-display":"","ast-hfb-above-header-display":"","ast-hfb-below-header-display":"","ast-hfb-mobile-header-display":"","site-post-title":"","ast-breadcrumbs-content":"","ast-featured-img":"","footer-sml-layout":"","ast-disable-related-posts":"","theme-transparent-header-meta":"default","adv-header-id-meta":"","stick-header-meta":"","header-above-stick-meta":"","header-main-stick-meta":"","header-below-stick-meta":"","astra-migrate-meta-layouts":"default","ast-page-background-enabled":"default","ast-page-background-meta":{"desktop":{"background-color":"","background-image":"","background-repeat":"repeat","background-position":"center center","background-size":"auto","background-attachment":"scroll","background-type":"","background-media":"","overlay-type":"","overlay-color":"","overlay-opacity":"","overlay-gradient":""},"tablet":{"background-color":"","background-image":"","background-repeat":"repeat","background-position":"center center","background-size":"auto","background-attachment":"scroll","background-type":"","background-media":"","overlay-type":"","overlay-color":"","overlay-opacity":"","overlay-gradient":""},"mobile":{"background-color":"","background-image":"","background-repeat":"repeat","background-position":"center center","background-size":"auto","background-attachment":"scroll","background-type":"","background-media":"","overlay-type":"","overlay-color":"","overlay-opacity":"","overlay-gradient":""}},"ast-content-background-meta":{"desktop":{"background-color":"var(--ast-global-color-5)","background-image":"","background-repeat":"repeat","background-position":"center center","background-size":"auto","background-attachment":"scroll","background-type":"","background-media":"","overlay-type":"","overlay-color":"","overlay-opacity":"","overlay-gradient":""},"tablet":{"background-color":"var(--ast-global-color-5)","background-image":"","background-repeat":"repeat","background-position":"center center","background-size":"auto","background-attachment":"scroll","background-type":"","background-media":"","overlay-type":"","overlay-color":"","overlay-opacity":"","overlay-gradient":""},"mobile":{"background-color":"var(--ast-global-color-5)","background-image":"","background-repeat":"repeat","background-position":"center center","background-size":"auto","background-attachment":"scroll","background-type":"","background-media":"","overlay-type":"","overlay-color":"","overlay-opacity":"","overlay-gradient":""}}},"product_brand":[],"product_cat":[725],"product_tag":[3607],"class_list":{"0":"post-6295","1":"product","2":"type-product","3":"status-publish","4":"has-post-thumbnail","6":"product_cat-fuktgivande-antioxidantpeptid","7":"product_tag-acetyl-hexapeptide-37-cas-1447824-16-9-for-skin-moisturizing-sv","8":"desktop-align-left","9":"tablet-align-left","10":"mobile-align-left","12":"first","13":"instock","14":"shipping-taxable","15":"product-type-simple"},"_links":{"self":[{"href":"https:\/\/puyapeptide.net\/sv\/wp-json\/wp\/v2\/product\/6295","targetHints":{"allow":["GET"]}}],"collection":[{"href":"https:\/\/puyapeptide.net\/sv\/wp-json\/wp\/v2\/product"}],"about":[{"href":"https:\/\/puyapeptide.net\/sv\/wp-json\/wp\/v2\/types\/product"}],"replies":[{"embeddable":true,"href":"https:\/\/puyapeptide.net\/sv\/wp-json\/wp\/v2\/comments?post=6295"}],"wp:featuredmedia":[{"embeddable":true,"href":"https:\/\/puyapeptide.net\/sv\/wp-json\/wp\/v2\/media\/2217"}],"wp:attachment":[{"href":"https:\/\/puyapeptide.net\/sv\/wp-json\/wp\/v2\/media?parent=6295"}],"wp:term":[{"taxonomy":"product_brand","embeddable":true,"href":"https:\/\/puyapeptide.net\/sv\/wp-json\/wp\/v2\/product_brand?post=6295"},{"taxonomy":"product_cat","embeddable":true,"href":"https:\/\/puyapeptide.net\/sv\/wp-json\/wp\/v2\/product_cat?post=6295"},{"taxonomy":"product_tag","embeddable":true,"href":"https:\/\/puyapeptide.net\/sv\/wp-json\/wp\/v2\/product_tag?post=6295"}],"curies":[{"name":"wp","href":"https:\/\/api.w.org\/{rel}","templated":true}]}}