{"id":6319,"date":"2021-12-16T04:27:31","date_gmt":"2021-12-16T09:27:31","guid":{"rendered":"https:\/\/puyapeptide.net\/product\/palmitoyl-tripeptide-36-dermapep-m330-kan-hamma-bakterier-och-svampar-som-staphylococcus-aureus\/"},"modified":"2021-12-16T04:27:31","modified_gmt":"2021-12-16T09:27:31","slug":"palmitoyl-tripeptide-36-dermapep-m330-kan-hamma-bakterier-och-svampar-som-staphylococcus-aureus","status":"publish","type":"product","link":"https:\/\/puyapeptide.net\/sv\/product\/palmitoyl-tripeptide-36-dermapep-m330-kan-hamma-bakterier-och-svampar-som-staphylococcus-aureus\/","title":{"rendered":"Palmitoyl Tripeptide-36\/Dermapep M330 kan h\u00e4mma bakterier och svampar som Staphylococcus aureus"},"content":{"rendered":"<h2><strong>Palmitoyl Tripeptide-36\/Dermapep M330 kan h\u00e4mma bakterier och svampar som Staphylococcus aureus<\/strong><\/h2>\n<p>Produktnamn: Palmitoyl Tripeptide-36<br \/>\nCas nr:<br \/>\nMolekyl\u00e4r: 402.53<br \/>\nMF: C18H38N6O4<br \/>\nMSDS och COA: tillg\u00e4nglig f\u00f6r din referens<br \/>\nRenhet: 95%<br \/>\nGrad : kosmetisk<br \/>\nL\u00f6slighet: l\u00e4tt l\u00f6slig i vatten<br \/>\nStabilitet: stabil<br \/>\nK\u00e4lla:<br \/>\nLukt: nej<br \/>\nKapacitet: 600g per m\u00e5nad<br \/>\nUtseende: vitt pulver<\/p>\n<p>YSPep -PT36 \u00e4r palmitoyltripeptid-36 (Dermapep M330), en tripeptid som best\u00e5r av tre aminosyror.<br \/>\nDet \u00e4r ett aktivt antimikrobiellt medel och antiseptiskt medel. Den h\u00e4mmar Staphylococcus aureus och andra bakterier, svamp p\u00e5 hudytan hos AD-patienter.<br \/>\nPropionibacterium acnes, \u00e4ven k\u00e4nd som Acinetobacter och Propionibacterium, \u00e4r en grampositiv anaerob icke-r\u00f6rlig kort bacillu som uts\u00f6ndrar metaboliter som esteraser som bryter ned huden keratin och lipidliknande komponenter, vilket g\u00f6r det till en av de viktigaste orsakerna till akne. Propionibacterium acnes lever p\u00e5 fettsyror i hudens porer. N\u00e4r porerna blockeras v\u00e4xer de vilt, bryts ner m\u00e4ttade fettsyror och producerar stora m\u00e4ngder fria fettsyror, som sipprar in i huden genom porerna, orsakar en stressreaktion p\u00e5 huden, producerar akne, rodnad etc. Bakterier som stafylokocker fastnar p\u00e5 huden genom utstr\u00f6mmande pus, vilket orsakar skador p\u00e5 hudv\u00e4vnaden. Propionibacterium acnes, som uts\u00f6ndrar metaboliter s\u00e5som esteraser som kan bryta ned hudkeratin och lipidliknande komponenter, \u00e4r en av de viktigaste orsakerna till akne.<\/p>\n<p> <strong>Anv\u00e4ndning av Palmitoyl Tripeptide-36\/ Dermapep M330<\/strong><br \/>\n&lt;&amp; &gt;Palmitoyl Tripeptide-36. Det \u00e4r ett aktivt antimikrobiellt medel och konserveringsmedel. Det h\u00e4mmar S.aureus och andra bakterier, svampar p\u00e5 hudytan hos AD-patienter. Till\u00e4mpningar inkluderar antimikrobiella och konserveringsmedel.<\/p>\n","protected":false},"excerpt":{"rendered":"<p>Produktnamn: Palmitoyl Tripeptide-36<br \/>\nMolekyl\u00e4r: 402.53<br \/>\nMF: C18H38N6O4<br \/>\nRenhet: 95%<br \/>\nKvalit\u00e9: kosmetisk<br \/>\nStabilitet: stabil<\/p>\n","protected":false},"featured_media":2133,"comment_status":"open","ping_status":"closed","template":"","meta":{"om_disable_all_campaigns":false,"_monsterinsights_skip_tracking":false,"_monsterinsights_sitenote_active":false,"_monsterinsights_sitenote_note":"","_monsterinsights_sitenote_category":0,"site-sidebar-layout":"default","site-content-layout":"default","ast-site-content-layout":"default","site-content-style":"default","site-sidebar-style":"default","ast-global-header-display":"","ast-banner-title-visibility":"","ast-main-header-display":"","ast-hfb-above-header-display":"","ast-hfb-below-header-display":"","ast-hfb-mobile-header-display":"","site-post-title":"","ast-breadcrumbs-content":"","ast-featured-img":"","footer-sml-layout":"","ast-disable-related-posts":"","theme-transparent-header-meta":"default","adv-header-id-meta":"","stick-header-meta":"","header-above-stick-meta":"","header-main-stick-meta":"","header-below-stick-meta":"","astra-migrate-meta-layouts":"default","ast-page-background-enabled":"default","ast-page-background-meta":{"desktop":{"background-color":"","background-image":"","background-repeat":"repeat","background-position":"center center","background-size":"auto","background-attachment":"scroll","background-type":"","background-media":"","overlay-type":"","overlay-color":"","overlay-opacity":"","overlay-gradient":""},"tablet":{"background-color":"","background-image":"","background-repeat":"repeat","background-position":"center center","background-size":"auto","background-attachment":"scroll","background-type":"","background-media":"","overlay-type":"","overlay-color":"","overlay-opacity":"","overlay-gradient":""},"mobile":{"background-color":"","background-image":"","background-repeat":"repeat","background-position":"center center","background-size":"auto","background-attachment":"scroll","background-type":"","background-media":"","overlay-type":"","overlay-color":"","overlay-opacity":"","overlay-gradient":""}},"ast-content-background-meta":{"desktop":{"background-color":"var(--ast-global-color-5)","background-image":"","background-repeat":"repeat","background-position":"center center","background-size":"auto","background-attachment":"scroll","background-type":"","background-media":"","overlay-type":"","overlay-color":"","overlay-opacity":"","overlay-gradient":""},"tablet":{"background-color":"var(--ast-global-color-5)","background-image":"","background-repeat":"repeat","background-position":"center center","background-size":"auto","background-attachment":"scroll","background-type":"","background-media":"","overlay-type":"","overlay-color":"","overlay-opacity":"","overlay-gradient":""},"mobile":{"background-color":"var(--ast-global-color-5)","background-image":"","background-repeat":"repeat","background-position":"center center","background-size":"auto","background-attachment":"scroll","background-type":"","background-media":"","overlay-type":"","overlay-color":"","overlay-opacity":"","overlay-gradient":""}}},"product_brand":[],"product_cat":[705],"product_tag":[3587],"class_list":{"0":"post-6319","1":"product","2":"type-product","3":"status-publish","4":"has-post-thumbnail","6":"product_cat-antibakteriell-aknepeptid","7":"product_tag-palmitoyl-tripeptide-36-dermapep-m330-can-inhibit-bacteria-and-fungi-such-as-staphylococcus-aureus-sv","8":"desktop-align-left","9":"tablet-align-left","10":"mobile-align-left","12":"first","13":"instock","14":"shipping-taxable","15":"product-type-simple"},"_links":{"self":[{"href":"https:\/\/puyapeptide.net\/sv\/wp-json\/wp\/v2\/product\/6319","targetHints":{"allow":["GET"]}}],"collection":[{"href":"https:\/\/puyapeptide.net\/sv\/wp-json\/wp\/v2\/product"}],"about":[{"href":"https:\/\/puyapeptide.net\/sv\/wp-json\/wp\/v2\/types\/product"}],"replies":[{"embeddable":true,"href":"https:\/\/puyapeptide.net\/sv\/wp-json\/wp\/v2\/comments?post=6319"}],"wp:featuredmedia":[{"embeddable":true,"href":"https:\/\/puyapeptide.net\/sv\/wp-json\/wp\/v2\/media\/2133"}],"wp:attachment":[{"href":"https:\/\/puyapeptide.net\/sv\/wp-json\/wp\/v2\/media?parent=6319"}],"wp:term":[{"taxonomy":"product_brand","embeddable":true,"href":"https:\/\/puyapeptide.net\/sv\/wp-json\/wp\/v2\/product_brand?post=6319"},{"taxonomy":"product_cat","embeddable":true,"href":"https:\/\/puyapeptide.net\/sv\/wp-json\/wp\/v2\/product_cat?post=6319"},{"taxonomy":"product_tag","embeddable":true,"href":"https:\/\/puyapeptide.net\/sv\/wp-json\/wp\/v2\/product_tag?post=6319"}],"curies":[{"name":"wp","href":"https:\/\/api.w.org\/{rel}","templated":true}]}}