{"id":6344,"date":"2021-12-16T04:32:02","date_gmt":"2021-12-16T09:32:02","guid":{"rendered":"https:\/\/puyapeptide.net\/product\/myristoyl-hexapeptide-23-sympeptide380-kan-doda-propionibacterium-acnes-som-lampar-sig-for-olika-oljekontroll-och-aknelindringsprodukter\/"},"modified":"2021-12-16T04:32:02","modified_gmt":"2021-12-16T09:32:02","slug":"myristoyl-hexapeptide-23-sympeptide380-kan-doda-propionibacterium-acnes-som-lampar-sig-for-olika-oljekontroll-och-aknelindringsprodukter","status":"publish","type":"product","link":"https:\/\/puyapeptide.net\/sv\/product\/myristoyl-hexapeptide-23-sympeptide380-kan-doda-propionibacterium-acnes-som-lampar-sig-for-olika-oljekontroll-och-aknelindringsprodukter\/","title":{"rendered":"Myristoyl Hexapeptide-23\/sympeptide380 kan d\u00f6da Propionibacterium acnes som l\u00e4mpar sig f\u00f6r olika oljekontroll- och aknelindringsprodukter"},"content":{"rendered":"<h2><strong>Myristoyl Hexapeptide-23\/sympeptide380 kan d\u00f6da Propionibacterium acnes som l\u00e4mpar sig f\u00f6r olika oljekontroll- och aknelindringsprodukter<\/strong><\/h2>\n<p>Produktnamn: Myristoyl Hexapeptide-23\/ SymPeptide 380<br \/>\nCas No:N\/A<br \/>\nFormel:C47H92N10O7<br \/>\nMolekyl\u00e4r:909,3g\/mol<br \/>\nLukt: nej<br \/>\nStabilitet: stabil&lt; &amp;&gt;MSDS och COA: tillg\u00e4nglig f\u00f6r din referens<br \/>\nFormulering: tillg\u00e4nglig f\u00f6r din referens, kontakta oss.<br \/>\nLeverans: omg\u00e5ende fr\u00e5n lager<br \/>\nK\u00e4lla: syntetisk<br \/>\nKapacitet: 500g per m\u00e5nad<br \/>\nUtseende : vitt pulver<\/p>\n<p>Vi vet alla att akne i ansiktet m\u00e5ste orsakas av n\u00e5gon sorts bakterier som kallas Propionibacterium acnes. S\u00e5 vad exakt \u00e4r det som g\u00f6r att denna bakterie kommer till dig? Propionibacterium acnes \u00e4r en Gram-f\u00e4rgande positiv kort bacill. Det finns \u00e4ven Propionibacterium acnes p\u00e5 normal hud, som \u00e4r parasitisk i h\u00e5rs\u00e4ckar och talgk\u00f6rtlar. Under puberteten uts\u00f6ndrar talgk\u00f6rtlarna mycket, vilket leder till blockering av h\u00e5rs\u00e4ckarna, och talg ansamlas i folliklarna, vilket g\u00f6r att Propionibacterium acnes f\u00f6r\u00f6kar sig och leder till acne.<\/p>\n<p>Det \u00e4r ocks\u00e5 sant att n\u00e4r jag minns min ton\u00e5rstid var ofta full med olja och det d\u00f6k upp lite finnar d\u00e5 och d\u00e5. M\u00e5nga av mina v\u00e4nner hade till och med akne hela tiden, och deras ansikten var fulla av finnar, vilket s\u00e5g hemskt ut. Eftersom detta \u00e4r ett problem som pl\u00e5gar de flesta, kommer de att hitta ett s\u00e4tt att l\u00f6sa det. Jag minns en v\u00e4n som ocks\u00e5 \u00e4lskade akne, och sedan spenderade mycket pengar p\u00e5 att bli av med akne, dricka v\u00e4xtbaserade tonic, g\u00f6ra n\u00e5lrensning eller n\u00e5got, men det var ocks\u00e5 ett symptom men inte ett botemedel. Det finns inget annat s\u00e4tt? Naturligtvis inte!<\/p>\n<p>Idag presenterar vi aknebakteriernas naturliga fiende\uff1a myristyl hexapeptide-23<br \/>\nIn vitro: DNA-mikroarray, MIC mot P. acnes, bredspektrumantimikrobiell<br \/>\n&lt;&amp; &gt; <strong>Funktion av Myristoyl Hexapeptide-23<\/strong><br \/>\n\u2022 Myristoyl Hexapeptide-23 som hj\u00e4lper till att f\u00f6rebygga problemhud.<br \/>\n\u2022 Myristoyl Hexapeptide-23 D\u00f6dar bakterier som orsakar akne.<\/p>\n","protected":false},"excerpt":{"rendered":"<p>Produktnamn: Myristoyl Hexapeptide-23\/ SymPeptide 380<br \/>\nCas No:N\/A<br \/>\nFormel:C47H92N10O7<br \/>\nMolekyl\u00e4r:909,3g\/mol<br \/>\nStabilitet: stabil<br \/>\nUtseende: vitt pulver<\/p>\n","protected":false},"featured_media":2112,"comment_status":"open","ping_status":"closed","template":"","meta":{"om_disable_all_campaigns":false,"_monsterinsights_skip_tracking":false,"_monsterinsights_sitenote_active":false,"_monsterinsights_sitenote_note":"","_monsterinsights_sitenote_category":0,"site-sidebar-layout":"default","site-content-layout":"default","ast-site-content-layout":"default","site-content-style":"default","site-sidebar-style":"default","ast-global-header-display":"","ast-banner-title-visibility":"","ast-main-header-display":"","ast-hfb-above-header-display":"","ast-hfb-below-header-display":"","ast-hfb-mobile-header-display":"","site-post-title":"","ast-breadcrumbs-content":"","ast-featured-img":"","footer-sml-layout":"","ast-disable-related-posts":"","theme-transparent-header-meta":"default","adv-header-id-meta":"","stick-header-meta":"","header-above-stick-meta":"","header-main-stick-meta":"","header-below-stick-meta":"","astra-migrate-meta-layouts":"default","ast-page-background-enabled":"default","ast-page-background-meta":{"desktop":{"background-color":"","background-image":"","background-repeat":"repeat","background-position":"center center","background-size":"auto","background-attachment":"scroll","background-type":"","background-media":"","overlay-type":"","overlay-color":"","overlay-opacity":"","overlay-gradient":""},"tablet":{"background-color":"","background-image":"","background-repeat":"repeat","background-position":"center center","background-size":"auto","background-attachment":"scroll","background-type":"","background-media":"","overlay-type":"","overlay-color":"","overlay-opacity":"","overlay-gradient":""},"mobile":{"background-color":"","background-image":"","background-repeat":"repeat","background-position":"center center","background-size":"auto","background-attachment":"scroll","background-type":"","background-media":"","overlay-type":"","overlay-color":"","overlay-opacity":"","overlay-gradient":""}},"ast-content-background-meta":{"desktop":{"background-color":"var(--ast-global-color-5)","background-image":"","background-repeat":"repeat","background-position":"center center","background-size":"auto","background-attachment":"scroll","background-type":"","background-media":"","overlay-type":"","overlay-color":"","overlay-opacity":"","overlay-gradient":""},"tablet":{"background-color":"var(--ast-global-color-5)","background-image":"","background-repeat":"repeat","background-position":"center center","background-size":"auto","background-attachment":"scroll","background-type":"","background-media":"","overlay-type":"","overlay-color":"","overlay-opacity":"","overlay-gradient":""},"mobile":{"background-color":"var(--ast-global-color-5)","background-image":"","background-repeat":"repeat","background-position":"center center","background-size":"auto","background-attachment":"scroll","background-type":"","background-media":"","overlay-type":"","overlay-color":"","overlay-opacity":"","overlay-gradient":""}}},"product_brand":[],"product_cat":[705],"product_tag":[3568],"class_list":{"0":"post-6344","1":"product","2":"type-product","3":"status-publish","4":"has-post-thumbnail","6":"product_cat-antibakteriell-aknepeptid","7":"product_tag-myristoyl-hexapeptide-23-sympeptide380-can-kill-propionibacterium-acnes-suitable-for-various-oil-control-and-acne-relief-products-sv","8":"desktop-align-left","9":"tablet-align-left","10":"mobile-align-left","12":"first","13":"instock","14":"shipping-taxable","15":"product-type-simple"},"_links":{"self":[{"href":"https:\/\/puyapeptide.net\/sv\/wp-json\/wp\/v2\/product\/6344","targetHints":{"allow":["GET"]}}],"collection":[{"href":"https:\/\/puyapeptide.net\/sv\/wp-json\/wp\/v2\/product"}],"about":[{"href":"https:\/\/puyapeptide.net\/sv\/wp-json\/wp\/v2\/types\/product"}],"replies":[{"embeddable":true,"href":"https:\/\/puyapeptide.net\/sv\/wp-json\/wp\/v2\/comments?post=6344"}],"wp:featuredmedia":[{"embeddable":true,"href":"https:\/\/puyapeptide.net\/sv\/wp-json\/wp\/v2\/media\/2112"}],"wp:attachment":[{"href":"https:\/\/puyapeptide.net\/sv\/wp-json\/wp\/v2\/media?parent=6344"}],"wp:term":[{"taxonomy":"product_brand","embeddable":true,"href":"https:\/\/puyapeptide.net\/sv\/wp-json\/wp\/v2\/product_brand?post=6344"},{"taxonomy":"product_cat","embeddable":true,"href":"https:\/\/puyapeptide.net\/sv\/wp-json\/wp\/v2\/product_cat?post=6344"},{"taxonomy":"product_tag","embeddable":true,"href":"https:\/\/puyapeptide.net\/sv\/wp-json\/wp\/v2\/product_tag?post=6344"}],"curies":[{"name":"wp","href":"https:\/\/api.w.org\/{rel}","templated":true}]}}