{"id":6363,"date":"2021-12-16T04:34:45","date_gmt":"2021-12-16T09:34:45","guid":{"rendered":"https:\/\/puyapeptide.net\/product\/acetyl-tetrapeptide-40-telangy-cas-1472633-28-5-minskar-rodnad-i-ansiktet-orsakad-av-en-inflammatorisk-reaktion\/"},"modified":"2021-12-16T04:34:45","modified_gmt":"2021-12-16T09:34:45","slug":"acetyl-tetrapeptide-40-telangy-cas-1472633-28-5-minskar-rodnad-i-ansiktet-orsakad-av-en-inflammatorisk-reaktion","status":"publish","type":"product","link":"https:\/\/puyapeptide.net\/sv\/product\/acetyl-tetrapeptide-40-telangy-cas-1472633-28-5-minskar-rodnad-i-ansiktet-orsakad-av-en-inflammatorisk-reaktion\/","title":{"rendered":"Acetyl Tetrapeptide-40\/Telangy CAS 1472633-28-5 minskar rodnad i ansiktet orsakad av en inflammatorisk reaktion"},"content":{"rendered":"<h2><strong>Acetyl Tetrapeptide-40\/Telangy CAS 1472633-28-5 minskar rodnad i ansiktet orsakad av en inflammatorisk reaktion<\/strong><\/h2>\n<p>Produktnamn: Acetyl Tetrapeptide-40<br \/>\nSynonymer: Acetyl Tetrapeptide-40;Telangyn;L-Treonine, N-acetyl-L-alanyl-L-treonyl-L-asparaginyl-<br \/>\nCAS: 1472633-28 -5<br \/>\nMF: C17H29N5O9<br \/>\nMW: 447.44<br \/>\nEINECS:<br \/>\nProduktkategorier:<br \/>\nMol Fil: 1472633-28-5.mol<\/p>\n<p>Acetyltetrapeptid-40 h\u00e4mmar inflammatorisk effekt av LL-37 genom att minska fris\u00e4ttningen av interleukiner (IL-6 och IL-8), orsakad av \u00f6veraktivering av LL-37. Den har ocks\u00e5 en fotoskyddande effekt som minskar cellskador och de skadliga effekterna av hudinflammation.<\/p>\n<p> <strong>Acetyl Tetrapeptide-40\/ Telangy CAS 1472633-28-5 Peptide F\u00f6rdelar<\/strong><br \/>\nAcetyl Tetrapeptide-40 minskar rodnad i ansiktet orsakad av av en inflammatorisk reaktion. Skadliga effekter av inflammation: rodnad, vidgade blodk\u00e4rl och hyperpigmentering minskar synbart. De r\u00f6da omr\u00e5dena \u00e4r mindre m\u00e5nga och stora och dess intensitet \u00e4r svag. Huden \u00e4r mer enhetlig och mindre markerad.<\/p>\n<p> <strong>Funktion av Acetyl Tetrapeptide-40\/ Telangy CAS 1472633-28-5<\/strong><br \/>\nDenna tetrapeptid minskar rodnad i ansiktet orsakad av en inflammatorisk reaktion. Skadliga effekter av inflammation: rodnad , vidgade blodk\u00e4rl och hyperpigmentering, minskas synbart. De r\u00f6da omr\u00e5dena \u00e4r mindre m\u00e5nga och stora och dess intensitet \u00e4r svag. Huden \u00e4r mer enhetlig och mindre markerad.<\/p>\n<p> <strong>Applicering av Acetyl Tetrapeptide-40\/ Telangy CAS 1472633-28-5<\/strong><br \/>\n1. behandling av hud med l\u00e4tt rosacea<br \/>\n 2.rodnad<br \/>\n3.Anti-kollagenas<br \/>\n4.Anti-tyrosinas<br \/>\n5.H\u00e4mning av melanogenes<br \/>\n6.Fotoskydd av humana fibroblaster<\/p>\n","protected":false},"excerpt":{"rendered":"<p>Produktnamn: Acetyl Tetrapeptide-40<br \/>\nCAS: 1472633-28-5<br \/>\nMF: C17H29N5O9<br \/>\nMW: 447,44<br \/>\nMol Fil: 1472633-28-5.mol<\/p>\n","protected":false},"featured_media":2217,"comment_status":"open","ping_status":"closed","template":"","meta":{"om_disable_all_campaigns":false,"_monsterinsights_skip_tracking":false,"_monsterinsights_sitenote_active":false,"_monsterinsights_sitenote_note":"","_monsterinsights_sitenote_category":0,"site-sidebar-layout":"default","site-content-layout":"default","ast-site-content-layout":"default","site-content-style":"default","site-sidebar-style":"default","ast-global-header-display":"","ast-banner-title-visibility":"","ast-main-header-display":"","ast-hfb-above-header-display":"","ast-hfb-below-header-display":"","ast-hfb-mobile-header-display":"","site-post-title":"","ast-breadcrumbs-content":"","ast-featured-img":"","footer-sml-layout":"","ast-disable-related-posts":"","theme-transparent-header-meta":"default","adv-header-id-meta":"","stick-header-meta":"","header-above-stick-meta":"","header-main-stick-meta":"","header-below-stick-meta":"","astra-migrate-meta-layouts":"default","ast-page-background-enabled":"default","ast-page-background-meta":{"desktop":{"background-color":"","background-image":"","background-repeat":"repeat","background-position":"center center","background-size":"auto","background-attachment":"scroll","background-type":"","background-media":"","overlay-type":"","overlay-color":"","overlay-opacity":"","overlay-gradient":""},"tablet":{"background-color":"","background-image":"","background-repeat":"repeat","background-position":"center center","background-size":"auto","background-attachment":"scroll","background-type":"","background-media":"","overlay-type":"","overlay-color":"","overlay-opacity":"","overlay-gradient":""},"mobile":{"background-color":"","background-image":"","background-repeat":"repeat","background-position":"center center","background-size":"auto","background-attachment":"scroll","background-type":"","background-media":"","overlay-type":"","overlay-color":"","overlay-opacity":"","overlay-gradient":""}},"ast-content-background-meta":{"desktop":{"background-color":"var(--ast-global-color-5)","background-image":"","background-repeat":"repeat","background-position":"center center","background-size":"auto","background-attachment":"scroll","background-type":"","background-media":"","overlay-type":"","overlay-color":"","overlay-opacity":"","overlay-gradient":""},"tablet":{"background-color":"var(--ast-global-color-5)","background-image":"","background-repeat":"repeat","background-position":"center center","background-size":"auto","background-attachment":"scroll","background-type":"","background-media":"","overlay-type":"","overlay-color":"","overlay-opacity":"","overlay-gradient":""},"mobile":{"background-color":"var(--ast-global-color-5)","background-image":"","background-repeat":"repeat","background-position":"center center","background-size":"auto","background-attachment":"scroll","background-type":"","background-media":"","overlay-type":"","overlay-color":"","overlay-opacity":"","overlay-gradient":""}}},"product_brand":[],"product_cat":[683],"product_tag":[3543],"class_list":{"0":"post-6363","1":"product","2":"type-product","3":"status-publish","4":"has-post-thumbnail","6":"product_cat-anti-allergi-och-antiinflammatorisk-peptid","7":"product_tag-acetyl-tetrapeptide-40-telangy-cas-1472633-28-5-reduces-redness-of-face-caused-by-an-inflammatory-reaction-sv","8":"desktop-align-left","9":"tablet-align-left","10":"mobile-align-left","12":"first","13":"instock","14":"shipping-taxable","15":"product-type-simple"},"_links":{"self":[{"href":"https:\/\/puyapeptide.net\/sv\/wp-json\/wp\/v2\/product\/6363","targetHints":{"allow":["GET"]}}],"collection":[{"href":"https:\/\/puyapeptide.net\/sv\/wp-json\/wp\/v2\/product"}],"about":[{"href":"https:\/\/puyapeptide.net\/sv\/wp-json\/wp\/v2\/types\/product"}],"replies":[{"embeddable":true,"href":"https:\/\/puyapeptide.net\/sv\/wp-json\/wp\/v2\/comments?post=6363"}],"wp:featuredmedia":[{"embeddable":true,"href":"https:\/\/puyapeptide.net\/sv\/wp-json\/wp\/v2\/media\/2217"}],"wp:attachment":[{"href":"https:\/\/puyapeptide.net\/sv\/wp-json\/wp\/v2\/media?parent=6363"}],"wp:term":[{"taxonomy":"product_brand","embeddable":true,"href":"https:\/\/puyapeptide.net\/sv\/wp-json\/wp\/v2\/product_brand?post=6363"},{"taxonomy":"product_cat","embeddable":true,"href":"https:\/\/puyapeptide.net\/sv\/wp-json\/wp\/v2\/product_cat?post=6363"},{"taxonomy":"product_tag","embeddable":true,"href":"https:\/\/puyapeptide.net\/sv\/wp-json\/wp\/v2\/product_tag?post=6363"}],"curies":[{"name":"wp","href":"https:\/\/api.w.org\/{rel}","templated":true}]}}