{"id":6389,"date":"2021-12-16T04:40:24","date_gmt":"2021-12-16T09:40:24","guid":{"rendered":"https:\/\/puyapeptide.net\/product\/acetyl-tetrapeptide-22-for-hudreparation\/"},"modified":"2021-12-16T04:40:24","modified_gmt":"2021-12-16T09:40:24","slug":"acetyl-tetrapeptide-22-for-hudreparation","status":"publish","type":"product","link":"https:\/\/puyapeptide.net\/sv\/product\/acetyl-tetrapeptide-22-for-hudreparation\/","title":{"rendered":"Acetyl Tetrapeptide-22 f\u00f6r hudreparation"},"content":{"rendered":"<h2><strong>Acetyl Tetrapeptide-22 f\u00f6r hudreparation<\/strong><\/h2>\n<p>Produktnamn: Acetyl Tetrapeptide-22<br \/>\nReferens: Thermostressine<br \/>\nFormel:<br \/>\nMolekyl\u00e4r:<br \/>\nRenhet: &gt;95%<br \/>\nK\u00e4lla: syntetisk<br \/>\nKvalit\u00e9: kosmetisk<br \/>\nFormulering : tillg\u00e4nglig f\u00f6r din referens, v\u00e4nligen kontakta oss.<br \/>\nMSDS och COA: tillg\u00e4nglig f\u00f6r din referens, v\u00e4nligen kontakta oss<br \/>\nLeverans: omg\u00e5ende fr\u00e5n lager<br \/>\nLukt: karakteristisk<br \/>\nStabilitet: stabil<br \/>\nL\u00f6slighet: l\u00f6slig i vatten<br \/>\nL\u00f6sning: 0,05% peptid<br \/>\nRekommenderad anv\u00e4ndningsniv\u00e5:2-5 %<br \/>\nUtseende: vitt pulver<\/p>\n<p>Acetyl Tetrapeptide-22 som \u00f6kar HPS70 (Heat Shock Protein) niv\u00e5er i huden ger en skyddande sk\u00f6ld som ger celler en stresstolerans mot vardagliga utmaningar och stressande stimuli. Det hj\u00e4lper huden att bli mer avslappnad med ett mer vitalt utseende. Det kan inkorporeras i kosmetiska formuleringar som emulsioner, geler, serum f\u00f6r att bek\u00e4mpa stress och behandla \u00f6mt\u00e5lig, tr\u00f6tt och matt hud.<\/p>\n<p> <strong>Anv\u00e4ndning av Acetyl Tetrapeptide-22<\/strong><br \/>\nAnv\u00e4ndning: Acetyl Tetrapeptide-22 Hj\u00e4lper till att bek\u00e4mpa cellul\u00e4r stress och \u00f6kar HSP70-niv\u00e5erna f\u00f6r att f\u00f6rhindra ytterligare stress<\/p>\n<p> <strong>Funktioner av Acetyl Tetrapeptide-22<\/strong><br \/>\nAcetyltetrapeptide-22 \u00e4r reaktionsprodukten av \u00e4ttiksyra och tetrapeptid-22. Det \u00f6kar m\u00e4ngden v\u00e4rmestimulerat protein (HSP70) i huden, vilket \u00f6kar stresstoleransen och f\u00f6rhindrar skador. D\u00e4rf\u00f6r kan acetyltetrapeptide-22, en av de mest effektiva hudregenererande ingredienserna, g\u00f6ra huden mer avslappnad och utseendet viktigare.<\/p>\n<p>Acetyltetrapeptide-22 f\u00e5r kroppen att syntetisera v\u00e4rmechockprotein 70 i stora m\u00e4ngder, vilket \u00e4r involverad i reparation och avl\u00e4gsnande av skadade proteiner, skyddar celler fr\u00e5n allvarlig skada, p\u00e5skyndar reparation och uppr\u00e4tth\u00e5ller normala fysiologiska funktioner hos celler; f\u00f6rb\u00e4ttrar cellers tolerans mot stressfaktorer.<\/p>\n<p>Acetyltetrapeptide-22 ger skydd \u00e5t huden mot olika negativa p\u00e5frestningar som man m\u00f6ter dagligen s\u00e5som fria syreradikaler, jetlag, uttorkning, UV-bestr\u00e5lning, \u00f6verdriven kyla och v\u00e4rme, etc. , som orsakar skador p\u00e5 huden och uppr\u00e4tth\u00e5ller hudens vitalitet. Det \u00e4r mer l\u00e4mpligt f\u00f6r personer som ofta befinner sig i en d\u00e5lig stressmilj\u00f6, s\u00e5som tj\u00e4nstem\u00e4n med h\u00f6gt arbetstryck etc.<\/p>\n","protected":false},"excerpt":{"rendered":"<p>Produktnamn: Acetyl Tetrapeptide-22<br \/>\nReferens: Thermostressine<br \/>\nRenhet: &gt;95%<br \/>\nK\u00e4lla: syntetisk<br \/>\nKvalit\u00e9: kosmetisk<\/p>\n","protected":false},"featured_media":2175,"comment_status":"open","ping_status":"closed","template":"","meta":{"om_disable_all_campaigns":false,"_monsterinsights_skip_tracking":false,"_monsterinsights_sitenote_active":false,"_monsterinsights_sitenote_note":"","_monsterinsights_sitenote_category":0,"site-sidebar-layout":"default","site-content-layout":"default","ast-site-content-layout":"default","site-content-style":"default","site-sidebar-style":"default","ast-global-header-display":"","ast-banner-title-visibility":"","ast-main-header-display":"","ast-hfb-above-header-display":"","ast-hfb-below-header-display":"","ast-hfb-mobile-header-display":"","site-post-title":"","ast-breadcrumbs-content":"","ast-featured-img":"","footer-sml-layout":"","ast-disable-related-posts":"","theme-transparent-header-meta":"default","adv-header-id-meta":"","stick-header-meta":"","header-above-stick-meta":"","header-main-stick-meta":"","header-below-stick-meta":"","astra-migrate-meta-layouts":"default","ast-page-background-enabled":"default","ast-page-background-meta":{"desktop":{"background-color":"","background-image":"","background-repeat":"repeat","background-position":"center center","background-size":"auto","background-attachment":"scroll","background-type":"","background-media":"","overlay-type":"","overlay-color":"","overlay-opacity":"","overlay-gradient":""},"tablet":{"background-color":"","background-image":"","background-repeat":"repeat","background-position":"center center","background-size":"auto","background-attachment":"scroll","background-type":"","background-media":"","overlay-type":"","overlay-color":"","overlay-opacity":"","overlay-gradient":""},"mobile":{"background-color":"","background-image":"","background-repeat":"repeat","background-position":"center center","background-size":"auto","background-attachment":"scroll","background-type":"","background-media":"","overlay-type":"","overlay-color":"","overlay-opacity":"","overlay-gradient":""}},"ast-content-background-meta":{"desktop":{"background-color":"var(--ast-global-color-5)","background-image":"","background-repeat":"repeat","background-position":"center center","background-size":"auto","background-attachment":"scroll","background-type":"","background-media":"","overlay-type":"","overlay-color":"","overlay-opacity":"","overlay-gradient":""},"tablet":{"background-color":"var(--ast-global-color-5)","background-image":"","background-repeat":"repeat","background-position":"center center","background-size":"auto","background-attachment":"scroll","background-type":"","background-media":"","overlay-type":"","overlay-color":"","overlay-opacity":"","overlay-gradient":""},"mobile":{"background-color":"var(--ast-global-color-5)","background-image":"","background-repeat":"repeat","background-position":"center center","background-size":"auto","background-attachment":"scroll","background-type":"","background-media":"","overlay-type":"","overlay-color":"","overlay-opacity":"","overlay-gradient":""}}},"product_brand":[],"product_cat":[683],"product_tag":[3525],"class_list":{"0":"post-6389","1":"product","2":"type-product","3":"status-publish","4":"has-post-thumbnail","6":"product_cat-anti-allergi-och-antiinflammatorisk-peptid","7":"product_tag-acetyl-tetrapeptide-22-for-skin-repair-sv","8":"desktop-align-left","9":"tablet-align-left","10":"mobile-align-left","12":"first","13":"instock","14":"shipping-taxable","15":"product-type-simple"},"_links":{"self":[{"href":"https:\/\/puyapeptide.net\/sv\/wp-json\/wp\/v2\/product\/6389","targetHints":{"allow":["GET"]}}],"collection":[{"href":"https:\/\/puyapeptide.net\/sv\/wp-json\/wp\/v2\/product"}],"about":[{"href":"https:\/\/puyapeptide.net\/sv\/wp-json\/wp\/v2\/types\/product"}],"replies":[{"embeddable":true,"href":"https:\/\/puyapeptide.net\/sv\/wp-json\/wp\/v2\/comments?post=6389"}],"wp:featuredmedia":[{"embeddable":true,"href":"https:\/\/puyapeptide.net\/sv\/wp-json\/wp\/v2\/media\/2175"}],"wp:attachment":[{"href":"https:\/\/puyapeptide.net\/sv\/wp-json\/wp\/v2\/media?parent=6389"}],"wp:term":[{"taxonomy":"product_brand","embeddable":true,"href":"https:\/\/puyapeptide.net\/sv\/wp-json\/wp\/v2\/product_brand?post=6389"},{"taxonomy":"product_cat","embeddable":true,"href":"https:\/\/puyapeptide.net\/sv\/wp-json\/wp\/v2\/product_cat?post=6389"},{"taxonomy":"product_tag","embeddable":true,"href":"https:\/\/puyapeptide.net\/sv\/wp-json\/wp\/v2\/product_tag?post=6389"}],"curies":[{"name":"wp","href":"https:\/\/api.w.org\/{rel}","templated":true}]}}