{"id":6410,"date":"2021-12-16T04:59:32","date_gmt":"2021-12-16T09:59:32","guid":{"rendered":"https:\/\/puyapeptide.net\/product\/acetyl-tetrapeptide-15-cas-928007-64-1-anvands-vanligtvis-for-kanslig-hudvard\/"},"modified":"2021-12-16T04:59:32","modified_gmt":"2021-12-16T09:59:32","slug":"acetyl-tetrapeptide-15-cas-928007-64-1-anvands-vanligtvis-for-kanslig-hudvard","status":"publish","type":"product","link":"https:\/\/puyapeptide.net\/sv\/product\/acetyl-tetrapeptide-15-cas-928007-64-1-anvands-vanligtvis-for-kanslig-hudvard\/","title":{"rendered":"Acetyl Tetrapeptide-15 CAS 928007-64-1 anv\u00e4nds vanligtvis f\u00f6r k\u00e4nslig hudv\u00e5rd"},"content":{"rendered":"<h2><strong>Acetyl Tetrapeptide-15 CAS 928007-64-1 anv\u00e4nds vanligtvis f\u00f6r k\u00e4nslig hudv\u00e5rd<\/strong><\/h2>\n<p>Produktnamn: Acetyltetrapeptid 15<br \/>\nSynonymer: Acetyltetrapeptid 15;N-Acetyl-L-tyrosyl-L-prolyl-L-fenylalanyl-L-fenylalaninamid;Skinasensyl;acetyltetrapeptid-15\/Skinasensyl;( LS97749; 2S)-1-[(2S)-2-acetamido-3-(4-hydroxifenyl)propanoyl]-N-[(2S)-1-[[(2S)-1-amino-1-oxo-3-fenylpropan -2-yl]amino]-1-oxo-3-fenylpropan-2-yl]pyrrolidin-2-karboxamid; L-fenylalaninamid, N-acetyl-L-tyrosyl-L-prolyl-L-fenylalanyl-;AC-PPLY -OH;Acetyltetrapeptide 15 USP\/EP\/BP<br \/>\nCAS: 928007-64-1<br \/>\nMF: C34H39N5O6<br \/>\nMW: 613.7<br \/>\nEINECS:<br \/>\nProduktkategorier:<br \/>\nMol Fil: 928007-64-1.mol<\/p>\n<p>Acetyl Tetrapeptide-15 \u00e4r en ny syntetisk tetrapeptid som hj\u00e4lper till att lindra k\u00e4nslig hud genom att normalisera toleranstr\u00f6skeln f\u00f6r milj\u00f6faktorer, vissa topiskt applicerade obekv\u00e4ma produkter eller hudv\u00e5rdsbehandlingar. Den efterliknar en naturlig opioidpeptid och har utvecklats i syfte att minska stimuleringen av hudens nerv\u00e4ndar.<\/p>\n<p>Acetyl Tetrapeptide-15 anv\u00e4nds vanligtvis f\u00f6r k\u00e4nslig hudv\u00e5rd. Tetrapeptiden riktar sig mot neurok\u00e4nslig hud genom att minska fris\u00e4ttningen av pro-inflammatoriska mediatorer och \u00f6ka hudens toleransniv\u00e5er, vilket resulterar i mindre reaktiv hud och minskad sm\u00e4rta och obehag.<\/p>\n<p>\u00d6ver 40 % av befolkningen klagar \u00f6ver hudk\u00e4nslighet. Denna hud, till skillnad fr\u00e5n normal hud, reagerar negativt p\u00e5 olika milj\u00f6faktorer: temperaturf\u00f6r\u00e4ndringar, solexponering, kosmetika och l\u00e4kemedelsanv\u00e4ndning. Efter exponering f\u00f6r dessa faktorer upplever personer med k\u00e4nsliga hudsjukdomar obekv\u00e4ma k\u00e4nslor som stickningar, sveda eller rodnad i huden.<\/p>\n<p>Acetyltetrapeptide 15 verkar p\u00e5 sm\u00e4rtreceptorer (nerv\u00e4ndarna) och minskar deras aktivitet. Detta minskar k\u00e4nslan av sm\u00e4rta och obehag som orsakas av de faktorer som orsakar hudk\u00e4nslighet.<\/p>\n<p>In vitro kliniska studier har visat att en minskning av avslappningen av signalsubstansen CGRP (kalcitoningenrelaterad peptid) i sensoriska neuroner minskar huden k\u00e4nslighetsreaktioner. Acetyltetrapeptide-15 visade sig ocks\u00e5 fungera som en opioidliknande substansreceptoragonist. Kliniska studier in vivo har visat att detta minskar obehag och sm\u00e4rta som orsakas av yttre stimuli (v\u00e4rme och capsaicin).<\/p>\n<p>Acetyltetrapeptid 15 hj\u00e4lper allts\u00e5 till att \u00e5terst\u00e4lla normala niv\u00e5er av hudtolerans mot milj\u00f6faktorer eller kosmetika och reparerar hudbarri\u00e4ren .<\/p>\n<p> <strong>Funktion och till\u00e4mpning av Acetyl Tetrapeptide-15 CAS 928007-64-1<\/strong><br \/>\nAcetyl Tetrapeptide-15 minskar obehag och sm\u00e4rtsamma k\u00e4nslor i k\u00e4nslig hud<\/p>\n","protected":false},"excerpt":{"rendered":"<p>Produktnamn: Acetyltetrapeptide 15<br \/>\nCAS: 928007-64-1<br \/>\nMF: C34H39N5O6<br \/>\nMW: 613,7<br \/>\nMol Fil: 928007-64-1.mol<\/p>\n","protected":false},"featured_media":2133,"comment_status":"open","ping_status":"closed","template":"","meta":{"om_disable_all_campaigns":false,"_monsterinsights_skip_tracking":false,"_monsterinsights_sitenote_active":false,"_monsterinsights_sitenote_note":"","_monsterinsights_sitenote_category":0,"site-sidebar-layout":"default","site-content-layout":"default","ast-site-content-layout":"default","site-content-style":"default","site-sidebar-style":"default","ast-global-header-display":"","ast-banner-title-visibility":"","ast-main-header-display":"","ast-hfb-above-header-display":"","ast-hfb-below-header-display":"","ast-hfb-mobile-header-display":"","site-post-title":"","ast-breadcrumbs-content":"","ast-featured-img":"","footer-sml-layout":"","ast-disable-related-posts":"","theme-transparent-header-meta":"default","adv-header-id-meta":"","stick-header-meta":"","header-above-stick-meta":"","header-main-stick-meta":"","header-below-stick-meta":"","astra-migrate-meta-layouts":"default","ast-page-background-enabled":"default","ast-page-background-meta":{"desktop":{"background-color":"","background-image":"","background-repeat":"repeat","background-position":"center center","background-size":"auto","background-attachment":"scroll","background-type":"","background-media":"","overlay-type":"","overlay-color":"","overlay-opacity":"","overlay-gradient":""},"tablet":{"background-color":"","background-image":"","background-repeat":"repeat","background-position":"center center","background-size":"auto","background-attachment":"scroll","background-type":"","background-media":"","overlay-type":"","overlay-color":"","overlay-opacity":"","overlay-gradient":""},"mobile":{"background-color":"","background-image":"","background-repeat":"repeat","background-position":"center center","background-size":"auto","background-attachment":"scroll","background-type":"","background-media":"","overlay-type":"","overlay-color":"","overlay-opacity":"","overlay-gradient":""}},"ast-content-background-meta":{"desktop":{"background-color":"var(--ast-global-color-5)","background-image":"","background-repeat":"repeat","background-position":"center center","background-size":"auto","background-attachment":"scroll","background-type":"","background-media":"","overlay-type":"","overlay-color":"","overlay-opacity":"","overlay-gradient":""},"tablet":{"background-color":"var(--ast-global-color-5)","background-image":"","background-repeat":"repeat","background-position":"center center","background-size":"auto","background-attachment":"scroll","background-type":"","background-media":"","overlay-type":"","overlay-color":"","overlay-opacity":"","overlay-gradient":""},"mobile":{"background-color":"var(--ast-global-color-5)","background-image":"","background-repeat":"repeat","background-position":"center center","background-size":"auto","background-attachment":"scroll","background-type":"","background-media":"","overlay-type":"","overlay-color":"","overlay-opacity":"","overlay-gradient":""}}},"product_brand":[],"product_cat":[683],"product_tag":[3502],"class_list":{"0":"post-6410","1":"product","2":"type-product","3":"status-publish","4":"has-post-thumbnail","6":"product_cat-anti-allergi-och-antiinflammatorisk-peptid","7":"product_tag-acetyl-tetrapeptide-15-cas-928007-64-1-is-generally-used-for-sensitive-skin-care-sv","8":"desktop-align-left","9":"tablet-align-left","10":"mobile-align-left","12":"first","13":"instock","14":"shipping-taxable","15":"product-type-simple"},"_links":{"self":[{"href":"https:\/\/puyapeptide.net\/sv\/wp-json\/wp\/v2\/product\/6410","targetHints":{"allow":["GET"]}}],"collection":[{"href":"https:\/\/puyapeptide.net\/sv\/wp-json\/wp\/v2\/product"}],"about":[{"href":"https:\/\/puyapeptide.net\/sv\/wp-json\/wp\/v2\/types\/product"}],"replies":[{"embeddable":true,"href":"https:\/\/puyapeptide.net\/sv\/wp-json\/wp\/v2\/comments?post=6410"}],"wp:featuredmedia":[{"embeddable":true,"href":"https:\/\/puyapeptide.net\/sv\/wp-json\/wp\/v2\/media\/2133"}],"wp:attachment":[{"href":"https:\/\/puyapeptide.net\/sv\/wp-json\/wp\/v2\/media?parent=6410"}],"wp:term":[{"taxonomy":"product_brand","embeddable":true,"href":"https:\/\/puyapeptide.net\/sv\/wp-json\/wp\/v2\/product_brand?post=6410"},{"taxonomy":"product_cat","embeddable":true,"href":"https:\/\/puyapeptide.net\/sv\/wp-json\/wp\/v2\/product_cat?post=6410"},{"taxonomy":"product_tag","embeddable":true,"href":"https:\/\/puyapeptide.net\/sv\/wp-json\/wp\/v2\/product_tag?post=6410"}],"curies":[{"name":"wp","href":"https:\/\/api.w.org\/{rel}","templated":true}]}}