{"id":6429,"date":"2021-12-16T04:59:40","date_gmt":"2021-12-16T09:59:40","guid":{"rendered":"https:\/\/puyapeptide.net\/product\/palmitoyl-tripeptide-8-cas-936544-53-5-for-att-forebygga-och-lindra-inflammation-i-irriterad-hud\/"},"modified":"2021-12-16T04:59:40","modified_gmt":"2021-12-16T09:59:40","slug":"palmitoyl-tripeptide-8-cas-936544-53-5-for-att-forebygga-och-lindra-inflammation-i-irriterad-hud","status":"publish","type":"product","link":"https:\/\/puyapeptide.net\/sv\/product\/palmitoyl-tripeptide-8-cas-936544-53-5-for-att-forebygga-och-lindra-inflammation-i-irriterad-hud\/","title":{"rendered":"Palmitoyl Tripeptide-8 CAS 936544-53-5 f\u00f6r att f\u00f6rebygga och lindra inflammation i irriterad hud"},"content":{"rendered":"<h2><strong>Palmitoyl Tripeptide-8 CAS 936544-53-5 f\u00f6r att f\u00f6rebygga och lindra inflammation i irriterad hud<\/strong><\/h2>\n<p>Produktnamn: Palmitoyltripeptid-8<br \/>\nSynonymer: Neutrazen;Palmitoyltripeptid-8;Palmiltoyltripeptid-8;L-argininamid, N-(1-oxohexadecyl)-L-histidyl-D-fenylalanyl-;fabriksleverant\u00f6r Palmitoyl Tripeptide-8; Kosmetisk peptid Palmitoyl Tripeptide-8 Neutrazen Powder CAS 936544-53-5 f\u00f6r anti-allergisk och reparation<br \/>\nCAS: 936544-53-5<br \/>\nMF: C37H61N9O4<br \/>\nMW: 695. EINECS:<br \/>\nProduktkategorier:<br \/>\nMol Fil: 936544-53-5.mol<\/p>\n<p>Palmitoyl Tripeptide-8 \u00e4r en ny peptid. Det hj\u00e4lper till att f\u00f6rebygga och lindra inflammation i irriterad hud. Som en extra tillg\u00e5ng fungerar det faktiskt f\u00f6r att f\u00f6rb\u00e4ttra motst\u00e5ndskraften hos k\u00e4nslig hud. Palmitoyltripeptid-8 kan minska en rad negativa konsekvenser orsakade av fris\u00e4ttning av substans P, minska fris\u00e4ttningen av inflammatoriska cytokiner (IL-1, IL-8, TNF-\u03b1), lindra vasodilatation, f\u00f6rhindra och minska irritation av yttre stimuli , lindra kl\u00e5da, sveda, erytem, \u00f6dem och andra symtom, bibeh\u00e5lla en normal hudk\u00e4nslighetstr\u00f6skel och h\u00e5lla huden frisk.<\/p>\n<p> <strong>Palmitoyl Tripeptide-8 CAS 936544-53-5 Kemiska egenskaper<\/strong><br \/>\ndensitet 1,20\u00b1 0,1 g\/cm3(Predicted)<br \/>\npka 13,34\u00b10,46(Predicted)<\/p>\n<p> <strong>Funktion av Palmitoyl Tripeptide-8 CAS 936544-53-5<\/strong><br \/>\n1\u3001Reducerar hudens reaktion p\u00e5 irriterande \u00e4mnen, hj\u00e4lper till att minska huden inflammatoriska reaktioner, och lindrar neuro\u00f6dem.<\/p>\n<p>2\u3001S\u00e4rskilt l\u00e4mplig f\u00f6r v\u00e5rd av k\u00e4nslig hud<\/p>\n<p>3\u3001L\u00e4ttra snabbt de inflammatoriska symtomen rodnad, svullnad och sm\u00e4rta<\/p>\n<p> <strong>Applicering av Palmitoyl Tripeptide-8 CAS 936544-53-5<\/strong><br \/>\n1. Palmitoyl Tripeptide-8 F\u00f6rebygger och v\u00e4nder tecken p\u00e5 neurogen inflammation.<\/p>\n<p>2. Palmitoyl Tripeptide-8 Lugnar och lugnar irriterad hud.<\/p>\n<p>3. Palmitoyl Tripeptide-8 Hj\u00e4lper till att bibeh\u00e5lla och \u00e5terst\u00e4lla en normal k\u00e4nslighetstr\u00f6skel.<\/p>\n","protected":false},"excerpt":{"rendered":"<p>Produktnamn: Palmitoyl Tripeptide-8<br \/>\nCAS: 936544-53-5<br \/>\nMF: C37H61N9O4<br \/>\nMW: 695.94<br \/>\nMol Fil: 936544-53-5.mol<\/p>\n","protected":false},"featured_media":2217,"comment_status":"open","ping_status":"closed","template":"","meta":{"om_disable_all_campaigns":false,"_monsterinsights_skip_tracking":false,"_monsterinsights_sitenote_active":false,"_monsterinsights_sitenote_note":"","_monsterinsights_sitenote_category":0,"site-sidebar-layout":"default","site-content-layout":"default","ast-site-content-layout":"default","site-content-style":"default","site-sidebar-style":"default","ast-global-header-display":"","ast-banner-title-visibility":"","ast-main-header-display":"","ast-hfb-above-header-display":"","ast-hfb-below-header-display":"","ast-hfb-mobile-header-display":"","site-post-title":"","ast-breadcrumbs-content":"","ast-featured-img":"","footer-sml-layout":"","ast-disable-related-posts":"","theme-transparent-header-meta":"default","adv-header-id-meta":"","stick-header-meta":"","header-above-stick-meta":"","header-main-stick-meta":"","header-below-stick-meta":"","astra-migrate-meta-layouts":"default","ast-page-background-enabled":"default","ast-page-background-meta":{"desktop":{"background-color":"","background-image":"","background-repeat":"repeat","background-position":"center center","background-size":"auto","background-attachment":"scroll","background-type":"","background-media":"","overlay-type":"","overlay-color":"","overlay-opacity":"","overlay-gradient":""},"tablet":{"background-color":"","background-image":"","background-repeat":"repeat","background-position":"center center","background-size":"auto","background-attachment":"scroll","background-type":"","background-media":"","overlay-type":"","overlay-color":"","overlay-opacity":"","overlay-gradient":""},"mobile":{"background-color":"","background-image":"","background-repeat":"repeat","background-position":"center center","background-size":"auto","background-attachment":"scroll","background-type":"","background-media":"","overlay-type":"","overlay-color":"","overlay-opacity":"","overlay-gradient":""}},"ast-content-background-meta":{"desktop":{"background-color":"var(--ast-global-color-5)","background-image":"","background-repeat":"repeat","background-position":"center center","background-size":"auto","background-attachment":"scroll","background-type":"","background-media":"","overlay-type":"","overlay-color":"","overlay-opacity":"","overlay-gradient":""},"tablet":{"background-color":"var(--ast-global-color-5)","background-image":"","background-repeat":"repeat","background-position":"center center","background-size":"auto","background-attachment":"scroll","background-type":"","background-media":"","overlay-type":"","overlay-color":"","overlay-opacity":"","overlay-gradient":""},"mobile":{"background-color":"var(--ast-global-color-5)","background-image":"","background-repeat":"repeat","background-position":"center center","background-size":"auto","background-attachment":"scroll","background-type":"","background-media":"","overlay-type":"","overlay-color":"","overlay-opacity":"","overlay-gradient":""}}},"product_brand":[],"product_cat":[683],"product_tag":[3477],"class_list":{"0":"post-6429","1":"product","2":"type-product","3":"status-publish","4":"has-post-thumbnail","6":"product_cat-anti-allergi-och-antiinflammatorisk-peptid","7":"product_tag-palmitoyl-tripeptide-8-cas-936544-53-5-to-prevent-and-sooth-inflammation-in-irritated-skin-sv","8":"desktop-align-left","9":"tablet-align-left","10":"mobile-align-left","12":"first","13":"instock","14":"shipping-taxable","15":"product-type-simple"},"_links":{"self":[{"href":"https:\/\/puyapeptide.net\/sv\/wp-json\/wp\/v2\/product\/6429","targetHints":{"allow":["GET"]}}],"collection":[{"href":"https:\/\/puyapeptide.net\/sv\/wp-json\/wp\/v2\/product"}],"about":[{"href":"https:\/\/puyapeptide.net\/sv\/wp-json\/wp\/v2\/types\/product"}],"replies":[{"embeddable":true,"href":"https:\/\/puyapeptide.net\/sv\/wp-json\/wp\/v2\/comments?post=6429"}],"wp:featuredmedia":[{"embeddable":true,"href":"https:\/\/puyapeptide.net\/sv\/wp-json\/wp\/v2\/media\/2217"}],"wp:attachment":[{"href":"https:\/\/puyapeptide.net\/sv\/wp-json\/wp\/v2\/media?parent=6429"}],"wp:term":[{"taxonomy":"product_brand","embeddable":true,"href":"https:\/\/puyapeptide.net\/sv\/wp-json\/wp\/v2\/product_brand?post=6429"},{"taxonomy":"product_cat","embeddable":true,"href":"https:\/\/puyapeptide.net\/sv\/wp-json\/wp\/v2\/product_cat?post=6429"},{"taxonomy":"product_tag","embeddable":true,"href":"https:\/\/puyapeptide.net\/sv\/wp-json\/wp\/v2\/product_tag?post=6429"}],"curies":[{"name":"wp","href":"https:\/\/api.w.org\/{rel}","templated":true}]}}