{"id":6449,"date":"2021-12-16T05:00:55","date_gmt":"2021-12-16T10:00:55","guid":{"rendered":"https:\/\/puyapeptide.net\/product\/pentapeptide-25-for-celluliter-och-bantning\/"},"modified":"2021-12-16T05:00:55","modified_gmt":"2021-12-16T10:00:55","slug":"pentapeptide-25-for-celluliter-och-bantning","status":"publish","type":"product","link":"https:\/\/puyapeptide.net\/sv\/product\/pentapeptide-25-for-celluliter-och-bantning\/","title":{"rendered":"Pentapeptide-25 f\u00f6r celluliter och bantning"},"content":{"rendered":"<h2><strong>Pentapeptide-25 f\u00f6r celluliter och bantning<\/strong><\/h2>\n<p>Produktnamn: PENTAPEPTIDE-25<br \/>\nReferens: UCPEPTIDE V<br \/>\nRenhet: &gt;95%<br \/>\nK\u00e4lla: syntetisk<br \/>\nKvalit\u00e9: kosmetisk<br \/>\nStabilitet: stabil<br \/>\nL\u00f6slighet: l\u00f6slig i vatten<br \/>\nLukt: nej<br \/>\nFormulering: tillg\u00e4nglig f\u00f6r din referens, v\u00e4nligen kontakta oss.<br \/>\nMSDS och COA: tillg\u00e4ngliga f\u00f6r din referens, kontakta oss.<br \/>\nLeverans: omg\u00e5ende fr\u00e5n lager<br \/>\nRekommenderad dos: 50 PPM<br \/>\nKapacitet: 500g per m\u00e5nad<br \/>\nUtseende: vitt pulver<\/p>\n<p>Pentapeptide-25 \u00e4r en peptid med bantningseffekt, som kan begr\u00e4nsa ansamlingen av fett i kroppen, minska volymen av vesikler i fettceller, samt minska volymen av fettceller f\u00f6r att uppn\u00e5 effekten av viktminskning, bantning och ansiktsbantning.<\/p>\n<p>Pentapeptide-25 \u00e4r en UCP-liknande peptid erh\u00e5llen genom syntes och designad f\u00f6r bantning av hudv\u00e5rdsprodukter . Sekvensen f\u00f6r UCPEPTIDE V liknar en vanlig sekvens i uncoupling proteins (UCPs), en universell familj av mitokondriella transport\u00f6rer som till\u00e5ter energi att frig\u00f6ras som v\u00e4rme.<\/p>\n<p> <strong>Anv\u00e4ndning av Pentapeptide-25<\/strong> &lt; &amp;&gt;1 &#8211; Syntetisk peptidbiomimetik av UCPs (uncoupling proteins)<br \/>\n2- PENTAPEPTIDE-25 Begr\u00e4nsar lagringen av lipider<br \/>\n3- PENTAPEPTIDE-25 Minskar volymen av vakuoler i adipocyter och adipocyter storlek<\/p>\n","protected":false},"excerpt":{"rendered":"<p>Produktnamn: PENTAPEPTIDE-25<br \/>\nReferens: UCPEPTIDE V<br \/>\nRenhet: &gt;95%<br \/>\nK\u00e4lla: syntetisk<br \/>\nKvalit\u00e9: kosmetisk<br \/>\nL\u00f6slighet: l\u00f6slig i vatten<\/p>\n","protected":false},"featured_media":2175,"comment_status":"open","ping_status":"closed","template":"","meta":{"om_disable_all_campaigns":false,"_monsterinsights_skip_tracking":false,"_monsterinsights_sitenote_active":false,"_monsterinsights_sitenote_note":"","_monsterinsights_sitenote_category":0,"site-sidebar-layout":"default","site-content-layout":"default","ast-site-content-layout":"default","site-content-style":"default","site-sidebar-style":"default","ast-global-header-display":"","ast-banner-title-visibility":"","ast-main-header-display":"","ast-hfb-above-header-display":"","ast-hfb-below-header-display":"","ast-hfb-mobile-header-display":"","site-post-title":"","ast-breadcrumbs-content":"","ast-featured-img":"","footer-sml-layout":"","ast-disable-related-posts":"","theme-transparent-header-meta":"default","adv-header-id-meta":"","stick-header-meta":"","header-above-stick-meta":"","header-main-stick-meta":"","header-below-stick-meta":"","astra-migrate-meta-layouts":"default","ast-page-background-enabled":"default","ast-page-background-meta":{"desktop":{"background-color":"","background-image":"","background-repeat":"repeat","background-position":"center center","background-size":"auto","background-attachment":"scroll","background-type":"","background-media":"","overlay-type":"","overlay-color":"","overlay-opacity":"","overlay-gradient":""},"tablet":{"background-color":"","background-image":"","background-repeat":"repeat","background-position":"center center","background-size":"auto","background-attachment":"scroll","background-type":"","background-media":"","overlay-type":"","overlay-color":"","overlay-opacity":"","overlay-gradient":""},"mobile":{"background-color":"","background-image":"","background-repeat":"repeat","background-position":"center center","background-size":"auto","background-attachment":"scroll","background-type":"","background-media":"","overlay-type":"","overlay-color":"","overlay-opacity":"","overlay-gradient":""}},"ast-content-background-meta":{"desktop":{"background-color":"var(--ast-global-color-5)","background-image":"","background-repeat":"repeat","background-position":"center center","background-size":"auto","background-attachment":"scroll","background-type":"","background-media":"","overlay-type":"","overlay-color":"","overlay-opacity":"","overlay-gradient":""},"tablet":{"background-color":"var(--ast-global-color-5)","background-image":"","background-repeat":"repeat","background-position":"center center","background-size":"auto","background-attachment":"scroll","background-type":"","background-media":"","overlay-type":"","overlay-color":"","overlay-opacity":"","overlay-gradient":""},"mobile":{"background-color":"var(--ast-global-color-5)","background-image":"","background-repeat":"repeat","background-position":"center center","background-size":"auto","background-attachment":"scroll","background-type":"","background-media":"","overlay-type":"","overlay-color":"","overlay-opacity":"","overlay-gradient":""}}},"product_brand":[],"product_cat":[659],"product_tag":[3453],"class_list":{"0":"post-6449","1":"product","2":"type-product","3":"status-publish","4":"has-post-thumbnail","6":"product_cat-fettforlustpeptid","7":"product_tag-pentapeptide-25-for-cellulite-and-slimming-sv","8":"desktop-align-left","9":"tablet-align-left","10":"mobile-align-left","12":"first","13":"instock","14":"shipping-taxable","15":"product-type-simple"},"_links":{"self":[{"href":"https:\/\/puyapeptide.net\/sv\/wp-json\/wp\/v2\/product\/6449","targetHints":{"allow":["GET"]}}],"collection":[{"href":"https:\/\/puyapeptide.net\/sv\/wp-json\/wp\/v2\/product"}],"about":[{"href":"https:\/\/puyapeptide.net\/sv\/wp-json\/wp\/v2\/types\/product"}],"replies":[{"embeddable":true,"href":"https:\/\/puyapeptide.net\/sv\/wp-json\/wp\/v2\/comments?post=6449"}],"wp:featuredmedia":[{"embeddable":true,"href":"https:\/\/puyapeptide.net\/sv\/wp-json\/wp\/v2\/media\/2175"}],"wp:attachment":[{"href":"https:\/\/puyapeptide.net\/sv\/wp-json\/wp\/v2\/media?parent=6449"}],"wp:term":[{"taxonomy":"product_brand","embeddable":true,"href":"https:\/\/puyapeptide.net\/sv\/wp-json\/wp\/v2\/product_brand?post=6449"},{"taxonomy":"product_cat","embeddable":true,"href":"https:\/\/puyapeptide.net\/sv\/wp-json\/wp\/v2\/product_cat?post=6449"},{"taxonomy":"product_tag","embeddable":true,"href":"https:\/\/puyapeptide.net\/sv\/wp-json\/wp\/v2\/product_tag?post=6449"}],"curies":[{"name":"wp","href":"https:\/\/api.w.org\/{rel}","templated":true}]}}