{"id":6470,"date":"2021-12-16T05:02:48","date_gmt":"2021-12-16T10:02:48","guid":{"rendered":"https:\/\/puyapeptide.net\/product\/acetyl-hexapeptide-39-for-bantning\/"},"modified":"2021-12-16T05:02:48","modified_gmt":"2021-12-16T10:02:48","slug":"acetyl-hexapeptide-39-for-bantning","status":"publish","type":"product","link":"https:\/\/puyapeptide.net\/sv\/product\/acetyl-hexapeptide-39-for-bantning\/","title":{"rendered":"Acetyl Hexapeptide-39 f\u00f6r bantning"},"content":{"rendered":"<h2><strong>Acetyl Hexapeptide-39 f\u00f6r bantning<\/strong><\/h2>\n<p>Engelskt namn: Acetyl Hexapeptide-39, Silusyne<br \/>\nMolekylformel \uff1aC14H24N6O4<br \/>\nMolekylvikt \uff1a340,80g\/mol<br \/>\nUtseende: Vitt pulver<\/p>\n<p>Den nya ingrediensen Silusyne inneh\u00e5ller hexapeptider i en nytt leveranssystem (INCI-namn: acetyl hexapeptide-39) som minskar uttrycket av PGC-1\u03b2, erh\u00e5ller motsatt effekt och f\u00f6rkortar den dermal-subkutana kopplingen, vilket leder till bantning och anti-rynkor. Fettbehandling. F\u00f6r att unders\u00f6ka dess roll i PGC-1\u03b1-uttryck och lipidackumulering s\u00e5v\u00e4l som dess makroskopiska effekter utf\u00f6rdes in vitro- och in vivo-tester p\u00e5 b\u00e5da komponenterna.<\/p>\n<p>Acetyl Hexapeptide-39 reducerar peroxisomproliferatoraktiverad receptor Gamma-koaktivator 1a (PGC-1a) aktivitet och minskar adipogenes. Den anv\u00e4nds som bantningsmedel.<\/p>\n<p>Acetyl Hexapeptide-39 (bantningspeptid) \u00e4r en ny viktminsknings- och bantningsaktiv peptid som inneh\u00e5ller sex aminosyror, som har effekten att minska celluliter, celluliter, celluliter och bantning. <\/p>\n<p>Acetylhexapeptid-39 (bantningspeptid) minskar differentierings- och mognadshastigheten f\u00f6r fettceller, minskar ackumuleringen av lipider i fettv\u00e4vnad och har effekten att minska celluliter, celluliter, celluliter och bantning.<\/p>\n<p> <strong>Applicering av Acetyl Hexapeptide-39<\/strong><br \/>\nAcetyl Hexapeptide-39 \u00e4r en perfekt ingrediens f\u00f6r anti-celluliter och bantningsbehandlingar och som ett komplement i alla typer av kroppsv\u00e5rdsformuleringar.<\/p>\n<p> <strong>Anv\u00e4ndning av Acetyl Hexapeptide-39<\/strong><br \/>\nAcetyl Hexapeptide-39 Minskar adipogenes (nytt fett) genom att minska PGC-1\u03b1-aktiviteten<\/p>\n<p> <strong>Acetyl Hexapeptide-39 F\u00f6rdelar<\/strong><br \/>\nAcetyl Hexapeptide-39 \u00e4r en perfekt ingrediens f\u00f6r anti-celluliter och bantningsbehandlingar och som ett komplement i alla typer av kroppsv\u00e5rdsformuleringar.<\/p>\n<p>Acetyl Hexa peptid-39 Minskar adipogenes (nytt fett) genom att minska PGC-1\u03b1-aktiviteten.<br \/>\nVetenskapen har visat att peptider kan hj\u00e4lpa till att hantera rynkor i huden och v\u00e4nda tecken p\u00e5 \u00e5ldrande.<br \/>\nM\u00e4nniskans hud best\u00e5r till st\u00f6rsta delen av kollagen. Kollagen \u00e4r ett protein som best\u00e5r av l\u00e5nga segment av aminosyror ordnade som en kedja. Kollagen ger en grund och tjocklek f\u00f6r huden.<br \/>\nKvinnor under 30 \u00e5r har gott om kollagen, vilket resulterar i sl\u00e4t, stram hud.<br \/>\nVi andra har mindre kollagen &#8211; huden tenderar att vara tunnare och avsl\u00f6ja fler rynkor.&lt;&amp; &gt;N\u00e4r kollagen bryts ner bildas korta segment av aminosyror. Dessa \u00e4r de sm\u00e5 proteiner och aktiva molekyler som kallas peptider. Peptider i hudv\u00e5rd kan ge betydande anti-aging f\u00f6rdelar.<\/p>\n","protected":false},"excerpt":{"rendered":"<p>Engelskt namn: Acetyl Hexapeptide-39, Silusyne<br \/>\nMolekylformel \uff1aC14H24N6O4<br \/>\nMolekylvikt \uff1a340,80g\/mol<br \/>\nUtseende: Vitt pulver<\/p>\n","protected":false},"featured_media":2112,"comment_status":"open","ping_status":"closed","template":"","meta":{"om_disable_all_campaigns":false,"_monsterinsights_skip_tracking":false,"_monsterinsights_sitenote_active":false,"_monsterinsights_sitenote_note":"","_monsterinsights_sitenote_category":0,"site-sidebar-layout":"default","site-content-layout":"default","ast-site-content-layout":"default","site-content-style":"default","site-sidebar-style":"default","ast-global-header-display":"","ast-banner-title-visibility":"","ast-main-header-display":"","ast-hfb-above-header-display":"","ast-hfb-below-header-display":"","ast-hfb-mobile-header-display":"","site-post-title":"","ast-breadcrumbs-content":"","ast-featured-img":"","footer-sml-layout":"","ast-disable-related-posts":"","theme-transparent-header-meta":"default","adv-header-id-meta":"","stick-header-meta":"","header-above-stick-meta":"","header-main-stick-meta":"","header-below-stick-meta":"","astra-migrate-meta-layouts":"default","ast-page-background-enabled":"default","ast-page-background-meta":{"desktop":{"background-color":"","background-image":"","background-repeat":"repeat","background-position":"center center","background-size":"auto","background-attachment":"scroll","background-type":"","background-media":"","overlay-type":"","overlay-color":"","overlay-opacity":"","overlay-gradient":""},"tablet":{"background-color":"","background-image":"","background-repeat":"repeat","background-position":"center center","background-size":"auto","background-attachment":"scroll","background-type":"","background-media":"","overlay-type":"","overlay-color":"","overlay-opacity":"","overlay-gradient":""},"mobile":{"background-color":"","background-image":"","background-repeat":"repeat","background-position":"center center","background-size":"auto","background-attachment":"scroll","background-type":"","background-media":"","overlay-type":"","overlay-color":"","overlay-opacity":"","overlay-gradient":""}},"ast-content-background-meta":{"desktop":{"background-color":"var(--ast-global-color-5)","background-image":"","background-repeat":"repeat","background-position":"center center","background-size":"auto","background-attachment":"scroll","background-type":"","background-media":"","overlay-type":"","overlay-color":"","overlay-opacity":"","overlay-gradient":""},"tablet":{"background-color":"var(--ast-global-color-5)","background-image":"","background-repeat":"repeat","background-position":"center center","background-size":"auto","background-attachment":"scroll","background-type":"","background-media":"","overlay-type":"","overlay-color":"","overlay-opacity":"","overlay-gradient":""},"mobile":{"background-color":"var(--ast-global-color-5)","background-image":"","background-repeat":"repeat","background-position":"center center","background-size":"auto","background-attachment":"scroll","background-type":"","background-media":"","overlay-type":"","overlay-color":"","overlay-opacity":"","overlay-gradient":""}}},"product_brand":[],"product_cat":[659],"product_tag":[3430],"class_list":{"0":"post-6470","1":"product","2":"type-product","3":"status-publish","4":"has-post-thumbnail","6":"product_cat-fettforlustpeptid","7":"product_tag-acetyl-hexapeptide-39-for-slimming-sv","8":"desktop-align-left","9":"tablet-align-left","10":"mobile-align-left","12":"first","13":"instock","14":"shipping-taxable","15":"product-type-simple"},"_links":{"self":[{"href":"https:\/\/puyapeptide.net\/sv\/wp-json\/wp\/v2\/product\/6470","targetHints":{"allow":["GET"]}}],"collection":[{"href":"https:\/\/puyapeptide.net\/sv\/wp-json\/wp\/v2\/product"}],"about":[{"href":"https:\/\/puyapeptide.net\/sv\/wp-json\/wp\/v2\/types\/product"}],"replies":[{"embeddable":true,"href":"https:\/\/puyapeptide.net\/sv\/wp-json\/wp\/v2\/comments?post=6470"}],"wp:featuredmedia":[{"embeddable":true,"href":"https:\/\/puyapeptide.net\/sv\/wp-json\/wp\/v2\/media\/2112"}],"wp:attachment":[{"href":"https:\/\/puyapeptide.net\/sv\/wp-json\/wp\/v2\/media?parent=6470"}],"wp:term":[{"taxonomy":"product_brand","embeddable":true,"href":"https:\/\/puyapeptide.net\/sv\/wp-json\/wp\/v2\/product_brand?post=6470"},{"taxonomy":"product_cat","embeddable":true,"href":"https:\/\/puyapeptide.net\/sv\/wp-json\/wp\/v2\/product_cat?post=6470"},{"taxonomy":"product_tag","embeddable":true,"href":"https:\/\/puyapeptide.net\/sv\/wp-json\/wp\/v2\/product_tag?post=6470"}],"curies":[{"name":"wp","href":"https:\/\/api.w.org\/{rel}","templated":true}]}}