{"id":6494,"date":"2021-12-16T05:04:04","date_gmt":"2021-12-16T10:04:04","guid":{"rendered":"https:\/\/puyapeptide.net\/product\/acetyl-hexapeptide-38-adifyline-cas-1400634-44-7-kan-oka-volymen-pa-brosten-eller-kinderna\/"},"modified":"2021-12-16T05:04:04","modified_gmt":"2021-12-16T10:04:04","slug":"acetyl-hexapeptide-38-adifyline-cas-1400634-44-7-kan-oka-volymen-pa-brosten-eller-kinderna","status":"publish","type":"product","link":"https:\/\/puyapeptide.net\/sv\/product\/acetyl-hexapeptide-38-adifyline-cas-1400634-44-7-kan-oka-volymen-pa-brosten-eller-kinderna\/","title":{"rendered":"Acetyl hexapeptide 38\/ Adifyline CAS 1400634-44-7 kan \u00f6ka volymen p\u00e5 br\u00f6sten eller kinderna"},"content":{"rendered":"<h2><strong>Acetyl hexapeptide 38\/ Adifyline CAS 1400634-44-7 kan \u00f6ka volymen p\u00e5 br\u00f6sten eller kinderna<\/strong><\/h2>\n<p>Produktnamn: Acetyl hexapeptide 38<br \/>\nSynonymer: Acetyl hexapeptide 38;adifyline;PAW-\u03b2;Acetyl Hexapeptide-38, Adifyline;Acetyl sex peptide;Acetylhexapeptide-38 pulver;Acetyle Hexapeptide-38;Acetyle Hexapeptide-38;Acetyl3 peptide-38; \/EP\/BP<br \/>\nCAS: 1400634-44-7<br \/>\nMF:<br \/>\nMW: 0<br \/>\nEINECS: 000-000-0<br \/>\nProduktkategorier:<br \/>\nMol-fil: Mol-fil&lt; &amp;&gt;Betalningstid: Trade Assurance, T\/T, Western Union, L\/C<\/p>\n<p>Acetyl Hexapeptide-38 (Adifyline) som \u00f6kar fettv\u00e4vnadsvolymen i specifika omr\u00e5den som f\u00f6rb\u00e4ttrar ansiktets utseende och ger attraktiva kroppskurvor .Det stimulerar peroxisomproliferatoraktiverad receptor Gamma coactivator 1a(PGC-1a) uttryck, vilket \u00f6kar adipogeneshastigheten. Detta leder till h\u00f6gre lipidackumulering och volymtillv\u00e4xt i de \u00f6nskade omr\u00e5dena som br\u00f6st och kinder.<br \/>\nHexapeptide38 \u00f6kar lokal volym vilket f\u00f6rb\u00e4ttrar ansiktets utseende och tillhandah\u00e5lla en kurvig siluett, genom att fr\u00e4mja PGC-1a-uttryck och lipidackumulering i fettv\u00e4vnaden.<\/p>\n<p> <strong>Funktion och till\u00e4mpning av Acetylhexapeptid 38 \/ Adifyline CAS 1400634-44-7<\/strong> <\/p>\n<p>1. F\u00f6rb\u00e4ttra adipogeneshastigheten.<\/p>\n<p>2. Led till h\u00f6gre lipidackumulering och volymtillv\u00e4xt i de \u00f6nskade omr\u00e5dena som br\u00f6st och kinder.<\/p>\n<p>3. F\u00f6rb\u00e4ttra ansiktets utseende och ge attraktiva kroppskurvor.<\/p>\n<p> <strong>Anv\u00e4ndning av Acetyl hexapeptide 38\/ Adifyline CAS 1400634-44-7<\/strong><br \/>\n\u00f6ka lokal volym f\u00f6rb\u00e4ttra ansiktets utseende och ge en kurvig siluett, genom att fr\u00e4mja PGC-1a uttryck och lipidackumulering i fettv\u00e4vnaden.<\/p>\n","protected":false},"excerpt":{"rendered":"<p>Produktnamn: Acetyl hexapeptide 38<br \/>\nCAS: 1400634-44-7<br \/>\nMol fil: Mol fil<\/p>\n","protected":false},"featured_media":2133,"comment_status":"open","ping_status":"closed","template":"","meta":{"om_disable_all_campaigns":false,"_monsterinsights_skip_tracking":false,"_monsterinsights_sitenote_active":false,"_monsterinsights_sitenote_note":"","_monsterinsights_sitenote_category":0,"site-sidebar-layout":"default","site-content-layout":"default","ast-site-content-layout":"default","site-content-style":"default","site-sidebar-style":"default","ast-global-header-display":"","ast-banner-title-visibility":"","ast-main-header-display":"","ast-hfb-above-header-display":"","ast-hfb-below-header-display":"","ast-hfb-mobile-header-display":"","site-post-title":"","ast-breadcrumbs-content":"","ast-featured-img":"","footer-sml-layout":"","ast-disable-related-posts":"","theme-transparent-header-meta":"default","adv-header-id-meta":"","stick-header-meta":"","header-above-stick-meta":"","header-main-stick-meta":"","header-below-stick-meta":"","astra-migrate-meta-layouts":"default","ast-page-background-enabled":"default","ast-page-background-meta":{"desktop":{"background-color":"","background-image":"","background-repeat":"repeat","background-position":"center center","background-size":"auto","background-attachment":"scroll","background-type":"","background-media":"","overlay-type":"","overlay-color":"","overlay-opacity":"","overlay-gradient":""},"tablet":{"background-color":"","background-image":"","background-repeat":"repeat","background-position":"center center","background-size":"auto","background-attachment":"scroll","background-type":"","background-media":"","overlay-type":"","overlay-color":"","overlay-opacity":"","overlay-gradient":""},"mobile":{"background-color":"","background-image":"","background-repeat":"repeat","background-position":"center center","background-size":"auto","background-attachment":"scroll","background-type":"","background-media":"","overlay-type":"","overlay-color":"","overlay-opacity":"","overlay-gradient":""}},"ast-content-background-meta":{"desktop":{"background-color":"var(--ast-global-color-5)","background-image":"","background-repeat":"repeat","background-position":"center center","background-size":"auto","background-attachment":"scroll","background-type":"","background-media":"","overlay-type":"","overlay-color":"","overlay-opacity":"","overlay-gradient":""},"tablet":{"background-color":"var(--ast-global-color-5)","background-image":"","background-repeat":"repeat","background-position":"center center","background-size":"auto","background-attachment":"scroll","background-type":"","background-media":"","overlay-type":"","overlay-color":"","overlay-opacity":"","overlay-gradient":""},"mobile":{"background-color":"var(--ast-global-color-5)","background-image":"","background-repeat":"repeat","background-position":"center center","background-size":"auto","background-attachment":"scroll","background-type":"","background-media":"","overlay-type":"","overlay-color":"","overlay-opacity":"","overlay-gradient":""}}},"product_brand":[],"product_cat":[638],"product_tag":[3410],"class_list":{"0":"post-6494","1":"product","2":"type-product","3":"status-publish","4":"has-post-thumbnail","6":"product_cat-fettforbattrande-och-brostforstarkande-peptid","7":"product_tag-acetyl-hexapeptide-38-adifyline-cas-1400634-44-7-can-increase-the-volume-of-the-breasts-or-cheeks-sv","8":"desktop-align-left","9":"tablet-align-left","10":"mobile-align-left","12":"first","13":"instock","14":"shipping-taxable","15":"product-type-simple"},"_links":{"self":[{"href":"https:\/\/puyapeptide.net\/sv\/wp-json\/wp\/v2\/product\/6494","targetHints":{"allow":["GET"]}}],"collection":[{"href":"https:\/\/puyapeptide.net\/sv\/wp-json\/wp\/v2\/product"}],"about":[{"href":"https:\/\/puyapeptide.net\/sv\/wp-json\/wp\/v2\/types\/product"}],"replies":[{"embeddable":true,"href":"https:\/\/puyapeptide.net\/sv\/wp-json\/wp\/v2\/comments?post=6494"}],"wp:featuredmedia":[{"embeddable":true,"href":"https:\/\/puyapeptide.net\/sv\/wp-json\/wp\/v2\/media\/2133"}],"wp:attachment":[{"href":"https:\/\/puyapeptide.net\/sv\/wp-json\/wp\/v2\/media?parent=6494"}],"wp:term":[{"taxonomy":"product_brand","embeddable":true,"href":"https:\/\/puyapeptide.net\/sv\/wp-json\/wp\/v2\/product_brand?post=6494"},{"taxonomy":"product_cat","embeddable":true,"href":"https:\/\/puyapeptide.net\/sv\/wp-json\/wp\/v2\/product_cat?post=6494"},{"taxonomy":"product_tag","embeddable":true,"href":"https:\/\/puyapeptide.net\/sv\/wp-json\/wp\/v2\/product_tag?post=6494"}],"curies":[{"name":"wp","href":"https:\/\/api.w.org\/{rel}","templated":true}]}}