{"id":6515,"date":"2021-12-16T05:05:43","date_gmt":"2021-12-16T10:05:43","guid":{"rendered":"https:\/\/puyapeptide.net\/product\/palmitoyl-tripeptide-28-forbattrar-hudens-elasticitet-fasthet-och-fungerar-som-en-antiinflammatorisk\/"},"modified":"2021-12-16T05:05:43","modified_gmt":"2021-12-16T10:05:43","slug":"palmitoyl-tripeptide-28-forbattrar-hudens-elasticitet-fasthet-och-fungerar-som-en-antiinflammatorisk","status":"publish","type":"product","link":"https:\/\/puyapeptide.net\/sv\/product\/palmitoyl-tripeptide-28-forbattrar-hudens-elasticitet-fasthet-och-fungerar-som-en-antiinflammatorisk\/","title":{"rendered":"Palmitoyl Tripeptide-28 f\u00f6rb\u00e4ttrar hudens elasticitet, fasthet och fungerar som en antiinflammatorisk"},"content":{"rendered":"<h2><strong>Palmitoyl Tripeptide-28 f\u00f6rb\u00e4ttrar hudens elasticitet, fasthet och fungerar som en antiinflammatorisk<\/strong><\/h2>\n<p>Produktnamn: Palmitoyl Tripeptide-28<br \/>\nReferens: ECM Moduline peptide<br \/>\nK\u00e4lla: syntetisk<br \/>\nL\u00f6slighet: l\u00f6slig i vatten<br \/>\nStabilitet: stabil<br \/>\nRenhet: &gt;=95%<br \/>\n Betyg: kosmetisk<br \/>\nMSDS och COA: tillg\u00e4nglig f\u00f6r din referens, kontakta oss<br \/>\nKapacitet: 1 kg per m\u00e5nad<br \/>\nUtseende: vitt pulver<\/p>\n<p> <strong>Funktioner av Palmitoyl Tripeptide-28<\/strong><br \/>\nPalmitoyl Tripeptide -28 f\u00f6rb\u00e4ttrar hudens elasticitet och fasthet och fungerar som ett antiinflammatoriskt medel.<\/p>\n<p> <strong>Applicering av Palmitoyl Tripeptide-28<\/strong><br \/>\nPalmitoyl Tripeptide-28 binder till den specifika receptorn TGF-bII (TbRII) p\u00e5 cellytan. Denna receptor fosforylerar receptorn TGF-bI (TbRI) f\u00f6r att generera ett aktivt receptorkomplex s\u00e5 att de fosforylerar proteinet Smad 2 eller Smad 3. Smad 2 eller Smad 3 bildar ett komplex med proteinet citoplasmatiska Smad 4 och detta m\u00f6jligg\u00f6r translokation av Smad-komplexet in i k\u00e4rnan. D\u00e4r binder booster-Smad-komplexet med specifika sekvenser av promotorerna f\u00f6r de extracellul\u00e4ra matrisgenerna som aktiverar dess uttryck.<\/p>\n<p>Palmitoyl Tripeptide-28 \u00e4r nyckeln i regenereringen av extracellul\u00e4r matris eftersom det stimulerar proteinsyntesen i extracellul\u00e4r matris, h\u00e4mmar metalloproteinaserna som bryter ned kollagenet, stimulerar produktionen av proteash\u00e4mmare och syntesen av integriner.<\/p>\n","protected":false},"excerpt":{"rendered":"<p>Produktnamn: Palmitoyl Tripeptide-28<br \/>\nK\u00e4lla: syntetisk<br \/>\nL\u00f6slighet: l\u00f6slig i vatten<br \/>\nStabilitet: stabil<br \/>\nRenhet: &gt;=95%<br \/>\nKvalit\u00e9: kosmetisk<br \/>\nUtseende: vitt pulver<\/p>\n","protected":false},"featured_media":2217,"comment_status":"open","ping_status":"closed","template":"","meta":{"om_disable_all_campaigns":false,"_monsterinsights_skip_tracking":false,"_monsterinsights_sitenote_active":false,"_monsterinsights_sitenote_note":"","_monsterinsights_sitenote_category":0,"site-sidebar-layout":"default","site-content-layout":"default","ast-site-content-layout":"default","site-content-style":"default","site-sidebar-style":"default","ast-global-header-display":"","ast-banner-title-visibility":"","ast-main-header-display":"","ast-hfb-above-header-display":"","ast-hfb-below-header-display":"","ast-hfb-mobile-header-display":"","site-post-title":"","ast-breadcrumbs-content":"","ast-featured-img":"","footer-sml-layout":"","ast-disable-related-posts":"","theme-transparent-header-meta":"default","adv-header-id-meta":"","stick-header-meta":"","header-above-stick-meta":"","header-main-stick-meta":"","header-below-stick-meta":"","astra-migrate-meta-layouts":"default","ast-page-background-enabled":"default","ast-page-background-meta":{"desktop":{"background-color":"","background-image":"","background-repeat":"repeat","background-position":"center center","background-size":"auto","background-attachment":"scroll","background-type":"","background-media":"","overlay-type":"","overlay-color":"","overlay-opacity":"","overlay-gradient":""},"tablet":{"background-color":"","background-image":"","background-repeat":"repeat","background-position":"center center","background-size":"auto","background-attachment":"scroll","background-type":"","background-media":"","overlay-type":"","overlay-color":"","overlay-opacity":"","overlay-gradient":""},"mobile":{"background-color":"","background-image":"","background-repeat":"repeat","background-position":"center center","background-size":"auto","background-attachment":"scroll","background-type":"","background-media":"","overlay-type":"","overlay-color":"","overlay-opacity":"","overlay-gradient":""}},"ast-content-background-meta":{"desktop":{"background-color":"var(--ast-global-color-5)","background-image":"","background-repeat":"repeat","background-position":"center center","background-size":"auto","background-attachment":"scroll","background-type":"","background-media":"","overlay-type":"","overlay-color":"","overlay-opacity":"","overlay-gradient":""},"tablet":{"background-color":"var(--ast-global-color-5)","background-image":"","background-repeat":"repeat","background-position":"center center","background-size":"auto","background-attachment":"scroll","background-type":"","background-media":"","overlay-type":"","overlay-color":"","overlay-opacity":"","overlay-gradient":""},"mobile":{"background-color":"var(--ast-global-color-5)","background-image":"","background-repeat":"repeat","background-position":"center center","background-size":"auto","background-attachment":"scroll","background-type":"","background-media":"","overlay-type":"","overlay-color":"","overlay-opacity":"","overlay-gradient":""}}},"product_brand":[],"product_cat":[638],"product_tag":[3387,3365],"class_list":{"0":"post-6515","1":"product","2":"type-product","3":"status-publish","4":"has-post-thumbnail","6":"product_cat-fettforbattrande-och-brostforstarkande-peptid","7":"product_tag-firmness-and-serves-as-an-anti-inflammatory-sv","8":"product_tag-palmitoyl-tripeptide-28-improves-skin-elasticity-sv","9":"desktop-align-left","10":"tablet-align-left","11":"mobile-align-left","13":"first","14":"instock","15":"shipping-taxable","16":"product-type-simple"},"_links":{"self":[{"href":"https:\/\/puyapeptide.net\/sv\/wp-json\/wp\/v2\/product\/6515","targetHints":{"allow":["GET"]}}],"collection":[{"href":"https:\/\/puyapeptide.net\/sv\/wp-json\/wp\/v2\/product"}],"about":[{"href":"https:\/\/puyapeptide.net\/sv\/wp-json\/wp\/v2\/types\/product"}],"replies":[{"embeddable":true,"href":"https:\/\/puyapeptide.net\/sv\/wp-json\/wp\/v2\/comments?post=6515"}],"wp:featuredmedia":[{"embeddable":true,"href":"https:\/\/puyapeptide.net\/sv\/wp-json\/wp\/v2\/media\/2217"}],"wp:attachment":[{"href":"https:\/\/puyapeptide.net\/sv\/wp-json\/wp\/v2\/media?parent=6515"}],"wp:term":[{"taxonomy":"product_brand","embeddable":true,"href":"https:\/\/puyapeptide.net\/sv\/wp-json\/wp\/v2\/product_brand?post=6515"},{"taxonomy":"product_cat","embeddable":true,"href":"https:\/\/puyapeptide.net\/sv\/wp-json\/wp\/v2\/product_cat?post=6515"},{"taxonomy":"product_tag","embeddable":true,"href":"https:\/\/puyapeptide.net\/sv\/wp-json\/wp\/v2\/product_tag?post=6515"}],"curies":[{"name":"wp","href":"https:\/\/api.w.org\/{rel}","templated":true}]}}