{"id":6534,"date":"2021-12-16T05:06:52","date_gmt":"2021-12-16T10:06:52","guid":{"rendered":"https:\/\/puyapeptide.net\/product\/toppklass-palmitoyl-tetrapeptide-20-for-gratt-har\/"},"modified":"2021-12-16T05:37:26","modified_gmt":"2021-12-16T10:37:26","slug":"toppklass-palmitoyl-tetrapeptide-20-for-gratt-har","status":"publish","type":"product","link":"https:\/\/puyapeptide.net\/sv\/product\/toppklass-palmitoyl-tetrapeptide-20-for-gratt-har\/","title":{"rendered":"Toppklass Palmitoyl Tetrapeptide-20 f\u00f6r gr\u00e5tt h\u00e5r"},"content":{"rendered":"<h2><strong>Toppklass Palmitoyl Tetrapeptide-20 f\u00f6r gr\u00e5tt h\u00e5r<\/strong><\/h2>\n<p>Produktnamn Palmitoyl Tetrapeptide-20<br \/>\nRenhet 95-99%<br \/>\nMSDS och COA tillg\u00e4ngliga f\u00f6r din referens<br \/>\nLeverans omg\u00e5ende fr\u00e5n lager<br \/>\nSekvens Pal-PEKK<br \/>\nCas 221227-05-0 <\/p>\n<p>Palmitoyltetrapeptide-20 \u00e4r en agonist av \u03b1-MSH, stimulerar melaninsyntesen och f\u00f6rb\u00e4ttrar katalasaktiviteten och minskar \u00f6verskottet (H202). Den kan anv\u00e4ndas vid h\u00e5rpigmentering.<\/p>\n<p>Palmitoyltetrapeptide-20 \u00e4r hormon (MSH-\u03b1) bionisk peptid som verkar p\u00e5 de tv\u00e5 huvudorsakerna till gr\u00e5tt h\u00e5r: melaninreduktion och oxidativ stress. Palmitoyl Tetrapeptide-10 (varum\u00e4rke: Kramer) erbjuder ett o\u00f6vertr\u00e4ffat effektivt s\u00e4tt att f\u00f6rebygga, stoppa och v\u00e4nda fenomenet med h\u00e5r\u00e5ldring. Kliniskt testad f\u00f6r att vara effektiv, Black Hair Peptide kan hj\u00e4lpa m\u00e4n och kvinnor som lider av gr\u00e5tt h\u00e5r genom att v\u00e4nda h\u00e5rets \u00e5ldrandeprocess och \u00f6ka m\u00e4nniskors sj\u00e4lvk\u00e4nsla f\u00f6r att se mer naturligt ungdomliga ut.<\/p>\n<p> <strong>Anv\u00e4ndning av Palmitoyl Tetrapeptide-20<\/strong> &lt; &amp;&gt;Palmitoyl tetrapeptide-20 stimulerar h\u00e5rpigmentering och v\u00e4nder den gr\u00e5a h\u00e5rprocessen, ger m\u00e4n och kvinnor ett yngre utseende och f\u00f6rb\u00e4ttrar deras sj\u00e4lvk\u00e4nsla<\/p>\n<p> <strong>Funktionen hos Palmitoyl Tetrapeptide-20<\/strong><br \/>\nPalmitoyl Tetrapeptide-20 kan Stimulerar naturlig h\u00e5rpigmentproduktion och \u00e5terst\u00e4ller gradvis naturlig h\u00e5rf\u00e4rg; motst\u00e5r h\u00e5rets \u00e5ldrande och f\u00f6rhindrar uppkomsten av gr\u00e5tt h\u00e5r. Kan anv\u00e4ndas f\u00f6r h\u00e5r anti-aging, t\u00e4cker tidigt gr\u00e5tt h\u00e5r, v\u00e5rd efter f\u00e4rgning, naturlig h\u00e5rf\u00e4rgsf\u00f6rst\u00e4rkare, mildare \u00e4n kemiska f\u00e4rg\u00e4mnen f\u00f6r h\u00e5rbotten och sk\u00e4ggv\u00e5rdsprodukter.<\/p>\n","protected":false},"excerpt":{"rendered":"<p>Produktnamn Palmitoyl Tetrapeptide-20<br \/>\nRenhet 95-99%<br \/>\nLeverans omg\u00e5ende fr\u00e5n lager<br \/>\nSekvens Pal-PEKK<br \/>\nCas 221227-05-0<\/p>\n","protected":false},"featured_media":2175,"comment_status":"open","ping_status":"closed","template":"","meta":{"om_disable_all_campaigns":false,"_monsterinsights_skip_tracking":false,"_monsterinsights_sitenote_active":false,"_monsterinsights_sitenote_note":"","_monsterinsights_sitenote_category":0,"site-sidebar-layout":"default","site-content-layout":"default","ast-site-content-layout":"default","site-content-style":"default","site-sidebar-style":"default","ast-global-header-display":"","ast-banner-title-visibility":"","ast-main-header-display":"","ast-hfb-above-header-display":"","ast-hfb-below-header-display":"","ast-hfb-mobile-header-display":"","site-post-title":"","ast-breadcrumbs-content":"","ast-featured-img":"","footer-sml-layout":"","ast-disable-related-posts":"","theme-transparent-header-meta":"default","adv-header-id-meta":"","stick-header-meta":"","header-above-stick-meta":"","header-main-stick-meta":"","header-below-stick-meta":"","astra-migrate-meta-layouts":"default","ast-page-background-enabled":"default","ast-page-background-meta":{"desktop":{"background-color":"","background-image":"","background-repeat":"repeat","background-position":"center center","background-size":"auto","background-attachment":"scroll","background-type":"","background-media":"","overlay-type":"","overlay-color":"","overlay-opacity":"","overlay-gradient":""},"tablet":{"background-color":"","background-image":"","background-repeat":"repeat","background-position":"center center","background-size":"auto","background-attachment":"scroll","background-type":"","background-media":"","overlay-type":"","overlay-color":"","overlay-opacity":"","overlay-gradient":""},"mobile":{"background-color":"","background-image":"","background-repeat":"repeat","background-position":"center center","background-size":"auto","background-attachment":"scroll","background-type":"","background-media":"","overlay-type":"","overlay-color":"","overlay-opacity":"","overlay-gradient":""}},"ast-content-background-meta":{"desktop":{"background-color":"var(--ast-global-color-5)","background-image":"","background-repeat":"repeat","background-position":"center center","background-size":"auto","background-attachment":"scroll","background-type":"","background-media":"","overlay-type":"","overlay-color":"","overlay-opacity":"","overlay-gradient":""},"tablet":{"background-color":"var(--ast-global-color-5)","background-image":"","background-repeat":"repeat","background-position":"center center","background-size":"auto","background-attachment":"scroll","background-type":"","background-media":"","overlay-type":"","overlay-color":"","overlay-opacity":"","overlay-gradient":""},"mobile":{"background-color":"var(--ast-global-color-5)","background-image":"","background-repeat":"repeat","background-position":"center center","background-size":"auto","background-attachment":"scroll","background-type":"","background-media":"","overlay-type":"","overlay-color":"","overlay-opacity":"","overlay-gradient":""}}},"product_brand":[],"product_cat":[613],"product_tag":[3341],"class_list":{"0":"post-6534","1":"product","2":"type-product","3":"status-publish","4":"has-post-thumbnail","6":"product_cat-har-ogonfrans-tillvaxtframjande-peptid","7":"product_tag-top-grade-palmitoyl-tetrapeptide-20-for-grey-hair-sv","8":"desktop-align-left","9":"tablet-align-left","10":"mobile-align-left","12":"first","13":"instock","14":"shipping-taxable","15":"product-type-simple"},"_links":{"self":[{"href":"https:\/\/puyapeptide.net\/sv\/wp-json\/wp\/v2\/product\/6534","targetHints":{"allow":["GET"]}}],"collection":[{"href":"https:\/\/puyapeptide.net\/sv\/wp-json\/wp\/v2\/product"}],"about":[{"href":"https:\/\/puyapeptide.net\/sv\/wp-json\/wp\/v2\/types\/product"}],"replies":[{"embeddable":true,"href":"https:\/\/puyapeptide.net\/sv\/wp-json\/wp\/v2\/comments?post=6534"}],"wp:featuredmedia":[{"embeddable":true,"href":"https:\/\/puyapeptide.net\/sv\/wp-json\/wp\/v2\/media\/2175"}],"wp:attachment":[{"href":"https:\/\/puyapeptide.net\/sv\/wp-json\/wp\/v2\/media?parent=6534"}],"wp:term":[{"taxonomy":"product_brand","embeddable":true,"href":"https:\/\/puyapeptide.net\/sv\/wp-json\/wp\/v2\/product_brand?post=6534"},{"taxonomy":"product_cat","embeddable":true,"href":"https:\/\/puyapeptide.net\/sv\/wp-json\/wp\/v2\/product_cat?post=6534"},{"taxonomy":"product_tag","embeddable":true,"href":"https:\/\/puyapeptide.net\/sv\/wp-json\/wp\/v2\/product_tag?post=6534"}],"curies":[{"name":"wp","href":"https:\/\/api.w.org\/{rel}","templated":true}]}}