{"id":6558,"date":"2021-12-16T05:07:36","date_gmt":"2021-12-16T10:07:36","guid":{"rendered":"https:\/\/puyapeptide.net\/product\/hogkvalitativ-myristoyl-dipeptide-13-for-harvaxt\/"},"modified":"2021-12-16T05:07:36","modified_gmt":"2021-12-16T10:07:36","slug":"hogkvalitativ-myristoyl-dipeptide-13-for-harvaxt","status":"publish","type":"product","link":"https:\/\/puyapeptide.net\/sv\/product\/hogkvalitativ-myristoyl-dipeptide-13-for-harvaxt\/","title":{"rendered":"H\u00f6gkvalitativ Myristoyl Dipeptide-13 f\u00f6r h\u00e5rv\u00e4xt"},"content":{"rendered":"<h2><strong>H\u00f6gkvalitativ Myristoyl Dipeptide-13 f\u00f6r h\u00e5rv\u00e4xt<\/strong><\/h2>\n<p>Produktnamn: Myristoyl Dipeptide-13<br \/>\nReferens: RELISTASE<br \/>\nRenhet: 95%<br \/>\nK\u00e4lla: syntetisk<br \/>\nKvalit\u00e9: kosmetisk<br \/>\nLukt: nej<br \/>\nL\u00f6slighet: l\u00f6slig i vatten&lt; &amp;&gt;Tillsats: 4 PPM<br \/>\nStabilitet: stabil<br \/>\nKapacitet: 100g per m\u00e5nad<br \/>\nUtseende: vitt pulver<\/p>\n<p>Myristoyl Dipeptide-13 \u00e4r en effektiv h\u00e5rv\u00e4xtstimulerande peptid; fr\u00e4mjar cellproliferation och \u00f6kar h\u00e5rt\u00e4theten p\u00e5 m\u00e4nniskor.<\/p>\n<p> <strong>Funktion av Myristoyl Dipeptide-13<\/strong><br \/>\nMyristoyl Pentapeptide-13 \u00e4r en potent tillv\u00e4xtfr\u00e4mjare f\u00f6r \u00f6gonfransar som direkt aktiverar keratingenen, vilket leder till \u00f6gonfransv\u00e4xt.<\/p>\n","protected":false},"excerpt":{"rendered":"<p>Produktnamn: Myristoyl Dipeptide-13<br \/>\nRenhet: 95%<br \/>\nK\u00e4lla: syntetisk<br \/>\nKvalit\u00e9: kosmetisk<br \/>\nL\u00f6slighet: l\u00f6slig i vatten<br \/>\nTillsats: 4 PPM<br \/>\nUtseende: vitt pulver<\/p>\n","protected":false},"featured_media":2217,"comment_status":"open","ping_status":"closed","template":"","meta":{"om_disable_all_campaigns":false,"_monsterinsights_skip_tracking":false,"_monsterinsights_sitenote_active":false,"_monsterinsights_sitenote_note":"","_monsterinsights_sitenote_category":0,"site-sidebar-layout":"default","site-content-layout":"default","ast-site-content-layout":"default","site-content-style":"default","site-sidebar-style":"default","ast-global-header-display":"","ast-banner-title-visibility":"","ast-main-header-display":"","ast-hfb-above-header-display":"","ast-hfb-below-header-display":"","ast-hfb-mobile-header-display":"","site-post-title":"","ast-breadcrumbs-content":"","ast-featured-img":"","footer-sml-layout":"","ast-disable-related-posts":"","theme-transparent-header-meta":"default","adv-header-id-meta":"","stick-header-meta":"","header-above-stick-meta":"","header-main-stick-meta":"","header-below-stick-meta":"","astra-migrate-meta-layouts":"default","ast-page-background-enabled":"default","ast-page-background-meta":{"desktop":{"background-color":"","background-image":"","background-repeat":"repeat","background-position":"center center","background-size":"auto","background-attachment":"scroll","background-type":"","background-media":"","overlay-type":"","overlay-color":"","overlay-opacity":"","overlay-gradient":""},"tablet":{"background-color":"","background-image":"","background-repeat":"repeat","background-position":"center center","background-size":"auto","background-attachment":"scroll","background-type":"","background-media":"","overlay-type":"","overlay-color":"","overlay-opacity":"","overlay-gradient":""},"mobile":{"background-color":"","background-image":"","background-repeat":"repeat","background-position":"center center","background-size":"auto","background-attachment":"scroll","background-type":"","background-media":"","overlay-type":"","overlay-color":"","overlay-opacity":"","overlay-gradient":""}},"ast-content-background-meta":{"desktop":{"background-color":"var(--ast-global-color-5)","background-image":"","background-repeat":"repeat","background-position":"center center","background-size":"auto","background-attachment":"scroll","background-type":"","background-media":"","overlay-type":"","overlay-color":"","overlay-opacity":"","overlay-gradient":""},"tablet":{"background-color":"var(--ast-global-color-5)","background-image":"","background-repeat":"repeat","background-position":"center center","background-size":"auto","background-attachment":"scroll","background-type":"","background-media":"","overlay-type":"","overlay-color":"","overlay-opacity":"","overlay-gradient":""},"mobile":{"background-color":"var(--ast-global-color-5)","background-image":"","background-repeat":"repeat","background-position":"center center","background-size":"auto","background-attachment":"scroll","background-type":"","background-media":"","overlay-type":"","overlay-color":"","overlay-opacity":"","overlay-gradient":""}}},"product_brand":[],"product_cat":[613],"product_tag":[3320],"class_list":{"0":"post-6558","1":"product","2":"type-product","3":"status-publish","4":"has-post-thumbnail","6":"product_cat-har-ogonfrans-tillvaxtframjande-peptid","7":"product_tag-high-quality-myristoyl-dipeptide-13-for-hair-growth-sv","8":"desktop-align-left","9":"tablet-align-left","10":"mobile-align-left","12":"first","13":"instock","14":"shipping-taxable","15":"product-type-simple"},"_links":{"self":[{"href":"https:\/\/puyapeptide.net\/sv\/wp-json\/wp\/v2\/product\/6558","targetHints":{"allow":["GET"]}}],"collection":[{"href":"https:\/\/puyapeptide.net\/sv\/wp-json\/wp\/v2\/product"}],"about":[{"href":"https:\/\/puyapeptide.net\/sv\/wp-json\/wp\/v2\/types\/product"}],"replies":[{"embeddable":true,"href":"https:\/\/puyapeptide.net\/sv\/wp-json\/wp\/v2\/comments?post=6558"}],"wp:featuredmedia":[{"embeddable":true,"href":"https:\/\/puyapeptide.net\/sv\/wp-json\/wp\/v2\/media\/2217"}],"wp:attachment":[{"href":"https:\/\/puyapeptide.net\/sv\/wp-json\/wp\/v2\/media?parent=6558"}],"wp:term":[{"taxonomy":"product_brand","embeddable":true,"href":"https:\/\/puyapeptide.net\/sv\/wp-json\/wp\/v2\/product_brand?post=6558"},{"taxonomy":"product_cat","embeddable":true,"href":"https:\/\/puyapeptide.net\/sv\/wp-json\/wp\/v2\/product_cat?post=6558"},{"taxonomy":"product_tag","embeddable":true,"href":"https:\/\/puyapeptide.net\/sv\/wp-json\/wp\/v2\/product_tag?post=6558"}],"curies":[{"name":"wp","href":"https:\/\/api.w.org\/{rel}","templated":true}]}}