{"id":6607,"date":"2021-12-16T05:09:41","date_gmt":"2021-12-16T10:09:41","guid":{"rendered":"https:\/\/puyapeptide.net\/product\/myristoyl-pentapeptide-17-cas-959610-30-1-ar-en-effektiv-kosmetisk-ingrediens-for-att-framja-tillvaxten-av-ogonfransar\/"},"modified":"2021-12-16T05:09:41","modified_gmt":"2021-12-16T10:09:41","slug":"myristoyl-pentapeptide-17-cas-959610-30-1-ar-en-effektiv-kosmetisk-ingrediens-for-att-framja-tillvaxten-av-ogonfransar","status":"publish","type":"product","link":"https:\/\/puyapeptide.net\/sv\/product\/myristoyl-pentapeptide-17-cas-959610-30-1-ar-en-effektiv-kosmetisk-ingrediens-for-att-framja-tillvaxten-av-ogonfransar\/","title":{"rendered":"Myristoyl Pentapeptide-17 CAS 959610-30-1 \u00e4r en effektiv kosmetisk ingrediens f\u00f6r att fr\u00e4mja tillv\u00e4xten av \u00f6gonfransar"},"content":{"rendered":"<h2><strong>Myristoyl Pentapeptide-17 CAS 959610-30-1 \u00e4r en effektiv kosmetisk ingrediens f\u00f6r att fr\u00e4mja tillv\u00e4xten av \u00f6gonfransar<\/strong><\/h2>\n<p>Produktnamn: Myristoyl Pentapeptide-17<br \/>\nSynonymer: Myristoyl Pentapeptide-17;sympeptide226;N2-(1-Oxotetradecyl)-L-lysyl-L-leucyl-L-alanyl-L-lysyl-L-lysinamid; Muskot fem peptid 17;Myr-KLAKK-NH2;N-[(2S)-6-amino-1-[[(2S)-1-[[(2S)-1-[[(2S)-6-amino- 1-[[(2S)-1,6-diamino-1-oxohexan-2-yl]amino]-1-oxohexan-2-yl]amino]-1-oxopropan-2-yl]amino]-4-metyl -l-oxopentan-2-yl]amino]-l-oxohexan-2-yl]tetradekanamid;N2-(l-oxotradecyl)-L-lysyl-L-leucyl-L-alanyl-L-lysyl-L-lys; Sympeptid 235<br \/>\nCAS: 959610-30-1<br \/>\nMF: C41H81N9O6<br \/>\nMW: 796.14<br \/>\nEINECS:<br \/>\nProduktkategorier:<br \/>\nMol Fil: 959610-30-1.mol&lt;&amp; &gt;<br \/>\nMyristoyl pentapeptide-17\/\u00f6gonfranspeptid \u00e4r en effektiv kosmetisk ingrediens f\u00f6r att fr\u00e4mja \u00f6gonfranstillv\u00e4xt, som effektivt kan stimulera syntesen av keratin i h\u00e5rstr\u00e5n, fr\u00e4mja tillv\u00e4xten av h\u00e5rstr\u00e5n (\u00f6gonfransar, \u00f6gonbryn, h\u00e5r) och g\u00f6ra dem tjockare och segare .<\/p>\n<p>En av de prim\u00e4ra rollerna f\u00f6r Myristoyl Pentapeptide-17 \u00e4r en antioxidant. Liksom alla antioxidanter \u00e4r Myristoyl Pentapeptide-17s roll att skydda huden fr\u00e5n skadliga fria radikaler, som \u00e4r ett resultat av f\u00f6r mycket solexponering eller m\u00f6ter milj\u00f6f\u00f6roreningar. Dessa fria radikaler skadar enskilda hudceller, men deras verkliga fara \u00e4r att de kan orsaka f\u00f6r tidigt \u00e5ldrande. Fria radikaler orsakar kan uppmuntra hudceller att b\u00f6rja f\u00f6r\u00f6ka sig snabbt och okontrollerat. Skyddar inte bara hudceller fr\u00e5n antioxidanter, utan hj\u00e4lper ocks\u00e5 till att neutralisera dem, s\u00e5 att de kan tas bort. Ansiktet kan b\u00f6rja bli friskt igen. Detta g\u00f6r den till en av de mest f\u00f6rdelaktiga antioxidanterna p\u00e5 marknaden.<\/p>\n<p> <strong>Myristoyl Pentapeptide-17 CAS 959610-30-1 Kemiska egenskaper<\/strong><br \/>\nKokpunkt 1071,6\u00b165,0 \u00b0C(f\u00f6rutsp\u00e5dd)<br \/>\n densitet 1,062\u00b10,06 g\/cm3(f\u00f6rutsp\u00e5dd)<br \/>\nlagringstemp. F\u00f6rseglad i torr, rumstemperatur<br \/>\npka 13,42\u00b10,46(f\u00f6rutsp\u00e5dd)<\/p>\n<p> <strong>Applicering och anv\u00e4ndning av Myristoyl Pentapeptide-17 CAS 959610-30-1<\/strong><br \/>\n1.Extraordin\u00e4r f\u00f6rb\u00e4ttring av utseendet p\u00e5 \u00f6gonfransar och \u00f6gonbryn<br \/>\n2.Levererar vackra, t\u00e4ta och frodiga \u00f6gonfransar<br \/>\n3.Icke-prostaglandinteknologi<br \/>\n4.Ingen \u00f6gonirritation eller risk f\u00f6r missf\u00e4rgning<br \/>\n5.Hudl\u00e4kare och \u00f6gonl\u00e4kare s\u00e4kerhetstestade.<\/p>\n","protected":false},"excerpt":{"rendered":"<p>Produktnamn: Myristoyl Pentapeptide-17<br \/>\nCAS: 959610-30-1<br \/>\nMF: C41H81N9O6<br \/>\nMW: 796.14<br \/>\nMol Fil: 959610-30-1.mol<\/p>\n","protected":false},"featured_media":2112,"comment_status":"open","ping_status":"closed","template":"","meta":{"om_disable_all_campaigns":false,"_monsterinsights_skip_tracking":false,"_monsterinsights_sitenote_active":false,"_monsterinsights_sitenote_note":"","_monsterinsights_sitenote_category":0,"site-sidebar-layout":"default","site-content-layout":"default","ast-site-content-layout":"default","site-content-style":"default","site-sidebar-style":"default","ast-global-header-display":"","ast-banner-title-visibility":"","ast-main-header-display":"","ast-hfb-above-header-display":"","ast-hfb-below-header-display":"","ast-hfb-mobile-header-display":"","site-post-title":"","ast-breadcrumbs-content":"","ast-featured-img":"","footer-sml-layout":"","ast-disable-related-posts":"","theme-transparent-header-meta":"default","adv-header-id-meta":"","stick-header-meta":"","header-above-stick-meta":"","header-main-stick-meta":"","header-below-stick-meta":"","astra-migrate-meta-layouts":"default","ast-page-background-enabled":"default","ast-page-background-meta":{"desktop":{"background-color":"","background-image":"","background-repeat":"repeat","background-position":"center center","background-size":"auto","background-attachment":"scroll","background-type":"","background-media":"","overlay-type":"","overlay-color":"","overlay-opacity":"","overlay-gradient":""},"tablet":{"background-color":"","background-image":"","background-repeat":"repeat","background-position":"center center","background-size":"auto","background-attachment":"scroll","background-type":"","background-media":"","overlay-type":"","overlay-color":"","overlay-opacity":"","overlay-gradient":""},"mobile":{"background-color":"","background-image":"","background-repeat":"repeat","background-position":"center center","background-size":"auto","background-attachment":"scroll","background-type":"","background-media":"","overlay-type":"","overlay-color":"","overlay-opacity":"","overlay-gradient":""}},"ast-content-background-meta":{"desktop":{"background-color":"var(--ast-global-color-5)","background-image":"","background-repeat":"repeat","background-position":"center center","background-size":"auto","background-attachment":"scroll","background-type":"","background-media":"","overlay-type":"","overlay-color":"","overlay-opacity":"","overlay-gradient":""},"tablet":{"background-color":"var(--ast-global-color-5)","background-image":"","background-repeat":"repeat","background-position":"center center","background-size":"auto","background-attachment":"scroll","background-type":"","background-media":"","overlay-type":"","overlay-color":"","overlay-opacity":"","overlay-gradient":""},"mobile":{"background-color":"var(--ast-global-color-5)","background-image":"","background-repeat":"repeat","background-position":"center center","background-size":"auto","background-attachment":"scroll","background-type":"","background-media":"","overlay-type":"","overlay-color":"","overlay-opacity":"","overlay-gradient":""}}},"product_brand":[],"product_cat":[597],"product_tag":[3281],"class_list":{"0":"post-6607","1":"product","2":"type-product","3":"status-publish","4":"has-post-thumbnail","6":"product_cat-ogonvardspeptid","7":"product_tag-myristoyl-pentapeptide-17-cas-959610-30-1-is-an-effective-cosmetic-ingredient-to-promote-eyelash-growth-sv","8":"desktop-align-left","9":"tablet-align-left","10":"mobile-align-left","12":"first","13":"instock","14":"shipping-taxable","15":"product-type-simple"},"_links":{"self":[{"href":"https:\/\/puyapeptide.net\/sv\/wp-json\/wp\/v2\/product\/6607","targetHints":{"allow":["GET"]}}],"collection":[{"href":"https:\/\/puyapeptide.net\/sv\/wp-json\/wp\/v2\/product"}],"about":[{"href":"https:\/\/puyapeptide.net\/sv\/wp-json\/wp\/v2\/types\/product"}],"replies":[{"embeddable":true,"href":"https:\/\/puyapeptide.net\/sv\/wp-json\/wp\/v2\/comments?post=6607"}],"wp:featuredmedia":[{"embeddable":true,"href":"https:\/\/puyapeptide.net\/sv\/wp-json\/wp\/v2\/media\/2112"}],"wp:attachment":[{"href":"https:\/\/puyapeptide.net\/sv\/wp-json\/wp\/v2\/media?parent=6607"}],"wp:term":[{"taxonomy":"product_brand","embeddable":true,"href":"https:\/\/puyapeptide.net\/sv\/wp-json\/wp\/v2\/product_brand?post=6607"},{"taxonomy":"product_cat","embeddable":true,"href":"https:\/\/puyapeptide.net\/sv\/wp-json\/wp\/v2\/product_cat?post=6607"},{"taxonomy":"product_tag","embeddable":true,"href":"https:\/\/puyapeptide.net\/sv\/wp-json\/wp\/v2\/product_tag?post=6607"}],"curies":[{"name":"wp","href":"https:\/\/api.w.org\/{rel}","templated":true}]}}