{"id":6630,"date":"2021-12-16T05:36:37","date_gmt":"2021-12-16T10:36:37","guid":{"rendered":"https:\/\/puyapeptide.net\/product\/acetyl-tetrapeptide-3-cas-827306-88-7-kan-reparera-harsacksceller-stimulera-naturlig-tillvaxt-av-ogonbryn-och-har\/"},"modified":"2021-12-16T05:36:37","modified_gmt":"2021-12-16T10:36:37","slug":"acetyl-tetrapeptide-3-cas-827306-88-7-kan-reparera-harsacksceller-stimulera-naturlig-tillvaxt-av-ogonbryn-och-har","status":"publish","type":"product","link":"https:\/\/puyapeptide.net\/sv\/product\/acetyl-tetrapeptide-3-cas-827306-88-7-kan-reparera-harsacksceller-stimulera-naturlig-tillvaxt-av-ogonbryn-och-har\/","title":{"rendered":"Acetyl Tetrapeptide-3 CAS 827306-88-7 kan reparera h\u00e5rs\u00e4cksceller Stimulera naturlig tillv\u00e4xt av \u00f6gonbryn och h\u00e5r"},"content":{"rendered":"<h2><strong>Acetyl Tetrapeptide-3 CAS 827306-88-7 kan reparera h\u00e5rs\u00e4cksceller Stimulera naturlig tillv\u00e4xt av \u00f6gonbryn och h\u00e5r<\/strong><\/h2>\n<p>Produktnamn: Acetyl Tetrapeptide-3<br \/>\nSynonymer: N2-Acetyl-L-lysylglycyl-L-histidyl-L-lysinamid; Acetyl Tetrapeptide-3;capixyl;acetyltetrapeptide-3\/capixyl;Acetyl Tetrapeptide-4, Capixyl;Ac-KGHK;Acetyltetrapeptid-3\/Capixyl-3;L-Lysinamid, N2-acetyl-L-lysylglycyl-L-histidyl-<br \/>\nCAS: 827306-88-7<br \/>\nMF: C22H39N9O5<br \/>\n MW: 509,6<br \/>\nEINECS: 1308068-626-2<br \/>\nProduktkategorier:<br \/>\nMol Fil: 827306-88-7.mol<\/p>\n<p>Acetyltetrapeptide-3 \u00e4r en sk\u00f6nhetspolypeptid som inneh\u00e5ller fyra aminosyror , som snabbt kan reparera h\u00e5rs\u00e4cksceller, stimulera den naturliga tillv\u00e4xten av \u00f6gonbryn och h\u00e5r, effektivt minska h\u00e5ravfall orsakat av \u00e5ldrande och g\u00f6ra \u00f6gonbryn och h\u00e5r t\u00e4tare, naturligare, smidigare och t\u00e4tare.<\/p>\n<p> <strong>Acetyl Tetrapeptide-3 CAS 827306-88-7 Kemiska egenskaper<\/strong><br \/>\nKokpunkt 1075,4\u00b165,0 \u00b0C(F\u00f6rutsp\u00e5dd)<br \/>\ndensitet 1,250\u00b10,06 g\/cm3(F\u00f6rutsp\u00e5dd)<br \/>\nlagringstemp. F\u00f6rvara p\u00e5 m\u00f6rk plats, inert atmosf\u00e4r, F\u00f6rvara i frysen, under -20\u00b0C<br \/>\npka 13,35\u00b10,46(f\u00f6rutsp\u00e5dd)<\/p>\n<p> <strong>Funktioner av Acetyl Tetrapeptide-3 CAS 827306-88-7<\/strong><br \/>\nH\u00e5rv\u00e4xt stimulerande, f\u00f6rb\u00e4ttrar h\u00e5rf\u00f6rankringen.<br \/>\nF\u00f6rb\u00e4ttrar utseendet p\u00e5 \u00f6gonfransar och\/eller \u00f6gonbryn.<\/p>\n<p> <strong>Till\u00e4mpningar av Acetyl Tetrapeptide-3 CAS 827306-88-7<\/strong><br \/>\nReducerar h\u00e5ravfall;<br \/>\n\u00d6kar h\u00e5r\u00e5terv\u00e4xten ;<br \/>\nF\u00f6rb\u00e4ttrar h\u00e5rs\u00e4ckarnas h\u00e4lsa och f\u00f6rankring av h\u00e5r till roten;<br \/>\nReducerar inflammation i h\u00e5rbotten<\/p>\n","protected":false},"excerpt":{"rendered":"<p>Produktnamn: Acetyl Tetrapeptide-3<br \/>\nCAS: 827306-88-7<br \/>\nMF: C22H39N9O5<br \/>\nMW: 509,6<br \/>\nMol Fil: 827306-88-7.mol<\/p>\n","protected":false},"featured_media":2175,"comment_status":"open","ping_status":"closed","template":"","meta":{"om_disable_all_campaigns":false,"_monsterinsights_skip_tracking":false,"_monsterinsights_sitenote_active":false,"_monsterinsights_sitenote_note":"","_monsterinsights_sitenote_category":0,"site-sidebar-layout":"default","site-content-layout":"default","ast-site-content-layout":"default","site-content-style":"default","site-sidebar-style":"default","ast-global-header-display":"","ast-banner-title-visibility":"","ast-main-header-display":"","ast-hfb-above-header-display":"","ast-hfb-below-header-display":"","ast-hfb-mobile-header-display":"","site-post-title":"","ast-breadcrumbs-content":"","ast-featured-img":"","footer-sml-layout":"","ast-disable-related-posts":"","theme-transparent-header-meta":"default","adv-header-id-meta":"","stick-header-meta":"","header-above-stick-meta":"","header-main-stick-meta":"","header-below-stick-meta":"","astra-migrate-meta-layouts":"default","ast-page-background-enabled":"default","ast-page-background-meta":{"desktop":{"background-color":"","background-image":"","background-repeat":"repeat","background-position":"center center","background-size":"auto","background-attachment":"scroll","background-type":"","background-media":"","overlay-type":"","overlay-color":"","overlay-opacity":"","overlay-gradient":""},"tablet":{"background-color":"","background-image":"","background-repeat":"repeat","background-position":"center center","background-size":"auto","background-attachment":"scroll","background-type":"","background-media":"","overlay-type":"","overlay-color":"","overlay-opacity":"","overlay-gradient":""},"mobile":{"background-color":"","background-image":"","background-repeat":"repeat","background-position":"center center","background-size":"auto","background-attachment":"scroll","background-type":"","background-media":"","overlay-type":"","overlay-color":"","overlay-opacity":"","overlay-gradient":""}},"ast-content-background-meta":{"desktop":{"background-color":"var(--ast-global-color-5)","background-image":"","background-repeat":"repeat","background-position":"center center","background-size":"auto","background-attachment":"scroll","background-type":"","background-media":"","overlay-type":"","overlay-color":"","overlay-opacity":"","overlay-gradient":""},"tablet":{"background-color":"var(--ast-global-color-5)","background-image":"","background-repeat":"repeat","background-position":"center center","background-size":"auto","background-attachment":"scroll","background-type":"","background-media":"","overlay-type":"","overlay-color":"","overlay-opacity":"","overlay-gradient":""},"mobile":{"background-color":"var(--ast-global-color-5)","background-image":"","background-repeat":"repeat","background-position":"center center","background-size":"auto","background-attachment":"scroll","background-type":"","background-media":"","overlay-type":"","overlay-color":"","overlay-opacity":"","overlay-gradient":""}}},"product_brand":[],"product_cat":[613],"product_tag":[3260],"class_list":{"0":"post-6630","1":"product","2":"type-product","3":"status-publish","4":"has-post-thumbnail","6":"product_cat-har-ogonfrans-tillvaxtframjande-peptid","7":"product_tag-acetyl-tetrapeptide-3-cas-827306-88-7-can-repair-hair-follicle-cells-stimulate-natural-growth-of-eyebrows-and-hair-sv","8":"desktop-align-left","9":"tablet-align-left","10":"mobile-align-left","12":"first","13":"instock","14":"shipping-taxable","15":"product-type-simple"},"_links":{"self":[{"href":"https:\/\/puyapeptide.net\/sv\/wp-json\/wp\/v2\/product\/6630","targetHints":{"allow":["GET"]}}],"collection":[{"href":"https:\/\/puyapeptide.net\/sv\/wp-json\/wp\/v2\/product"}],"about":[{"href":"https:\/\/puyapeptide.net\/sv\/wp-json\/wp\/v2\/types\/product"}],"replies":[{"embeddable":true,"href":"https:\/\/puyapeptide.net\/sv\/wp-json\/wp\/v2\/comments?post=6630"}],"wp:featuredmedia":[{"embeddable":true,"href":"https:\/\/puyapeptide.net\/sv\/wp-json\/wp\/v2\/media\/2175"}],"wp:attachment":[{"href":"https:\/\/puyapeptide.net\/sv\/wp-json\/wp\/v2\/media?parent=6630"}],"wp:term":[{"taxonomy":"product_brand","embeddable":true,"href":"https:\/\/puyapeptide.net\/sv\/wp-json\/wp\/v2\/product_brand?post=6630"},{"taxonomy":"product_cat","embeddable":true,"href":"https:\/\/puyapeptide.net\/sv\/wp-json\/wp\/v2\/product_cat?post=6630"},{"taxonomy":"product_tag","embeddable":true,"href":"https:\/\/puyapeptide.net\/sv\/wp-json\/wp\/v2\/product_tag?post=6630"}],"curies":[{"name":"wp","href":"https:\/\/api.w.org\/{rel}","templated":true}]}}