{"id":6680,"date":"2021-12-16T05:41:50","date_gmt":"2021-12-16T10:41:50","guid":{"rendered":"https:\/\/puyapeptide.net\/product\/tetrapeptide-14-effekter-mot-aldrande-lyftande-och-rynkor\/"},"modified":"2021-12-16T05:41:50","modified_gmt":"2021-12-16T10:41:50","slug":"tetrapeptide-14-effekter-mot-aldrande-lyftande-och-rynkor","status":"publish","type":"product","link":"https:\/\/puyapeptide.net\/sv\/product\/tetrapeptide-14-effekter-mot-aldrande-lyftande-och-rynkor\/","title":{"rendered":"Tetrapeptide-14 Effekter mot \u00e5ldrande, lyftande och rynkor"},"content":{"rendered":"<h2><strong>Tetrapeptide-14 Effekter mot \u00e5ldrande, lyftande och rynkor<\/strong><\/h2>\n<p>Produktnamn: Tetrapeptide-14<br \/>\nK\u00e4lla: syntetisk<br \/>\nKvalit\u00e9: kosmetisk<br \/>\nFormulering: tillg\u00e4nglig f\u00f6r din referens, v\u00e4nligen kontakta oss.<br \/>\nMSDS och COA: tillg\u00e4ngliga f\u00f6r din referens, v\u00e4nligen kontakta oss<br \/>\nLeverans: omg\u00e5ende fr\u00e5n lager<br \/>\nLukt: karakteristisk<br \/>\nStabilitet: stabil<br \/>\nL\u00f6slighet: l\u00f6slig i vatten<br \/>\nKapacitet: 600g per m\u00e5nad<br \/>\nUtseende: vitt pulver<\/p>\n<p>Tetrapeptid -14 \u00e4r en specifik peptidsekvens som kan anv\u00e4ndas i kosmetiska behandlingar f\u00f6r att lindra rodnaden i samband med rosacea eller mild solexponering<br \/>\n&#8211; Verkar genom att nedreglera interleukin-6 (IL-6) f\u00f6r att f\u00f6rhindra inflammation, som<br \/>\ni turn minskar MMP-1-skada med nettoeffekten av ett ljust och j\u00e4mnt hud<br \/>\nutseende<br \/>\n-Minskar \u00e4ven sannolikheten f\u00f6r postinflammatorisk pigmentering tillsammans med<br \/>\nf\u00f6rb\u00e4ttrar hudens \u00f6vergripande h\u00e4lsa<\/p>\n<p> <strong>Anv\u00e4ndning av tetrapeptid- 14<\/strong><br \/>\nTetrapeptide-14 \u00e4r en unik leveransmatris som kombinerar en rodnad och inflammatoriskt minskande peptid med teets antioxidantegenskaper, de lugnande egenskaperna hos b oswellia serrata och honungens lugnande kvalitet.<\/p>\n","protected":false},"excerpt":{"rendered":"<p>Produktnamn: Tetrapeptide-14<br \/>\nK\u00e4lla: syntetisk<br \/>\nKvalit\u00e9: kosmetisk<br \/>\nLeverans: omg\u00e5ende fr\u00e5n lager<br \/>\nLukt: karakteristi<br \/>\nUtseende: vitt pulver<\/p>\n","protected":false},"featured_media":2175,"comment_status":"open","ping_status":"closed","template":"","meta":{"om_disable_all_campaigns":false,"_monsterinsights_skip_tracking":false,"_monsterinsights_sitenote_active":false,"_monsterinsights_sitenote_note":"","_monsterinsights_sitenote_category":0,"site-sidebar-layout":"default","site-content-layout":"default","ast-site-content-layout":"default","site-content-style":"default","site-sidebar-style":"default","ast-global-header-display":"","ast-banner-title-visibility":"","ast-main-header-display":"","ast-hfb-above-header-display":"","ast-hfb-below-header-display":"","ast-hfb-mobile-header-display":"","site-post-title":"","ast-breadcrumbs-content":"","ast-featured-img":"","footer-sml-layout":"","ast-disable-related-posts":"","theme-transparent-header-meta":"default","adv-header-id-meta":"","stick-header-meta":"","header-above-stick-meta":"","header-main-stick-meta":"","header-below-stick-meta":"","astra-migrate-meta-layouts":"default","ast-page-background-enabled":"default","ast-page-background-meta":{"desktop":{"background-color":"","background-image":"","background-repeat":"repeat","background-position":"center center","background-size":"auto","background-attachment":"scroll","background-type":"","background-media":"","overlay-type":"","overlay-color":"","overlay-opacity":"","overlay-gradient":""},"tablet":{"background-color":"","background-image":"","background-repeat":"repeat","background-position":"center center","background-size":"auto","background-attachment":"scroll","background-type":"","background-media":"","overlay-type":"","overlay-color":"","overlay-opacity":"","overlay-gradient":""},"mobile":{"background-color":"","background-image":"","background-repeat":"repeat","background-position":"center center","background-size":"auto","background-attachment":"scroll","background-type":"","background-media":"","overlay-type":"","overlay-color":"","overlay-opacity":"","overlay-gradient":""}},"ast-content-background-meta":{"desktop":{"background-color":"var(--ast-global-color-5)","background-image":"","background-repeat":"repeat","background-position":"center center","background-size":"auto","background-attachment":"scroll","background-type":"","background-media":"","overlay-type":"","overlay-color":"","overlay-opacity":"","overlay-gradient":""},"tablet":{"background-color":"var(--ast-global-color-5)","background-image":"","background-repeat":"repeat","background-position":"center center","background-size":"auto","background-attachment":"scroll","background-type":"","background-media":"","overlay-type":"","overlay-color":"","overlay-opacity":"","overlay-gradient":""},"mobile":{"background-color":"var(--ast-global-color-5)","background-image":"","background-repeat":"repeat","background-position":"center center","background-size":"auto","background-attachment":"scroll","background-type":"","background-media":"","overlay-type":"","overlay-color":"","overlay-opacity":"","overlay-gradient":""}}},"product_brand":[],"product_cat":[597],"product_tag":[3137,3115],"class_list":{"0":"post-6680","1":"product","2":"type-product","3":"status-publish","4":"has-post-thumbnail","6":"product_cat-ogonvardspeptid","7":"product_tag-lifting-and-anti-wrinkle-effects-sv","8":"product_tag-tetrapeptide-14-anti-aging-sv","9":"desktop-align-left","10":"tablet-align-left","11":"mobile-align-left","13":"first","14":"instock","15":"shipping-taxable","16":"product-type-simple"},"_links":{"self":[{"href":"https:\/\/puyapeptide.net\/sv\/wp-json\/wp\/v2\/product\/6680","targetHints":{"allow":["GET"]}}],"collection":[{"href":"https:\/\/puyapeptide.net\/sv\/wp-json\/wp\/v2\/product"}],"about":[{"href":"https:\/\/puyapeptide.net\/sv\/wp-json\/wp\/v2\/types\/product"}],"replies":[{"embeddable":true,"href":"https:\/\/puyapeptide.net\/sv\/wp-json\/wp\/v2\/comments?post=6680"}],"wp:featuredmedia":[{"embeddable":true,"href":"https:\/\/puyapeptide.net\/sv\/wp-json\/wp\/v2\/media\/2175"}],"wp:attachment":[{"href":"https:\/\/puyapeptide.net\/sv\/wp-json\/wp\/v2\/media?parent=6680"}],"wp:term":[{"taxonomy":"product_brand","embeddable":true,"href":"https:\/\/puyapeptide.net\/sv\/wp-json\/wp\/v2\/product_brand?post=6680"},{"taxonomy":"product_cat","embeddable":true,"href":"https:\/\/puyapeptide.net\/sv\/wp-json\/wp\/v2\/product_cat?post=6680"},{"taxonomy":"product_tag","embeddable":true,"href":"https:\/\/puyapeptide.net\/sv\/wp-json\/wp\/v2\/product_tag?post=6680"}],"curies":[{"name":"wp","href":"https:\/\/api.w.org\/{rel}","templated":true}]}}