{"id":6714,"date":"2021-12-16T05:42:42","date_gmt":"2021-12-16T10:42:42","guid":{"rendered":"https:\/\/puyapeptide.net\/product\/dipeptide-2-eyeliss-h-val-trp-oh-cas-24587-37-9-for-borttagning-av-ogonpase-och-utjamning-av-rynkor\/"},"modified":"2021-12-16T05:42:42","modified_gmt":"2021-12-16T10:42:42","slug":"dipeptide-2-eyeliss-h-val-trp-oh-cas-24587-37-9-for-borttagning-av-ogonpase-och-utjamning-av-rynkor","status":"publish","type":"product","link":"https:\/\/puyapeptide.net\/sv\/product\/dipeptide-2-eyeliss-h-val-trp-oh-cas-24587-37-9-for-borttagning-av-ogonpase-och-utjamning-av-rynkor\/","title":{"rendered":"Dipeptide-2\/ Eyeliss\/ H-VAL-TRP-OH CAS 24587-37-9 F\u00f6r borttagning av \u00f6gonp\u00e5se och utj\u00e4mning av rynkor"},"content":{"rendered":"<h2><strong>Dipeptide-2\/ Eyeliss\/ H-VAL-TRP-OH CAS 24587-37-9 F\u00f6r borttagning av \u00f6gonp\u00e5se och utj\u00e4mning av rynkor<\/strong><\/h2>\n<p>Produktnamn: Dipeptide-2\/ Eyeliss\/ H-VAL-TRP-OH<br \/>\nSynonymer: L-VALYL-L-TRYPTOPHAN;H-VAL-TRP-OH;L-Valyl-L-tyrosin; Dipeptide Val -Try;VW-2;eyeliss;VW;Dipeptide-2 \/ Dipeptide Val-Try<br \/>\nCAS: 24587-37-9<br \/>\nMF: C16H21N3O3<br \/>\nMW: 303.36<br \/>\nEINECS:<br \/>\nProdukt Kategorier: Aminosyraderivat<br \/>\nMol Fil: 24587-37-9.mol<\/p>\n<p>Dipeptid-2 \u00e4r en peptid som best\u00e5r av tv\u00e5 aminosyror: valin och tryptofan. Till exempel tillverkas en m\u00e4ngd olika peptider av kroppen d\u00e4r de kontrollerar fysiologiska processer. De g\u00f6r detta genom att fungera som enzymer eller genom att f\u00f6r\u00e4ndra funktionen hos celler.<\/p>\n<p> <strong>Funktion och till\u00e4mpning av Dipeptide-2\/ Eyeliss\/ H-VAL-TRP-OH CAS 24587-37-9<\/strong> <\/p>\n<p> Dipeptide-2 hj\u00e4lper till att minska svullnader och p\u00e5sar under \u00f6gonen. Svullna \u00f6gon beror p\u00e5 v\u00e4tskeansamling orsakad av d\u00e5lig dr\u00e4nering, \u00f6mt\u00e5liga kapill\u00e4rer och f\u00f6rlust av elasticitet. V\u00e4tska l\u00e4cker in i omgivande v\u00e4vnader och producerar &quot;\u00f6gonp\u00e5sar&quot;.<\/p>\n<p>Inriktar sig p\u00e5 alla tre tillst\u00e5nden genom att f\u00f6rb\u00e4ttra dr\u00e4neringen, minska kapill\u00e4rens br\u00e4cklighet och minska irritation och avslappning av huden samtidigt som hudens fasthet och elasticitet \u00f6kar.<\/p>\n<p>1 . bli av med p\u00e5sar under \u00f6gonen snabbt, dr\u00e4neringseffekten av dipeptid-2 kan uppn\u00e5 effekten av att minska p\u00e5sar under \u00f6gonen p\u00e5 15 dagar.<\/p>\n<p>2. l\u00e4ggs till kosmetiska formuleringar som lotioner, geler, serum etc. f\u00f6r att uppn\u00e5 den idealiska effekten att ta bort p\u00e5sar under \u00f6gonen.<\/p>\n<p>3. hj\u00e4lper till att f\u00f6rebygga och bli av med svullnader under \u00f6gonen samtidigt som den stramar upp och reglerar huden f\u00f6r att j\u00e4mna ut rynkor.<\/p>\n","protected":false},"excerpt":{"rendered":"<p>Produktnamn: Dipeptide-2\/ Eyeliss\/ H-VAL-TRP-OH<br \/>\nCAS: 24587-37-9<br \/>\nMF: C16H21N3O3<br \/>\nMW: 303,36<br \/>\nMol Fil: 24587-37-9. mol<\/p>\n","protected":false},"featured_media":2133,"comment_status":"open","ping_status":"closed","template":"","meta":{"om_disable_all_campaigns":false,"_monsterinsights_skip_tracking":false,"_monsterinsights_sitenote_active":false,"_monsterinsights_sitenote_note":"","_monsterinsights_sitenote_category":0,"site-sidebar-layout":"default","site-content-layout":"default","ast-site-content-layout":"default","site-content-style":"default","site-sidebar-style":"default","ast-global-header-display":"","ast-banner-title-visibility":"","ast-main-header-display":"","ast-hfb-above-header-display":"","ast-hfb-below-header-display":"","ast-hfb-mobile-header-display":"","site-post-title":"","ast-breadcrumbs-content":"","ast-featured-img":"","footer-sml-layout":"","ast-disable-related-posts":"","theme-transparent-header-meta":"default","adv-header-id-meta":"","stick-header-meta":"","header-above-stick-meta":"","header-main-stick-meta":"","header-below-stick-meta":"","astra-migrate-meta-layouts":"default","ast-page-background-enabled":"default","ast-page-background-meta":{"desktop":{"background-color":"","background-image":"","background-repeat":"repeat","background-position":"center center","background-size":"auto","background-attachment":"scroll","background-type":"","background-media":"","overlay-type":"","overlay-color":"","overlay-opacity":"","overlay-gradient":""},"tablet":{"background-color":"","background-image":"","background-repeat":"repeat","background-position":"center center","background-size":"auto","background-attachment":"scroll","background-type":"","background-media":"","overlay-type":"","overlay-color":"","overlay-opacity":"","overlay-gradient":""},"mobile":{"background-color":"","background-image":"","background-repeat":"repeat","background-position":"center center","background-size":"auto","background-attachment":"scroll","background-type":"","background-media":"","overlay-type":"","overlay-color":"","overlay-opacity":"","overlay-gradient":""}},"ast-content-background-meta":{"desktop":{"background-color":"var(--ast-global-color-5)","background-image":"","background-repeat":"repeat","background-position":"center center","background-size":"auto","background-attachment":"scroll","background-type":"","background-media":"","overlay-type":"","overlay-color":"","overlay-opacity":"","overlay-gradient":""},"tablet":{"background-color":"var(--ast-global-color-5)","background-image":"","background-repeat":"repeat","background-position":"center center","background-size":"auto","background-attachment":"scroll","background-type":"","background-media":"","overlay-type":"","overlay-color":"","overlay-opacity":"","overlay-gradient":""},"mobile":{"background-color":"var(--ast-global-color-5)","background-image":"","background-repeat":"repeat","background-position":"center center","background-size":"auto","background-attachment":"scroll","background-type":"","background-media":"","overlay-type":"","overlay-color":"","overlay-opacity":"","overlay-gradient":""}}},"product_brand":[],"product_cat":[597],"product_tag":[],"class_list":{"0":"post-6714","1":"product","2":"type-product","3":"status-publish","4":"has-post-thumbnail","6":"product_cat-ogonvardspeptid","7":"desktop-align-left","8":"tablet-align-left","9":"mobile-align-left","11":"first","12":"instock","13":"shipping-taxable","14":"product-type-simple"},"_links":{"self":[{"href":"https:\/\/puyapeptide.net\/sv\/wp-json\/wp\/v2\/product\/6714","targetHints":{"allow":["GET"]}}],"collection":[{"href":"https:\/\/puyapeptide.net\/sv\/wp-json\/wp\/v2\/product"}],"about":[{"href":"https:\/\/puyapeptide.net\/sv\/wp-json\/wp\/v2\/types\/product"}],"replies":[{"embeddable":true,"href":"https:\/\/puyapeptide.net\/sv\/wp-json\/wp\/v2\/comments?post=6714"}],"wp:featuredmedia":[{"embeddable":true,"href":"https:\/\/puyapeptide.net\/sv\/wp-json\/wp\/v2\/media\/2133"}],"wp:attachment":[{"href":"https:\/\/puyapeptide.net\/sv\/wp-json\/wp\/v2\/media?parent=6714"}],"wp:term":[{"taxonomy":"product_brand","embeddable":true,"href":"https:\/\/puyapeptide.net\/sv\/wp-json\/wp\/v2\/product_brand?post=6714"},{"taxonomy":"product_cat","embeddable":true,"href":"https:\/\/puyapeptide.net\/sv\/wp-json\/wp\/v2\/product_cat?post=6714"},{"taxonomy":"product_tag","embeddable":true,"href":"https:\/\/puyapeptide.net\/sv\/wp-json\/wp\/v2\/product_tag?post=6714"}],"curies":[{"name":"wp","href":"https:\/\/api.w.org\/{rel}","templated":true}]}}