{"id":6754,"date":"2021-12-16T06:02:49","date_gmt":"2021-12-16T11:02:49","guid":{"rendered":"https:\/\/puyapeptide.net\/product\/oligopeptide-68-cas-1206525-47-4-for-hudbelysning-och-anti-aging\/"},"modified":"2021-12-16T06:02:49","modified_gmt":"2021-12-16T11:02:49","slug":"oligopeptide-68-cas-1206525-47-4-for-hudbelysning-och-anti-aging","status":"publish","type":"product","link":"https:\/\/puyapeptide.net\/sv\/product\/oligopeptide-68-cas-1206525-47-4-for-hudbelysning-och-anti-aging\/","title":{"rendered":"Oligopeptide-68 CAS 1206525-47-4 f\u00f6r hudbelysning och anti-aging"},"content":{"rendered":"<h2><strong>Oligopeptide-68 CAS 1206525-47-4 f\u00f6r hudbelysning och anti-aging<\/strong><\/h2>\n<p>Produktnamn: Oligopeptid-68<br \/>\nSynonymer: Glycyl-L-arginylglycyl-L-alfa-aspartyl-L-tyrosyl-L-isoleucyl-L-tryptofyl-L-seryl-L-leucyl-L-alfa- aspartyl-L-treonyl-L-glutamin; Oligopeptid-68, beta-vit; L-glutamin, glycyl-L-arginylglycyl-L-a-aspartyl-L-tyrosyl-L-isoleucyl-L-tryptofyl-L-seryl- L-leucyl-L-a-aspartyl-L-treonyl-;Oligopeptid-68 CAS 1206525-47-4 Whitening Oligopeptide-68 Powder<br \/>\nCAS: 1206525-47-4<br \/>\nMF: C62H91N17O21:<br \/>\n 1410.49<br \/>\nEINECS: 205-358-3<br \/>\nProduktkategorier:<br \/>\nMol Fil: 1206525-47-4.mol<\/p>\n<p>Oligopeptide-68 &#8211; \u00e4r en komplex kombination av TGF-\u00df agonistpeptid som h\u00e4mmar Microphtalmia-associated transcription factor (MITF). MITF \u00e4r en viktig transkriptionsregulator av melanogena enzymer, tyrosinas, TRP-1 och TRP-2. Denna peptid inducerar signifikant hudljus som har visat sig ha en h\u00f6gre aktivitet \u00e4n Arbutin och vitamin C.<\/p>\n<p> <strong>Funktion av Oligopeptide-68 CAS 1206525-47-4<\/strong> <\/p>\n<p>1. bleka fr\u00e4knar.<br \/>\n2. h\u00e4mma den \u00f6verdrivna produktionen av melanin.<br \/>\n3. minska melaninavs\u00e4ttningen.<\/p>\n<p> <strong>F\u00f6rdelar med Oligopeptide-68 CAS 1206525-47-4<\/strong><br \/>\n1. Det kan bleka fr\u00e4knar.<br \/>\n2. Det kan h\u00e4mma den \u00f6verdrivna produktionen av melanin.<br \/>\n3. Det kan minska melaninavs\u00e4ttningen.<br \/>\nVerkningsmekanismen f\u00f6r oligopeptid-68.<br \/>\nMinskar melaninproduktionen och f\u00f6rhindrar \u00f6verproduktion av melanin genom att h\u00e4mma MSH (melanocytstimulerande hormon).<\/p>\n<p>Vetenskapen har visat att peptider kan hj\u00e4lpa till att hantera rynkor i huden och v\u00e4nder tecken p\u00e5 \u00e5ldrande.<br \/>\nM\u00e4nniskans hud best\u00e5r till st\u00f6rsta delen av kollagen. Kollagen \u00e4r ett protein som best\u00e5r av l\u00e5nga segment av aminosyror ordnade som en kedja. Kollagen ger en grund och tjocklek f\u00f6r huden.<br \/>\nKvinnor under 30 \u00e5r har gott om kollagen, vilket resulterar i en sl\u00e4t, stram hud.<br \/>\nVi andra har mindre kollagen &#8211; huden tenderar att vara tunnare och avsl\u00f6ja fler rynkor.&lt;&amp; &gt;N\u00e4r kollagen bryts ner bildas korta segment av aminosyror. Dessa \u00e4r de sm\u00e5 proteiner och aktiva molekyler som kallas peptider. Peptider i hudv\u00e5rd kan ge betydande anti-aging f\u00f6rdelar.<\/p>\n","protected":false},"excerpt":{"rendered":"<p>Produktnamn: Oligopeptide-68<br \/>\nCAS: 1206525-47-4<br \/>\nMF: C62H91N17O21<br \/>\nMW: 1410.49<br \/>\nEINECS: 205-358-3<br \/>\nMol Fil: 1206-425.-47 mol<\/p>\n","protected":false},"featured_media":2175,"comment_status":"open","ping_status":"closed","template":"","meta":{"om_disable_all_campaigns":false,"_monsterinsights_skip_tracking":false,"_monsterinsights_sitenote_active":false,"_monsterinsights_sitenote_note":"","_monsterinsights_sitenote_category":0,"site-sidebar-layout":"default","site-content-layout":"default","ast-site-content-layout":"default","site-content-style":"default","site-sidebar-style":"default","ast-global-header-display":"","ast-banner-title-visibility":"","ast-main-header-display":"","ast-hfb-above-header-display":"","ast-hfb-below-header-display":"","ast-hfb-mobile-header-display":"","site-post-title":"","ast-breadcrumbs-content":"","ast-featured-img":"","footer-sml-layout":"","ast-disable-related-posts":"","theme-transparent-header-meta":"default","adv-header-id-meta":"","stick-header-meta":"","header-above-stick-meta":"","header-main-stick-meta":"","header-below-stick-meta":"","astra-migrate-meta-layouts":"default","ast-page-background-enabled":"default","ast-page-background-meta":{"desktop":{"background-color":"","background-image":"","background-repeat":"repeat","background-position":"center center","background-size":"auto","background-attachment":"scroll","background-type":"","background-media":"","overlay-type":"","overlay-color":"","overlay-opacity":"","overlay-gradient":""},"tablet":{"background-color":"","background-image":"","background-repeat":"repeat","background-position":"center center","background-size":"auto","background-attachment":"scroll","background-type":"","background-media":"","overlay-type":"","overlay-color":"","overlay-opacity":"","overlay-gradient":""},"mobile":{"background-color":"","background-image":"","background-repeat":"repeat","background-position":"center center","background-size":"auto","background-attachment":"scroll","background-type":"","background-media":"","overlay-type":"","overlay-color":"","overlay-opacity":"","overlay-gradient":""}},"ast-content-background-meta":{"desktop":{"background-color":"var(--ast-global-color-5)","background-image":"","background-repeat":"repeat","background-position":"center center","background-size":"auto","background-attachment":"scroll","background-type":"","background-media":"","overlay-type":"","overlay-color":"","overlay-opacity":"","overlay-gradient":""},"tablet":{"background-color":"var(--ast-global-color-5)","background-image":"","background-repeat":"repeat","background-position":"center center","background-size":"auto","background-attachment":"scroll","background-type":"","background-media":"","overlay-type":"","overlay-color":"","overlay-opacity":"","overlay-gradient":""},"mobile":{"background-color":"var(--ast-global-color-5)","background-image":"","background-repeat":"repeat","background-position":"center center","background-size":"auto","background-attachment":"scroll","background-type":"","background-media":"","overlay-type":"","overlay-color":"","overlay-opacity":"","overlay-gradient":""}}},"product_brand":[],"product_cat":[570],"product_tag":[3078],"class_list":{"0":"post-6754","1":"product","2":"type-product","3":"status-publish","4":"has-post-thumbnail","6":"product_cat-whitening-peptide-sv","7":"product_tag-oligopeptide-68-cas-1206525-47-4-for-for-skin-lighting-and-anti-aging-sv","8":"desktop-align-left","9":"tablet-align-left","10":"mobile-align-left","12":"first","13":"instock","14":"shipping-taxable","15":"product-type-simple"},"_links":{"self":[{"href":"https:\/\/puyapeptide.net\/sv\/wp-json\/wp\/v2\/product\/6754","targetHints":{"allow":["GET"]}}],"collection":[{"href":"https:\/\/puyapeptide.net\/sv\/wp-json\/wp\/v2\/product"}],"about":[{"href":"https:\/\/puyapeptide.net\/sv\/wp-json\/wp\/v2\/types\/product"}],"replies":[{"embeddable":true,"href":"https:\/\/puyapeptide.net\/sv\/wp-json\/wp\/v2\/comments?post=6754"}],"wp:featuredmedia":[{"embeddable":true,"href":"https:\/\/puyapeptide.net\/sv\/wp-json\/wp\/v2\/media\/2175"}],"wp:attachment":[{"href":"https:\/\/puyapeptide.net\/sv\/wp-json\/wp\/v2\/media?parent=6754"}],"wp:term":[{"taxonomy":"product_brand","embeddable":true,"href":"https:\/\/puyapeptide.net\/sv\/wp-json\/wp\/v2\/product_brand?post=6754"},{"taxonomy":"product_cat","embeddable":true,"href":"https:\/\/puyapeptide.net\/sv\/wp-json\/wp\/v2\/product_cat?post=6754"},{"taxonomy":"product_tag","embeddable":true,"href":"https:\/\/puyapeptide.net\/sv\/wp-json\/wp\/v2\/product_tag?post=6754"}],"curies":[{"name":"wp","href":"https:\/\/api.w.org\/{rel}","templated":true}]}}