{"id":6775,"date":"2021-12-16T06:03:43","date_gmt":"2021-12-16T11:03:43","guid":{"rendered":"https:\/\/puyapeptide.net\/product\/acetyltetrapeptide-5-eyeseryl-cas-820959-17-9-kan-hjalpa-till-att-minska-svullnader-i-ogonen\/"},"modified":"2021-12-16T06:03:43","modified_gmt":"2021-12-16T11:03:43","slug":"acetyltetrapeptide-5-eyeseryl-cas-820959-17-9-kan-hjalpa-till-att-minska-svullnader-i-ogonen","status":"publish","type":"product","link":"https:\/\/puyapeptide.net\/sv\/product\/acetyltetrapeptide-5-eyeseryl-cas-820959-17-9-kan-hjalpa-till-att-minska-svullnader-i-ogonen\/","title":{"rendered":"Acetyltetrapeptide-5\/ Eyeseryl CAS 820959-17-9 kan hj\u00e4lpa till att minska svullnader i \u00f6gonen"},"content":{"rendered":"<h2><strong>Acetyltetrapeptide-5\/ Eyeseryl CAS 820959-17-9 kan hj\u00e4lpa till att minska svullnader i \u00f6gonen<\/strong><\/h2>\n<p>Produktnamn: Acetyltetrapeptide-5\/ Eyeseryl<br \/>\nSynonymer: (2S)-2-[[(2S)-2-[[(2S)-2-(3-acetamidopropanoylamino)-3-(1H- imidazol-5-yl)propanoyl]amino]-3-hydroxipropanoyl]amino]-3-(lH-imidazol-5-yl)propansyra;N-acetyl-beta-alanyl-L-histidyl-L-seryl-L- histidin;Acetyltetrapeptide-5;Acetyl Tetrapeptide;Depuffin\/Acetyl Tetrapeptide-5;Acetyl Tetrapeptide-5\/eyeseryl;Depuffin;tetrapeptide<br \/>\nCAS: 820959-17-9<br \/>\nMF: C20H28N8O7<br \/>\nMW: 2.49 &amp;&gt;EINECS: 1312995-182-4<br \/>\nProduktkategorier: BEAUTY PEPTIDES<br \/>\nMol Fil: 820959-17-9.mol<\/p>\n<p>Acetyltetrapeptide-5\/ Eyeseryl \u00e4r en aktiv peptid med anti-\u00f6dem funktion och anv\u00e4nds ofta i f\u00f6rm\u00e5gan att bli av med \u00f6gonp\u00e5sar, bli av med \u00f6gonp\u00e5sar och m\u00f6rka ringar, bek\u00e4mpa \u00f6dem, antiglykosylering och avsev\u00e4rt kan lindra symtomen p\u00e5 \u00f6gonp\u00e5sar av \u00f6demtyp. Eye Silk Amino Peptide anses vara ett \u00e5terfuktande Chemicalbook-medel eller fuktabsorberande medel som kan hj\u00e4lpa till att minska svullnader i \u00f6gonen och f\u00f6rb\u00e4ttra hudens elasticitet samt \u00f6vergripande j\u00e4mnhet. Den anv\u00e4nder de hygroskopiska egenskaperna hos denna f\u00f6rening f\u00f6r att minska svullnad genom att dra fukt fr\u00e5n djupt inuti huden till det yttersta lagret av huden (stratum corneum).<\/p>\n<p>Acetyl Tetrapeptide-5 anses vara en fuktighetskr\u00e4m eller ett hygroskopiskt medel, som kan hj\u00e4lpa till att minska svullnader i \u00f6gonen, f\u00f6rb\u00e4ttra hudens elasticitet och generell sl\u00e4thet. Den utnyttjar denna f\u00f6renings hygroskopicitet f\u00f6r att absorbera fukt fr\u00e5n den djupa delen av huden till det yttersta lagret av huden (stratum corneum), och d\u00e4rigenom minska svullnader. Dess fuktgivande funktion g\u00f6r att den kan anv\u00e4ndas effektivt f\u00f6r att behandla torr hud.<\/p>\n<p> <strong>Funktion av Acetyl Tetrapeptide-5 CAS 820959-17-9<\/strong><br \/>\n1. F\u00f6rb\u00e4ttra mikrocirkulationen i \u00f6gonhuden genom att h\u00e4mma angiotensin I-omvandlande enzym<br \/>\n2. \u00d6ka aktiviteten av SOD och h\u00e4mma dess glykosylering<br \/>\n3. Minska blodk\u00e4rlens permeabilitet och minska vattenuts\u00f6ndringen<\/p>\n","protected":false},"excerpt":{"rendered":"<p>Produktnamn: Acetyltetrapeptide-5\/ Eyeseryl<br \/>\nCAS: 820959-17-9<br \/>\nMF: C20H28N8O7<br \/>\nMW: 492.49<br \/>\nEINECS: 1312995-182-4<br \/>\nMol Fil: 8170959 -9.mol<\/p>\n","protected":false},"featured_media":2217,"comment_status":"open","ping_status":"closed","template":"","meta":{"om_disable_all_campaigns":false,"_monsterinsights_skip_tracking":false,"_monsterinsights_sitenote_active":false,"_monsterinsights_sitenote_note":"","_monsterinsights_sitenote_category":0,"site-sidebar-layout":"default","site-content-layout":"default","ast-site-content-layout":"default","site-content-style":"default","site-sidebar-style":"default","ast-global-header-display":"","ast-banner-title-visibility":"","ast-main-header-display":"","ast-hfb-above-header-display":"","ast-hfb-below-header-display":"","ast-hfb-mobile-header-display":"","site-post-title":"","ast-breadcrumbs-content":"","ast-featured-img":"","footer-sml-layout":"","ast-disable-related-posts":"","theme-transparent-header-meta":"default","adv-header-id-meta":"","stick-header-meta":"","header-above-stick-meta":"","header-main-stick-meta":"","header-below-stick-meta":"","astra-migrate-meta-layouts":"default","ast-page-background-enabled":"default","ast-page-background-meta":{"desktop":{"background-color":"","background-image":"","background-repeat":"repeat","background-position":"center center","background-size":"auto","background-attachment":"scroll","background-type":"","background-media":"","overlay-type":"","overlay-color":"","overlay-opacity":"","overlay-gradient":""},"tablet":{"background-color":"","background-image":"","background-repeat":"repeat","background-position":"center center","background-size":"auto","background-attachment":"scroll","background-type":"","background-media":"","overlay-type":"","overlay-color":"","overlay-opacity":"","overlay-gradient":""},"mobile":{"background-color":"","background-image":"","background-repeat":"repeat","background-position":"center center","background-size":"auto","background-attachment":"scroll","background-type":"","background-media":"","overlay-type":"","overlay-color":"","overlay-opacity":"","overlay-gradient":""}},"ast-content-background-meta":{"desktop":{"background-color":"var(--ast-global-color-5)","background-image":"","background-repeat":"repeat","background-position":"center center","background-size":"auto","background-attachment":"scroll","background-type":"","background-media":"","overlay-type":"","overlay-color":"","overlay-opacity":"","overlay-gradient":""},"tablet":{"background-color":"var(--ast-global-color-5)","background-image":"","background-repeat":"repeat","background-position":"center center","background-size":"auto","background-attachment":"scroll","background-type":"","background-media":"","overlay-type":"","overlay-color":"","overlay-opacity":"","overlay-gradient":""},"mobile":{"background-color":"var(--ast-global-color-5)","background-image":"","background-repeat":"repeat","background-position":"center center","background-size":"auto","background-attachment":"scroll","background-type":"","background-media":"","overlay-type":"","overlay-color":"","overlay-opacity":"","overlay-gradient":""}}},"product_brand":[],"product_cat":[597],"product_tag":[3107],"class_list":{"0":"post-6775","1":"product","2":"type-product","3":"status-publish","4":"has-post-thumbnail","6":"product_cat-ogonvardspeptid","7":"product_tag-acetyl-tetrapeptide-5-eyeseryl-cas-820959-17-9-can-help-reduce-eye-puffiness-sv","8":"desktop-align-left","9":"tablet-align-left","10":"mobile-align-left","12":"first","13":"instock","14":"shipping-taxable","15":"product-type-simple"},"_links":{"self":[{"href":"https:\/\/puyapeptide.net\/sv\/wp-json\/wp\/v2\/product\/6775","targetHints":{"allow":["GET"]}}],"collection":[{"href":"https:\/\/puyapeptide.net\/sv\/wp-json\/wp\/v2\/product"}],"about":[{"href":"https:\/\/puyapeptide.net\/sv\/wp-json\/wp\/v2\/types\/product"}],"replies":[{"embeddable":true,"href":"https:\/\/puyapeptide.net\/sv\/wp-json\/wp\/v2\/comments?post=6775"}],"wp:featuredmedia":[{"embeddable":true,"href":"https:\/\/puyapeptide.net\/sv\/wp-json\/wp\/v2\/media\/2217"}],"wp:attachment":[{"href":"https:\/\/puyapeptide.net\/sv\/wp-json\/wp\/v2\/media?parent=6775"}],"wp:term":[{"taxonomy":"product_brand","embeddable":true,"href":"https:\/\/puyapeptide.net\/sv\/wp-json\/wp\/v2\/product_brand?post=6775"},{"taxonomy":"product_cat","embeddable":true,"href":"https:\/\/puyapeptide.net\/sv\/wp-json\/wp\/v2\/product_cat?post=6775"},{"taxonomy":"product_tag","embeddable":true,"href":"https:\/\/puyapeptide.net\/sv\/wp-json\/wp\/v2\/product_tag?post=6775"}],"curies":[{"name":"wp","href":"https:\/\/api.w.org\/{rel}","templated":true}]}}