{"id":6799,"date":"2021-12-16T06:04:31","date_gmt":"2021-12-16T11:04:31","guid":{"rendered":"https:\/\/puyapeptide.net\/product\/hexapeptide-2-ar-en-kosmetisk-peptid-som-innehaller-sex-aminosyror-som-effektivt-kan-lysa-upp-huden\/"},"modified":"2021-12-16T06:04:31","modified_gmt":"2021-12-16T11:04:31","slug":"hexapeptide-2-ar-en-kosmetisk-peptid-som-innehaller-sex-aminosyror-som-effektivt-kan-lysa-upp-huden","status":"publish","type":"product","link":"https:\/\/puyapeptide.net\/sv\/product\/hexapeptide-2-ar-en-kosmetisk-peptid-som-innehaller-sex-aminosyror-som-effektivt-kan-lysa-upp-huden\/","title":{"rendered":"Hexapeptide-2 \u00e4r en kosmetisk peptid som inneh\u00e5ller sex aminosyror, som effektivt kan lysa upp huden"},"content":{"rendered":"<h2><strong>Hexapeptide-2 \u00e4r en kosmetisk peptid som inneh\u00e5ller sex aminosyror, som effektivt kan lysa upp huden<\/strong><\/h2>\n<p>Produktnamn: HEXAPEPTIDE-2<br \/>\nSynonymer: HEXAPEPTIDE-2;Dermostatyl (hexapeptid-2);Dermostatyl<br \/>\nCAS: \/<br \/>\nMF: C46H56N12O6<br \/>\nMW: 873,01g\/mol<br \/>\n Renhet: \u226598%<br \/>\nProduktkategorier:<br \/>\nMol File: Mol File<\/p>\n<p>Hexapeptide-2 \u00e4r en sk\u00f6nhetspeptid som inneh\u00e5ller sex aminosyror, som effektivt kan ljusa upp huden och g\u00f6ra hudf\u00e4rgen j\u00e4mn och kraftfull och \u00e4r en effektiv ljusare oligopeptid. Det anv\u00e4nds fr\u00e4mst f\u00f6r blekning och ljusning av huden och f\u00f6r att ta bort fl\u00e4ckar<\/p>\n<p> <strong>Vad \u00e4r Hexapeptide-2?<\/strong><br \/>\nHexapeptide-2 \u00e4r en peptid som g\u00f6r huden ljusare och j\u00e4mnar ut hudtonen. Denna peptid erh\u00e5llen genom syntes fungerar som en antagonist till a-MSH. Bindningen av \u03b1-MSH till dess receptorer f\u00f6rmedlar hudpigmentering. Det t\u00e4vlar om \u03b1-MSH-bindning till dess receptorer, vilket minskar melaninsyntesen. Hexapeptide-2 inducerar en minskning av melaninhalten i epidermala celler.<\/p>\n<p> <strong>Hexapeptid-2 F\u00f6rdelar<\/strong><br \/>\n1. Hexapeptid-2 minskar befintliga rynkor i ansiktet.<br \/>\n2. Hexapeptide-2 \u00e4r effektivt mot utvecklingen av nya rynkor.<br \/>\n3.Hexapeptide-2 minskar djupet av ansiktsrynkor orsakade av sammandragning av muskler fr\u00e5n ansiktsuttryck, s\u00e4rskilt n\u00e4ra \u00f6gonen och i pannan.<br \/>\n&lt;&amp; &gt; <strong>Funktionen hos Hexapeptide-2<\/strong><br \/>\nVetenskapen har visat att peptider kan hj\u00e4lpa till att hantera rynkor i huden och v\u00e4nda tecken p\u00e5 \u00e5ldrande.<br \/>\nM\u00e4nniskans hud best\u00e5r till st\u00f6rsta delen av kollagen. Kollagen \u00e4r ett protein som best\u00e5r av l\u00e5nga segment av aminosyror ordnade som en kedja. Kollagen ger en grund och tjocklek f\u00f6r huden.<br \/>\nKvinnor under 30 \u00e5r har gott om kollagen, vilket resulterar i en sl\u00e4t, stram hud.<br \/>\nVi andra har mindre kollagen &#8211; huden tenderar att vara tunnare och avsl\u00f6ja fler rynkor.&lt;&amp; &gt;N\u00e4r kollagen bryts ner bildas korta segment av aminosyror. Dessa \u00e4r de sm\u00e5 proteiner och aktiva molekyler som kallas peptider. Peptider i hudv\u00e5rd kan ge betydande anti-aging f\u00f6rdelar.<\/p>\n","protected":false},"excerpt":{"rendered":"<p>Produktnamn: HEXAPEPTIDE-2<br \/>\nMF: C46H56N12O6<br \/>\nMW: 873,01g\/mol<br \/>\nRenhet: \u226598%<\/p>\n","protected":false},"featured_media":2217,"comment_status":"open","ping_status":"closed","template":"","meta":{"om_disable_all_campaigns":false,"_monsterinsights_skip_tracking":false,"_monsterinsights_sitenote_active":false,"_monsterinsights_sitenote_note":"","_monsterinsights_sitenote_category":0,"site-sidebar-layout":"default","site-content-layout":"default","ast-site-content-layout":"default","site-content-style":"default","site-sidebar-style":"default","ast-global-header-display":"","ast-banner-title-visibility":"","ast-main-header-display":"","ast-hfb-above-header-display":"","ast-hfb-below-header-display":"","ast-hfb-mobile-header-display":"","site-post-title":"","ast-breadcrumbs-content":"","ast-featured-img":"","footer-sml-layout":"","ast-disable-related-posts":"","theme-transparent-header-meta":"default","adv-header-id-meta":"","stick-header-meta":"","header-above-stick-meta":"","header-main-stick-meta":"","header-below-stick-meta":"","astra-migrate-meta-layouts":"default","ast-page-background-enabled":"default","ast-page-background-meta":{"desktop":{"background-color":"","background-image":"","background-repeat":"repeat","background-position":"center center","background-size":"auto","background-attachment":"scroll","background-type":"","background-media":"","overlay-type":"","overlay-color":"","overlay-opacity":"","overlay-gradient":""},"tablet":{"background-color":"","background-image":"","background-repeat":"repeat","background-position":"center center","background-size":"auto","background-attachment":"scroll","background-type":"","background-media":"","overlay-type":"","overlay-color":"","overlay-opacity":"","overlay-gradient":""},"mobile":{"background-color":"","background-image":"","background-repeat":"repeat","background-position":"center center","background-size":"auto","background-attachment":"scroll","background-type":"","background-media":"","overlay-type":"","overlay-color":"","overlay-opacity":"","overlay-gradient":""}},"ast-content-background-meta":{"desktop":{"background-color":"var(--ast-global-color-5)","background-image":"","background-repeat":"repeat","background-position":"center center","background-size":"auto","background-attachment":"scroll","background-type":"","background-media":"","overlay-type":"","overlay-color":"","overlay-opacity":"","overlay-gradient":""},"tablet":{"background-color":"var(--ast-global-color-5)","background-image":"","background-repeat":"repeat","background-position":"center center","background-size":"auto","background-attachment":"scroll","background-type":"","background-media":"","overlay-type":"","overlay-color":"","overlay-opacity":"","overlay-gradient":""},"mobile":{"background-color":"var(--ast-global-color-5)","background-image":"","background-repeat":"repeat","background-position":"center center","background-size":"auto","background-attachment":"scroll","background-type":"","background-media":"","overlay-type":"","overlay-color":"","overlay-opacity":"","overlay-gradient":""}}},"product_brand":[],"product_cat":[570],"product_tag":[3011,3033],"class_list":{"0":"post-6799","1":"product","2":"type-product","3":"status-publish","4":"has-post-thumbnail","6":"product_cat-whitening-peptide-sv","7":"product_tag-hexapeptide-2-is-a-cosmetic-peptide-containing-six-amino-acids-sv","8":"product_tag-which-can-effectively-brighten-the-skin-sv","9":"desktop-align-left","10":"tablet-align-left","11":"mobile-align-left","13":"first","14":"instock","15":"shipping-taxable","16":"product-type-simple"},"_links":{"self":[{"href":"https:\/\/puyapeptide.net\/sv\/wp-json\/wp\/v2\/product\/6799","targetHints":{"allow":["GET"]}}],"collection":[{"href":"https:\/\/puyapeptide.net\/sv\/wp-json\/wp\/v2\/product"}],"about":[{"href":"https:\/\/puyapeptide.net\/sv\/wp-json\/wp\/v2\/types\/product"}],"replies":[{"embeddable":true,"href":"https:\/\/puyapeptide.net\/sv\/wp-json\/wp\/v2\/comments?post=6799"}],"wp:featuredmedia":[{"embeddable":true,"href":"https:\/\/puyapeptide.net\/sv\/wp-json\/wp\/v2\/media\/2217"}],"wp:attachment":[{"href":"https:\/\/puyapeptide.net\/sv\/wp-json\/wp\/v2\/media?parent=6799"}],"wp:term":[{"taxonomy":"product_brand","embeddable":true,"href":"https:\/\/puyapeptide.net\/sv\/wp-json\/wp\/v2\/product_brand?post=6799"},{"taxonomy":"product_cat","embeddable":true,"href":"https:\/\/puyapeptide.net\/sv\/wp-json\/wp\/v2\/product_cat?post=6799"},{"taxonomy":"product_tag","embeddable":true,"href":"https:\/\/puyapeptide.net\/sv\/wp-json\/wp\/v2\/product_tag?post=6799"}],"curies":[{"name":"wp","href":"https:\/\/api.w.org\/{rel}","templated":true}]}}