{"id":6839,"date":"2021-12-16T06:07:14","date_gmt":"2021-12-16T11:07:14","guid":{"rendered":"https:\/\/puyapeptide.net\/product\/glutationpulver-cas-70-18-8-for-naringstillskott-hudblekning-reducerat-glutationpulver-l-glutation\/"},"modified":"2021-12-16T06:07:14","modified_gmt":"2021-12-16T11:07:14","slug":"glutationpulver-cas-70-18-8-for-naringstillskott-hudblekning-reducerat-glutationpulver-l-glutation","status":"publish","type":"product","link":"https:\/\/puyapeptide.net\/sv\/product\/glutationpulver-cas-70-18-8-for-naringstillskott-hudblekning-reducerat-glutationpulver-l-glutation\/","title":{"rendered":"Glutationpulver CAS 70-18-8 f\u00f6r n\u00e4ringstillskott Hudblekning Reducerat glutationpulver L-glutation"},"content":{"rendered":"<h2><strong>Glutationpulver CAS 70-18-8 f\u00f6r n\u00e4ringstillskott Hudblekning Reducerat glutationpulver L-glutation<\/strong><\/h2>\n<p>Produktnamn: Glutation<br \/>\nSynonymer: glutatiol;glutatione;glutide;glutinal;isetion;l-glutatione;N(NL-y-Glutamyl-L-cysteinyl)glycin;n-(nl-gamma-glutamyl -l-cysteinyl)-glycin<br \/>\nCAS: 70-18-8<br \/>\nMF: C10H17N3O6S<br \/>\nMW: 307.32<br \/>\nEINECS: 200-725-4<br \/>\nProduktkategorier: kemiskt;Inhibitorer;Amino Syror &amp; Derivat;Material;Farmaceutiska mellanprodukter;farmaceutiska;l\u00e4kemedel;Aminosyror 13C, 2H, 15N;Antioxidant;Biokemi;Intermedi\u00e4rer &amp; Finkemikalier;Farmaceuticals;API<br \/>\nMol Fil: 70-18&gt;&lt;-8.mol&lt; &amp;&gt;Glutation (GSH), \u00e4ven kallad reducerad glutation, \u00e4r en tripeptid som best\u00e5r av glutamat, cystein och glycin. Det kan hittas i n\u00e4stan varje cell i m\u00e4nniskokroppen. Nuf\u00f6rtiden erh\u00e5lls den industriella produktionen av Glutation huvudsakligen genom enzymatisk syntes. I metoden har Glutation en h\u00f6g renhet och god vattenl\u00f6slighet. Som en aktiv tripeptid med viktiga fysiologiska funktioner \u00e4r glutation den viktigaste icke-proteinsulfhydrylf\u00f6reningen i organismer. Den har biologiska aktiviteter som avgiftning, antioxidation, rensning av fria radikaler, blekning av huden och blekning av fl\u00e4ckar. D\u00e4rf\u00f6r anv\u00e4nds det ofta i kosmetika, medicin, h\u00e4lsov\u00e5rdsprodukter och andra industrier. Det kan vara l\u00f6sligt i vatten mycket och l\u00e4tt att tills\u00e4ttas i alla typer av hudblekande kosmetika. Plamed Glutathione \u00e4r uppdelad i kosmetikakvalitet och medicinsk kvalitet.<\/p>\n<p> <strong>Glutation CAS 70-18-8 Kemiska egenskaper<\/strong><br \/>\nSm\u00e4ltpunkt 192-195 \u00b0C (s\u00f6nderdelning) (lit.)<br \/>\nalfa -16,5 \u00ba (c=2, H2O)<br \/>\nKokpunkt 754,5\u00b160,0 \u00b0C(F\u00f6rutsp\u00e5dd)<br \/>\ndensitet 1,4482 (grov uppskattning)<br \/>\nbrytningsindex -17 \u00b0 (C=2, H2O)<br \/>\nlagringstemperatur . 2-8\u00b0C l\u00f6slighet H2O: 50 mg\/ml pka pK1 2,12; pK2 3,53; pK3 8,66; pK4 9,12(vid 25\u2103)<br \/>\nform pulver<br \/>\nf\u00e4rg Vit<br \/>\nLukt Luktfri<br \/>\nPH 3 (10g\/l, H2O, 20\u00b0C)<br \/>\nVattenl\u00f6slighet l\u00f6slig<br \/>\nMerck 14, 4475<br \/>\nBRN 1729812<br \/>\nStabilitet: Stabil. Inkompatibel med starka oxidationsmedel.<br \/>\nInChIKey RWSXRVCMGQZWBV-WDSKDSINSA-N<br \/>\nCAS DataBase Reference 70-18-8(CAS DataBase Reference)<br \/>\nEPA Substance Registry System Glutathione (70-18-8)<br \/>\n&lt; &amp;&gt; <strong>Glutationtillverkarens processfl\u00f6desschema<\/strong><br \/>\n <img fetchpriority=\"high\" decoding=\"async\" class=\"alignnone size-full wp-image-4170\" src=\"https:\/\/puyapeptide.net\/wp-content\/uploads\/2021\/12\/Glutathione-Manufacturer-Process-Flow-Chart.png\" alt=\"Processfl\u00f6desschema f\u00f6r glutationtillverkare\" width=\"1458\" height=\"255\" srcset=\"https:\/\/puyapeptide.net\/wp-content\/uploads\/2021\/12\/Glutathione-Manufacturer-Process-Flow-Chart.png 1458w, https:\/\/puyapeptide.net\/wp-content\/uploads\/2021\/12\/Glutathione-Manufacturer-Process-Flow-Chart-768x134.png 768w, https:\/\/puyapeptide.net\/wp-content\/uploads\/2021\/12\/Glutathione-Manufacturer-Process-Flow-Chart-600x105.png 600w\" sizes=\"(max-width: 1458px) 100vw, 1458px\" \/><br \/>\n <strong>Glutation CAS 70-18-8 F\u00f6rdelar<\/strong><br \/>\n1. Bli vitare hud och ta bort fr\u00e4knar<br \/>\nGlutation kan kelera inre och yttre gifter som tungmetaller. Det kan f\u00f6rhindra hudpigmentering. Det kan ocks\u00e5 h\u00e4mma bildandet av nytt melanin och minska dess oxidation. Glutation lindrar hudproblem som kloasma. Den har en fantastisk funktion att g\u00f6ra huden ljusare och ta bort fr\u00e4knar. Samtidigt \u00e4r glutation en liten molekyl\u00e4r peptid. S\u00e5 det kan l\u00e4tt penetrera cellmembranet och absorberas av huden n\u00e4r det appliceras externt. Det \u00e4r en effektiv kosmetisk ingrediens f\u00f6r att bleka huden<br \/>\n2.Antioxidation<br \/>\nGlutationstrukturen inneh\u00e5ller en livlig tiolgrupp-SH. S\u00e5 det oxideras och dehydreras l\u00e4tt. De fria radikalerna kan reduceras direkt till sura \u00e4mnen genom att kombinera tiolgruppen med fria radikaler i kroppen. D\u00e4rigenom p\u00e5skyndar det elimineringen av de fria radikalerna; och bek\u00e4mpa fria radikaler p\u00e5 huden. Samtidigt \u00e4r glutation ett slags str\u00e5lskyddsmedel. Det kan g\u00f6ra det m\u00f6jligt f\u00f6r str\u00e5lning att producera h\u00f6gaktiva fria radikaler i levande organismer genom direkt och indirekt verkan. Och d\u00e5 kan Glutation rensa bort dessa fria radikaler f\u00f6r att uppn\u00e5 sin antioxidanteffekt.<br \/>\n3.Isolera PM2.5<br \/>\nGlutation kan isolera skadorna av PM2.5 p\u00e5 huden n\u00e4r den verkar p\u00e5 hudytan.&lt; &amp;&gt;<br \/>\n <strong>Glutation CAS 70-18-8 Applicering och referensdosering<\/strong><br \/>\nGlutation anv\u00e4nds fr\u00e4mst i blekningsprodukter f\u00f6r hudv\u00e5rd, s\u00e5som serum, ansiktsmask, emulsion, toner, essens, kr\u00e4m, etc.<\/p>\n<table>\n<tbody>\n<tr>\n<td> Produkt<\/td>\n<td> Referensdosering<\/td>\n<\/tr>\n<tr>\n<td> Glutation 98%<\/td>\n<td> 0,1\u20130,5 %<\/td>\n<\/tr>\n<\/tbody>\n<\/table>\n<p>Uppm\u00e4rksamhet p\u00e5 Glutation CAS 70-18-8:<br \/>\nGlutation kan inte anv\u00e4ndas med vitamin B12, orotsyra (vitamin B13) i kosmetika, annars kommer det att orsaka hudirritation<\/p>\n<p> <strong>Applicering av Glutation CAS 70 -18-8<\/strong><br \/>\nGSH \u00e4r det prim\u00e4ra aktiva tillst\u00e5ndet och st\u00e5r f\u00f6r cirka 95 %; GSSG \u00e4r cirka 1 % inaktivt;<br \/>\nGSH har bara peptidbindningar, och GSSG inneh\u00e5ller ocks\u00e5 en disulfidbindning;<br \/>\nGSH-bindningsf\u00f6rm\u00e5gan \u00e4r starkare \u00e4n GSSG;<br \/>\nGlutationreduktas katalyserar interkonversionen mellan GSH och GSSG.&lt;&amp; &gt;Tror att du b\u00f6r ha en prelimin\u00e4r f\u00f6rst\u00e5else f\u00f6r glutation. L\u00e5t oss g\u00e5 l\u00e4ngre.<\/p>\n","protected":false},"excerpt":{"rendered":"<p>Produktnamn: Glutation<br \/>\nCAS: 70-18-8<br \/>\nMF: C10H17N3O6S<br \/>\nMW: 307.32<br \/>\nEINECS: 200-725-4<br \/>\nMol Fil: 70-18-8.mol<\/p>\n","protected":false},"featured_media":2175,"comment_status":"open","ping_status":"closed","template":"","meta":{"om_disable_all_campaigns":false,"_monsterinsights_skip_tracking":false,"_monsterinsights_sitenote_active":false,"_monsterinsights_sitenote_note":"","_monsterinsights_sitenote_category":0,"site-sidebar-layout":"default","site-content-layout":"default","ast-site-content-layout":"default","site-content-style":"default","site-sidebar-style":"default","ast-global-header-display":"","ast-banner-title-visibility":"","ast-main-header-display":"","ast-hfb-above-header-display":"","ast-hfb-below-header-display":"","ast-hfb-mobile-header-display":"","site-post-title":"","ast-breadcrumbs-content":"","ast-featured-img":"","footer-sml-layout":"","ast-disable-related-posts":"","theme-transparent-header-meta":"default","adv-header-id-meta":"","stick-header-meta":"","header-above-stick-meta":"","header-main-stick-meta":"","header-below-stick-meta":"","astra-migrate-meta-layouts":"default","ast-page-background-enabled":"default","ast-page-background-meta":{"desktop":{"background-color":"","background-image":"","background-repeat":"repeat","background-position":"center center","background-size":"auto","background-attachment":"scroll","background-type":"","background-media":"","overlay-type":"","overlay-color":"","overlay-opacity":"","overlay-gradient":""},"tablet":{"background-color":"","background-image":"","background-repeat":"repeat","background-position":"center center","background-size":"auto","background-attachment":"scroll","background-type":"","background-media":"","overlay-type":"","overlay-color":"","overlay-opacity":"","overlay-gradient":""},"mobile":{"background-color":"","background-image":"","background-repeat":"repeat","background-position":"center center","background-size":"auto","background-attachment":"scroll","background-type":"","background-media":"","overlay-type":"","overlay-color":"","overlay-opacity":"","overlay-gradient":""}},"ast-content-background-meta":{"desktop":{"background-color":"var(--ast-global-color-5)","background-image":"","background-repeat":"repeat","background-position":"center center","background-size":"auto","background-attachment":"scroll","background-type":"","background-media":"","overlay-type":"","overlay-color":"","overlay-opacity":"","overlay-gradient":""},"tablet":{"background-color":"var(--ast-global-color-5)","background-image":"","background-repeat":"repeat","background-position":"center center","background-size":"auto","background-attachment":"scroll","background-type":"","background-media":"","overlay-type":"","overlay-color":"","overlay-opacity":"","overlay-gradient":""},"mobile":{"background-color":"var(--ast-global-color-5)","background-image":"","background-repeat":"repeat","background-position":"center center","background-size":"auto","background-attachment":"scroll","background-type":"","background-media":"","overlay-type":"","overlay-color":"","overlay-opacity":"","overlay-gradient":""}}},"product_brand":[],"product_cat":[570],"product_tag":[2966],"class_list":{"0":"post-6839","1":"product","2":"type-product","3":"status-publish","4":"has-post-thumbnail","6":"product_cat-whitening-peptide-sv","7":"product_tag-glutathione-powder-cas-70-18-8-for-nutrient-supplements-skin-whitening-reduced-glutathione-powder-l-glutathione-sv","8":"desktop-align-left","9":"tablet-align-left","10":"mobile-align-left","12":"first","13":"instock","14":"shipping-taxable","15":"product-type-simple"},"_links":{"self":[{"href":"https:\/\/puyapeptide.net\/sv\/wp-json\/wp\/v2\/product\/6839","targetHints":{"allow":["GET"]}}],"collection":[{"href":"https:\/\/puyapeptide.net\/sv\/wp-json\/wp\/v2\/product"}],"about":[{"href":"https:\/\/puyapeptide.net\/sv\/wp-json\/wp\/v2\/types\/product"}],"replies":[{"embeddable":true,"href":"https:\/\/puyapeptide.net\/sv\/wp-json\/wp\/v2\/comments?post=6839"}],"wp:featuredmedia":[{"embeddable":true,"href":"https:\/\/puyapeptide.net\/sv\/wp-json\/wp\/v2\/media\/2175"}],"wp:attachment":[{"href":"https:\/\/puyapeptide.net\/sv\/wp-json\/wp\/v2\/media?parent=6839"}],"wp:term":[{"taxonomy":"product_brand","embeddable":true,"href":"https:\/\/puyapeptide.net\/sv\/wp-json\/wp\/v2\/product_brand?post=6839"},{"taxonomy":"product_cat","embeddable":true,"href":"https:\/\/puyapeptide.net\/sv\/wp-json\/wp\/v2\/product_cat?post=6839"},{"taxonomy":"product_tag","embeddable":true,"href":"https:\/\/puyapeptide.net\/sv\/wp-json\/wp\/v2\/product_tag?post=6839"}],"curies":[{"name":"wp","href":"https:\/\/api.w.org\/{rel}","templated":true}]}}