{"id":6849,"date":"2021-12-16T06:08:20","date_gmt":"2021-12-16T11:08:20","guid":{"rendered":"https:\/\/puyapeptide.net\/product\/tetrapeptide-30-tegopep-skin-lightening-peptide-cas-1036207-61-0-for-skin-lightening\/"},"modified":"2021-12-16T06:08:20","modified_gmt":"2021-12-16T11:08:20","slug":"tetrapeptide-30-tegopep-skin-lightening-peptide-cas-1036207-61-0-for-skin-lightening","status":"publish","type":"product","link":"https:\/\/puyapeptide.net\/sv\/product\/tetrapeptide-30-tegopep-skin-lightening-peptide-cas-1036207-61-0-for-skin-lightening\/","title":{"rendered":"Tetrapeptide-30\/ Tegopep\/ skin lightening peptide CAS 1036207-61-0 For Skin Lightening"},"content":{"rendered":"<h2><strong>Tetrapeptide-30\/ Tegopep\/ skin lightening peptide CAS 1036207-61-0 For Skin Lightening<\/strong><\/h2>\n<p>Produktnamn: Tetrapeptide-30<br \/>\nSynonymer: Tetrapeptide-30;Tetrapeptide-30 (skin lightening peptide);L-Lysin, L-prolyl-L-lysyl-L-\u03b1-glutamyl-<br \/>\nCAS: 1036207-61-0<br \/>\nMF: C22 H40 N6 O7<br \/>\nMW: 500,59<br \/>\nEINECS:<br \/>\nProduktkategorier:<br \/>\nMol Fil: 1036207-61-0.mol<\/p>\n<p> Tetrapeptide-30 \u00e4r en ny peptid utvecklad f\u00f6r att balansera hudtonen. Det finns olika mekanismer f\u00f6r att ljusna upp hudtonen, inklusive att minska eller h\u00e4mma tyrosinasaktivitet, blockera melanin\u00f6verf\u00f6ring till keratinocyter och h\u00e4mning av melanocytaktivering. Det \u00e4r teoretiskt att Tetrapeptide-30 Solution fungerar genom att minska m\u00e4ngden tyrosinas och h\u00e4mma melanocytaktivering.<\/p>\n<p> <strong>Tetrapeptide-30\/ Tegopep\/ skin lightening peptide CAS 1036207-61-0 Kemiska egenskaper<\/strong><br \/>\nKokpunkt 931,5\u00b1 65,0 \u00b0C(F\u00f6rutsp\u00e5dd)<br \/>\ndensitet 1,256\u00b10,06 g\/cm3(F\u00f6rutsp\u00e5dd)<br \/>\npka 3,24\u00b10,10(F\u00f6rutsp\u00e5dd)<\/p>\n<p> <strong>Funktion och till\u00e4mpning av Tetrapeptide-30\/Tegopep\/ skin lightening peptide CAS 1036207 -61-0<\/strong><br \/>\n1. Tetrapeptide-30 f\u00f6r att g\u00f6ra huden ljusare och fr\u00e4knar<br \/>\n2. H\u00e4mmar den \u00f6verdrivna produktionen av melanin<br \/>\n3. Minska melaninavlagringen<br \/>\n4. Kan l\u00e4ggas till sk\u00f6nhets- och hudv\u00e5rdsprodukter, s\u00e5som ljusare kr\u00e4m, ljusare foundation, puder, fr\u00e4knekr\u00e4m (solbr\u00e4nna, fr\u00e4knar)<\/p>\n","protected":false},"excerpt":{"rendered":"<p>Produktnamn: Tetrapeptide-30<br \/>\nCAS: 1036207-61-0<br \/>\nMF: C22 H40 N6 O7<br \/>\nMW: 500,59<br \/>\nMol Fil: 1036207-61-0.mol<\/p>\n","protected":false},"featured_media":2133,"comment_status":"open","ping_status":"closed","template":"","meta":{"om_disable_all_campaigns":false,"_monsterinsights_skip_tracking":false,"_monsterinsights_sitenote_active":false,"_monsterinsights_sitenote_note":"","_monsterinsights_sitenote_category":0,"site-sidebar-layout":"default","site-content-layout":"default","ast-site-content-layout":"default","site-content-style":"default","site-sidebar-style":"default","ast-global-header-display":"","ast-banner-title-visibility":"","ast-main-header-display":"","ast-hfb-above-header-display":"","ast-hfb-below-header-display":"","ast-hfb-mobile-header-display":"","site-post-title":"","ast-breadcrumbs-content":"","ast-featured-img":"","footer-sml-layout":"","ast-disable-related-posts":"","theme-transparent-header-meta":"default","adv-header-id-meta":"","stick-header-meta":"","header-above-stick-meta":"","header-main-stick-meta":"","header-below-stick-meta":"","astra-migrate-meta-layouts":"default","ast-page-background-enabled":"default","ast-page-background-meta":{"desktop":{"background-color":"","background-image":"","background-repeat":"repeat","background-position":"center center","background-size":"auto","background-attachment":"scroll","background-type":"","background-media":"","overlay-type":"","overlay-color":"","overlay-opacity":"","overlay-gradient":""},"tablet":{"background-color":"","background-image":"","background-repeat":"repeat","background-position":"center center","background-size":"auto","background-attachment":"scroll","background-type":"","background-media":"","overlay-type":"","overlay-color":"","overlay-opacity":"","overlay-gradient":""},"mobile":{"background-color":"","background-image":"","background-repeat":"repeat","background-position":"center center","background-size":"auto","background-attachment":"scroll","background-type":"","background-media":"","overlay-type":"","overlay-color":"","overlay-opacity":"","overlay-gradient":""}},"ast-content-background-meta":{"desktop":{"background-color":"var(--ast-global-color-5)","background-image":"","background-repeat":"repeat","background-position":"center center","background-size":"auto","background-attachment":"scroll","background-type":"","background-media":"","overlay-type":"","overlay-color":"","overlay-opacity":"","overlay-gradient":""},"tablet":{"background-color":"var(--ast-global-color-5)","background-image":"","background-repeat":"repeat","background-position":"center center","background-size":"auto","background-attachment":"scroll","background-type":"","background-media":"","overlay-type":"","overlay-color":"","overlay-opacity":"","overlay-gradient":""},"mobile":{"background-color":"var(--ast-global-color-5)","background-image":"","background-repeat":"repeat","background-position":"center center","background-size":"auto","background-attachment":"scroll","background-type":"","background-media":"","overlay-type":"","overlay-color":"","overlay-opacity":"","overlay-gradient":""}}},"product_brand":[],"product_cat":[570],"product_tag":[2997],"class_list":{"0":"post-6849","1":"product","2":"type-product","3":"status-publish","4":"has-post-thumbnail","6":"product_cat-whitening-peptide-sv","7":"product_tag-tetrapeptide-30-tegopep-skin-lightening-peptide-cas-1036207-61-0-for-skin-lightening-sv","8":"desktop-align-left","9":"tablet-align-left","10":"mobile-align-left","12":"first","13":"instock","14":"shipping-taxable","15":"product-type-simple"},"_links":{"self":[{"href":"https:\/\/puyapeptide.net\/sv\/wp-json\/wp\/v2\/product\/6849","targetHints":{"allow":["GET"]}}],"collection":[{"href":"https:\/\/puyapeptide.net\/sv\/wp-json\/wp\/v2\/product"}],"about":[{"href":"https:\/\/puyapeptide.net\/sv\/wp-json\/wp\/v2\/types\/product"}],"replies":[{"embeddable":true,"href":"https:\/\/puyapeptide.net\/sv\/wp-json\/wp\/v2\/comments?post=6849"}],"wp:featuredmedia":[{"embeddable":true,"href":"https:\/\/puyapeptide.net\/sv\/wp-json\/wp\/v2\/media\/2133"}],"wp:attachment":[{"href":"https:\/\/puyapeptide.net\/sv\/wp-json\/wp\/v2\/media?parent=6849"}],"wp:term":[{"taxonomy":"product_brand","embeddable":true,"href":"https:\/\/puyapeptide.net\/sv\/wp-json\/wp\/v2\/product_brand?post=6849"},{"taxonomy":"product_cat","embeddable":true,"href":"https:\/\/puyapeptide.net\/sv\/wp-json\/wp\/v2\/product_cat?post=6849"},{"taxonomy":"product_tag","embeddable":true,"href":"https:\/\/puyapeptide.net\/sv\/wp-json\/wp\/v2\/product_tag?post=6849"}],"curies":[{"name":"wp","href":"https:\/\/api.w.org\/{rel}","templated":true}]}}