{"id":6886,"date":"2021-12-16T06:09:58","date_gmt":"2021-12-16T11:09:58","guid":{"rendered":"https:\/\/puyapeptide.net\/product\/acetyl-decapeptide-3-cas-935288-50-9-kan-penetrera-dermis-for-att-oka-kollagenet\/"},"modified":"2021-12-16T06:09:58","modified_gmt":"2021-12-16T11:09:58","slug":"acetyl-decapeptide-3-cas-935288-50-9-kan-penetrera-dermis-for-att-oka-kollagenet","status":"publish","type":"product","link":"https:\/\/puyapeptide.net\/sv\/product\/acetyl-decapeptide-3-cas-935288-50-9-kan-penetrera-dermis-for-att-oka-kollagenet\/","title":{"rendered":"Acetyl Decapeptide-3 CAS 935288-50-9 kan penetrera dermis f\u00f6r att \u00f6ka kollagenet"},"content":{"rendered":"<h2><strong>Acetyl Decapeptide-3 CAS 935288-50-9 kan penetrera dermis f\u00f6r att \u00f6ka kollagenet<\/strong><\/h2>\n<p>Produktnamn: Acetyl Decapeptide-3<br \/>\nSynonymer: Acetyl Decapeptide-3;Acetyl dekapeptide-3\/ Dekapeptide-4;L-Tyrosinamid, N-acetyl-L-tyrosyl-L-arginyl-L-seryl-L -arginyl-L-lysyl-L-tyrosyl-L-treonyl-L-seryl-L-tryptofyl-;Acetyl Decapeptide-3 USP\/EP\/BP; Acetyl Decapeptide-3 av h\u00f6g kvalitet CAS 935288-50-9<br \/>\n CAS: 935288-50-9<br \/>\nMF: C68H95N19O17<br \/>\nMW: 1450,6<br \/>\nEINECS:<br \/>\nProduktkategorier:<br \/>\nMol Fil: 935288-50-9.mol<\/p>\n<p>Acetyl dekapeptid-3 kan tr\u00e4nga in i dermis f\u00f6r att \u00f6ka kollagenet och v\u00e4nda hudens \u00e5ldrandeprocess genom att \u00e5teruppbyggas inifr\u00e5n och ut; stimulera kollagen, elastiska fibrer och hyaluronsyra att f\u00f6r\u00f6ka sig, f\u00f6rb\u00e4ttra hudens vattenhalt och vattenl\u00e5sning, \u00f6ka hudens tjocklek samt minska fina linjer.<br \/>\nAnti-rynkor och anti-aging F\u00f6rb\u00e4ttra hudkvaliteten. Ansikts-, nack- och handv\u00e5rdsprodukter kan l\u00e4ggas till sk\u00f6nhetshudv\u00e5rd, s\u00e5som lotion, ansiktsmask, morgon- och kv\u00e4llskr\u00e4m, \u00f6gonserum, etc.<\/p>\n<p> <strong>Funktion av Acetyl Decapeptide-3 CAS 935288-50-9<\/strong><br \/>\nFr\u00e4mja produktionen av nya hudceller Minska och f\u00f6rebygga fina linjer och rynkor Normal hudvitalitet och energi Ljusna upp hudtonen Fr\u00e4mja produktionen av nya hudceller L\u00e4ttare \u00e4rr Fr\u00e4mja cellproduktion Cellmigrering Cell\u00f6verlevnad och \u00f6kat uttryck av extracellul\u00e4r matrix.&lt;&amp; &gt;1. Anti-rynkor och anti-aging<br \/>\n2. F\u00f6rb\u00e4ttra hudkvaliteten<\/p>\n<p> <strong>Applicering av Acetyl Decapeptide-3 CAS 935288-50-9<\/strong><br \/>\nAnsikts-, hals- och handv\u00e5rdsprodukter, som kan l\u00e4ggas till sk\u00f6nhetsprodukter f\u00f6r hudv\u00e5rd, s\u00e5som lotioner, ansiktsmasker, morgon och kv\u00e4llskr\u00e4mer, \u00f6gonessenser osv<\/p>\n","protected":false},"excerpt":{"rendered":"<p>Produktnamn: Acetyl Decapeptide-3<br \/>\nCAS: 935288-50-9<br \/>\nMF: C68H95N19O17<br \/>\nMW: 1450,6<br \/>\nMol Fil: 935288-50-9.mol<\/p>\n","protected":false},"featured_media":2217,"comment_status":"open","ping_status":"closed","template":"","meta":{"om_disable_all_campaigns":false,"_monsterinsights_skip_tracking":false,"_monsterinsights_sitenote_active":false,"_monsterinsights_sitenote_note":"","_monsterinsights_sitenote_category":0,"site-sidebar-layout":"default","site-content-layout":"default","ast-site-content-layout":"default","site-content-style":"default","site-sidebar-style":"default","ast-global-header-display":"","ast-banner-title-visibility":"","ast-main-header-display":"","ast-hfb-above-header-display":"","ast-hfb-below-header-display":"","ast-hfb-mobile-header-display":"","site-post-title":"","ast-breadcrumbs-content":"","ast-featured-img":"","footer-sml-layout":"","ast-disable-related-posts":"","theme-transparent-header-meta":"default","adv-header-id-meta":"","stick-header-meta":"","header-above-stick-meta":"","header-main-stick-meta":"","header-below-stick-meta":"","astra-migrate-meta-layouts":"default","ast-page-background-enabled":"default","ast-page-background-meta":{"desktop":{"background-color":"","background-image":"","background-repeat":"repeat","background-position":"center center","background-size":"auto","background-attachment":"scroll","background-type":"","background-media":"","overlay-type":"","overlay-color":"","overlay-opacity":"","overlay-gradient":""},"tablet":{"background-color":"","background-image":"","background-repeat":"repeat","background-position":"center center","background-size":"auto","background-attachment":"scroll","background-type":"","background-media":"","overlay-type":"","overlay-color":"","overlay-opacity":"","overlay-gradient":""},"mobile":{"background-color":"","background-image":"","background-repeat":"repeat","background-position":"center center","background-size":"auto","background-attachment":"scroll","background-type":"","background-media":"","overlay-type":"","overlay-color":"","overlay-opacity":"","overlay-gradient":""}},"ast-content-background-meta":{"desktop":{"background-color":"var(--ast-global-color-5)","background-image":"","background-repeat":"repeat","background-position":"center center","background-size":"auto","background-attachment":"scroll","background-type":"","background-media":"","overlay-type":"","overlay-color":"","overlay-opacity":"","overlay-gradient":""},"tablet":{"background-color":"var(--ast-global-color-5)","background-image":"","background-repeat":"repeat","background-position":"center center","background-size":"auto","background-attachment":"scroll","background-type":"","background-media":"","overlay-type":"","overlay-color":"","overlay-opacity":"","overlay-gradient":""},"mobile":{"background-color":"var(--ast-global-color-5)","background-image":"","background-repeat":"repeat","background-position":"center center","background-size":"auto","background-attachment":"scroll","background-type":"","background-media":"","overlay-type":"","overlay-color":"","overlay-opacity":"","overlay-gradient":""}}},"product_brand":[],"product_cat":[547],"product_tag":[2923],"class_list":{"0":"post-6886","1":"product","2":"type-product","3":"status-publish","4":"has-post-thumbnail","6":"product_cat-anti-rynkor-och-anti-aging-peptid","7":"product_tag-acetyl-decapeptide-3-cas-935288-50-9-can-penetrate-the-dermis-to-increase-collagen-sv","8":"desktop-align-left","9":"tablet-align-left","10":"mobile-align-left","12":"first","13":"instock","14":"shipping-taxable","15":"product-type-simple"},"_links":{"self":[{"href":"https:\/\/puyapeptide.net\/sv\/wp-json\/wp\/v2\/product\/6886","targetHints":{"allow":["GET"]}}],"collection":[{"href":"https:\/\/puyapeptide.net\/sv\/wp-json\/wp\/v2\/product"}],"about":[{"href":"https:\/\/puyapeptide.net\/sv\/wp-json\/wp\/v2\/types\/product"}],"replies":[{"embeddable":true,"href":"https:\/\/puyapeptide.net\/sv\/wp-json\/wp\/v2\/comments?post=6886"}],"wp:featuredmedia":[{"embeddable":true,"href":"https:\/\/puyapeptide.net\/sv\/wp-json\/wp\/v2\/media\/2217"}],"wp:attachment":[{"href":"https:\/\/puyapeptide.net\/sv\/wp-json\/wp\/v2\/media?parent=6886"}],"wp:term":[{"taxonomy":"product_brand","embeddable":true,"href":"https:\/\/puyapeptide.net\/sv\/wp-json\/wp\/v2\/product_brand?post=6886"},{"taxonomy":"product_cat","embeddable":true,"href":"https:\/\/puyapeptide.net\/sv\/wp-json\/wp\/v2\/product_cat?post=6886"},{"taxonomy":"product_tag","embeddable":true,"href":"https:\/\/puyapeptide.net\/sv\/wp-json\/wp\/v2\/product_tag?post=6886"}],"curies":[{"name":"wp","href":"https:\/\/api.w.org\/{rel}","templated":true}]}}