{"id":6923,"date":"2021-12-16T06:11:34","date_gmt":"2021-12-16T11:11:34","guid":{"rendered":"https:\/\/puyapeptide.net\/product\/palmitoyl-dipeptide-7-cas-911813-90-6-ar-en-signalliknande-peptid-som-framjar-matrisprotein-och-kollagensyntes\/"},"modified":"2021-12-16T06:11:34","modified_gmt":"2021-12-16T11:11:34","slug":"palmitoyl-dipeptide-7-cas-911813-90-6-ar-en-signalliknande-peptid-som-framjar-matrisprotein-och-kollagensyntes","status":"publish","type":"product","link":"https:\/\/puyapeptide.net\/sv\/product\/palmitoyl-dipeptide-7-cas-911813-90-6-ar-en-signalliknande-peptid-som-framjar-matrisprotein-och-kollagensyntes\/","title":{"rendered":"Palmitoyl dipeptide-7 CAS 911813-90-6 \u00e4r en signalliknande peptid som fr\u00e4mjar matrisprotein och kollagensyntes"},"content":{"rendered":"<h2><strong>Palmitoyl dipeptide-7 CAS 911813-90-6 \u00e4r en signalliknande peptid som fr\u00e4mjar matrisprotein och kollagensyntes<\/strong><\/h2>\n<p>Produktnamn: Palmitoyldipeptid-7\/ (2S,3R)-2-[[(2S)-6-amino-2-(hexadekanoylamino)hexanoyl]amino]-3-hydroxibutansyra<br \/>\nSynonymer: Palmitoyldipeptid -7;PAL-KT;(2S,3R)-2-[[(2S)-6-amino-2-(hexadekanoylamino)hexanoyl]amino]-3-hydroxibutansyra;Palmitoyl Dipeptide-7 palestrina<br \/>\nCAS: 911813-90-6<br \/>\nMF: C26H51N3O5<br \/>\nMW: 485,7<br \/>\nEINECS:<br \/>\nProduktkategorier:<br \/>\nMol Fil: 911813-90-6.mol<\/p>\n<p>Palmitoyldipeptid- 7 \u00e4r en signalliknande peptid som fr\u00e4mjar matrisproteiner, fr\u00e4mjar kollagensyntes och kan ocks\u00e5 \u00f6ka produktionen av elastin, hyaluronsyra, glykosaminoglykan och fibronektin. Det fr\u00e4mjar kollagensyntesen genom att \u00f6ka stromacellernas aktivitet, vilket g\u00f6r att huden ser mer elastisk och ungdomlig ut.<\/p>\n<p>Palmitoyl Dipeptide-7 \u00e4r en av de kortaste peptiderna. N\u00e4r den testades med humana hudekvivalenter visade det sig f\u00f6rb\u00e4ttra differentieringen av epidermis, basalmembranzonen och dermala fibroblaster. Inom dermala fibroblaster \u00f6kade Palmitoyl Dipeptide-7 kollagen I, kollagen IV och fibronektin. Anv\u00e4ndning av peptider f\u00f6r topisk applicering begr\u00e4nsas av aminosyrakedjornas joniska natur. Detta kan dock kringg\u00e5s genom inkorporering av ett lipofilt derivat, s\u00e5som palmitoyl.<\/p>\n<p> <strong>Funktion av Palmitoyl dipeptid-7 CAS 911813 -90-6<\/strong><br \/>\nAnti-aging; kosmetiska peptider<\/p>\n","protected":false},"excerpt":{"rendered":"<p>Produktnamn: Palmitoyldipeptid-7\/(2S,3R)-2-[[(2S)-6-amino-2-(hexadekanoylamino)hexanoyl]amino]-3-hydroxibutansyra<br \/>\nCAS: 911813-90-6<br \/>\nMF: C26H51N3O5<br \/>\nMW: 485,7<br \/>\nMol Fil: 911813-90-6.mol<\/p>\n","protected":false},"featured_media":2301,"comment_status":"open","ping_status":"closed","template":"","meta":{"om_disable_all_campaigns":false,"_monsterinsights_skip_tracking":false,"_monsterinsights_sitenote_active":false,"_monsterinsights_sitenote_note":"","_monsterinsights_sitenote_category":0,"site-sidebar-layout":"default","site-content-layout":"default","ast-site-content-layout":"default","site-content-style":"default","site-sidebar-style":"default","ast-global-header-display":"","ast-banner-title-visibility":"","ast-main-header-display":"","ast-hfb-above-header-display":"","ast-hfb-below-header-display":"","ast-hfb-mobile-header-display":"","site-post-title":"","ast-breadcrumbs-content":"","ast-featured-img":"","footer-sml-layout":"","ast-disable-related-posts":"","theme-transparent-header-meta":"default","adv-header-id-meta":"","stick-header-meta":"","header-above-stick-meta":"","header-main-stick-meta":"","header-below-stick-meta":"","astra-migrate-meta-layouts":"default","ast-page-background-enabled":"default","ast-page-background-meta":{"desktop":{"background-color":"","background-image":"","background-repeat":"repeat","background-position":"center center","background-size":"auto","background-attachment":"scroll","background-type":"","background-media":"","overlay-type":"","overlay-color":"","overlay-opacity":"","overlay-gradient":""},"tablet":{"background-color":"","background-image":"","background-repeat":"repeat","background-position":"center center","background-size":"auto","background-attachment":"scroll","background-type":"","background-media":"","overlay-type":"","overlay-color":"","overlay-opacity":"","overlay-gradient":""},"mobile":{"background-color":"","background-image":"","background-repeat":"repeat","background-position":"center center","background-size":"auto","background-attachment":"scroll","background-type":"","background-media":"","overlay-type":"","overlay-color":"","overlay-opacity":"","overlay-gradient":""}},"ast-content-background-meta":{"desktop":{"background-color":"var(--ast-global-color-5)","background-image":"","background-repeat":"repeat","background-position":"center center","background-size":"auto","background-attachment":"scroll","background-type":"","background-media":"","overlay-type":"","overlay-color":"","overlay-opacity":"","overlay-gradient":""},"tablet":{"background-color":"var(--ast-global-color-5)","background-image":"","background-repeat":"repeat","background-position":"center center","background-size":"auto","background-attachment":"scroll","background-type":"","background-media":"","overlay-type":"","overlay-color":"","overlay-opacity":"","overlay-gradient":""},"mobile":{"background-color":"var(--ast-global-color-5)","background-image":"","background-repeat":"repeat","background-position":"center center","background-size":"auto","background-attachment":"scroll","background-type":"","background-media":"","overlay-type":"","overlay-color":"","overlay-opacity":"","overlay-gradient":""}}},"product_brand":[],"product_cat":[547],"product_tag":[2876],"class_list":{"0":"post-6923","1":"product","2":"type-product","3":"status-publish","4":"has-post-thumbnail","6":"product_cat-anti-rynkor-och-anti-aging-peptid","7":"product_tag-palmitoyl-dipeptide-7-cas-911813-90-6-is-a-signal-like-peptide-that-promotes-matrix-protein-and-collagen-synthesis-sv","8":"desktop-align-left","9":"tablet-align-left","10":"mobile-align-left","12":"first","13":"instock","14":"shipping-taxable","15":"product-type-simple"},"_links":{"self":[{"href":"https:\/\/puyapeptide.net\/sv\/wp-json\/wp\/v2\/product\/6923","targetHints":{"allow":["GET"]}}],"collection":[{"href":"https:\/\/puyapeptide.net\/sv\/wp-json\/wp\/v2\/product"}],"about":[{"href":"https:\/\/puyapeptide.net\/sv\/wp-json\/wp\/v2\/types\/product"}],"replies":[{"embeddable":true,"href":"https:\/\/puyapeptide.net\/sv\/wp-json\/wp\/v2\/comments?post=6923"}],"wp:featuredmedia":[{"embeddable":true,"href":"https:\/\/puyapeptide.net\/sv\/wp-json\/wp\/v2\/media\/2301"}],"wp:attachment":[{"href":"https:\/\/puyapeptide.net\/sv\/wp-json\/wp\/v2\/media?parent=6923"}],"wp:term":[{"taxonomy":"product_brand","embeddable":true,"href":"https:\/\/puyapeptide.net\/sv\/wp-json\/wp\/v2\/product_brand?post=6923"},{"taxonomy":"product_cat","embeddable":true,"href":"https:\/\/puyapeptide.net\/sv\/wp-json\/wp\/v2\/product_cat?post=6923"},{"taxonomy":"product_tag","embeddable":true,"href":"https:\/\/puyapeptide.net\/sv\/wp-json\/wp\/v2\/product_tag?post=6923"}],"curies":[{"name":"wp","href":"https:\/\/api.w.org\/{rel}","templated":true}]}}