{"id":6968,"date":"2021-12-16T06:35:28","date_gmt":"2021-12-16T11:35:28","guid":{"rendered":"https:\/\/puyapeptide.net\/product\/hexapeptide-10-serilesine-cas-146439-94-3-anvands-i-stor-utstrackning-i-fuktkramer-kramer-ansiktsmasker-ogonkramer\/"},"modified":"2021-12-16T06:35:28","modified_gmt":"2021-12-16T11:35:28","slug":"hexapeptide-10-serilesine-cas-146439-94-3-anvands-i-stor-utstrackning-i-fuktkramer-kramer-ansiktsmasker-ogonkramer","status":"publish","type":"product","link":"https:\/\/puyapeptide.net\/sv\/product\/hexapeptide-10-serilesine-cas-146439-94-3-anvands-i-stor-utstrackning-i-fuktkramer-kramer-ansiktsmasker-ogonkramer\/","title":{"rendered":"Hexapeptide-10\/ Serilesine CAS 146439-94-3 Anv\u00e4nds i stor utstr\u00e4ckning i fuktkr\u00e4mer, kr\u00e4mer, ansiktsmasker, \u00f6gonkr\u00e4mer"},"content":{"rendered":"<h2><strong>Hexapeptide-10\/ Serilesine CAS 146439-94-3 Anv\u00e4nds i stor utstr\u00e4ckning i fuktkr\u00e4mer, kr\u00e4mer, ansiktsmasker, \u00f6gonkr\u00e4mer<\/strong><\/h2>\n<p>Produktnamn: Hexapeptide-10<br \/>\nProduktbeskrivning: Stimulera hudv\u00e4vnadsreparation, omforma hudens biokemiska funktion och f\u00f6rb\u00e4ttra hudens fasthet, anv\u00e4nds f\u00f6r anti-rynkor och anti-aging.<br \/>\nCAS: 146439-94 -3<br \/>\nSekvens: H-Ser-Ile-Lys-Val-Ala-Val-OH<br \/>\nMolekylformel: C28H53N7O8<br \/>\nMolekylvikt: 615,76252<\/p>\n<p>Hexapeptid-10 \u00e4r fr\u00e5n en adhesionssekvens av laminin, som \u00e5terst\u00e4ller den kutana strukturen. Hexapeptid-10 \u00e4r en uppstramande aktiv som fr\u00e4mjar en dubbelcellul\u00e4r aktivitet p\u00e5 b\u00e5de keratinocyter och fibroblaster. Det \u00f6kar syntesen av laminin-5, alfa6-integrin och hemidesmosomer, vilket st\u00e4rker den dermal-epidermala f\u00f6rbindelsen. Med Hexapeptide-10 omstruktureras huden, fylls p\u00e5, fastare och mer elastisk, och \u00e5terst\u00e4ller sin fyllighet.<\/p>\n<p> <strong>Funktion av Hexapeptide-10\/ Serilesine CAS 146439-94-3<\/strong><br \/>\nHexapeptid-10 motsvarar rester 2099-2104 av laminin al-kedjan. Hexapeptid-10 har visats<br \/>\nmodulera tum\u00f6rinvasion, metastaser och angiogenes. Det inducerade ocks\u00e5 syntesen av<br \/>\nprostaglandin E2, interstitiellt kollagenas och gelatinas B i monocytcellkulturer. Lamininfragment<br \/>\ninneh\u00e5llande SIKVAV-sekvensen kan bidra till det inflammatoriska svaret vid st\u00e4llen f\u00f6r s\u00e5rl\u00e4kning.<br \/>\nDe kan ocks\u00e5 spela en roll i den \u00f6verdrivna induktionen av metalloproteinaser i kroniska inflammatoriska lesioner.<\/p>\n<p> <strong>Applicering av hexapeptid -10\/ Serilesine CAS 146439-94-3<\/strong><br \/>\nHexapeptide-10 \u00e4r fr\u00e5n en adhesionssekvens av laminin, som \u00e5terst\u00e4ller den kutana strukturen.<br \/>\nHexapeptide-10 \u00e4r en uppstramande aktiv som fr\u00e4mjar en dubbelcellul\u00e4r aktivitet p\u00e5 b\u00e5da keratinocyterna och<br \/>\nfibroblast. Det \u00f6kar syntesen av laminin-5, alfa6-integrin och hemidesmosomer, vilket<br \/>\nf\u00f6rst\u00e4rker den dermal-epidermala f\u00f6rbindelsen. Med Hexapeptide-10 omstruktureras huden, fylls p\u00e5,<br \/>\nfastare och mer elastisk, och \u00e5terst\u00e4ller sin fyllighet.<\/p>\n<p> <strong>Anv\u00e4ndning av Hexapeptide-10\/ Serilesine CAS 146439-94-3<\/strong><br \/>\n1. Anv\u00e4nds ofta i fuktkr\u00e4mer, kr\u00e4mer, ansiktsmasker, \u00f6gonkr\u00e4mer och badprodukter.<br \/>\n2. Anv\u00e4nds i kombination med s\u00f6tningsmedel med h\u00f6g s\u00f6tma som NHDC, kan det g\u00f6ra den s\u00f6ta smaken mjukare och uppn\u00e5 effekten av att f\u00f6rb\u00e4ttra smaken p\u00e5 maten.<\/p>\n","protected":false},"excerpt":{"rendered":"<p>Produktnamn: Hexapeptide-10<br \/>\nCAS: 146439-94-3<br \/>\nSekvens: H-Ser-Ile-Lys-Val-Ala-Val-OH<br \/>\nMolekylformel: C28H53N7O8<br \/>\nMolekylvikt: 615,76252<\/p>\n","protected":false},"featured_media":2175,"comment_status":"open","ping_status":"closed","template":"","meta":{"om_disable_all_campaigns":false,"_monsterinsights_skip_tracking":false,"_monsterinsights_sitenote_active":false,"_monsterinsights_sitenote_note":"","_monsterinsights_sitenote_category":0,"site-sidebar-layout":"default","site-content-layout":"default","ast-site-content-layout":"default","site-content-style":"default","site-sidebar-style":"default","ast-global-header-display":"","ast-banner-title-visibility":"","ast-main-header-display":"","ast-hfb-above-header-display":"","ast-hfb-below-header-display":"","ast-hfb-mobile-header-display":"","site-post-title":"","ast-breadcrumbs-content":"","ast-featured-img":"","footer-sml-layout":"","ast-disable-related-posts":"","theme-transparent-header-meta":"default","adv-header-id-meta":"","stick-header-meta":"","header-above-stick-meta":"","header-main-stick-meta":"","header-below-stick-meta":"","astra-migrate-meta-layouts":"default","ast-page-background-enabled":"default","ast-page-background-meta":{"desktop":{"background-color":"","background-image":"","background-repeat":"repeat","background-position":"center center","background-size":"auto","background-attachment":"scroll","background-type":"","background-media":"","overlay-type":"","overlay-color":"","overlay-opacity":"","overlay-gradient":""},"tablet":{"background-color":"","background-image":"","background-repeat":"repeat","background-position":"center center","background-size":"auto","background-attachment":"scroll","background-type":"","background-media":"","overlay-type":"","overlay-color":"","overlay-opacity":"","overlay-gradient":""},"mobile":{"background-color":"","background-image":"","background-repeat":"repeat","background-position":"center center","background-size":"auto","background-attachment":"scroll","background-type":"","background-media":"","overlay-type":"","overlay-color":"","overlay-opacity":"","overlay-gradient":""}},"ast-content-background-meta":{"desktop":{"background-color":"var(--ast-global-color-5)","background-image":"","background-repeat":"repeat","background-position":"center center","background-size":"auto","background-attachment":"scroll","background-type":"","background-media":"","overlay-type":"","overlay-color":"","overlay-opacity":"","overlay-gradient":""},"tablet":{"background-color":"var(--ast-global-color-5)","background-image":"","background-repeat":"repeat","background-position":"center center","background-size":"auto","background-attachment":"scroll","background-type":"","background-media":"","overlay-type":"","overlay-color":"","overlay-opacity":"","overlay-gradient":""},"mobile":{"background-color":"var(--ast-global-color-5)","background-image":"","background-repeat":"repeat","background-position":"center center","background-size":"auto","background-attachment":"scroll","background-type":"","background-media":"","overlay-type":"","overlay-color":"","overlay-opacity":"","overlay-gradient":""}}},"product_brand":[],"product_cat":[547],"product_tag":[2786,2830,2808,2764],"class_list":{"0":"post-6968","1":"product","2":"type-product","3":"status-publish","4":"has-post-thumbnail","6":"product_cat-anti-rynkor-och-anti-aging-peptid","7":"product_tag-creams-sv","8":"product_tag-eye-creams-sv","9":"product_tag-facial-masks-sv","10":"product_tag-hexapeptide-10-serilesine-cas-146439-94-3-widely-used-in-moisturizers-sv","11":"desktop-align-left","12":"tablet-align-left","13":"mobile-align-left","15":"first","16":"instock","17":"shipping-taxable","18":"product-type-simple"},"_links":{"self":[{"href":"https:\/\/puyapeptide.net\/sv\/wp-json\/wp\/v2\/product\/6968","targetHints":{"allow":["GET"]}}],"collection":[{"href":"https:\/\/puyapeptide.net\/sv\/wp-json\/wp\/v2\/product"}],"about":[{"href":"https:\/\/puyapeptide.net\/sv\/wp-json\/wp\/v2\/types\/product"}],"replies":[{"embeddable":true,"href":"https:\/\/puyapeptide.net\/sv\/wp-json\/wp\/v2\/comments?post=6968"}],"wp:featuredmedia":[{"embeddable":true,"href":"https:\/\/puyapeptide.net\/sv\/wp-json\/wp\/v2\/media\/2175"}],"wp:attachment":[{"href":"https:\/\/puyapeptide.net\/sv\/wp-json\/wp\/v2\/media?parent=6968"}],"wp:term":[{"taxonomy":"product_brand","embeddable":true,"href":"https:\/\/puyapeptide.net\/sv\/wp-json\/wp\/v2\/product_brand?post=6968"},{"taxonomy":"product_cat","embeddable":true,"href":"https:\/\/puyapeptide.net\/sv\/wp-json\/wp\/v2\/product_cat?post=6968"},{"taxonomy":"product_tag","embeddable":true,"href":"https:\/\/puyapeptide.net\/sv\/wp-json\/wp\/v2\/product_tag?post=6968"}],"curies":[{"name":"wp","href":"https:\/\/api.w.org\/{rel}","templated":true}]}}