{"id":6987,"date":"2021-12-16T06:38:06","date_gmt":"2021-12-16T11:38:06","guid":{"rendered":"https:\/\/puyapeptide.net\/product\/palmitoyl-tripeptide-38-cas-1447824-23-8-ar-en-kraftfull-anti-rynkpeptid\/"},"modified":"2021-12-16T06:38:06","modified_gmt":"2021-12-16T11:38:06","slug":"palmitoyl-tripeptide-38-cas-1447824-23-8-ar-en-kraftfull-anti-rynkpeptid","status":"publish","type":"product","link":"https:\/\/puyapeptide.net\/sv\/product\/palmitoyl-tripeptide-38-cas-1447824-23-8-ar-en-kraftfull-anti-rynkpeptid\/","title":{"rendered":"Palmitoyl tripeptide-38 CAS 1447824-23-8 \u00e4r en kraftfull anti-rynkpeptid"},"content":{"rendered":"<h2><strong>Palmitoyl tripeptide-38 CAS 1447824-23-8 \u00e4r en kraftfull anti-rynkpeptid<\/strong><\/h2>\n<p>Produktnamn: Palmitoyl Tripeptide 38<br \/>\nSekvens: Pal-Lys-Met(O2)-Lys-OH<br \/>\nSynonymer: Matrixylsynthsis;Palmitoyl Tripeptide 38;matrixylsynthe6;Palmitoyl Tripeptide 38 USP\/EP\/BP; S\u00e4ker leverans och snabb leverans Palmitoyl Tripeptide 38 Powder CAS 1447824-23-8 Fr\u00e5n Biocar;matrixylsynthe6 Matrixylsyntes<br \/>\nCAS: 1447824-23-8<br \/>\nMF:<br \/>\nMW: 0<br \/>\nEINECS: 7824- 223-8<br \/>\nProduktkategorier:<br \/>\nMol File: Mol File<\/p>\n<p>Palmitoyl Tripeptide-38 best\u00e5r av tre aminosyror och \u00e4r en dioxygenerad lipopeptid. Denna peptid \u00e4r inspirerad av en tripeptid som finns naturligt i kollagen VI och laminin. Den \u00e5teruppbygger huden inifr\u00e5n, d\u00e4r det beh\u00f6vs, f\u00f6r att lugna rynkutj\u00e4mnad hud och \u00e4r s\u00e4rskilt effektiv f\u00f6r pannlinjer, kr\u00e5ksparkar, huvudlinjer och nacklinjer.<\/p>\n<p>Palmitoyl Tripeptide-38 \u00e4r reaktionsprodukten av palmitinsyra och tripeptid-38.<\/p>\n<p>Den penetrerar djupt in i dermis f\u00f6r att \u00f6ka produktionen av kollagen och syntesen av hyaluronsyra, s\u00e4rskilt i pannan.<\/p>\n<p> <strong>Funktion och till\u00e4mpning av palmitoyltripeptid 38<\/strong><br \/>\n1. Palmitoyl Tripeptide-38 \u00e4r en kraftfull anti-rynkpeptid som verkar p\u00e5 6 hud\u00e5teruppbyggande v\u00e4sentligheter och testas med framg\u00e5ng i pannan.<br \/>\n2. Palmitoyl Tripeptide-38 och Portulaca pilosa extrakt kan anv\u00e4ndas f\u00f6r att fylla l\u00e4ppar genom hyaluronsyrasyntes. Det f\u00f6rb\u00e4ttrar den inre och ytliga l\u00e4ppstrukturen med en synlig p\u00e5verkan p\u00e5 l\u00e4ppformen. Denna produkt \u00f6kar l\u00e4pparnas volym, \u00e5terfuktning och mjukhet. Den erbjuder anti-aging och anti-sagging effekter.<\/p>\n<p> <strong>Mekanism av Palmitoyl tripeptide-38 CAS 1447824-23-8<\/strong> <\/p>\n<p>Palmitoyl tripeptide-38 har matrikinliknande effekt, som kan fr\u00e4mja syntesen av kollagen I,III,IV, fibronektin, hyaluronsyra och laminin 5, de sex huvudkomponenterna i hudmatris och epidermal-dermal f\u00f6rening (DEJ); d\u00e4rf\u00f6r kan palmitoyltripeptide-38 \u00e5teruppbygga hudens n\u00e4tstruktur och lugna rynkor och j\u00e4mna hud.<\/p>\n<p>Kliniskt test p\u00e5 effekten av att f\u00f6rdr\u00f6ja \u00e5ldrande och bek\u00e4mpa rynkor hos 25 kvinnliga frivilliga, i \u00e5ldern 42 till 70 \u00e5r, f\u00f6r rynkor i pannan och \u00f6gonlinjer. Efter tv\u00e5 m\u00e5naders applicering tv\u00e5 g\u00e5nger dagligen av en l\u00f6sning som inneh\u00e5ller 2 % tripeptider.<\/p>\n<p>Hudkvaliteten p\u00e5 pannan f\u00f6rb\u00e4ttrades med 28 %, rynkvolymen minskade med 31 %, maximalt rynkdjup minskat med 16,3 %<\/p>\n<p> Hudkvaliteten i \u00f6gonvr\u00e5n f\u00f6rb\u00e4ttrades med 12,6 %, volymen p\u00e5 kr\u00e5kf\u00f6tter minskade med 21,1 %, rynkors yta minskade med 28,5 %, rynkdjupet minskade med 15 % i genomsnitt och spridningen vinkeln p\u00e5 rynkor \u00f6kade med 8,4 %<\/p>\n<p>Efter testet \u00e4r det uppenbart att palmitoyltripeptid-38 fortfarande har en mycket tydlig effekt av att ta bort rynkor.<\/p>\n","protected":false},"excerpt":{"rendered":"<p>Produktnamn: Palmitoyl Tripeptide 38<br \/>\nSekvens: Pal-Lys-Met(O2)-Lys-OH<br \/>\nCAS: 1447824-23-8<br \/>\nMol Fil: Mol Fil<\/p>\n","protected":false},"featured_media":2217,"comment_status":"open","ping_status":"closed","template":"","meta":{"om_disable_all_campaigns":false,"_monsterinsights_skip_tracking":false,"_monsterinsights_sitenote_active":false,"_monsterinsights_sitenote_note":"","_monsterinsights_sitenote_category":0,"site-sidebar-layout":"default","site-content-layout":"default","ast-site-content-layout":"default","site-content-style":"default","site-sidebar-style":"default","ast-global-header-display":"","ast-banner-title-visibility":"","ast-main-header-display":"","ast-hfb-above-header-display":"","ast-hfb-below-header-display":"","ast-hfb-mobile-header-display":"","site-post-title":"","ast-breadcrumbs-content":"","ast-featured-img":"","footer-sml-layout":"","ast-disable-related-posts":"","theme-transparent-header-meta":"default","adv-header-id-meta":"","stick-header-meta":"","header-above-stick-meta":"","header-main-stick-meta":"","header-below-stick-meta":"","astra-migrate-meta-layouts":"default","ast-page-background-enabled":"default","ast-page-background-meta":{"desktop":{"background-color":"","background-image":"","background-repeat":"repeat","background-position":"center center","background-size":"auto","background-attachment":"scroll","background-type":"","background-media":"","overlay-type":"","overlay-color":"","overlay-opacity":"","overlay-gradient":""},"tablet":{"background-color":"","background-image":"","background-repeat":"repeat","background-position":"center center","background-size":"auto","background-attachment":"scroll","background-type":"","background-media":"","overlay-type":"","overlay-color":"","overlay-opacity":"","overlay-gradient":""},"mobile":{"background-color":"","background-image":"","background-repeat":"repeat","background-position":"center center","background-size":"auto","background-attachment":"scroll","background-type":"","background-media":"","overlay-type":"","overlay-color":"","overlay-opacity":"","overlay-gradient":""}},"ast-content-background-meta":{"desktop":{"background-color":"var(--ast-global-color-5)","background-image":"","background-repeat":"repeat","background-position":"center center","background-size":"auto","background-attachment":"scroll","background-type":"","background-media":"","overlay-type":"","overlay-color":"","overlay-opacity":"","overlay-gradient":""},"tablet":{"background-color":"var(--ast-global-color-5)","background-image":"","background-repeat":"repeat","background-position":"center center","background-size":"auto","background-attachment":"scroll","background-type":"","background-media":"","overlay-type":"","overlay-color":"","overlay-opacity":"","overlay-gradient":""},"mobile":{"background-color":"var(--ast-global-color-5)","background-image":"","background-repeat":"repeat","background-position":"center center","background-size":"auto","background-attachment":"scroll","background-type":"","background-media":"","overlay-type":"","overlay-color":"","overlay-opacity":"","overlay-gradient":""}}},"product_brand":[],"product_cat":[547],"product_tag":[2743],"class_list":{"0":"post-6987","1":"product","2":"type-product","3":"status-publish","4":"has-post-thumbnail","6":"product_cat-anti-rynkor-och-anti-aging-peptid","7":"product_tag-palmitoyl-tripeptide-38-cas-1447824-23-8-is-a-powerful-anti-wrinkle-peptide-sv","8":"desktop-align-left","9":"tablet-align-left","10":"mobile-align-left","12":"first","13":"instock","14":"shipping-taxable","15":"product-type-simple"},"_links":{"self":[{"href":"https:\/\/puyapeptide.net\/sv\/wp-json\/wp\/v2\/product\/6987","targetHints":{"allow":["GET"]}}],"collection":[{"href":"https:\/\/puyapeptide.net\/sv\/wp-json\/wp\/v2\/product"}],"about":[{"href":"https:\/\/puyapeptide.net\/sv\/wp-json\/wp\/v2\/types\/product"}],"replies":[{"embeddable":true,"href":"https:\/\/puyapeptide.net\/sv\/wp-json\/wp\/v2\/comments?post=6987"}],"wp:featuredmedia":[{"embeddable":true,"href":"https:\/\/puyapeptide.net\/sv\/wp-json\/wp\/v2\/media\/2217"}],"wp:attachment":[{"href":"https:\/\/puyapeptide.net\/sv\/wp-json\/wp\/v2\/media?parent=6987"}],"wp:term":[{"taxonomy":"product_brand","embeddable":true,"href":"https:\/\/puyapeptide.net\/sv\/wp-json\/wp\/v2\/product_brand?post=6987"},{"taxonomy":"product_cat","embeddable":true,"href":"https:\/\/puyapeptide.net\/sv\/wp-json\/wp\/v2\/product_cat?post=6987"},{"taxonomy":"product_tag","embeddable":true,"href":"https:\/\/puyapeptide.net\/sv\/wp-json\/wp\/v2\/product_tag?post=6987"}],"curies":[{"name":"wp","href":"https:\/\/api.w.org\/{rel}","templated":true}]}}