{"id":7024,"date":"2021-12-16T06:39:40","date_gmt":"2021-12-16T11:39:40","guid":{"rendered":"https:\/\/puyapeptide.net\/product\/hexapeptide-9-cleatid-cas-1228371-11-6-det-ar-en-mycket-stabil-kollagenpeptid\/"},"modified":"2021-12-18T02:29:52","modified_gmt":"2021-12-18T07:29:52","slug":"hexapeptide-9-cleatid-cas-1228371-11-6-det-ar-en-mycket-stabil-kollagenpeptid","status":"publish","type":"product","link":"https:\/\/puyapeptide.net\/sv\/product\/hexapeptide-9-cleatid-cas-1228371-11-6-det-ar-en-mycket-stabil-kollagenpeptid\/","title":{"rendered":"Hexapeptide-9\/ Cleatid CAS 1228371-11-6 Det \u00e4r en mycket stabil kollagenpeptid"},"content":{"rendered":"<h2><strong>Hexapeptide-9\/ Cleatid CAS 1228371-11-6 Det \u00e4r en mycket stabil kollagenpeptid<\/strong><\/h2>\n<p>Produktnamn: Hexapeptide 9<br \/>\nSynonymer: Collaxyl; Hexapeptide 9; Collaxyl III \/ Hexapeptide-9; Hexapeptide-9\/collaxyl; Hexapeptide-9 (Cleatid); Hexapeptide 9 fandachem; USPapeptide 9 peptide pulver; EP\/BP<br \/>\nCAS: 1228371-11-6<br \/>\nMF:<br \/>\nMW: 0<br \/>\nEINECS:<br \/>\nProduktkategorier:<br \/>\nMol File: Mol File<\/p>\n<p>Hexapeptide -9 \u00e4r en peptid som i ett n\u00f6tskal tvingar huden att l\u00e4ka sig sj\u00e4lv. Den spelar rollen som en budb\u00e4rare som snabbt s\u00e4tter ig\u00e5ng huden till regenerering av dess skadade celler.<br \/>\nDet gjordes ett experiment av tillverkarna av Hexapeptide-9 p\u00e5 en D\u00d6D hudbit. De slet av huden f\u00f6r att simulera skadorna p\u00e5 cellerna under en skada som upprepade akneutbrott.<br \/>\nForskarna applicerade Hexapeptide-9 1 g\u00e5ng och l\u00e4mnade det p\u00e5 den d\u00f6da huden i 72 timmar. Detta \u00e4r bilden fr\u00e5n experimentet, sett genom ett mikroskop. Kom ih\u00e5g att detta var p\u00e5 d\u00f6d hud, s\u00e5 f\u00f6rest\u00e4ll dig att det kan fungera p\u00e5 levande hud.<\/p>\n<p>Hexapeptide-9 kan best\u00e5 av sex aminosyror och \u00e4r en mycket stabil kollagenpeptid. Strukturen av denna peptid finns i strukturen av b\u00e5de kollagen IV och XII (tv\u00e5 viktiga basalmembrankollagener) i m\u00e4nniskokroppen. Hexapeptide-9Chemicalbook uppvisar en omfattande och betydande reparerande effekt mot rynkor p\u00e5 grund av denna struktur, och har en mycket speciell effekt p\u00e5 reparation av aknem\u00e4rken. Dessutom har hexapeptid-9 ocks\u00e5 en betydande kosmetisk effekt f\u00f6r att ta bort \u00f6gonrynkor och kr\u00e5kf\u00f6tter runt \u00f6gonen.<\/p>\n<p> <strong>Funktion och till\u00e4mpning av Hexapeptide-9\/ Cleatide CAS 1228371-11-6<\/strong><br \/>\n1\u3001\u00d6kning typ I kollagen<br \/>\n2\u3001\u00d6ka typ IV kollagen<br \/>\n3\u3001\u00d6ka laminin-5<br \/>\n4\u3001\u00d6ka integrin<br \/>\n5\u3001Fr\u00e4mja differentiering och mognad av epidermala celler<br \/>\n6\u3001Fr\u00e4mja hudregenerering &lt;&amp; &gt;7\u3001Minska rynkor<\/p>\n<p> <strong>Hexapeptide-9\/ Cleatid CAS 1228371-11-6 F\u00f6rdelar<\/strong><br \/>\n1.Hexapeptide-9 har en betydande rynkreducerande effekt.<br \/>\n2.Hexapeptide-9 har hud reparerande effekt.<\/p>\n<p>Vetenskapen har visat att peptider kan hj\u00e4lpa till att hantera rynkor i huden och v\u00e4nda tecken p\u00e5 \u00e5ldrande.<br \/>\nM\u00e4nniskans hud best\u00e5r till st\u00f6rsta delen av kollagen. Kollagen \u00e4r ett protein som best\u00e5r av l\u00e5nga segment av aminosyror ordnade som en kedja. Kollagen ger en grund och tjocklek f\u00f6r huden.<br \/>\nKvinnor under 30 \u00e5r har gott om kollagen, vilket resulterar i en sl\u00e4t, stram hud.<br \/>\nVi andra har mindre kollagen &#8211; huden tenderar att vara tunnare och avsl\u00f6ja fler rynkor.&lt;&amp; &gt;N\u00e4r kollagen bryts ner bildas korta segment av aminosyror. Dessa \u00e4r de sm\u00e5 proteiner och aktiva molekyler som kallas peptider. Peptider i hudv\u00e5rd kan ge betydande anti-aging f\u00f6rdelar.<\/p>\n","protected":false},"excerpt":{"rendered":"<p>Produktnamn: Hexapeptide 9<br \/>\nCAS: 1228371-11-6<br \/>\nMol fil: Mol fil<\/p>\n","protected":false},"featured_media":2112,"comment_status":"open","ping_status":"closed","template":"","meta":{"om_disable_all_campaigns":false,"_monsterinsights_skip_tracking":false,"_monsterinsights_sitenote_active":false,"_monsterinsights_sitenote_note":"","_monsterinsights_sitenote_category":0,"site-sidebar-layout":"default","site-content-layout":"default","ast-site-content-layout":"default","site-content-style":"default","site-sidebar-style":"default","ast-global-header-display":"","ast-banner-title-visibility":"","ast-main-header-display":"","ast-hfb-above-header-display":"","ast-hfb-below-header-display":"","ast-hfb-mobile-header-display":"","site-post-title":"","ast-breadcrumbs-content":"","ast-featured-img":"","footer-sml-layout":"","ast-disable-related-posts":"","theme-transparent-header-meta":"default","adv-header-id-meta":"","stick-header-meta":"","header-above-stick-meta":"","header-main-stick-meta":"","header-below-stick-meta":"","astra-migrate-meta-layouts":"default","ast-page-background-enabled":"default","ast-page-background-meta":{"desktop":{"background-color":"","background-image":"","background-repeat":"repeat","background-position":"center center","background-size":"auto","background-attachment":"scroll","background-type":"","background-media":"","overlay-type":"","overlay-color":"","overlay-opacity":"","overlay-gradient":""},"tablet":{"background-color":"","background-image":"","background-repeat":"repeat","background-position":"center center","background-size":"auto","background-attachment":"scroll","background-type":"","background-media":"","overlay-type":"","overlay-color":"","overlay-opacity":"","overlay-gradient":""},"mobile":{"background-color":"","background-image":"","background-repeat":"repeat","background-position":"center center","background-size":"auto","background-attachment":"scroll","background-type":"","background-media":"","overlay-type":"","overlay-color":"","overlay-opacity":"","overlay-gradient":""}},"ast-content-background-meta":{"desktop":{"background-color":"var(--ast-global-color-5)","background-image":"","background-repeat":"repeat","background-position":"center center","background-size":"auto","background-attachment":"scroll","background-type":"","background-media":"","overlay-type":"","overlay-color":"","overlay-opacity":"","overlay-gradient":""},"tablet":{"background-color":"var(--ast-global-color-5)","background-image":"","background-repeat":"repeat","background-position":"center center","background-size":"auto","background-attachment":"scroll","background-type":"","background-media":"","overlay-type":"","overlay-color":"","overlay-opacity":"","overlay-gradient":""},"mobile":{"background-color":"var(--ast-global-color-5)","background-image":"","background-repeat":"repeat","background-position":"center center","background-size":"auto","background-attachment":"scroll","background-type":"","background-media":"","overlay-type":"","overlay-color":"","overlay-opacity":"","overlay-gradient":""}}},"product_brand":[],"product_cat":[547],"product_tag":[2730],"class_list":{"0":"post-7024","1":"product","2":"type-product","3":"status-publish","4":"has-post-thumbnail","6":"product_cat-anti-rynkor-och-anti-aging-peptid","7":"product_tag-hexapeptide-9-cleatide-cas-1228371-11-6-it-is-a-very-stable-collagen-peptide-sv","8":"desktop-align-left","9":"tablet-align-left","10":"mobile-align-left","12":"first","13":"instock","14":"shipping-taxable","15":"product-type-simple"},"_links":{"self":[{"href":"https:\/\/puyapeptide.net\/sv\/wp-json\/wp\/v2\/product\/7024","targetHints":{"allow":["GET"]}}],"collection":[{"href":"https:\/\/puyapeptide.net\/sv\/wp-json\/wp\/v2\/product"}],"about":[{"href":"https:\/\/puyapeptide.net\/sv\/wp-json\/wp\/v2\/types\/product"}],"replies":[{"embeddable":true,"href":"https:\/\/puyapeptide.net\/sv\/wp-json\/wp\/v2\/comments?post=7024"}],"wp:featuredmedia":[{"embeddable":true,"href":"https:\/\/puyapeptide.net\/sv\/wp-json\/wp\/v2\/media\/2112"}],"wp:attachment":[{"href":"https:\/\/puyapeptide.net\/sv\/wp-json\/wp\/v2\/media?parent=7024"}],"wp:term":[{"taxonomy":"product_brand","embeddable":true,"href":"https:\/\/puyapeptide.net\/sv\/wp-json\/wp\/v2\/product_brand?post=7024"},{"taxonomy":"product_cat","embeddable":true,"href":"https:\/\/puyapeptide.net\/sv\/wp-json\/wp\/v2\/product_cat?post=7024"},{"taxonomy":"product_tag","embeddable":true,"href":"https:\/\/puyapeptide.net\/sv\/wp-json\/wp\/v2\/product_tag?post=7024"}],"curies":[{"name":"wp","href":"https:\/\/api.w.org\/{rel}","templated":true}]}}