{"id":7059,"date":"2021-12-16T06:40:34","date_gmt":"2021-12-16T11:40:34","guid":{"rendered":"https:\/\/puyapeptide.net\/product\/acetyldipeptide-1-acetyl-dipeptide-1-cetylester-cas-196604-48-5-kan-forbattra-hudens-naturliga-elasticitet-och-minska-slapp-hud\/"},"modified":"2021-12-16T06:40:34","modified_gmt":"2021-12-16T11:40:34","slug":"acetyldipeptide-1-acetyl-dipeptide-1-cetylester-cas-196604-48-5-kan-forbattra-hudens-naturliga-elasticitet-och-minska-slapp-hud","status":"publish","type":"product","link":"https:\/\/puyapeptide.net\/sv\/product\/acetyldipeptide-1-acetyl-dipeptide-1-cetylester-cas-196604-48-5-kan-forbattra-hudens-naturliga-elasticitet-och-minska-slapp-hud\/","title":{"rendered":"Acetyldipeptide-1\/ Acetyl Dipeptide-1 cetylester CAS 196604-48-5 kan f\u00f6rb\u00e4ttra hudens naturliga elasticitet och minska slapp hud"},"content":{"rendered":"<h2><strong>Acetyldipeptide-1\/ Acetyl Dipeptide-1 cetylester CAS 196604-48-5 kan f\u00f6rb\u00e4ttra hudens naturliga elasticitet och minska slapp hud<\/strong><\/h2>\n<p>Produktnamn: Acetyl Dipeptide-1 cetylester<br \/>\nSynonymer: Sensicalmine;Acetyl Dipeptide-1 Cetyl Ester, Sensicalmine, Tyr-Arg;Calmosensine;Calmosensine (kosmetisk ingrediens);Idealift;N-Acetyl-L-tyrosyl- L-arginin hexadecyl ester; Acetyl Dipeptide Cetyl Ester; Ac-Tyr-Arg-O-hexadecyl ester, Acetyl Dipeptide-1 Cetyl Ester<br \/>\nCAS: 196604-48-5<br \/>\nMF: C33H57N5O5<br \/>\nMW: 603,84<br \/>\nEINECS:<br \/>\nProduktkategorier: kosmetisk<br \/>\nMol Fil: 196604-48-5.mol<\/p>\n<p>Acetyl Dipeptide-1 Cetyl Ester \u00e4r en produkt som erh\u00e5lls genom koppling av acetylestern av tyrosin fr\u00e5n Dipeptide-1 (qv) med cetylestern av arginin fr\u00e5n dipeptid-1.<br \/>\nAnti aging Acetyl Dipeptide-1 Cetyl Ester serum kan f\u00f6rb\u00e4ttra din naturliga hudelasticitet och d\u00e4rmed minska slapp hud. G\u00f6r ditt ansikte fastare och stramare, j\u00e4mna ut rynkor och beh\u00e5ll fukten. Den saktar ner \u00e5ldrandeprocessen, mjukar upp, sl\u00e4tar ut befintliga fina linjer, bek\u00e4mpar avslappnande hud, minimerar porer och st\u00e4rker huden. Din hud kommer att se sl\u00e4t ut med en str\u00e5lande, h\u00e4lsosam lyster.<\/p>\n<p> <strong>Acetyl Dipeptide-1 cetylester Kemiska egenskaper<\/strong><br \/>\ndensitet 1,12\u00b10,1 g\/cm3(f\u00f6rutsp\u00e5dd)<br \/>\npka 9,83\u00b10,15(f\u00f6rutsp\u00e5dd)&lt; &amp;&gt;<br \/>\n <strong>Anv\u00e4ndning av acetyldipeptid-1 cetylester CAS 196604-48-5<\/strong><br \/>\nH\u00e5rkonditioneringsmedel; Hudkonditionering<br \/>\n1. Anv\u00e4nds ofta i fuktkr\u00e4mer, kr\u00e4mer, ansiktsmasker, \u00f6gonkr\u00e4mer och badprodukter.<br \/>\n2. Anv\u00e4nds i kombination med s\u00f6tningsmedel med h\u00f6g s\u00f6tma som NHDC, kan det g\u00f6ra den s\u00f6ta smaken mjukare och uppn\u00e5 effekten av att f\u00f6rb\u00e4ttra smaken p\u00e5 maten.<\/p>\n","protected":false},"excerpt":{"rendered":"<p>Produktnamn: Acetyl Dipeptide-1 cetyl ester<br \/>\nCAS: 196604-48-5<br \/>\nMF: C33H57N5O5<br \/>\nMW: 603.84<br \/>\nMol Fil: 196604-48-5.mol<\/p>\n","protected":false},"featured_media":2217,"comment_status":"open","ping_status":"closed","template":"","meta":{"om_disable_all_campaigns":false,"_monsterinsights_skip_tracking":false,"_monsterinsights_sitenote_active":false,"_monsterinsights_sitenote_note":"","_monsterinsights_sitenote_category":0,"site-sidebar-layout":"default","site-content-layout":"default","ast-site-content-layout":"default","site-content-style":"default","site-sidebar-style":"default","ast-global-header-display":"","ast-banner-title-visibility":"","ast-main-header-display":"","ast-hfb-above-header-display":"","ast-hfb-below-header-display":"","ast-hfb-mobile-header-display":"","site-post-title":"","ast-breadcrumbs-content":"","ast-featured-img":"","footer-sml-layout":"","ast-disable-related-posts":"","theme-transparent-header-meta":"default","adv-header-id-meta":"","stick-header-meta":"","header-above-stick-meta":"","header-main-stick-meta":"","header-below-stick-meta":"","astra-migrate-meta-layouts":"default","ast-page-background-enabled":"default","ast-page-background-meta":{"desktop":{"background-color":"","background-image":"","background-repeat":"repeat","background-position":"center center","background-size":"auto","background-attachment":"scroll","background-type":"","background-media":"","overlay-type":"","overlay-color":"","overlay-opacity":"","overlay-gradient":""},"tablet":{"background-color":"","background-image":"","background-repeat":"repeat","background-position":"center center","background-size":"auto","background-attachment":"scroll","background-type":"","background-media":"","overlay-type":"","overlay-color":"","overlay-opacity":"","overlay-gradient":""},"mobile":{"background-color":"","background-image":"","background-repeat":"repeat","background-position":"center center","background-size":"auto","background-attachment":"scroll","background-type":"","background-media":"","overlay-type":"","overlay-color":"","overlay-opacity":"","overlay-gradient":""}},"ast-content-background-meta":{"desktop":{"background-color":"var(--ast-global-color-5)","background-image":"","background-repeat":"repeat","background-position":"center center","background-size":"auto","background-attachment":"scroll","background-type":"","background-media":"","overlay-type":"","overlay-color":"","overlay-opacity":"","overlay-gradient":""},"tablet":{"background-color":"var(--ast-global-color-5)","background-image":"","background-repeat":"repeat","background-position":"center center","background-size":"auto","background-attachment":"scroll","background-type":"","background-media":"","overlay-type":"","overlay-color":"","overlay-opacity":"","overlay-gradient":""},"mobile":{"background-color":"var(--ast-global-color-5)","background-image":"","background-repeat":"repeat","background-position":"center center","background-size":"auto","background-attachment":"scroll","background-type":"","background-media":"","overlay-type":"","overlay-color":"","overlay-opacity":"","overlay-gradient":""}}},"product_brand":[],"product_cat":[547],"product_tag":[2701],"class_list":{"0":"post-7059","1":"product","2":"type-product","3":"status-publish","4":"has-post-thumbnail","6":"product_cat-anti-rynkor-och-anti-aging-peptid","7":"product_tag-acetyl-dipeptide-1-acetyl-dipeptide-1-cetyl-ester-cas-196604-48-5-can-improve-natural-skin-elasticity-and-reduce-sagging-skin-sv","8":"desktop-align-left","9":"tablet-align-left","10":"mobile-align-left","12":"first","13":"instock","14":"shipping-taxable","15":"product-type-simple"},"_links":{"self":[{"href":"https:\/\/puyapeptide.net\/sv\/wp-json\/wp\/v2\/product\/7059","targetHints":{"allow":["GET"]}}],"collection":[{"href":"https:\/\/puyapeptide.net\/sv\/wp-json\/wp\/v2\/product"}],"about":[{"href":"https:\/\/puyapeptide.net\/sv\/wp-json\/wp\/v2\/types\/product"}],"replies":[{"embeddable":true,"href":"https:\/\/puyapeptide.net\/sv\/wp-json\/wp\/v2\/comments?post=7059"}],"wp:featuredmedia":[{"embeddable":true,"href":"https:\/\/puyapeptide.net\/sv\/wp-json\/wp\/v2\/media\/2217"}],"wp:attachment":[{"href":"https:\/\/puyapeptide.net\/sv\/wp-json\/wp\/v2\/media?parent=7059"}],"wp:term":[{"taxonomy":"product_brand","embeddable":true,"href":"https:\/\/puyapeptide.net\/sv\/wp-json\/wp\/v2\/product_brand?post=7059"},{"taxonomy":"product_cat","embeddable":true,"href":"https:\/\/puyapeptide.net\/sv\/wp-json\/wp\/v2\/product_cat?post=7059"},{"taxonomy":"product_tag","embeddable":true,"href":"https:\/\/puyapeptide.net\/sv\/wp-json\/wp\/v2\/product_tag?post=7059"}],"curies":[{"name":"wp","href":"https:\/\/api.w.org\/{rel}","templated":true}]}}