{"id":7101,"date":"2021-12-16T06:43:48","date_gmt":"2021-12-16T11:43:48","guid":{"rendered":"https:\/\/puyapeptide.net\/product\/puya-supply-acetyl-pentapeptide-1-kan-forbattra-kollagenprotein-och-elastinprotein\/"},"modified":"2021-12-16T06:43:48","modified_gmt":"2021-12-16T11:43:48","slug":"puya-supply-acetyl-pentapeptide-1-kan-forbattra-kollagenprotein-och-elastinprotein","status":"publish","type":"product","link":"https:\/\/puyapeptide.net\/sv\/product\/puya-supply-acetyl-pentapeptide-1-kan-forbattra-kollagenprotein-och-elastinprotein\/","title":{"rendered":"Puya Supply Acetyl Pentapeptide-1 kan f\u00f6rb\u00e4ttra kollagenprotein och elastinprotein"},"content":{"rendered":"<h2><strong>Puya Supply Acetyl Pentapeptide-1 kan f\u00f6rb\u00e4ttra kollagenprotein och elastinprotein<\/strong><\/h2>\n<p>Produktnamn: Acetyl Pentapeptide-1<br \/>\nMolekyl\u00e4r:720<br \/>\nUtseende: vitt eller benvitt pulver<br \/>\nCOA och MSDS: tillg\u00e4ngligt f\u00f6r din referens<br \/>\nRenhet: 95%<br \/>\nKlass: kosmetisk<br \/>\nK\u00e4lla: syntetisk<br \/>\nKapacitet: 300g per m\u00e5nad<br \/>\nUtseende: vitt pulver<\/p>\n<p>Acetylpentapeptide-1 \u00e4r en idealisk ingrediens f\u00f6r att f\u00f6rb\u00e4ttra hudens fasthet genom att f\u00f6rst\u00e4rka de naturliga elementen som lyckas bibeh\u00e5lla dessa egenskaper i huden, inklusive elastin och kollagen. S\u00e5ledes kan den inkorporeras i uppstramande och anti-aging formuleringar f\u00f6r b\u00e5de ansikts- och kroppsv\u00e5rd, d\u00e4r hudens sammanh\u00e5llning och motst\u00e5ndskraft vill \u00f6kas f\u00f6r att minimera slapphet och slapphet. Dessutom skulle det ocks\u00e5 vara anv\u00e4ndbart att l\u00e4gga till bantande formuleringar f\u00f6r att undvika slapphet efter att ha g\u00e5tt ner i vikt.<\/p>\n<p> <strong>Funktionen av Acetyl Pentapeptide-1<\/strong><br \/>\nFr\u00e4mjar kollagenproduktion, reparerar skadad hud, anti-aging, f\u00f6rb\u00e4ttrar huden elasticitet, f\u00f6rb\u00e4ttra hudens vitalitet.<br \/>\n1.F\u00f6rb\u00e4ttrar kollagenprotein och elastinproteinsyntes, anti-rynkor;<br \/>\n2.Det hj\u00e4lper huden att tjockna och fasta, g\u00f6r huden uppstramande.<\/p>\n<p> <strong>Anv\u00e4ndning av acetylpentapeptid- 1<\/strong><br \/>\nAcetyl Pentapeptide-1 kan f\u00f6rb\u00e4ttra kollagenprotein och elastinprotein<br \/>\nsyntes, anti-rynkor; Det hj\u00e4lper huden att tjockna och fast, g\u00f6ra huden uppstramande.<\/p>\n","protected":false},"excerpt":{"rendered":"<p>Produktnamn: Acetyl Pentapeptide-1<br \/>\nMolekyl\u00e4r:720<br \/>\nUtseende: vitt eller benvitt pulver<br \/>\nRenhet: 95%<br \/>\nKvalit\u00e9: kosmetisk<br \/>\nK\u00e4lla: syntetisk<br \/>\nUtseende: vitt pulver<\/p>\n","protected":false},"featured_media":2133,"comment_status":"open","ping_status":"closed","template":"","meta":{"om_disable_all_campaigns":false,"_monsterinsights_skip_tracking":false,"_monsterinsights_sitenote_active":false,"_monsterinsights_sitenote_note":"","_monsterinsights_sitenote_category":0,"site-sidebar-layout":"default","site-content-layout":"default","ast-site-content-layout":"default","site-content-style":"default","site-sidebar-style":"default","ast-global-header-display":"","ast-banner-title-visibility":"","ast-main-header-display":"","ast-hfb-above-header-display":"","ast-hfb-below-header-display":"","ast-hfb-mobile-header-display":"","site-post-title":"","ast-breadcrumbs-content":"","ast-featured-img":"","footer-sml-layout":"","ast-disable-related-posts":"","theme-transparent-header-meta":"default","adv-header-id-meta":"","stick-header-meta":"","header-above-stick-meta":"","header-main-stick-meta":"","header-below-stick-meta":"","astra-migrate-meta-layouts":"default","ast-page-background-enabled":"default","ast-page-background-meta":{"desktop":{"background-color":"","background-image":"","background-repeat":"repeat","background-position":"center center","background-size":"auto","background-attachment":"scroll","background-type":"","background-media":"","overlay-type":"","overlay-color":"","overlay-opacity":"","overlay-gradient":""},"tablet":{"background-color":"","background-image":"","background-repeat":"repeat","background-position":"center center","background-size":"auto","background-attachment":"scroll","background-type":"","background-media":"","overlay-type":"","overlay-color":"","overlay-opacity":"","overlay-gradient":""},"mobile":{"background-color":"","background-image":"","background-repeat":"repeat","background-position":"center center","background-size":"auto","background-attachment":"scroll","background-type":"","background-media":"","overlay-type":"","overlay-color":"","overlay-opacity":"","overlay-gradient":""}},"ast-content-background-meta":{"desktop":{"background-color":"var(--ast-global-color-5)","background-image":"","background-repeat":"repeat","background-position":"center center","background-size":"auto","background-attachment":"scroll","background-type":"","background-media":"","overlay-type":"","overlay-color":"","overlay-opacity":"","overlay-gradient":""},"tablet":{"background-color":"var(--ast-global-color-5)","background-image":"","background-repeat":"repeat","background-position":"center center","background-size":"auto","background-attachment":"scroll","background-type":"","background-media":"","overlay-type":"","overlay-color":"","overlay-opacity":"","overlay-gradient":""},"mobile":{"background-color":"var(--ast-global-color-5)","background-image":"","background-repeat":"repeat","background-position":"center center","background-size":"auto","background-attachment":"scroll","background-type":"","background-media":"","overlay-type":"","overlay-color":"","overlay-opacity":"","overlay-gradient":""}}},"product_brand":[],"product_cat":[547],"product_tag":[2688],"class_list":{"0":"post-7101","1":"product","2":"type-product","3":"status-publish","4":"has-post-thumbnail","6":"product_cat-anti-rynkor-och-anti-aging-peptid","7":"product_tag-puya-supply-acetyl-pentapeptide-1-can-improve-collagen-protein-and-elastin-protein-sv","8":"desktop-align-left","9":"tablet-align-left","10":"mobile-align-left","12":"first","13":"instock","14":"shipping-taxable","15":"product-type-simple"},"_links":{"self":[{"href":"https:\/\/puyapeptide.net\/sv\/wp-json\/wp\/v2\/product\/7101","targetHints":{"allow":["GET"]}}],"collection":[{"href":"https:\/\/puyapeptide.net\/sv\/wp-json\/wp\/v2\/product"}],"about":[{"href":"https:\/\/puyapeptide.net\/sv\/wp-json\/wp\/v2\/types\/product"}],"replies":[{"embeddable":true,"href":"https:\/\/puyapeptide.net\/sv\/wp-json\/wp\/v2\/comments?post=7101"}],"wp:featuredmedia":[{"embeddable":true,"href":"https:\/\/puyapeptide.net\/sv\/wp-json\/wp\/v2\/media\/2133"}],"wp:attachment":[{"href":"https:\/\/puyapeptide.net\/sv\/wp-json\/wp\/v2\/media?parent=7101"}],"wp:term":[{"taxonomy":"product_brand","embeddable":true,"href":"https:\/\/puyapeptide.net\/sv\/wp-json\/wp\/v2\/product_brand?post=7101"},{"taxonomy":"product_cat","embeddable":true,"href":"https:\/\/puyapeptide.net\/sv\/wp-json\/wp\/v2\/product_cat?post=7101"},{"taxonomy":"product_tag","embeddable":true,"href":"https:\/\/puyapeptide.net\/sv\/wp-json\/wp\/v2\/product_tag?post=7101"}],"curies":[{"name":"wp","href":"https:\/\/api.w.org\/{rel}","templated":true}]}}