{"id":7141,"date":"2021-12-16T06:50:45","date_gmt":"2021-12-16T11:50:45","guid":{"rendered":"https:\/\/puyapeptide.net\/product\/pentapeptide-18-leuphasyl-cas-64963-01-5-anti-rynkor-och-slat-hud\/"},"modified":"2021-12-16T06:50:45","modified_gmt":"2021-12-16T11:50:45","slug":"pentapeptide-18-leuphasyl-cas-64963-01-5-anti-rynkor-och-slat-hud","status":"publish","type":"product","link":"https:\/\/puyapeptide.net\/sv\/product\/pentapeptide-18-leuphasyl-cas-64963-01-5-anti-rynkor-och-slat-hud\/","title":{"rendered":"Pentapeptide-18\/ Leuphasyl CAS 64963-01-5 Anti-rynkor och sl\u00e4t hud"},"content":{"rendered":"<h2><strong>Pentapeptide-18\/ Leuphasyl CAS 64963-01-5 Anti-rynkor och sl\u00e4t hud<\/strong><\/h2>\n<p>Produktnamn: TYR-D-ALA-GLY-PHE-LEU\/ Pentapeptide-18\/ Leuphasyl<br \/>\nSynonymer: H-TYR-D-ALA-GLY-PHE-LEU-OH;(D-ALA2)- LEU-ENKEPHALIN;D-ALA2-LEU5-ENKEPHALIN;[D-ALA2]-LEUCIN ENKEPHALIN;TYR-D-ALA-GLY-PHE-LEU;N-[N-[N-(NL-tyrosyl-D-alanyl) glycyl]-L-fenylalanyl]-L-leucin;(D-alanin2)leucinenkefalin;L-Tyr-D-Ala-Gly-L-Phe-L-Leu-OH<br \/>\nCAS: 64963-01-5&lt; &amp;&gt;MF: C29H39N5O7<br \/>\nMW: 569.65<br \/>\nEINECS: 265-291-0<br \/>\nProduktkategorier:<br \/>\nMol Fil: 64963-01-5.mol<\/p>\n<p>Leuphasyl \u00e4r en amid peptid, en delta-opioidagonist, \u00e4r en nedbrytningsresistent l\u00e5ngtidsverkande Leu-enkefalin-analog som anv\u00e4nds f\u00f6r att studera signalv\u00e4gen f\u00f6r delta-opioidreceptorer. Den riktar sig in vitro mot rynkbildningsmekanismen f\u00f6r uttrycksrynkor p\u00e5 ett nytt s\u00e4tt, och erbjuder ett alternativ till peptider som Acetyl Hexapeptide-3. Det \u00e4r en potent, l\u00e5ngverkande Leu-enkefalin-analog som \u00e4r resistent mot enzymatisk nedbrytning. Det kan inkorporeras i kosmetiska formuleringar som emulsioner, geler och vaxer d\u00e4r borttagning av djupa linjer eller rynkor i pannan eller runt \u00f6gonen \u00f6nskas.<\/p>\n<p> <strong>TYR-D-ALA-GLY-PHE-LEU \/ Pentapeptide-18\/ Leuphasyl Chemical Properties<\/strong><br \/>\nSm\u00e4ltpunkt 160-163,5 \u00b0C<br \/>\nKokpunkt 991,9\u00b165,0 \u00b0C(F\u00f6rutsp\u00e5dd)<br \/>\ndensitet 1,257\u00b10,06 g\/cm3(F\u00f6rutsp\u00e5dd)<br \/>\nlagringstemp. F\u00f6rvara p\u00e5 m\u00f6rk plats, F\u00f6rseglad i torrt, F\u00f6rvara i frysen, under -20\u00b0C<br \/>\npka 3,40\u00b10,10(f\u00f6rutsp\u00e5dd)<br \/>\nInChIKey ZHUJMSMQIPIPTF-JMBSJVKXSA-N<\/p>\n<p> <strong>Pentapeptide 18\/Leuphasyl F\u00f6rdelar<\/strong> &lt;&amp; &gt;Pentapeptide-18 minskar djupet av rynkor i ansiktet som orsakas av sammandragning av ansiktsmusklerna, s\u00e4rskilt i pannan och runt \u00f6gonen. Den riktar sig in vitro mot rynkbildningsmekanismen f\u00f6r uttrycksrynkor p\u00e5 ett nytt s\u00e4tt, och erbjuder ett alternativ till peptider som Acetyl Hexapeptide-3. Det kan inkorporeras i kosmetiska formuleringar som emulsioner, geler och vaxer.<\/p>\n<p>Pentapeptide-18 \u00e4r en neuropeptid som efterliknar enkefalins naturliga mekanism, som ger botulinumliknande resultat. Det minskar djupet av bristningar och rynkor orsakade av muskelsammandragningar.<\/p>\n<p>Pentapeptide-18 har anv\u00e4nts i anti-rynkor \u00f6gonserum f\u00f6r att minska uppkomsten av fina linjer och rynkor-kr\u00e5kf\u00f6tter med betydande f\u00f6rb\u00e4ttring av hudens str\u00e4vhet. Det kan fungera synergistiskt med Argirilene och \u00f6ka f\u00f6rdelarna avsev\u00e4rt.<br \/>\n <strong>Funktioner och till\u00e4mpningar av Pentapeptide 18\/Leuphasyl<\/strong><br \/>\n1.F\u00f6rb\u00e4ttra mikrocirkulationen av blodet.<br \/>\n2.St\u00e4rk blodcirkulationen.<br \/>\n3.Eliminera inflammation .<br \/>\n4. Motst\u00e5 p\u00e5se och sp\u00e4d ut de fina linjerna och kof\u00f6tterna runt \u00f6gonen.<br \/>\n5. F\u00f6rdr\u00f6ja effekterna av f\u00f6r tidigt \u00e5ldrande genom att f\u00f6rb\u00e4ttra hudens elasticitet och fasthet.<\/p>\n","protected":false},"excerpt":{"rendered":"<p>Produktnamn: TYR-D-ALA-GLY-PHE-LEU\/ Pentapeptide-18\/ Leuphasyl<br \/>\nCAS: 64963-01-5<br \/>\nMF: C29H39N5O7<br \/>\nMW: 569.65<br \/>\nEINECS: 265-291 -0<br \/>\nMol Fil: 64963-01-5.mol<\/p>\n","protected":false},"featured_media":2133,"comment_status":"open","ping_status":"closed","template":"","meta":{"om_disable_all_campaigns":false,"_monsterinsights_skip_tracking":false,"_monsterinsights_sitenote_active":false,"_monsterinsights_sitenote_note":"","_monsterinsights_sitenote_category":0,"site-sidebar-layout":"default","site-content-layout":"default","ast-site-content-layout":"default","site-content-style":"default","site-sidebar-style":"default","ast-global-header-display":"","ast-banner-title-visibility":"","ast-main-header-display":"","ast-hfb-above-header-display":"","ast-hfb-below-header-display":"","ast-hfb-mobile-header-display":"","site-post-title":"","ast-breadcrumbs-content":"","ast-featured-img":"","footer-sml-layout":"","ast-disable-related-posts":"","theme-transparent-header-meta":"default","adv-header-id-meta":"","stick-header-meta":"","header-above-stick-meta":"","header-main-stick-meta":"","header-below-stick-meta":"","astra-migrate-meta-layouts":"default","ast-page-background-enabled":"default","ast-page-background-meta":{"desktop":{"background-color":"","background-image":"","background-repeat":"repeat","background-position":"center center","background-size":"auto","background-attachment":"scroll","background-type":"","background-media":"","overlay-type":"","overlay-color":"","overlay-opacity":"","overlay-gradient":""},"tablet":{"background-color":"","background-image":"","background-repeat":"repeat","background-position":"center center","background-size":"auto","background-attachment":"scroll","background-type":"","background-media":"","overlay-type":"","overlay-color":"","overlay-opacity":"","overlay-gradient":""},"mobile":{"background-color":"","background-image":"","background-repeat":"repeat","background-position":"center center","background-size":"auto","background-attachment":"scroll","background-type":"","background-media":"","overlay-type":"","overlay-color":"","overlay-opacity":"","overlay-gradient":""}},"ast-content-background-meta":{"desktop":{"background-color":"var(--ast-global-color-5)","background-image":"","background-repeat":"repeat","background-position":"center center","background-size":"auto","background-attachment":"scroll","background-type":"","background-media":"","overlay-type":"","overlay-color":"","overlay-opacity":"","overlay-gradient":""},"tablet":{"background-color":"var(--ast-global-color-5)","background-image":"","background-repeat":"repeat","background-position":"center center","background-size":"auto","background-attachment":"scroll","background-type":"","background-media":"","overlay-type":"","overlay-color":"","overlay-opacity":"","overlay-gradient":""},"mobile":{"background-color":"var(--ast-global-color-5)","background-image":"","background-repeat":"repeat","background-position":"center center","background-size":"auto","background-attachment":"scroll","background-type":"","background-media":"","overlay-type":"","overlay-color":"","overlay-opacity":"","overlay-gradient":""}}},"product_brand":[],"product_cat":[547],"product_tag":[2631],"class_list":{"0":"post-7141","1":"product","2":"type-product","3":"status-publish","4":"has-post-thumbnail","6":"product_cat-anti-rynkor-och-anti-aging-peptid","7":"product_tag-pentapeptide-18-leuphasyl-cas-64963-01-5-anti-wrinkle-and-smooth-skin-sv","8":"desktop-align-left","9":"tablet-align-left","10":"mobile-align-left","12":"first","13":"instock","14":"shipping-taxable","15":"product-type-simple"},"_links":{"self":[{"href":"https:\/\/puyapeptide.net\/sv\/wp-json\/wp\/v2\/product\/7141","targetHints":{"allow":["GET"]}}],"collection":[{"href":"https:\/\/puyapeptide.net\/sv\/wp-json\/wp\/v2\/product"}],"about":[{"href":"https:\/\/puyapeptide.net\/sv\/wp-json\/wp\/v2\/types\/product"}],"replies":[{"embeddable":true,"href":"https:\/\/puyapeptide.net\/sv\/wp-json\/wp\/v2\/comments?post=7141"}],"wp:featuredmedia":[{"embeddable":true,"href":"https:\/\/puyapeptide.net\/sv\/wp-json\/wp\/v2\/media\/2133"}],"wp:attachment":[{"href":"https:\/\/puyapeptide.net\/sv\/wp-json\/wp\/v2\/media?parent=7141"}],"wp:term":[{"taxonomy":"product_brand","embeddable":true,"href":"https:\/\/puyapeptide.net\/sv\/wp-json\/wp\/v2\/product_brand?post=7141"},{"taxonomy":"product_cat","embeddable":true,"href":"https:\/\/puyapeptide.net\/sv\/wp-json\/wp\/v2\/product_cat?post=7141"},{"taxonomy":"product_tag","embeddable":true,"href":"https:\/\/puyapeptide.net\/sv\/wp-json\/wp\/v2\/product_tag?post=7141"}],"curies":[{"name":"wp","href":"https:\/\/api.w.org\/{rel}","templated":true}]}}