{"id":7279,"date":"2021-12-16T07:20:11","date_gmt":"2021-12-16T12:20:11","guid":{"rendered":"https:\/\/puyapeptide.net\/product\/palmitoyl-oligopeptid-palmitoyl-tripeptide-1-cas-147732-56-7-anvands-for-framstallning-av-anti-aging-kosmetika\/"},"modified":"2021-12-16T07:20:11","modified_gmt":"2021-12-16T12:20:11","slug":"palmitoyl-oligopeptid-palmitoyl-tripeptide-1-cas-147732-56-7-anvands-for-framstallning-av-anti-aging-kosmetika","status":"publish","type":"product","link":"https:\/\/puyapeptide.net\/sv\/product\/palmitoyl-oligopeptid-palmitoyl-tripeptide-1-cas-147732-56-7-anvands-for-framstallning-av-anti-aging-kosmetika\/","title":{"rendered":"Palmitoyl oligopeptid\/ Palmitoyl Tripeptide-1 CAS 147732-56-7 anv\u00e4nds f\u00f6r framst\u00e4llning av anti-aging kosmetika"},"content":{"rendered":"<h2><strong>Palmitoyl oligopeptid\/ Palmitoyl Tripeptide-1 CAS 147732-56-7 anv\u00e4nds f\u00f6r framst\u00e4llning av anti-aging kosmetika<\/strong><\/h2>\n<p>Produktnamn: N-1(1-oxohexadecyl-glycyl-L-histidyl-L-Lysin\/ Palmitoyl-oligopeptid\/ Palmitoyl Tripeptide-1<br \/>\nSynonymer: L-Lysin, N-(1-oxohexadecyl)glycyl-L -histidyl-;Palmitoyltripeptid-1Pal-AHK;N2-[(N-Palmitoylglycyl)-L-histidyl]-L-lysin;Pal-GHK(PalMitoyltripeptid-1);N-(1-Oxohexadecyl)glycyl-L- histidyl-L-lysin;N2-[N-[N-(1-oxohexadecyl)glycyl]-L-histidyl]-L-lysin;PalMitoyl Tripeptide-1,3;Pal-GHK, &gt;=95%<br \/>\nCAS : 147732-56-7<br \/>\nMF: C30H54N6O5<br \/>\nMW: 578.79<br \/>\nEINECS:<br \/>\nProduktkategorier: Kosmetika sk\u00f6nhetspeptid<br \/>\nMol Fil: 147732-56-7.mol<br \/>\n&lt;&amp; &gt;Palmitoyl Oligopeptide-sekvens finns i proteiner i den extracellul\u00e4ra matrisen s\u00e5som \u03b1-kedjan av kollagen, och den tros frig\u00f6ras under s\u00e5r och inflammation. En \u00e5terkopplingsstimulering av kollagenreparation har ocks\u00e5 f\u00f6reslagits f\u00f6r denna peptid, men den st\u00f6rsta f\u00f6rdelen med foto\u00e5ldrad hud tros vara den f\u00f6rb\u00e4ttrade leveransen av koppar. Det har visat sig ha de gynnsamma effekterna p\u00e5 kollagenstimulering.<\/p>\n<p>Palmitoyl Tetrapept ide-7 efterliknar aktiviteten hos DHEA, ungdomshormonet som fungerar f\u00f6r att v\u00e4nda \u00f6verproduktion av IL-6 och d\u00e4rf\u00f6r minskar \u00e5ldrandesymtomen s\u00e5v\u00e4l som fenomenet immunosenscens. Palmitoyl Tetrapeptide-7 kan f\u00f6rb\u00e4ttra funktionerna i olika hudtyper v\u00e5rd och f\u00e4rg kosmetisk formulering.<\/p>\n<p> <strong>N-1(1-oxohexadecyl-glycyl-L-histidyl-L-Lysine\/ Palmitoyl oligopeptide\/ Palmitoyl Tripeptide-1 Kemiska egenskaper<\/strong><br \/>\nKokpunkt 913,0\u00b165,0 \u00b0C( F\u00f6rutsp\u00e5dd)<br \/>\ndensitet 1,105<br \/>\npka 3,16\u00b10,10(F\u00f6rutsp\u00e5dd)<\/p>\n<p> <strong>N-1(1-oxohexadecyl-glycyl-L-histidyl-L-Lysin\/ Palmitoyl oligopeptid\/ Palmitoyl Tripeptide-1 F\u00f6rdelar<\/strong> &lt; &amp;&gt;1)Matrixyl 3000 (Palmitoyl Oligopeptide och Palmitoyl Tetrapeptide-7) anv\u00e4nder 2 matrikiner f\u00f6r att synergistiskt skicka budb\u00e4rare f\u00f6r att rekonstruera skadat kollagen.<br \/>\n2)Matrixyl 3000 inneh\u00e5ller matrikinerna Pal-GHK och Pal-GQPR som verkar i synergi till reparera hudskadorna vid \u00e5lder<br \/>\n3) Matrixyl 3000 inneh\u00e5ller matrikinerna Pal-GHK och Pal-GQPR som verkar i synergi f\u00f6r att reparera hudskadorna s av \u00e5lder. Genom att aktivera hudens naturliga produktion av kollagen, elastin och hyaluronsyra, verkar Matrixyl 3000 f\u00f6r att minska rynkor och andra tecken p\u00e5 \u00e5ldrande.<\/p>\n<p> <strong>N-1(1-oxohexadecyl-glycyl-L-histidyl-L-Lysine\/ Palmitoyl oligopeptid\/ Palmitoyl Tripeptide-1 Verkningss\u00e4tt<\/strong><br \/>\n1) Matrixyl minskar rynkor med 45 %<br \/>\n2) Lyfter och stramar upp huden<br \/>\n3) \u00c5terst\u00e4ller hudens ungdomliga utseende<\/p>\n<p> <strong>N-1( 1-oxohexadecyl-glycyl-L-histidyl-L-Lysine\/ Palmitoyl oligopeptide\/ Palmitoyl Tripeptide-1 Dosering<\/strong><br \/>\nDetta beror p\u00e5 din kroppsvikt. All forskning som hittills genomf\u00f6rts har anv\u00e4nt gnagarstudier, r\u00e5ttorna och m\u00f6ssen \u00e4r vanligtvis injiceras med en effektiv dos som tros vara runt 10 \u03bcg (mcg) per kg, hos m\u00e4nniskor tros detta vara runt motsvarande belastning p\u00e5 1,6 \u03bcg per kg hos m\u00e4nniskor, s\u00e5 om du \u00e4r:<\/p>\n<p>60 kg (132 lb.) d\u00e5 skulle din ideala dagliga orala BPC-157-dos vara 96 \u03bcg (mcg)<br \/>\n70 KG (154 lb.) =&gt; 112 \u03bcg<br \/>\n80 KG (176 lb.) =&gt; 128 \u03bcg&lt; &amp;&gt;90 KG (198 lb.) =&gt; 144 \u03bcg<\/p>\n","protected":false},"excerpt":{"rendered":"<p>Produktnamn: N-1(1-oxohexadecyl-glycyl-L-histidyl-L-Lysin\/ Palmitoyl-oligopeptid\/ Palmitoyl Tripeptide-1<br \/>\nCAS: 147732-56-7<br \/>\nMF: C30H54N6O5<br \/>\nMW: 578,79<br \/>\nMol Fil: 147732-56-7.mol<\/p>\n","protected":false},"featured_media":2217,"comment_status":"open","ping_status":"closed","template":"","meta":{"om_disable_all_campaigns":false,"_monsterinsights_skip_tracking":false,"_monsterinsights_sitenote_active":false,"_monsterinsights_sitenote_note":"","_monsterinsights_sitenote_category":0,"site-sidebar-layout":"default","site-content-layout":"default","ast-site-content-layout":"default","site-content-style":"default","site-sidebar-style":"default","ast-global-header-display":"","ast-banner-title-visibility":"","ast-main-header-display":"","ast-hfb-above-header-display":"","ast-hfb-below-header-display":"","ast-hfb-mobile-header-display":"","site-post-title":"","ast-breadcrumbs-content":"","ast-featured-img":"","footer-sml-layout":"","ast-disable-related-posts":"","theme-transparent-header-meta":"default","adv-header-id-meta":"","stick-header-meta":"","header-above-stick-meta":"","header-main-stick-meta":"","header-below-stick-meta":"","astra-migrate-meta-layouts":"default","ast-page-background-enabled":"default","ast-page-background-meta":{"desktop":{"background-color":"","background-image":"","background-repeat":"repeat","background-position":"center center","background-size":"auto","background-attachment":"scroll","background-type":"","background-media":"","overlay-type":"","overlay-color":"","overlay-opacity":"","overlay-gradient":""},"tablet":{"background-color":"","background-image":"","background-repeat":"repeat","background-position":"center center","background-size":"auto","background-attachment":"scroll","background-type":"","background-media":"","overlay-type":"","overlay-color":"","overlay-opacity":"","overlay-gradient":""},"mobile":{"background-color":"","background-image":"","background-repeat":"repeat","background-position":"center center","background-size":"auto","background-attachment":"scroll","background-type":"","background-media":"","overlay-type":"","overlay-color":"","overlay-opacity":"","overlay-gradient":""}},"ast-content-background-meta":{"desktop":{"background-color":"var(--ast-global-color-5)","background-image":"","background-repeat":"repeat","background-position":"center center","background-size":"auto","background-attachment":"scroll","background-type":"","background-media":"","overlay-type":"","overlay-color":"","overlay-opacity":"","overlay-gradient":""},"tablet":{"background-color":"var(--ast-global-color-5)","background-image":"","background-repeat":"repeat","background-position":"center center","background-size":"auto","background-attachment":"scroll","background-type":"","background-media":"","overlay-type":"","overlay-color":"","overlay-opacity":"","overlay-gradient":""},"mobile":{"background-color":"var(--ast-global-color-5)","background-image":"","background-repeat":"repeat","background-position":"center center","background-size":"auto","background-attachment":"scroll","background-type":"","background-media":"","overlay-type":"","overlay-color":"","overlay-opacity":"","overlay-gradient":""}}},"product_brand":[],"product_cat":[547],"product_tag":[2623],"class_list":{"0":"post-7279","1":"product","2":"type-product","3":"status-publish","4":"has-post-thumbnail","6":"product_cat-anti-rynkor-och-anti-aging-peptid","7":"product_tag-palmitoyl-oligopeptide-palmitoyl-tripeptide-1-cas-147732-56-7-used-for-the-preparation-of-anti-aging-cosmetics-sv","8":"desktop-align-left","9":"tablet-align-left","10":"mobile-align-left","12":"first","13":"instock","14":"shipping-taxable","15":"product-type-simple"},"_links":{"self":[{"href":"https:\/\/puyapeptide.net\/sv\/wp-json\/wp\/v2\/product\/7279","targetHints":{"allow":["GET"]}}],"collection":[{"href":"https:\/\/puyapeptide.net\/sv\/wp-json\/wp\/v2\/product"}],"about":[{"href":"https:\/\/puyapeptide.net\/sv\/wp-json\/wp\/v2\/types\/product"}],"replies":[{"embeddable":true,"href":"https:\/\/puyapeptide.net\/sv\/wp-json\/wp\/v2\/comments?post=7279"}],"wp:featuredmedia":[{"embeddable":true,"href":"https:\/\/puyapeptide.net\/sv\/wp-json\/wp\/v2\/media\/2217"}],"wp:attachment":[{"href":"https:\/\/puyapeptide.net\/sv\/wp-json\/wp\/v2\/media?parent=7279"}],"wp:term":[{"taxonomy":"product_brand","embeddable":true,"href":"https:\/\/puyapeptide.net\/sv\/wp-json\/wp\/v2\/product_brand?post=7279"},{"taxonomy":"product_cat","embeddable":true,"href":"https:\/\/puyapeptide.net\/sv\/wp-json\/wp\/v2\/product_cat?post=7279"},{"taxonomy":"product_tag","embeddable":true,"href":"https:\/\/puyapeptide.net\/sv\/wp-json\/wp\/v2\/product_tag?post=7279"}],"curies":[{"name":"wp","href":"https:\/\/api.w.org\/{rel}","templated":true}]}}