{"id":7323,"date":"2021-12-16T07:22:36","date_gmt":"2021-12-16T12:22:36","guid":{"rendered":"https:\/\/puyapeptide.net\/product\/carperitid-acetate-anp-1-28-human-cas-89213-87-6-for-behandling-av-kronisk-hjartsvikt\/"},"modified":"2021-12-16T07:22:36","modified_gmt":"2021-12-16T12:22:36","slug":"carperitid-acetate-anp-1-28-human-cas-89213-87-6-for-behandling-av-kronisk-hjartsvikt","status":"publish","type":"product","link":"https:\/\/puyapeptide.net\/sv\/product\/carperitid-acetate-anp-1-28-human-cas-89213-87-6-for-behandling-av-kronisk-hjartsvikt\/","title":{"rendered":"Carperitid Acetate\/ ANP 1-28, HUMAN CAS 89213-87-6 F\u00f6r behandling av kronisk hj\u00e4rtsvikt"},"content":{"rendered":"<h2><strong>Carperitid Acetate\/ ANP 1-28, HUMAN CAS 89213-87-6 F\u00f6r behandling av kronisk hj\u00e4rtsvikt<\/strong><\/h2>\n<p>Produktnamn: Carperitid Acetate\/ ANP 1-28, HUMAN<br \/>\nSekvens\uff1a H-Ser-Leu-Arg-Arg-Ser-Ser-Cys-Phe-Gly-Gly-Arg-Met-Asp-Arg- Ile-Gly-Ala-Gln-Ser-Gly-Leu-Gly-Cys-Asn-Ser-Phe-Arg-Tyr-OH\uff0c(Disulfidbrygga: Cys-Cys)<br \/>\nSynonymer: NATRIURETISK PEPTID HUMAN;SER- LEU-ARG-ARG-SER-SER-CYS-PHE-GLY-GLY-ARG-MET: O-ASP-ARG-ILE-GLY-ALA-GLN-SER-GLY-LEU-GLY-CYS-ASN-SER- PHE-ARG-TYR[SLRRSSCFGGR-MET: O-DRIGAQSGLGCNSFRY]DISULFIDBRO CYS7-CYS23.;Carperitid Acetate, carperitida;Atrial Natriuretic Peptide (1-28) (human) (trifluoroacetatsalt);ahANF, Carperitide; Leu-Arg-Arg-Ser-Ser-Cys-Phe-Gly-Gly-Arg-Met-Asp-Arg-Ile-Gly-Ala-Gln-Ser-Gly-Leu-Gly-Cys-Asn-Ser-Phe- Arg-Tyr-OH;Atrial natriureticpeptide-28 (huMan) (9CI);Atrial Natriuretic Factor (1-28) (huMan) \u03b1hANF, Carperitid<br \/>\nCAS: 89213-87-6<br \/>\nMF: C127H203N45O39S3&lt; MW: 3080.44<br \/>\nEINECS: 686-482-9<br \/>\nProduktkategorier: peptid<br \/>\nMol Fil: 89213-87-6.mol<\/p>\n<p>Carperitid \u00e4r en 28 aminosyror polypeptid med en stabil sekund\u00e4r struktur och \u00e4r en cir kulationshormon som verkar k\u00e4rlvidgande och urindrivande. I klinisk praxis beror vasodilatationen som induceras av karperitid som huvudingrediens p\u00e5 bindning till ANP (atrial natriuretic polypeptide)-receptorer i vaskul\u00e4r glatt muskulatur, vilket uppn\u00e5s genom att \u00f6ka aktiviteten av guanylatcyklas, vilket tyder p\u00e5 en minskning av hj\u00e4rtf\u00f6r- och efterbelastning. <\/p>\n<p>Carperitid \u00e4r den \u03b1-humana f\u00f6rmaksnatriuretiska peptiden (\u03b1-hANP) som produceras med rekombinant teknologi. Det introducerades i Japan som en behandling f\u00f6r akut hj\u00e4rtsvikt (CHF). Hos hundar med CHF minskade karperitid signifikant det f\u00f6rh\u00f6jda v\u00e4nstra ventrikul\u00e4ra slutdiastoliska trycket och indexet f\u00f6r myokardial syref\u00f6rbrukning (systoliskt blodtryck x hj\u00e4rtfrekvens). I en klinisk pr\u00f6vning var karperitid effektivt f\u00f6r att f\u00f6rb\u00e4ttra hemodynamiken och symtomen hos 60 % av patienterna med akut CHF. Karperitid rapporterades vara v\u00e4l tolererad utan n\u00e5gra signifikanta biverkningar kliniskt. En gynnsam effekt p\u00e5 hemodynamiken har rapporterats hos patienter med kronisk hj\u00e4rtsvikt. Carperitid \u00e4r ocks\u00e5 i kliniska pr\u00f6vningar f\u00f6r att uppr\u00e4tth\u00e5lla blodtrycket under kirurgiska operationer.<\/p>\n<p> <strong>Anv\u00e4ndning<\/strong><br \/>\nBehandling av dekompenserad kronisk hj\u00e4rtsvikt.<\/p>\n","protected":false},"excerpt":{"rendered":"<p>Produktnamn: Carperitid Acetate\/ ANP 1-28, HUMAN<br \/>\nCAS: 89213-87-6<br \/>\nMF: C127H203N45O39S3<br \/>\nMW: 3080.44<br \/>\nEINECS: 686-482-9:<br \/>\nMol 89213-87-6.mol<\/p>\n","protected":false},"featured_media":2301,"comment_status":"open","ping_status":"closed","template":"","meta":{"om_disable_all_campaigns":false,"_monsterinsights_skip_tracking":false,"_monsterinsights_sitenote_active":false,"_monsterinsights_sitenote_note":"","_monsterinsights_sitenote_category":0,"site-sidebar-layout":"default","site-content-layout":"default","ast-site-content-layout":"default","site-content-style":"default","site-sidebar-style":"default","ast-global-header-display":"","ast-banner-title-visibility":"","ast-main-header-display":"","ast-hfb-above-header-display":"","ast-hfb-below-header-display":"","ast-hfb-mobile-header-display":"","site-post-title":"","ast-breadcrumbs-content":"","ast-featured-img":"","footer-sml-layout":"","ast-disable-related-posts":"","theme-transparent-header-meta":"default","adv-header-id-meta":"","stick-header-meta":"","header-above-stick-meta":"","header-main-stick-meta":"","header-below-stick-meta":"","astra-migrate-meta-layouts":"default","ast-page-background-enabled":"default","ast-page-background-meta":{"desktop":{"background-color":"","background-image":"","background-repeat":"repeat","background-position":"center center","background-size":"auto","background-attachment":"scroll","background-type":"","background-media":"","overlay-type":"","overlay-color":"","overlay-opacity":"","overlay-gradient":""},"tablet":{"background-color":"","background-image":"","background-repeat":"repeat","background-position":"center center","background-size":"auto","background-attachment":"scroll","background-type":"","background-media":"","overlay-type":"","overlay-color":"","overlay-opacity":"","overlay-gradient":""},"mobile":{"background-color":"","background-image":"","background-repeat":"repeat","background-position":"center center","background-size":"auto","background-attachment":"scroll","background-type":"","background-media":"","overlay-type":"","overlay-color":"","overlay-opacity":"","overlay-gradient":""}},"ast-content-background-meta":{"desktop":{"background-color":"var(--ast-global-color-5)","background-image":"","background-repeat":"repeat","background-position":"center center","background-size":"auto","background-attachment":"scroll","background-type":"","background-media":"","overlay-type":"","overlay-color":"","overlay-opacity":"","overlay-gradient":""},"tablet":{"background-color":"var(--ast-global-color-5)","background-image":"","background-repeat":"repeat","background-position":"center center","background-size":"auto","background-attachment":"scroll","background-type":"","background-media":"","overlay-type":"","overlay-color":"","overlay-opacity":"","overlay-gradient":""},"mobile":{"background-color":"var(--ast-global-color-5)","background-image":"","background-repeat":"repeat","background-position":"center center","background-size":"auto","background-attachment":"scroll","background-type":"","background-media":"","overlay-type":"","overlay-color":"","overlay-opacity":"","overlay-gradient":""}}},"product_brand":[],"product_cat":[511],"product_tag":[2469,2491],"class_list":{"0":"post-7323","1":"product","2":"type-product","3":"status-publish","4":"has-post-thumbnail","6":"product_cat-peptid-for-det-kardiovaskulara-systemet","7":"product_tag-carperitide-acetate-anp-1-28-sv","8":"product_tag-human-cas-89213-87-6-for-treatment-of-congestive-heart-failure-sv","9":"desktop-align-left","10":"tablet-align-left","11":"mobile-align-left","13":"first","14":"instock","15":"shipping-taxable","16":"product-type-simple"},"_links":{"self":[{"href":"https:\/\/puyapeptide.net\/sv\/wp-json\/wp\/v2\/product\/7323","targetHints":{"allow":["GET"]}}],"collection":[{"href":"https:\/\/puyapeptide.net\/sv\/wp-json\/wp\/v2\/product"}],"about":[{"href":"https:\/\/puyapeptide.net\/sv\/wp-json\/wp\/v2\/types\/product"}],"replies":[{"embeddable":true,"href":"https:\/\/puyapeptide.net\/sv\/wp-json\/wp\/v2\/comments?post=7323"}],"wp:featuredmedia":[{"embeddable":true,"href":"https:\/\/puyapeptide.net\/sv\/wp-json\/wp\/v2\/media\/2301"}],"wp:attachment":[{"href":"https:\/\/puyapeptide.net\/sv\/wp-json\/wp\/v2\/media?parent=7323"}],"wp:term":[{"taxonomy":"product_brand","embeddable":true,"href":"https:\/\/puyapeptide.net\/sv\/wp-json\/wp\/v2\/product_brand?post=7323"},{"taxonomy":"product_cat","embeddable":true,"href":"https:\/\/puyapeptide.net\/sv\/wp-json\/wp\/v2\/product_cat?post=7323"},{"taxonomy":"product_tag","embeddable":true,"href":"https:\/\/puyapeptide.net\/sv\/wp-json\/wp\/v2\/product_tag?post=7323"}],"curies":[{"name":"wp","href":"https:\/\/api.w.org\/{rel}","templated":true}]}}