{"id":7483,"date":"2021-12-16T08:02:25","date_gmt":"2021-12-16T13:02:25","guid":{"rendered":"https:\/\/puyapeptide.net\/product\/hogkvalitativ-dulaglutide-cas-923950-08-7-med-bra-pris\/"},"modified":"2021-12-16T08:02:25","modified_gmt":"2021-12-16T13:02:25","slug":"hogkvalitativ-dulaglutide-cas-923950-08-7-med-bra-pris","status":"publish","type":"product","link":"https:\/\/puyapeptide.net\/sv\/product\/hogkvalitativ-dulaglutide-cas-923950-08-7-med-bra-pris\/","title":{"rendered":"H\u00f6gkvalitativ Dulaglutide CAS 923950-08-7 med bra pris"},"content":{"rendered":"<h2><strong>H\u00f6gkvalitativ Dulaglutide CAS 923950-08-7 med bra pris<\/strong><\/h2>\n<p>Produktnamn: Dulaglutide<br \/>\nSekvens\uff1a H-His-Gly-Glu-Gly-Thr-Phe-Thr-Ser-Asp-Val-Ser-Ser-Tyr-Leu-Glu-Glu-Gln-Ala- Ala-Lys-Glu-Phe-Ile-Ala-Trp-Leu-Val-Lys-Gly-Gly-Gly-OH<br \/>\nSynonymer: Dulaglutid &#8211; l\u00f6sning i PBS;Dulaglutid USP\/EP\/BP<br \/>\nCAS: 923950 -08-7<br \/>\nMF: C149H221N37O49<br \/>\nMW: 3314.62<br \/>\nEINECS:<br \/>\nProduktkategorier: GLP<br \/>\nMol File: Mol File<\/p>\n<p>Dulaglutide, s\u00e4ljs under varum\u00e4rket Trulicity \u00e4r bland annat ett l\u00e4kemedel som anv\u00e4nds f\u00f6r behandling av typ 2-diabetes i kombination med kost och tr\u00e4ning. Det \u00e4r ocks\u00e5 godk\u00e4nt i USA f\u00f6r att minska allvarliga kardiovaskul\u00e4ra h\u00e4ndelser hos vuxna med typ 2-diabetes som har fastst\u00e4llt kardiovaskul\u00e4r sjukdom eller flera kardiovaskul\u00e4ra riskfaktorer.<\/p>\n<p>Dulaglutid \u00e4r en ny l\u00e5ngverkande GLP-1R-agonist , erh\u00e5llen genom att fusionera tv\u00e5 GLP-1-analoger med DPP-4-h\u00e4mning och ett IgG4-Fc-fragment av humant immunglobulin tung kedja, med liknande aktivitet som endogen GLP-1 i klinisk prestanda och en halveringstid p\u00e5 5 dagar, vilket effektivt f\u00f6rdr\u00f6jer renal clearance .FDA godk\u00e4nde dulaglutid f\u00f6r subkutan injektion i september 2014. . Europeiska kommissionen godk\u00e4nde dulaglutid subkutan injektion f\u00f6r marknadsf\u00f6ring i Europa i december 2014.<\/p>\n<p> <strong>Effekten av Dulaglutid CAS 923950-08-7<\/strong><br \/>\nDet \u00e4r godk\u00e4nt f\u00f6r behandling av diabetes.<\/p>\n","protected":false},"excerpt":{"rendered":"<p>Produktnamn: Dulaglutide<br \/>\nCAS: 923950-08-7<br \/>\nMF: C149H221N37O49<br \/>\nMW: 3314.62<\/p>\n","protected":false},"featured_media":2175,"comment_status":"open","ping_status":"closed","template":"","meta":{"om_disable_all_campaigns":false,"_monsterinsights_skip_tracking":false,"_monsterinsights_sitenote_active":false,"_monsterinsights_sitenote_note":"","_monsterinsights_sitenote_category":0,"site-sidebar-layout":"default","site-content-layout":"default","ast-site-content-layout":"default","site-content-style":"default","site-sidebar-style":"default","ast-global-header-display":"","ast-banner-title-visibility":"","ast-main-header-display":"","ast-hfb-above-header-display":"","ast-hfb-below-header-display":"","ast-hfb-mobile-header-display":"","site-post-title":"","ast-breadcrumbs-content":"","ast-featured-img":"","footer-sml-layout":"","ast-disable-related-posts":"","theme-transparent-header-meta":"default","adv-header-id-meta":"","stick-header-meta":"","header-above-stick-meta":"","header-main-stick-meta":"","header-below-stick-meta":"","astra-migrate-meta-layouts":"default","ast-page-background-enabled":"default","ast-page-background-meta":{"desktop":{"background-color":"","background-image":"","background-repeat":"repeat","background-position":"center center","background-size":"auto","background-attachment":"scroll","background-type":"","background-media":"","overlay-type":"","overlay-color":"","overlay-opacity":"","overlay-gradient":""},"tablet":{"background-color":"","background-image":"","background-repeat":"repeat","background-position":"center center","background-size":"auto","background-attachment":"scroll","background-type":"","background-media":"","overlay-type":"","overlay-color":"","overlay-opacity":"","overlay-gradient":""},"mobile":{"background-color":"","background-image":"","background-repeat":"repeat","background-position":"center center","background-size":"auto","background-attachment":"scroll","background-type":"","background-media":"","overlay-type":"","overlay-color":"","overlay-opacity":"","overlay-gradient":""}},"ast-content-background-meta":{"desktop":{"background-color":"var(--ast-global-color-5)","background-image":"","background-repeat":"repeat","background-position":"center center","background-size":"auto","background-attachment":"scroll","background-type":"","background-media":"","overlay-type":"","overlay-color":"","overlay-opacity":"","overlay-gradient":""},"tablet":{"background-color":"var(--ast-global-color-5)","background-image":"","background-repeat":"repeat","background-position":"center center","background-size":"auto","background-attachment":"scroll","background-type":"","background-media":"","overlay-type":"","overlay-color":"","overlay-opacity":"","overlay-gradient":""},"mobile":{"background-color":"var(--ast-global-color-5)","background-image":"","background-repeat":"repeat","background-position":"center center","background-size":"auto","background-attachment":"scroll","background-type":"","background-media":"","overlay-type":"","overlay-color":"","overlay-opacity":"","overlay-gradient":""}}},"product_brand":[],"product_cat":[351],"product_tag":[2287],"class_list":{"0":"post-7483","1":"product","2":"type-product","3":"status-publish","4":"has-post-thumbnail","6":"product_cat-diabetespeptid","7":"product_tag-high-quality-dulaglutide-cas-923950-08-7-with-good-price-sv","8":"desktop-align-left","9":"tablet-align-left","10":"mobile-align-left","12":"first","13":"instock","14":"shipping-taxable","15":"product-type-simple"},"_links":{"self":[{"href":"https:\/\/puyapeptide.net\/sv\/wp-json\/wp\/v2\/product\/7483","targetHints":{"allow":["GET"]}}],"collection":[{"href":"https:\/\/puyapeptide.net\/sv\/wp-json\/wp\/v2\/product"}],"about":[{"href":"https:\/\/puyapeptide.net\/sv\/wp-json\/wp\/v2\/types\/product"}],"replies":[{"embeddable":true,"href":"https:\/\/puyapeptide.net\/sv\/wp-json\/wp\/v2\/comments?post=7483"}],"wp:featuredmedia":[{"embeddable":true,"href":"https:\/\/puyapeptide.net\/sv\/wp-json\/wp\/v2\/media\/2175"}],"wp:attachment":[{"href":"https:\/\/puyapeptide.net\/sv\/wp-json\/wp\/v2\/media?parent=7483"}],"wp:term":[{"taxonomy":"product_brand","embeddable":true,"href":"https:\/\/puyapeptide.net\/sv\/wp-json\/wp\/v2\/product_brand?post=7483"},{"taxonomy":"product_cat","embeddable":true,"href":"https:\/\/puyapeptide.net\/sv\/wp-json\/wp\/v2\/product_cat?post=7483"},{"taxonomy":"product_tag","embeddable":true,"href":"https:\/\/puyapeptide.net\/sv\/wp-json\/wp\/v2\/product_tag?post=7483"}],"curies":[{"name":"wp","href":"https:\/\/api.w.org\/{rel}","templated":true}]}}