{"id":7532,"date":"2021-12-16T08:04:32","date_gmt":"2021-12-16T13:04:32","guid":{"rendered":"https:\/\/puyapeptide.net\/product\/hot-sale-albiglutide-cas-782500-75-8-behandling-for-diabetes\/"},"modified":"2021-12-16T08:04:32","modified_gmt":"2021-12-16T13:04:32","slug":"hot-sale-albiglutide-cas-782500-75-8-behandling-for-diabetes","status":"publish","type":"product","link":"https:\/\/puyapeptide.net\/sv\/product\/hot-sale-albiglutide-cas-782500-75-8-behandling-for-diabetes\/","title":{"rendered":"Hot Sale Albiglutide CAS 782500-75-8 behandling f\u00f6r diabetes"},"content":{"rendered":"<h2><strong>Hot Sale Albiglutide CAS 782500-75-8 behandling f\u00f6r diabetes<\/strong><\/h2>\n<p>Produktnamn: Albiglutid<br \/>\nSekvens: H-His-Gly-Glu-Gly-Thr-Phe-Thr-Ser-Asp-Val-Ser-Ser-Tyr-Leu-Glu-Gly-Gln-Ala- Ala-Lys-Glu-Phe-Ile-Ala-Trp-Leu-Val-Lys-Gly-Arg-OH<br \/>\nSynonymer: albiglutid;Albugon;Naliglutid;7-36-Glukagon-liknande peptid I (8-glycin) (humant), fusionsprotein med 7-36-glukagonliknande peptid I (8-glycin) (humant) fusionsprotein med serum;Gsk 716155;Unii-5E7U48495e;7-36-glukagonliknande peptid I [8-glycin] ( huMan), fusionsprotein med 7-36-glukagon-liknande peptid I[8-glycin] (huMan) fusionsprotein med seruM albuMin (huMan); Albiglutid Fragment<br \/>\nCAS: 782500-75-8<br \/>\nMF: C148H223N39O46<br \/>\nMW: 3284.58792<br \/>\nEINECS:<br \/>\nProduktkategorier: GLP<br \/>\nMol Fil: 782500-75-8.mol<\/p>\n<p>Albiglutid \u00e4r FDA-godk\u00e4nd f\u00f6r typ 2 diabetes mellitus (DM) och profylax f\u00f6r st\u00f6rning av det kardiovaskul\u00e4ra systemet till f\u00f6ljd av typ 2-diabetes. Dess dosering innefattar titrering f\u00f6r att minska gastrointestinala symtom, s\u00e5som illam\u00e5ende, diarr\u00e9 och kr\u00e4kningar: p\u00e5b\u00f6rja 0,6 mg daglig subkutan injektion under 1 vecka; \u00f6kning till underh\u00e5llsdos p\u00e5 1,2 mg dagligen; och \u00f6ka till 1,8 mg dagligen vid behov.<br \/>\nLiraglutid \u00e4r ocks\u00e5 FDA-godk\u00e4nd som Saxenda f\u00f6r fetma med ett kroppsmassaindex p\u00e5 30 kg\/m2 <or 27kg\/m2 with the presence of at least 1 weight-related comorbid condition. Saxenda is initiated at 0.6 mg subcutaneous daily injection for 1 week, with weekly increments of 0.6 mg per day, until the maintenance dosage of 3 mg once daily is reached.3 If the patient misses a dose of liraglutide injection for more than 3 days, re-initiation at 0.6 mg is recommended to mitigate gastrointestinal (GI) symptoms. <strong>Funktion och till\u00e4mpning av Albiglutid CAS 782500-75-8 <\/strong><br \/>\nTillbaka den 15 april 2014 godk\u00e4nde US Food and Drug Administration (FDA) officiellt diabetesl\u00e4kemedlet Albiglutide f\u00f6r marknadsf\u00f6ring. L\u00e4kemedlet \u00e4r den andra l\u00e5ngverkande GLP-1-analogen som godk\u00e4nts f\u00f6r att pl\u00e5ga GLP-1-receptorn och fr\u00e4mja insulinuts\u00f6ndring f\u00f6r behandling av typ 2-diabetes.<\/p>\n","protected":false},"excerpt":{"rendered":"<p>Produktnamn: Albiglutid<br \/>\nCAS: 782500-75-8<br \/>\nMF: C148H223N39O46<br \/>\nMW: 3284.58792<br \/>\nMol Fil: 782500-75-8.mol<\/p>\n","protected":false},"featured_media":2217,"comment_status":"open","ping_status":"closed","template":"","meta":{"om_disable_all_campaigns":false,"_monsterinsights_skip_tracking":false,"_monsterinsights_sitenote_active":false,"_monsterinsights_sitenote_note":"","_monsterinsights_sitenote_category":0,"site-sidebar-layout":"default","site-content-layout":"default","ast-site-content-layout":"default","site-content-style":"default","site-sidebar-style":"default","ast-global-header-display":"","ast-banner-title-visibility":"","ast-main-header-display":"","ast-hfb-above-header-display":"","ast-hfb-below-header-display":"","ast-hfb-mobile-header-display":"","site-post-title":"","ast-breadcrumbs-content":"","ast-featured-img":"","footer-sml-layout":"","ast-disable-related-posts":"","theme-transparent-header-meta":"default","adv-header-id-meta":"","stick-header-meta":"","header-above-stick-meta":"","header-main-stick-meta":"","header-below-stick-meta":"","astra-migrate-meta-layouts":"default","ast-page-background-enabled":"default","ast-page-background-meta":{"desktop":{"background-color":"","background-image":"","background-repeat":"repeat","background-position":"center center","background-size":"auto","background-attachment":"scroll","background-type":"","background-media":"","overlay-type":"","overlay-color":"","overlay-opacity":"","overlay-gradient":""},"tablet":{"background-color":"","background-image":"","background-repeat":"repeat","background-position":"center center","background-size":"auto","background-attachment":"scroll","background-type":"","background-media":"","overlay-type":"","overlay-color":"","overlay-opacity":"","overlay-gradient":""},"mobile":{"background-color":"","background-image":"","background-repeat":"repeat","background-position":"center center","background-size":"auto","background-attachment":"scroll","background-type":"","background-media":"","overlay-type":"","overlay-color":"","overlay-opacity":"","overlay-gradient":""}},"ast-content-background-meta":{"desktop":{"background-color":"var(--ast-global-color-5)","background-image":"","background-repeat":"repeat","background-position":"center center","background-size":"auto","background-attachment":"scroll","background-type":"","background-media":"","overlay-type":"","overlay-color":"","overlay-opacity":"","overlay-gradient":""},"tablet":{"background-color":"var(--ast-global-color-5)","background-image":"","background-repeat":"repeat","background-position":"center center","background-size":"auto","background-attachment":"scroll","background-type":"","background-media":"","overlay-type":"","overlay-color":"","overlay-opacity":"","overlay-gradient":""},"mobile":{"background-color":"var(--ast-global-color-5)","background-image":"","background-repeat":"repeat","background-position":"center center","background-size":"auto","background-attachment":"scroll","background-type":"","background-media":"","overlay-type":"","overlay-color":"","overlay-opacity":"","overlay-gradient":""}}},"product_brand":[],"product_cat":[351],"product_tag":[2271],"class_list":{"0":"post-7532","1":"product","2":"type-product","3":"status-publish","4":"has-post-thumbnail","6":"product_cat-diabetespeptid","7":"product_tag-hot-sale-albiglutide-cas-782500-75-8-treat-for-diabetes-sv","8":"desktop-align-left","9":"tablet-align-left","10":"mobile-align-left","12":"first","13":"instock","14":"shipping-taxable","15":"product-type-simple"},"_links":{"self":[{"href":"https:\/\/puyapeptide.net\/sv\/wp-json\/wp\/v2\/product\/7532","targetHints":{"allow":["GET"]}}],"collection":[{"href":"https:\/\/puyapeptide.net\/sv\/wp-json\/wp\/v2\/product"}],"about":[{"href":"https:\/\/puyapeptide.net\/sv\/wp-json\/wp\/v2\/types\/product"}],"replies":[{"embeddable":true,"href":"https:\/\/puyapeptide.net\/sv\/wp-json\/wp\/v2\/comments?post=7532"}],"wp:featuredmedia":[{"embeddable":true,"href":"https:\/\/puyapeptide.net\/sv\/wp-json\/wp\/v2\/media\/2217"}],"wp:attachment":[{"href":"https:\/\/puyapeptide.net\/sv\/wp-json\/wp\/v2\/media?parent=7532"}],"wp:term":[{"taxonomy":"product_brand","embeddable":true,"href":"https:\/\/puyapeptide.net\/sv\/wp-json\/wp\/v2\/product_brand?post=7532"},{"taxonomy":"product_cat","embeddable":true,"href":"https:\/\/puyapeptide.net\/sv\/wp-json\/wp\/v2\/product_cat?post=7532"},{"taxonomy":"product_tag","embeddable":true,"href":"https:\/\/puyapeptide.net\/sv\/wp-json\/wp\/v2\/product_tag?post=7532"}],"curies":[{"name":"wp","href":"https:\/\/api.w.org\/{rel}","templated":true}]}}