{"id":7548,"date":"2021-12-16T08:05:34","date_gmt":"2021-12-16T13:05:34","guid":{"rendered":"https:\/\/puyapeptide.net\/product\/bremelanotide-pt-141-pt141-acetate-cas-189691-06-3-anvands-for-att-behandla-lag-sexuell-lust-hos-kvinnor\/"},"modified":"2021-12-16T08:05:34","modified_gmt":"2021-12-16T13:05:34","slug":"bremelanotide-pt-141-pt141-acetate-cas-189691-06-3-anvands-for-att-behandla-lag-sexuell-lust-hos-kvinnor","status":"publish","type":"product","link":"https:\/\/puyapeptide.net\/sv\/product\/bremelanotide-pt-141-pt141-acetate-cas-189691-06-3-anvands-for-att-behandla-lag-sexuell-lust-hos-kvinnor\/","title":{"rendered":"Bremelanotide\/PT-141\/PT141 Acetate CAS 189691-06-3 anv\u00e4nds f\u00f6r att behandla l\u00e5g sexuell lust hos kvinnor"},"content":{"rendered":"<h2><strong>Bremelanotide\/PT-141\/PT141 Acetate CAS 189691-06-3 anv\u00e4nds f\u00f6r att behandla l\u00e5g sexuell lust hos kvinnor<\/strong><\/h2>\n<p>Produktnamn: Bremelanotide<br \/>\nSynonymer: BREMELANOTIDE;Brmelanotice;Ac-Nle-cyclo(-Asp-His-D-Phe-Arg-Trp-Lys)-OH;Bremelanotide, PT141,PT-141;BREMELANOTIDE PT141 ;N-acetyl-L-norleucyl-L-alfa-aspartyl-L-histidyl-D-fenylalanyl-L-arginyl-L-tryptofyl-L-lysin (2-7)-laktam; Bremelanotid, a-MSH (PT- 141);REMELANOTIDE<br \/>\nCAS: 189691-06-3<br \/>\nMF: C50H68N14O10<br \/>\nMW: 1025.18<br \/>\nEINECS: 211-519-9<br \/>\nProduktkategorier: Peptider<br \/>\nMol Fil: 1896 -06-3.mol<\/p>\n<p>PT141, \u00e4ven k\u00e4nd som Bremelanotide, \u00e4r ett l\u00e4kemedel som anv\u00e4nds f\u00f6r att behandla kvinnlig sexuell dysfunktion. PT-141 har visat positiva Chemicalbook-resultat i en klinisk fas I-studie administrerad till normala premenopausala kvinnor. Det hj\u00e4lper premenopausala kvinnor med hypoaktiv libido att uppr\u00e4tth\u00e5lla en normal sexuell lust.<\/p>\n<p> <strong>Bremelanotide\/PT-141\/PT141 Acetate CAS 189691-06-3 Kemiska egenskaper<\/strong><br \/>\ndensitet 1,43<br \/>\npka 3,37\u00b10,70(f\u00f6rutsp\u00e5dd )<br \/>\nStabilitet: Orekonstituerat lyofiliserat pulver ska f\u00f6rvaras i kyl enligt instruktionerna i injektionsflaskan. Efter beredning med bakteriostatiskt vatten, kyl l\u00f6sningen och anv\u00e4nd inom 30 dagar. Om buffrad l\u00f6sning anv\u00e4nds kommer stabiliteten att f\u00f6rb\u00e4ttras.<\/p>\n<p> <strong>Anv\u00e4ndning av Bremelanotide\/PT-141\/PT141 Acetate CAS 189691-06-3 Kemiska egenskaper<\/strong><br \/>\nBehandling av sexuell dysfunktion (melanokortinreceptoragonist).<br \/>\n Bremelanotid anv\u00e4nds f\u00f6r att behandla l\u00e5g sexlust hos kvinnor som inte har g\u00e5tt igenom klimakteriet och som inte har haft l\u00e5g sexlust tidigare.<br \/>\nbremelanotid ska endast anv\u00e4ndas f\u00f6r att behandla l\u00e5g sexlust som uppst\u00e5r vid n\u00e5gon typ av sexuell aktivitet, i n\u00e5gon sexuell situation, eller med n\u00e5gon sexuell partner.<br \/>\nBremelanotide ska inte anv\u00e4ndas f\u00f6r att behandla l\u00e5g sexlust som orsakas av relationsproblem, h\u00e4lsoproblem, psykisk oh\u00e4lsa eller genom att anv\u00e4nda vissa droger eller mediciner.<\/p>\n","protected":false},"excerpt":{"rendered":"<p>Produktnamn: Bremelanotide<br \/>\nCAS: 189691-06-3<br \/>\nMF: C50H68N14O10<br \/>\nMW: 1025.18<br \/>\nEINECS: 211-519-9<br \/>\nMol Fil: 189691-06-3.mol<\/p>\n","protected":false},"featured_media":2133,"comment_status":"open","ping_status":"closed","template":"","meta":{"om_disable_all_campaigns":false,"_monsterinsights_skip_tracking":false,"_monsterinsights_sitenote_active":false,"_monsterinsights_sitenote_note":"","_monsterinsights_sitenote_category":0,"site-sidebar-layout":"default","site-content-layout":"default","ast-site-content-layout":"default","site-content-style":"default","site-sidebar-style":"default","ast-global-header-display":"","ast-banner-title-visibility":"","ast-main-header-display":"","ast-hfb-above-header-display":"","ast-hfb-below-header-display":"","ast-hfb-mobile-header-display":"","site-post-title":"","ast-breadcrumbs-content":"","ast-featured-img":"","footer-sml-layout":"","ast-disable-related-posts":"","theme-transparent-header-meta":"default","adv-header-id-meta":"","stick-header-meta":"","header-above-stick-meta":"","header-main-stick-meta":"","header-below-stick-meta":"","astra-migrate-meta-layouts":"default","ast-page-background-enabled":"default","ast-page-background-meta":{"desktop":{"background-color":"","background-image":"","background-repeat":"repeat","background-position":"center center","background-size":"auto","background-attachment":"scroll","background-type":"","background-media":"","overlay-type":"","overlay-color":"","overlay-opacity":"","overlay-gradient":""},"tablet":{"background-color":"","background-image":"","background-repeat":"repeat","background-position":"center center","background-size":"auto","background-attachment":"scroll","background-type":"","background-media":"","overlay-type":"","overlay-color":"","overlay-opacity":"","overlay-gradient":""},"mobile":{"background-color":"","background-image":"","background-repeat":"repeat","background-position":"center center","background-size":"auto","background-attachment":"scroll","background-type":"","background-media":"","overlay-type":"","overlay-color":"","overlay-opacity":"","overlay-gradient":""}},"ast-content-background-meta":{"desktop":{"background-color":"var(--ast-global-color-5)","background-image":"","background-repeat":"repeat","background-position":"center center","background-size":"auto","background-attachment":"scroll","background-type":"","background-media":"","overlay-type":"","overlay-color":"","overlay-opacity":"","overlay-gradient":""},"tablet":{"background-color":"var(--ast-global-color-5)","background-image":"","background-repeat":"repeat","background-position":"center center","background-size":"auto","background-attachment":"scroll","background-type":"","background-media":"","overlay-type":"","overlay-color":"","overlay-opacity":"","overlay-gradient":""},"mobile":{"background-color":"var(--ast-global-color-5)","background-image":"","background-repeat":"repeat","background-position":"center center","background-size":"auto","background-attachment":"scroll","background-type":"","background-media":"","overlay-type":"","overlay-color":"","overlay-opacity":"","overlay-gradient":""}}},"product_brand":[],"product_cat":[527],"product_tag":[],"class_list":{"0":"post-7548","1":"product","2":"type-product","3":"status-publish","4":"has-post-thumbnail","6":"product_cat-andra-peptider","7":"desktop-align-left","8":"tablet-align-left","9":"mobile-align-left","11":"first","12":"instock","13":"shipping-taxable","14":"product-type-simple"},"_links":{"self":[{"href":"https:\/\/puyapeptide.net\/sv\/wp-json\/wp\/v2\/product\/7548","targetHints":{"allow":["GET"]}}],"collection":[{"href":"https:\/\/puyapeptide.net\/sv\/wp-json\/wp\/v2\/product"}],"about":[{"href":"https:\/\/puyapeptide.net\/sv\/wp-json\/wp\/v2\/types\/product"}],"replies":[{"embeddable":true,"href":"https:\/\/puyapeptide.net\/sv\/wp-json\/wp\/v2\/comments?post=7548"}],"wp:featuredmedia":[{"embeddable":true,"href":"https:\/\/puyapeptide.net\/sv\/wp-json\/wp\/v2\/media\/2133"}],"wp:attachment":[{"href":"https:\/\/puyapeptide.net\/sv\/wp-json\/wp\/v2\/media?parent=7548"}],"wp:term":[{"taxonomy":"product_brand","embeddable":true,"href":"https:\/\/puyapeptide.net\/sv\/wp-json\/wp\/v2\/product_brand?post=7548"},{"taxonomy":"product_cat","embeddable":true,"href":"https:\/\/puyapeptide.net\/sv\/wp-json\/wp\/v2\/product_cat?post=7548"},{"taxonomy":"product_tag","embeddable":true,"href":"https:\/\/puyapeptide.net\/sv\/wp-json\/wp\/v2\/product_tag?post=7548"}],"curies":[{"name":"wp","href":"https:\/\/api.w.org\/{rel}","templated":true}]}}