{"id":7617,"date":"2021-12-16T10:22:55","date_gmt":"2021-12-16T15:22:55","guid":{"rendered":"https:\/\/puyapeptide.net\/product\/cjc-1295-cas-863288-34-0-med-bra-pris\/"},"modified":"2021-12-16T10:22:55","modified_gmt":"2021-12-16T15:22:55","slug":"cjc-1295-cas-863288-34-0-med-bra-pris","status":"publish","type":"product","link":"https:\/\/puyapeptide.net\/sv\/product\/cjc-1295-cas-863288-34-0-med-bra-pris\/","title":{"rendered":"CJC 1295 CAS 863288-34-0 med bra pris"},"content":{"rendered":"<h2><strong>CJC 1295 CAS 863288-34-0 med bra pris<\/strong><\/h2>\n<p>Produktnamn: CJC1295<br \/>\nSynonymer: CJC1295;Y(d -A)DAIFTQSYRKVLAQLSARKLLQDILSR-NH2;L-Tyrosyl-D-alanyl-L-alfa-aspartyl-L-alanyl-L-isoleucylal-L-fenyl L-treonyl-L-glutaminyl-L-seryl-L-tyrosyl-L-arginyl-L-lysyl-L-valyl-L-leucyl-L-alanyl-L-glutaminyl-L-seryl-L-alanyl-L- arginyl-L-lysyl-L-leucyl-L-leucyl-L-glutaminyl-L-alfa-aspartyl-L-isoleucyl-L-leucyl-L-seryl-L-arginyl-N6-[3-(2,5- dihydro-2,5-dioxo-lH-pyrrol-1-yl)-1-oxopropyl]-L-lysinamid; CJC-1295 CJC-1295; CJC-1295 Acetat; CJC1295 utan DAC; -L-arginyl-L- lysyl-L-leucyl-L-leucyl-L-glutaminyl;L-tyrosyl-D-alanyl-L-a-aspartyl-L-alanyl-L-isoleucyl-L-fenylalanyl-L-allotreonyl-L-glutaminyl-L- seryl-L-tyrosyl-L-arginyl-L-lysyl-L-valyl-L-leucyl-L-alanyl-L-glutaminyl-L-leucyl-L-seryl-L-alanyl<br \/>\nCAS: 863288-34- 0<br \/>\nMF: C152H252N44O42<br \/>\nMW: 3367.89688<br \/>\nEINECS: 206-141-6<br \/>\nProduktkategorier: Peptider;CJC<br \/>\nMol Fil: 863288-34-0.mol<br \/>\n&lt;&amp; &gt;Cjc-1295 \u00e4r en syntetisk GHRH (tillv\u00e4xthormonfris\u00e4ttande hormon)-analog som best\u00e5r av 30 aminosyror. Det har visat sig att CJC-1295 \u00e4r mycket effektivt f\u00f6r att \u00f6ka uts\u00f6ndringen av tillv\u00e4xthormon och IGF-1 utan att negativt p\u00e5verka pulseringen av GH-uts\u00f6ndringen. Den huvudsakliga anv\u00e4ndningen av CJC-1295 \u00e4r att ge \u00f6kade GH-niv\u00e5er, vilket ocks\u00e5 resulterar i \u00f6kade IGF-1-niv\u00e5er. CJC1295 utan DAC-version kan \u00e4ven kallas Mod GRF 1-29. Handlingstiden \u00e4r relativt kort och den kommer snart att metaboliseras av kroppen.<\/p>\n<p> <strong>F\u00f6rdelar med CJC1295 CAS 863288-34-0<\/strong><br \/>\nG\u00e5 upp i vikt<br \/>\n\u00d6kar muskeltillv\u00e4xten<br \/>\nMinska fettet&lt;&amp; &gt;\u00d6kar cellreparation och regenerering<br \/>\nFr\u00e4mjar s\u00f6mn<br \/>\n\u00d6kar immunf\u00f6rsvar och bent\u00e4thet<br \/>\nCJC-1-&#39;2-&#39;9-&#39;5 fr\u00e4mjar ocks\u00e5 djups\u00f6mn med l\u00e5ngsam v\u00e5g, vilket \u00e4r ansvarigt f\u00f6r den h\u00f6gsta niv\u00e5n av muskeltillv\u00e4xt och minnesretention och f\u00f6ryngring <\/p>\n<p> <strong>Anv\u00e4ndning av CJC1295<\/strong><br \/>\nCJC 1295 Acetat anv\u00e4nds f\u00f6r att applicera tillv\u00e4xthormonfris\u00e4ttande hormonagonister f\u00f6r att f\u00f6rbereda anti-aging medel.<\/p>\n","protected":false},"excerpt":{"rendered":"<p>Produktnamn: CJC1295<br \/>\nCAS: 863288-34-0<br \/>\nMF: C152H252N44O42<br \/>\nMW: 3367.89688<br \/>\nEINECS: 206-141-6<br \/>\nMol Fil: 834328.mol<\/p>\n","protected":false},"featured_media":2301,"comment_status":"open","ping_status":"closed","template":"","meta":{"om_disable_all_campaigns":false,"_monsterinsights_skip_tracking":false,"_monsterinsights_sitenote_active":false,"_monsterinsights_sitenote_note":"","_monsterinsights_sitenote_category":0,"site-sidebar-layout":"default","site-content-layout":"default","ast-site-content-layout":"default","site-content-style":"default","site-sidebar-style":"default","ast-global-header-display":"","ast-banner-title-visibility":"","ast-main-header-display":"","ast-hfb-above-header-display":"","ast-hfb-below-header-display":"","ast-hfb-mobile-header-display":"","site-post-title":"","ast-breadcrumbs-content":"","ast-featured-img":"","footer-sml-layout":"","ast-disable-related-posts":"","theme-transparent-header-meta":"default","adv-header-id-meta":"","stick-header-meta":"","header-above-stick-meta":"","header-main-stick-meta":"","header-below-stick-meta":"","astra-migrate-meta-layouts":"default","ast-page-background-enabled":"default","ast-page-background-meta":{"desktop":{"background-color":"","background-image":"","background-repeat":"repeat","background-position":"center center","background-size":"auto","background-attachment":"scroll","background-type":"","background-media":"","overlay-type":"","overlay-color":"","overlay-opacity":"","overlay-gradient":""},"tablet":{"background-color":"","background-image":"","background-repeat":"repeat","background-position":"center center","background-size":"auto","background-attachment":"scroll","background-type":"","background-media":"","overlay-type":"","overlay-color":"","overlay-opacity":"","overlay-gradient":""},"mobile":{"background-color":"","background-image":"","background-repeat":"repeat","background-position":"center center","background-size":"auto","background-attachment":"scroll","background-type":"","background-media":"","overlay-type":"","overlay-color":"","overlay-opacity":"","overlay-gradient":""}},"ast-content-background-meta":{"desktop":{"background-color":"var(--ast-global-color-5)","background-image":"","background-repeat":"repeat","background-position":"center center","background-size":"auto","background-attachment":"scroll","background-type":"","background-media":"","overlay-type":"","overlay-color":"","overlay-opacity":"","overlay-gradient":""},"tablet":{"background-color":"var(--ast-global-color-5)","background-image":"","background-repeat":"repeat","background-position":"center center","background-size":"auto","background-attachment":"scroll","background-type":"","background-media":"","overlay-type":"","overlay-color":"","overlay-opacity":"","overlay-gradient":""},"mobile":{"background-color":"var(--ast-global-color-5)","background-image":"","background-repeat":"repeat","background-position":"center center","background-size":"auto","background-attachment":"scroll","background-type":"","background-media":"","overlay-type":"","overlay-color":"","overlay-opacity":"","overlay-gradient":""}}},"product_brand":[],"product_cat":[527],"product_tag":[2179],"class_list":{"0":"post-7617","1":"product","2":"type-product","3":"status-publish","4":"has-post-thumbnail","6":"product_cat-andra-peptider","7":"product_tag-cjc-1295-cas-863288-34-0-with-good-price-sv","8":"desktop-align-left","9":"tablet-align-left","10":"mobile-align-left","12":"first","13":"instock","14":"shipping-taxable","15":"product-type-simple"},"_links":{"self":[{"href":"https:\/\/puyapeptide.net\/sv\/wp-json\/wp\/v2\/product\/7617","targetHints":{"allow":["GET"]}}],"collection":[{"href":"https:\/\/puyapeptide.net\/sv\/wp-json\/wp\/v2\/product"}],"about":[{"href":"https:\/\/puyapeptide.net\/sv\/wp-json\/wp\/v2\/types\/product"}],"replies":[{"embeddable":true,"href":"https:\/\/puyapeptide.net\/sv\/wp-json\/wp\/v2\/comments?post=7617"}],"wp:featuredmedia":[{"embeddable":true,"href":"https:\/\/puyapeptide.net\/sv\/wp-json\/wp\/v2\/media\/2301"}],"wp:attachment":[{"href":"https:\/\/puyapeptide.net\/sv\/wp-json\/wp\/v2\/media?parent=7617"}],"wp:term":[{"taxonomy":"product_brand","embeddable":true,"href":"https:\/\/puyapeptide.net\/sv\/wp-json\/wp\/v2\/product_brand?post=7617"},{"taxonomy":"product_cat","embeddable":true,"href":"https:\/\/puyapeptide.net\/sv\/wp-json\/wp\/v2\/product_cat?post=7617"},{"taxonomy":"product_tag","embeddable":true,"href":"https:\/\/puyapeptide.net\/sv\/wp-json\/wp\/v2\/product_tag?post=7617"}],"curies":[{"name":"wp","href":"https:\/\/api.w.org\/{rel}","templated":true}]}}