{"id":7630,"date":"2021-12-16T10:24:23","date_gmt":"2021-12-16T15:24:23","guid":{"rendered":"https:\/\/puyapeptide.net\/product\/serum-thymic-factor-thymulin-cas-63958-90-7-for-reglering-av-cellular-immunfunktion-och-antiviruseffekt\/"},"modified":"2021-12-16T10:24:23","modified_gmt":"2021-12-16T15:24:23","slug":"serum-thymic-factor-thymulin-cas-63958-90-7-for-reglering-av-cellular-immunfunktion-och-antiviruseffekt","status":"publish","type":"product","link":"https:\/\/puyapeptide.net\/sv\/product\/serum-thymic-factor-thymulin-cas-63958-90-7-for-reglering-av-cellular-immunfunktion-och-antiviruseffekt\/","title":{"rendered":"SERUM THYMIC FACTOR\/ Thymulin CAS 63958-90-7 f\u00f6r reglering av cellul\u00e4r immunfunktion och antiviruseffekt"},"content":{"rendered":"<h2><strong>SERUM THYMIC FACTOR\/ Thymulin CAS 63958-90-7 f\u00f6r reglering av cellul\u00e4r immunfunktion och antiviruseffekt<\/strong><\/h2>\n<p>Produktnamn: SERUM THYMIC FACTOR\/Tymulin<br \/>\nSynonymer: pGlu-Ala-Lys-Ser-Gln-Gly-Gly-Ser-Asn;STF, SeruM ThyMic Factor, ThyMulin;L-Asparagine,5-oxo- L-prolyl-L-alanyl-L-lysyl-L-seryl-L-glutaminylglycylglycyl-L-seryl-;Pyr-Ala-Lys-Ser-Gln-Gly-Gly-Ser-Asn-OH trifluoroacetatsalt;Tymisk faktor i serum (svin);Tymisk serumfaktor;Tymisk serumfaktor (gris);PYR-ALA-LYS-SER-GLN-GLY-GLY-SER-ASN<br \/>\nCAS: 63958-90-7<br \/>\nMF: C33H54N12O15&lt;&amp; &gt;MW: 858.85<br \/>\nEINECS: 236-855-3<br \/>\nProduktkategorier: Peptid<br \/>\nMol Fil: 63958-90-7.mol<\/p>\n<p>Tymulin \u00e4r ett syntetiserat av organet som kallas tymus . Tymulin tj\u00e4nar fr\u00e4mst till att generera utvecklingen eller &quot;utbildningen&quot; av vissa celler som produceras av benm\u00e4rgen och som \u00e4r aktiva i kroppens f\u00f6rsvarssystem, s\u00e5 kallade T-lymfocyter.<br \/>\nTymulin \u00e4r s\u00e4rskilt involverat i att f\u00e5 dessa celler att utvecklas fr\u00e5n sitt icke-funktionella tillst\u00e5nd, i vilket de anl\u00e4nder till tymus, till fullt f\u00f6rv\u00e4rvade defensiva celler, kallade immunkompetenta.<br \/>\nTymulin \u00e4r bara ett av de olika H som uts\u00f6ndras av denna k\u00f6rtel, och som produceras i mycket mindre m\u00e4ngder efter det andra levnads\u00e5ret<\/p>\n<p> <strong>SERUM TYMIC FACTOR\/ Tymulin CAS 63958-90-7 Kemiska egenskaper<\/strong> &lt;&amp; &gt;Kokpunkt 1658,9\u00b165,0 \u00b0C(Predicted)<br \/>\ndensitet 1,417\u00b10,06 g\/cm3(Predicted)<br \/>\nlagringstemp. \u221220\u00b0C<br \/>\nl\u00f6slighet avjoniserat vatten: l\u00f6sligt<br \/>\npka 3,08\u00b10,10(f\u00f6rutsp\u00e5dd)<br \/>\nf\u00e4rg vit<\/p>\n<p> <strong>Funktion av THYMULIN<\/strong><br \/>\n1. Tymulin kan \u00f6ka b\u00e5de muskelmassa och benmineralt\u00e4thet, vilket g\u00f6r det till en lovande terapi f\u00f6r behandling av svaghet hos \u00e4ldre.<br \/>\n2. Tymulin f\u00f6r\u00e4ndrar ocks\u00e5 metabolismen av kroppsfett och kan d\u00e4rf\u00f6r anv\u00e4ndas vid behandling av fetma.<br \/>\n3. Tymulin \u00e4r ett l\u00e4kemedel som fungerar som en potent, oralt aktiv tillv\u00e4xtsekretagog.<\/p>\n<p> <strong>Anv\u00e4ndning av THYMULIN<\/strong><br \/>\n1. Till\u00e4mpas inom livsmedelsomr\u00e5det, Semax-pulver fr\u00e4mst f\u00f6r att anv\u00e4ndas som livsmedelstillsatser;<br \/>\n2. Anv\u00e4nds inom h\u00e4lsoproduktomr\u00e5det, Semax-pulver som en manlig h\u00e4lsoprodukt f\u00f6r att \u00f6ka sexuella krafter;<br \/>\n3. Till\u00e4mpad inom l\u00e4kemedelsomr\u00e5det kan Semax behandla olika typer av manlig impotens och sexuell dysfunktion.<\/p>\n","protected":false},"excerpt":{"rendered":"<p>Produktnamn: SERUM THYMIC FACTOR\/Tymulin<br \/>\nCAS: 63958-90-7<br \/>\nMF: C33H54N12O15<br \/>\nMW: 858.85<br \/>\nEINECS: 236-855-3<br \/>\nMol Fil: 903958 7.mol<\/p>\n","protected":false},"featured_media":2133,"comment_status":"open","ping_status":"closed","template":"","meta":{"om_disable_all_campaigns":false,"_monsterinsights_skip_tracking":false,"_monsterinsights_sitenote_active":false,"_monsterinsights_sitenote_note":"","_monsterinsights_sitenote_category":0,"site-sidebar-layout":"default","site-content-layout":"default","ast-site-content-layout":"default","site-content-style":"default","site-sidebar-style":"default","ast-global-header-display":"","ast-banner-title-visibility":"","ast-main-header-display":"","ast-hfb-above-header-display":"","ast-hfb-below-header-display":"","ast-hfb-mobile-header-display":"","site-post-title":"","ast-breadcrumbs-content":"","ast-featured-img":"","footer-sml-layout":"","ast-disable-related-posts":"","theme-transparent-header-meta":"default","adv-header-id-meta":"","stick-header-meta":"","header-above-stick-meta":"","header-main-stick-meta":"","header-below-stick-meta":"","astra-migrate-meta-layouts":"default","ast-page-background-enabled":"default","ast-page-background-meta":{"desktop":{"background-color":"","background-image":"","background-repeat":"repeat","background-position":"center center","background-size":"auto","background-attachment":"scroll","background-type":"","background-media":"","overlay-type":"","overlay-color":"","overlay-opacity":"","overlay-gradient":""},"tablet":{"background-color":"","background-image":"","background-repeat":"repeat","background-position":"center center","background-size":"auto","background-attachment":"scroll","background-type":"","background-media":"","overlay-type":"","overlay-color":"","overlay-opacity":"","overlay-gradient":""},"mobile":{"background-color":"","background-image":"","background-repeat":"repeat","background-position":"center center","background-size":"auto","background-attachment":"scroll","background-type":"","background-media":"","overlay-type":"","overlay-color":"","overlay-opacity":"","overlay-gradient":""}},"ast-content-background-meta":{"desktop":{"background-color":"var(--ast-global-color-5)","background-image":"","background-repeat":"repeat","background-position":"center center","background-size":"auto","background-attachment":"scroll","background-type":"","background-media":"","overlay-type":"","overlay-color":"","overlay-opacity":"","overlay-gradient":""},"tablet":{"background-color":"var(--ast-global-color-5)","background-image":"","background-repeat":"repeat","background-position":"center center","background-size":"auto","background-attachment":"scroll","background-type":"","background-media":"","overlay-type":"","overlay-color":"","overlay-opacity":"","overlay-gradient":""},"mobile":{"background-color":"var(--ast-global-color-5)","background-image":"","background-repeat":"repeat","background-position":"center center","background-size":"auto","background-attachment":"scroll","background-type":"","background-media":"","overlay-type":"","overlay-color":"","overlay-opacity":"","overlay-gradient":""}}},"product_brand":[],"product_cat":[367],"product_tag":[2149],"class_list":{"0":"post-7630","1":"product","2":"type-product","3":"status-publish","4":"has-post-thumbnail","6":"product_cat-immunmodulerande-peptid","7":"product_tag-serum-thymic-factor-thymulin-cas-63958-90-7-for-regulate-cellular-immune-function-and-anti-virus-effect-sv","8":"desktop-align-left","9":"tablet-align-left","10":"mobile-align-left","12":"first","13":"instock","14":"shipping-taxable","15":"product-type-simple"},"_links":{"self":[{"href":"https:\/\/puyapeptide.net\/sv\/wp-json\/wp\/v2\/product\/7630","targetHints":{"allow":["GET"]}}],"collection":[{"href":"https:\/\/puyapeptide.net\/sv\/wp-json\/wp\/v2\/product"}],"about":[{"href":"https:\/\/puyapeptide.net\/sv\/wp-json\/wp\/v2\/types\/product"}],"replies":[{"embeddable":true,"href":"https:\/\/puyapeptide.net\/sv\/wp-json\/wp\/v2\/comments?post=7630"}],"wp:featuredmedia":[{"embeddable":true,"href":"https:\/\/puyapeptide.net\/sv\/wp-json\/wp\/v2\/media\/2133"}],"wp:attachment":[{"href":"https:\/\/puyapeptide.net\/sv\/wp-json\/wp\/v2\/media?parent=7630"}],"wp:term":[{"taxonomy":"product_brand","embeddable":true,"href":"https:\/\/puyapeptide.net\/sv\/wp-json\/wp\/v2\/product_brand?post=7630"},{"taxonomy":"product_cat","embeddable":true,"href":"https:\/\/puyapeptide.net\/sv\/wp-json\/wp\/v2\/product_cat?post=7630"},{"taxonomy":"product_tag","embeddable":true,"href":"https:\/\/puyapeptide.net\/sv\/wp-json\/wp\/v2\/product_tag?post=7630"}],"curies":[{"name":"wp","href":"https:\/\/api.w.org\/{rel}","templated":true}]}}