{"id":7762,"date":"2021-12-16T10:31:59","date_gmt":"2021-12-16T15:31:59","guid":{"rendered":"https:\/\/puyapeptide.net\/product\/puya-levererar-cilengitide-cas-188968-51-6-for-laboratorieforskning\/"},"modified":"2021-12-16T10:31:59","modified_gmt":"2021-12-16T15:31:59","slug":"puya-levererar-cilengitide-cas-188968-51-6-for-laboratorieforskning","status":"publish","type":"product","link":"https:\/\/puyapeptide.net\/sv\/product\/puya-levererar-cilengitide-cas-188968-51-6-for-laboratorieforskning\/","title":{"rendered":"Puya levererar Cilengitide CAS 188968-51-6 f\u00f6r laboratorieforskning"},"content":{"rendered":"<h2><strong>Puya levererar Cilengitide CAS 188968-51-6 f\u00f6r laboratorieforskning<\/strong><\/h2>\n<p>Produktnamn: cilengitide<br \/>\nSekvens: cyclo(Arg-Gly-Asp-D-Phe-N-Me-Val)<br \/>\nSynonymer: 2-[(2S,5R,8S,11S)-5- bensyl-11-[3-(diaminometylidenamino)propyl]-7-metyl-3,6,9,12,15-pentaoxo-8-propan-2-yl-1,4,7,10,13-pentazacyklopentadec-2 -yl]\u00e4ttiksyra; Cyklo(L-arginylglycyl-L-aspartyl-D-fenylalanyl-N-metyl-L-valyl); Cilengitid (EMD121974, NSC-707544); Cilengitid; C(RGDf-Me-V); EMD 121974;EMD-121974;EMD121974;CS-1500;CS-2674<br \/>\nCAS: 188968-51-6<br \/>\nMF: C27H40N8O7<br \/>\nMW: 588.66<br \/>\nEINECS: &lt;:&amp;&gt;Produktkategorier: &lt;:&amp;&gt; &amp;&gt;Mol Fil: 188968-51-6.mol<\/p>\n<p>Cilengitide \u00e4r en cyklisk peptid som inneh\u00e5ller RGD-sekvensen. Peptiden \u00e4r baserad p\u00e5 \u03b1v \u03b23-integrinliganden in vivo och erh\u00f6lls genom en kombination av cyklisering, spatial screening och metyleringsskanning, med h\u00f6g affinitet och selektivitet f\u00f6r \u03b1v \u03b23-integriner. Tester har visat att peptiden inte bara b\u00e4ttre kan h\u00e4mma tillv\u00e4xten av melanom och glioblastom, utan ocks\u00e5 kan f\u00f6rb\u00e4ttra botningshastigheten f\u00f6r andra tum\u00f6rer s\u00e5som skivepiteltum\u00f6rer i huvud och hals i kombination med str\u00e5lbehandling, vilket har goda marknadsutsikter och potential. . I peptidsyntes producerades Cilengitide genom att kombinera fastfas peptidsyntesteknologi med flytande peptidsyntesteknologi.<\/p>\n<p> <strong>cilengitide CAS 188968-51-6 Kemiska egenskaper<\/strong><br \/>\ndensitet 1,41\u00b10,1 g\/cm3(f\u00f6rutsp\u00e5dd)&lt; &amp;&gt;lagringstemp. -20\u00b0C<br \/>\nform pulver<br \/>\npka 4.01\u00b10.10(F\u00f6rutsp\u00e5dd)<br \/>\nf\u00e4rg vit till beige<\/p>\n<p> <strong>Anv\u00e4ndning av cilengitid CAS 188968-51-6<\/strong><br \/>\nAngiogenesh\u00e4mmare.<\/p>\n","protected":false},"excerpt":{"rendered":"<p>Produktnamn: cilengitide<br \/>\nCAS: 188968-51-6<br \/>\nMF: C27H40N8O7<br \/>\nMW: 588.66<br \/>\nMol Fil: 188968-51-6.mol<\/p>\n","protected":false},"featured_media":2217,"comment_status":"open","ping_status":"closed","template":"","meta":{"om_disable_all_campaigns":false,"_monsterinsights_skip_tracking":false,"_monsterinsights_sitenote_active":false,"_monsterinsights_sitenote_note":"","_monsterinsights_sitenote_category":0,"site-sidebar-layout":"default","site-content-layout":"default","ast-site-content-layout":"default","site-content-style":"default","site-sidebar-style":"default","ast-global-header-display":"","ast-banner-title-visibility":"","ast-main-header-display":"","ast-hfb-above-header-display":"","ast-hfb-below-header-display":"","ast-hfb-mobile-header-display":"","site-post-title":"","ast-breadcrumbs-content":"","ast-featured-img":"","footer-sml-layout":"","ast-disable-related-posts":"","theme-transparent-header-meta":"default","adv-header-id-meta":"","stick-header-meta":"","header-above-stick-meta":"","header-main-stick-meta":"","header-below-stick-meta":"","astra-migrate-meta-layouts":"default","ast-page-background-enabled":"default","ast-page-background-meta":{"desktop":{"background-color":"","background-image":"","background-repeat":"repeat","background-position":"center center","background-size":"auto","background-attachment":"scroll","background-type":"","background-media":"","overlay-type":"","overlay-color":"","overlay-opacity":"","overlay-gradient":""},"tablet":{"background-color":"","background-image":"","background-repeat":"repeat","background-position":"center center","background-size":"auto","background-attachment":"scroll","background-type":"","background-media":"","overlay-type":"","overlay-color":"","overlay-opacity":"","overlay-gradient":""},"mobile":{"background-color":"","background-image":"","background-repeat":"repeat","background-position":"center center","background-size":"auto","background-attachment":"scroll","background-type":"","background-media":"","overlay-type":"","overlay-color":"","overlay-opacity":"","overlay-gradient":""}},"ast-content-background-meta":{"desktop":{"background-color":"var(--ast-global-color-5)","background-image":"","background-repeat":"repeat","background-position":"center center","background-size":"auto","background-attachment":"scroll","background-type":"","background-media":"","overlay-type":"","overlay-color":"","overlay-opacity":"","overlay-gradient":""},"tablet":{"background-color":"var(--ast-global-color-5)","background-image":"","background-repeat":"repeat","background-position":"center center","background-size":"auto","background-attachment":"scroll","background-type":"","background-media":"","overlay-type":"","overlay-color":"","overlay-opacity":"","overlay-gradient":""},"mobile":{"background-color":"var(--ast-global-color-5)","background-image":"","background-repeat":"repeat","background-position":"center center","background-size":"auto","background-attachment":"scroll","background-type":"","background-media":"","overlay-type":"","overlay-color":"","overlay-opacity":"","overlay-gradient":""}}},"product_brand":[],"product_cat":[384],"product_tag":[2049],"class_list":{"0":"post-7762","1":"product","2":"type-product","3":"status-publish","4":"has-post-thumbnail","6":"product_cat-anti-tumor-peptid","7":"product_tag-puya-supply-cilengitide-cas-188968-51-6-for-lab-research-sv","8":"desktop-align-left","9":"tablet-align-left","10":"mobile-align-left","12":"first","13":"instock","14":"shipping-taxable","15":"product-type-simple"},"_links":{"self":[{"href":"https:\/\/puyapeptide.net\/sv\/wp-json\/wp\/v2\/product\/7762","targetHints":{"allow":["GET"]}}],"collection":[{"href":"https:\/\/puyapeptide.net\/sv\/wp-json\/wp\/v2\/product"}],"about":[{"href":"https:\/\/puyapeptide.net\/sv\/wp-json\/wp\/v2\/types\/product"}],"replies":[{"embeddable":true,"href":"https:\/\/puyapeptide.net\/sv\/wp-json\/wp\/v2\/comments?post=7762"}],"wp:featuredmedia":[{"embeddable":true,"href":"https:\/\/puyapeptide.net\/sv\/wp-json\/wp\/v2\/media\/2217"}],"wp:attachment":[{"href":"https:\/\/puyapeptide.net\/sv\/wp-json\/wp\/v2\/media?parent=7762"}],"wp:term":[{"taxonomy":"product_brand","embeddable":true,"href":"https:\/\/puyapeptide.net\/sv\/wp-json\/wp\/v2\/product_brand?post=7762"},{"taxonomy":"product_cat","embeddable":true,"href":"https:\/\/puyapeptide.net\/sv\/wp-json\/wp\/v2\/product_cat?post=7762"},{"taxonomy":"product_tag","embeddable":true,"href":"https:\/\/puyapeptide.net\/sv\/wp-json\/wp\/v2\/product_tag?post=7762"}],"curies":[{"name":"wp","href":"https:\/\/api.w.org\/{rel}","templated":true}]}}