{"id":7788,"date":"2021-12-16T10:33:28","date_gmt":"2021-12-16T15:33:28","guid":{"rendered":"https:\/\/puyapeptide.net\/product\/epitalon-epithalonacetat-cas-307297-39-8-for-anti-aging\/"},"modified":"2021-12-16T10:33:28","modified_gmt":"2021-12-16T15:33:28","slug":"epitalon-epithalonacetat-cas-307297-39-8-for-anti-aging","status":"publish","type":"product","link":"https:\/\/puyapeptide.net\/sv\/product\/epitalon-epithalonacetat-cas-307297-39-8-for-anti-aging\/","title":{"rendered":"Epitalon\/Epithalonacetat CAS 307297-39-8 F\u00f6r anti-aging"},"content":{"rendered":"<h2><strong>Epitalon\/Epithalonacetat CAS 307297-39-8 F\u00f6r anti-aging<\/strong><\/h2>\n<p>Produktnamn: Epitalon<br \/>\nSynonymer: Epitalon;Epithalon;Glycin, L-alanyl-La-glutamyl-La-aspartyl-;L-alanyl-L-alfa-glutamyl-L-alfa-aspartylglycin;9: PN : WO02090380 SIDAN: 55 h\u00e4vdade protein;L-Alanyl-L-a-glutamyl-L-a-aspartylglycin;Epithalon, Epithalon Tetra Peptide;EpithalonAcetate<br \/>\nCAS: 307297-39-8<br \/>\nMFN: C149H22 MW: 390,35<br \/>\nEINECS: 211-519-9<br \/>\nProduktkategorier:<br \/>\nMol Fil: 307297-39-8.mol<\/p>\n<p>Epithalon \u00e4r en peptid som anv\u00e4nds f\u00f6r att reglera cellcykeln upp\u00e5t -reglering av telomerasaktivitet. Sekvensen av aminosyror i peptiden \u00e4r alanin-glutamat-asparagin-glycin. Djurstudier har gjorts p\u00e5 effekterna av Epithalon p\u00e5 suppression av spontana br\u00f6sttum\u00f6rer och spontan karcinogenes. Studier har visat att verkningss\u00e4ttet f\u00f6r Epithalon involverar undertryckande av onkogenexpression och modifiering av telomerasaktivitet.<\/p>\n<p>Epitalon (\u00e4ven k\u00e4nt som Epithalon eller Epithalon) \u00e4r den syntetiska versionen av polypeptiden Epithalamin som produceras naturligt i tallkottk\u00f6rteln. Det syntetiserades av Vladimir Khavinson, en rysk professor och gerontolog, vars forskning fokuserade p\u00e5 utvecklingen av peptidpreparat som anv\u00e4nds f\u00f6r att \u00e5terst\u00e4lla funktionen i olika organ f\u00f6r att f\u00f6rhindra och v\u00e4nda \u00e5ldrandeprocessen. Han \u00e4r f\u00f6r n\u00e4rvarande direkt\u00f6r f\u00f6r Saint Petersburg Institute of Bioregulation and Gerontology.<br \/>\nEpitalon anses vara peptiden &quot;ungdomens k\u00e4lla&quot;. Det \u00e4r en tetrapeptid, vilket betyder att den \u00e4r sammansatt av fyra aminosyrakedjor. Peptiden anv\u00e4nds f\u00f6r att reglera cellcykeln under telomerasaktivitet. Telomeras, \u00e4ven kallat telomerterminalt transferas, \u00e4r ett enzym som best\u00e5r av protein- och RNA-subenheter som f\u00f6rl\u00e4nger kromosomerna. N\u00e4r telomerasaktivitet inte \u00e4r n\u00e4rvarande (n\u00e4r vi \u00e5ldras), \u00e5ldras v\u00e5ra celler. V\u00e5ra telomerer blir kortare och b\u00f6rjar d\u00f6 av. Om telomeras aktiveras i v\u00e5ra celler f\u00f6rl\u00e4ngs v\u00e5ra telomerer, cellen forts\u00e4tter att v\u00e4xa och dela sig, vilket f\u00f6rsenar \u00e5ldringsprocessen. (UT Southwestern Medical Lab)<br \/>\nhttps:\/\/www.amisantabarbara.com\/epitalon<\/p>\n<p> <strong>Epitalon\/Epithalon acetate CAS 307297-39-8 Chemical Properties<\/strong><br \/>\nEpitalon Chemical Properties<br \/>\nKokpunkt 959,8 \u00b165,0 \u00b0C(F\u00f6rutsp\u00e5dd)<br \/>\ndensitet 1,466\u00b10,06 g\/cm3(F\u00f6rutsp\u00e5dd)<br \/>\npka 3,16\u00b10,10(F\u00f6rutsp\u00e5dd)<br \/>\nCAS DataBase Reference 307297-39-8<\/p>\n<p> <strong>Funktioner och applikationer av Epitalon\/Epithalonacetat CAS 307297-39-8<\/strong><br \/>\nEpitalon uppt\u00e4cktes av den ryske vetenskapsmannen professor Vladimir Khavinson. Han unders\u00f6kte denna peptid i \u00f6ver 35 \u00e5r i kliniska pr\u00f6vningar p\u00e5 b\u00e5de djur och m\u00e4nniskor. Resultaten var h\u00e4pnadsv\u00e4ckande. F\u00f6r f\u00f6rsta g\u00e5ngen n\u00e5gonsin visade kliniska pr\u00f6vningar p\u00e5 m\u00e4nniskor utom allt tvivel att substansen bestod av kraftfull livsl\u00e4ngd och anti-aging-m\u00f6jligheter.<br \/>\nF\u00f6rdelar med Epitalon: Som ett resultat av Epitalons effekt p\u00e5 telomerasproduktionen \u00e4r f\u00f6rdelarna unika och l\u00e5ngt- n\u00e5 och inkluderar:<br \/>\nEn \u00f6kning av m\u00e4nsklig livsl\u00e4ngd genom att f\u00f6rl\u00e4nga telomerer i m\u00e4nskliga celler<br \/>\nFr\u00e4mjande av djupare s\u00f6mn<br \/>\nF\u00f6rsening och f\u00f6rebyggande av \u00e5ldersrelaterade sjukdomar som cancer, hj\u00e4rtsjukdomar och demens<br \/>\nFungerar som en antioxidant genom att minska lipidoxidation och ROS (Reactive oxygen species) tillsammans med normalisering av T-cellsfunktion.<br \/>\nF\u00f6rb\u00e4ttring av hudens h\u00e4lsa och utseende<br \/>\nL\u00e4kning av skadade och f\u00f6rs\u00e4mrade muskelceller<br \/>\n\u00c5terst\u00e4ller och normaliserar melatoninniv\u00e5erna i \u00e4ldre personer som har f\u00f6rlorat en del tallkottkottsfunktion p\u00e5 grund av \u00e5ldrande<br \/>\nKan \u00f6ka motst\u00e5ndet mot k\u00e4nslom\u00e4ssig stress<\/p>\n","protected":false},"excerpt":{"rendered":"<p>Produktnamn: Epitalon<br \/>\nCAS: 307297-39-8<br \/>\nMF: C14H22N4O9<br \/>\nMW: 390.35<br \/>\nEINECS: 211-519-9<br \/>\nMol Fil: 307297-39-8.mol<\/p>\n","protected":false},"featured_media":2217,"comment_status":"open","ping_status":"closed","template":"","meta":{"om_disable_all_campaigns":false,"_monsterinsights_skip_tracking":false,"_monsterinsights_sitenote_active":false,"_monsterinsights_sitenote_note":"","_monsterinsights_sitenote_category":0,"site-sidebar-layout":"default","site-content-layout":"default","ast-site-content-layout":"default","site-content-style":"default","site-sidebar-style":"default","ast-global-header-display":"","ast-banner-title-visibility":"","ast-main-header-display":"","ast-hfb-above-header-display":"","ast-hfb-below-header-display":"","ast-hfb-mobile-header-display":"","site-post-title":"","ast-breadcrumbs-content":"","ast-featured-img":"","footer-sml-layout":"","ast-disable-related-posts":"","theme-transparent-header-meta":"default","adv-header-id-meta":"","stick-header-meta":"","header-above-stick-meta":"","header-main-stick-meta":"","header-below-stick-meta":"","astra-migrate-meta-layouts":"default","ast-page-background-enabled":"default","ast-page-background-meta":{"desktop":{"background-color":"","background-image":"","background-repeat":"repeat","background-position":"center center","background-size":"auto","background-attachment":"scroll","background-type":"","background-media":"","overlay-type":"","overlay-color":"","overlay-opacity":"","overlay-gradient":""},"tablet":{"background-color":"","background-image":"","background-repeat":"repeat","background-position":"center center","background-size":"auto","background-attachment":"scroll","background-type":"","background-media":"","overlay-type":"","overlay-color":"","overlay-opacity":"","overlay-gradient":""},"mobile":{"background-color":"","background-image":"","background-repeat":"repeat","background-position":"center center","background-size":"auto","background-attachment":"scroll","background-type":"","background-media":"","overlay-type":"","overlay-color":"","overlay-opacity":"","overlay-gradient":""}},"ast-content-background-meta":{"desktop":{"background-color":"var(--ast-global-color-5)","background-image":"","background-repeat":"repeat","background-position":"center center","background-size":"auto","background-attachment":"scroll","background-type":"","background-media":"","overlay-type":"","overlay-color":"","overlay-opacity":"","overlay-gradient":""},"tablet":{"background-color":"var(--ast-global-color-5)","background-image":"","background-repeat":"repeat","background-position":"center center","background-size":"auto","background-attachment":"scroll","background-type":"","background-media":"","overlay-type":"","overlay-color":"","overlay-opacity":"","overlay-gradient":""},"mobile":{"background-color":"var(--ast-global-color-5)","background-image":"","background-repeat":"repeat","background-position":"center center","background-size":"auto","background-attachment":"scroll","background-type":"","background-media":"","overlay-type":"","overlay-color":"","overlay-opacity":"","overlay-gradient":""}}},"product_brand":[],"product_cat":[748],"product_tag":[1998],"class_list":{"0":"post-7788","1":"product","2":"type-product","3":"status-publish","4":"has-post-thumbnail","6":"product_cat-annan-kosmetisk-peptid","7":"product_tag-epitalon-epithalon-acetate-cas-307297-39-8-for-anti-aging-sv","8":"desktop-align-left","9":"tablet-align-left","10":"mobile-align-left","12":"first","13":"instock","14":"shipping-taxable","15":"product-type-simple"},"_links":{"self":[{"href":"https:\/\/puyapeptide.net\/sv\/wp-json\/wp\/v2\/product\/7788","targetHints":{"allow":["GET"]}}],"collection":[{"href":"https:\/\/puyapeptide.net\/sv\/wp-json\/wp\/v2\/product"}],"about":[{"href":"https:\/\/puyapeptide.net\/sv\/wp-json\/wp\/v2\/types\/product"}],"replies":[{"embeddable":true,"href":"https:\/\/puyapeptide.net\/sv\/wp-json\/wp\/v2\/comments?post=7788"}],"wp:featuredmedia":[{"embeddable":true,"href":"https:\/\/puyapeptide.net\/sv\/wp-json\/wp\/v2\/media\/2217"}],"wp:attachment":[{"href":"https:\/\/puyapeptide.net\/sv\/wp-json\/wp\/v2\/media?parent=7788"}],"wp:term":[{"taxonomy":"product_brand","embeddable":true,"href":"https:\/\/puyapeptide.net\/sv\/wp-json\/wp\/v2\/product_brand?post=7788"},{"taxonomy":"product_cat","embeddable":true,"href":"https:\/\/puyapeptide.net\/sv\/wp-json\/wp\/v2\/product_cat?post=7788"},{"taxonomy":"product_tag","embeddable":true,"href":"https:\/\/puyapeptide.net\/sv\/wp-json\/wp\/v2\/product_tag?post=7788"}],"curies":[{"name":"wp","href":"https:\/\/api.w.org\/{rel}","templated":true}]}}