{"id":7814,"date":"2021-12-16T10:34:28","date_gmt":"2021-12-16T15:34:28","guid":{"rendered":"https:\/\/puyapeptide.net\/product\/angiotensinacetat-val5-angiotensin-ii-cas-58-49-1\/"},"modified":"2021-12-16T10:34:28","modified_gmt":"2021-12-16T15:34:28","slug":"angiotensinacetat-val5-angiotensin-ii-cas-58-49-1","status":"publish","type":"product","link":"https:\/\/puyapeptide.net\/sv\/product\/angiotensinacetat-val5-angiotensin-ii-cas-58-49-1\/","title":{"rendered":"Angiotensinacetat\/(Val5)-Angiotensin II CAS 58-49-1"},"content":{"rendered":"<h2><strong>Angiotensinacetat\/(Val5)-Angiotensin II CAS 58-49-1<\/strong><\/h2>\n<p>Produktnamn: Angiotensinacetat<br \/>\nSynonymer: [VAL5]-ANGIOTENSIN II;[VAL5] ANGIOTENSIN II HUMAN;ASP-ARG-VAL-TYR-VAL-HIS-PRO-PHE;DRVYVHPF;5-L-Valine angiotensin II); Angiotensin II 5-valin (Valine angiotensin II; Valin angiotensin II; VALIN ANGIOTENSIN II; 5-L-VALIN ANGIOTENSIN II<br \/>\nCAS: 58-49-1<br \/>\nMF: C49H69N13O12<br \/>\nMW: 1032.17<br \/>\nEINECS:<br \/>\nProduktkategorier:<br \/>\nMol Fil: 58-49-1.mol<\/p>\n<p>Angiotensin \u00e4r en sorts peptidsubstans som har en stark vasokonstriktor och stimulerar uts\u00f6ndringen av aldosteron fr\u00e5n binjurebarken. Den \u00e4r involverad i regleringen av blodtryck och kroppsv\u00e4tskor. Den kan delas in i angiotensin I-VII, och det finns fler studier p\u00e5 angiotensin I, angiotensin II och angiotensin III.<\/p>\n<p>&lt; &amp;&gt; <strong>Angiotensin Acetate\/ (Val5)-Angiotensin II CAS 58-49-1 Kemiska egenskaper<\/strong><br \/>\nlagringstemperatur -20\u00b0C<br \/>\ndensitet 1,45\u00b10,1 g\/cm3(f\u00f6rutsp\u00e5dd)<br \/>\nform pulver<br \/>\n pKa 3,56\u00b10,10(f\u00f6rutsp\u00e5dd)<br \/>\nInChIKey JVCJXRGXGITABA-IAQGTVMASA-N<br \/>\nCAS DataBase Reference 58-49-1<\/p>\n<p> <strong>Appl. Angiotensinacetat\/(Val5)-Angiotensin II CAS 58-49-1<\/strong><br \/>\nAngiotensinacetat, \u00e4ven k\u00e4nd som (Val5)-Angiotensin II, \u00e4r en angiotensin II-analog som \u00e4r en agonist AT1-angiotensinreceptorer. Angiotensin \u00e4r en oligopeptid och \u00e4r ett hormon och ett kraftfullt dipsogen. Det h\u00e4rr\u00f6r fr\u00e5n prekursormolekylen angiotensinogen, ett serumglobulin som produceras i levern. Det spelar en viktig roll i renin-angiotensinsystemet.<\/p>\n<p>Angiotensin II \u00e4r en potent vasokonstriktor som genereras av renin och angiotensinomvandlande enzym i f\u00f6ljd p\u00e5 angiotensinogen. De biologiska aktiviteterna av angiotensin II inkluderar reglering av blodtryck, salt- och vattenbalans och vaskul\u00e4r tonus. Dessutom stimulerar angiotensin II olika enzymer som NADPH-oxidas.<\/p>\n","protected":false},"excerpt":{"rendered":"<p>Produktnamn: Angiotensinacetat<br \/>\nCAS: 58-49-1<br \/>\nMF: C49H69N13O12<br \/>\nMW: 1032.17<br \/>\nMol Fil: 58-49-1.mol<\/p>\n","protected":false},"featured_media":2301,"comment_status":"open","ping_status":"closed","template":"","meta":{"om_disable_all_campaigns":false,"_monsterinsights_skip_tracking":false,"_monsterinsights_sitenote_active":false,"_monsterinsights_sitenote_note":"","_monsterinsights_sitenote_category":0,"site-sidebar-layout":"default","site-content-layout":"default","ast-site-content-layout":"default","site-content-style":"default","site-sidebar-style":"default","ast-global-header-display":"","ast-banner-title-visibility":"","ast-main-header-display":"","ast-hfb-above-header-display":"","ast-hfb-below-header-display":"","ast-hfb-mobile-header-display":"","site-post-title":"","ast-breadcrumbs-content":"","ast-featured-img":"","footer-sml-layout":"","ast-disable-related-posts":"","theme-transparent-header-meta":"default","adv-header-id-meta":"","stick-header-meta":"","header-above-stick-meta":"","header-main-stick-meta":"","header-below-stick-meta":"","astra-migrate-meta-layouts":"default","ast-page-background-enabled":"default","ast-page-background-meta":{"desktop":{"background-color":"","background-image":"","background-repeat":"repeat","background-position":"center center","background-size":"auto","background-attachment":"scroll","background-type":"","background-media":"","overlay-type":"","overlay-color":"","overlay-opacity":"","overlay-gradient":""},"tablet":{"background-color":"","background-image":"","background-repeat":"repeat","background-position":"center center","background-size":"auto","background-attachment":"scroll","background-type":"","background-media":"","overlay-type":"","overlay-color":"","overlay-opacity":"","overlay-gradient":""},"mobile":{"background-color":"","background-image":"","background-repeat":"repeat","background-position":"center center","background-size":"auto","background-attachment":"scroll","background-type":"","background-media":"","overlay-type":"","overlay-color":"","overlay-opacity":"","overlay-gradient":""}},"ast-content-background-meta":{"desktop":{"background-color":"var(--ast-global-color-5)","background-image":"","background-repeat":"repeat","background-position":"center center","background-size":"auto","background-attachment":"scroll","background-type":"","background-media":"","overlay-type":"","overlay-color":"","overlay-opacity":"","overlay-gradient":""},"tablet":{"background-color":"var(--ast-global-color-5)","background-image":"","background-repeat":"repeat","background-position":"center center","background-size":"auto","background-attachment":"scroll","background-type":"","background-media":"","overlay-type":"","overlay-color":"","overlay-opacity":"","overlay-gradient":""},"mobile":{"background-color":"var(--ast-global-color-5)","background-image":"","background-repeat":"repeat","background-position":"center center","background-size":"auto","background-attachment":"scroll","background-type":"","background-media":"","overlay-type":"","overlay-color":"","overlay-opacity":"","overlay-gradient":""}}},"product_brand":[],"product_cat":[422],"product_tag":[1981],"class_list":{"0":"post-7814","1":"product","2":"type-product","3":"status-publish","4":"has-post-thumbnail","6":"product_cat-blod-och-vaskular-peptid","7":"product_tag-angiotensin-acetate-val5-angiotensin-ii-cas-58-49-1-sv","8":"desktop-align-left","9":"tablet-align-left","10":"mobile-align-left","12":"first","13":"instock","14":"shipping-taxable","15":"product-type-simple"},"_links":{"self":[{"href":"https:\/\/puyapeptide.net\/sv\/wp-json\/wp\/v2\/product\/7814","targetHints":{"allow":["GET"]}}],"collection":[{"href":"https:\/\/puyapeptide.net\/sv\/wp-json\/wp\/v2\/product"}],"about":[{"href":"https:\/\/puyapeptide.net\/sv\/wp-json\/wp\/v2\/types\/product"}],"replies":[{"embeddable":true,"href":"https:\/\/puyapeptide.net\/sv\/wp-json\/wp\/v2\/comments?post=7814"}],"wp:featuredmedia":[{"embeddable":true,"href":"https:\/\/puyapeptide.net\/sv\/wp-json\/wp\/v2\/media\/2301"}],"wp:attachment":[{"href":"https:\/\/puyapeptide.net\/sv\/wp-json\/wp\/v2\/media?parent=7814"}],"wp:term":[{"taxonomy":"product_brand","embeddable":true,"href":"https:\/\/puyapeptide.net\/sv\/wp-json\/wp\/v2\/product_brand?post=7814"},{"taxonomy":"product_cat","embeddable":true,"href":"https:\/\/puyapeptide.net\/sv\/wp-json\/wp\/v2\/product_cat?post=7814"},{"taxonomy":"product_tag","embeddable":true,"href":"https:\/\/puyapeptide.net\/sv\/wp-json\/wp\/v2\/product_tag?post=7814"}],"curies":[{"name":"wp","href":"https:\/\/api.w.org\/{rel}","templated":true}]}}