{"id":7878,"date":"2021-12-16T11:18:00","date_gmt":"2021-12-16T16:18:00","guid":{"rendered":"https:\/\/puyapeptide.net\/product\/sermorelin-sermorelin-acetate-grf-1-29-amid-human-cas-86168-78-7\/"},"modified":"2021-12-16T11:18:00","modified_gmt":"2021-12-16T16:18:00","slug":"sermorelin-sermorelin-acetate-grf-1-29-amid-human-cas-86168-78-7","status":"publish","type":"product","link":"https:\/\/puyapeptide.net\/sv\/product\/sermorelin-sermorelin-acetate-grf-1-29-amid-human-cas-86168-78-7\/","title":{"rendered":"Sermorelin\/ Sermorelin Acetate\/ GRF (1-29) amid (human) CAS 86168-78-7"},"content":{"rendered":"<h2><strong>Sermorelin\/ Sermorelin Acetate\/ GRF (1-29) amid (human) CAS 86168-78-7<\/strong><\/h2>\n<p>Produktnamn: Sermorelin<br \/>\nSynonymer: SERMORELIN;SERMORELIN ACETATE;YADAIFTNSYRKVLGQLSARKLLQDIMSR-NH2;TYR-ALA-ASP-ALA-ILE-PHE-THR-ASN-SER-TYR-ARG-LYS-VAL-LEU- -GLN-LEU-SER-ALA-ARG-LYS-LEU-LEU-GLN-ASP-ILE-MET-SER-ARG-NH2;TYR-ALA-ASP-ALA-ILE-PHE-THR-ASN-SER-TYR -ARG-LYS-VAL-LEU-GLY-GLN-LEU-SER-ALA-ARG-LYS-LEU-LEU-GLN-ASP-ILE-MET-SER-ARG-NH2 HUMAN;tillv\u00e4xthormonfris\u00e4ttande faktor*fragment 1- 29 ami;H-TYR-ALA-ASP-ALA-ILE-PHE-THR-ASN-SER-TYR-ARG-LYS-VAL-LEU-GLY-GLN-LEU-SER-ALA-ARG-LYS-LEU-LEU -GLN-ASP-ILE-MET-SER-ARG-NH2;TILLV\u00c4XTHORMONFR\u00c4STANDE FAKTOR (1-29), AMID, HUMAN<br \/>\nCAS: 86168-78-7<br \/>\nMF: C149H246N44O42S<br \/>\nMW: 3357.<br \/>\nEINECS: 1312995-182-4<br \/>\nProduktkategorier: Peptid;Aminosyraderivat;GH-RHObesity Research;GH-RHPeptides for Cell Biology;Growth Hormone Releasing Factors;Neuropeptides;Neurotransmission (Fetma;Releasermore Factors)<br \/>\nMol Fil: 86168-78-7.mol<\/p>\n<p>Serm&#39;orelinacetat \u00e4r en biologisk aktiv analog av tillv\u00e4xtfris\u00e4ttande faktor (GRF 1-44) som \u00e4r en fris\u00e4ttning inghormon (GHRH) som produceras naturligt av den m\u00e4nskliga hj\u00e4rnan f\u00f6r att stimulera produktion och uts\u00f6ndring av hypofysen. Serm&#39;orelin \u00e4r inte ae; det \u00e4r en sekretagog, vilket inneb\u00e4r att den stimulerar hypofysen genom att binda till specifika receptorer f\u00f6r att \u00f6ka produktionen och uts\u00f6ndringen av<\/p>\n<p>Vid \u00e5ldrande minskar GHRH vilket orsakar minskad produktion och uts\u00f6ndring av hypofysen och d\u00e4rigenom \u00f6kad tillv\u00e4xthormonbrist som urholkar h\u00e4lsa, uth\u00e5llighet och vitalitet senare i livet. Serm&#39;orelin anses vara ett anti-aging-tillskott som kan hj\u00e4lpa kroppen att reparera skadade celler och f\u00f6rsvagade system orsakade av otillr\u00e4cklig . <\/p>\n<p>Serm&#39;orelin \u00e4r en GHRH-peptidanalog. Dess peptidsekvens best\u00e5r av 29 aminosyror. Denna sekvens \u00e4r en del av den endogena personen GHRH och anses f\u00f6r n\u00e4rvarande vara den kortaste syntetiska peptiden som besitter hela arrayen av funktionell GHRH-aktivitet. P\u00e5 grund av detta faktum anses sermor&#39;elin vara sekretagog.<\/p>\n<p>Serm&#39;orelin har anv\u00e4nts under forskning f\u00f6r att stimulera uts\u00f6ndringen fr\u00e5n adenohypofysen (\u00e4ven kallad hypofysen). Den fr\u00e4mre hypofysen uts\u00f6ndrar trofisk. Serm&#39;orelin har ocks\u00e5 anv\u00e4nts i forskningsstimuleringstester f\u00f6r att bed\u00f6ma hypofyssufficiens i relation till sekretet.<\/p>\n<p> <strong>Sermorelin\/ Sermorelin Acetate\/ GRF (1-29) amid (human) CAS 86168-78-7 Chemical Egenskaper<\/strong><br \/>\nalfa D20 -63,1\u00b0 (c = 1 i 30 % \u00e4ttiksyra)<br \/>\ndensitet 1,45\u00b10,1 g\/cm3(f\u00f6rutsp\u00e5dd)<br \/>\nlagringstemp. \u221220\u00b0C<br \/>\nInChIKey BVLCEKWPOSAKSZ-YQMCHIOTSA-N<br \/>\nCAS DataBase Reference 86168-78-7(CAS DataBase Reference)<\/p>\n<p> <strong>Funktioner av Sermorelin\/ Sermorelin Acetate\/ GRF (1-29) amid ( m\u00e4nniska) CAS 86168-78-7<\/strong><br \/>\n1. \u00d6kar energi, vitalitet, styrka och uth\u00e5llighet.<br \/>\n2. Tillv\u00e4xt av mager muskelmassa\/minskning av fett, \u00d6kning av mager muskelmassa.<br \/>\n3. Bryter ner kroppsfett och fettsyror.<br \/>\n4. F\u00f6rb\u00e4ttrar hj\u00e4rtfunktionen.<br \/>\n5. \u00d6kar kalciumretention som st\u00e4rker och \u00f6kar bent\u00e4theten.<br \/>\n6. F\u00f6rst\u00e4rker immunf\u00f6rsvaret och p\u00e5skyndar l\u00e4kning fr\u00e5n s\u00e5r eller operation.<br \/>\n7. Fr\u00e4mjar icke-REM l\u00e5ngsam v\u00e5gs\u00f6mn, f\u00f6rb\u00e4ttrad s\u00f6mnkvalitet.<br \/>\n8. \u00d6kar proteinsyntesen och stimulerar tillv\u00e4xten av alla inre organ utom hj\u00e4rnan.<br \/>\n9. Hud och naglars h\u00e4lsa (stramare hud, tjockare naglar).<br \/>\n10. Minskad kroppsv\u00e4rk som led- och muskelsm\u00e4rta.<\/p>\n<p> <strong>Anv\u00e4ndning av Sermorelin\/ Sermorelin Acetate\/ GRF (1-29) amid (human) CAS 86168-78-7<\/strong><br \/>\nSerm&#39;orelin har ett brett sortiment positiva effekter. P\u00e5 grund av sin natur som en GHRH, \u00f6kar sermo&#39;relin bara kroppens f\u00f6rm\u00e5ga att producera mer; det \u00e4r inte en injektion i sig sj\u00e4lv. I b\u00e5de en prestationsh\u00f6jande och allm\u00e4nt v\u00e4lbefinnande mening har sermo&#39;relin ett brett spektrum av f\u00f6rdelar som g\u00f6r det till en kraftfull och v\u00e4rdefull substans.<\/p>\n<p>Sermo&#39;relinacetat \u00e4r ett humant hormonfris\u00e4ttande hormon (GHRH eller GRF) anv\u00e4nds f\u00f6r diagnostisk utv\u00e4rdering av hypofysfunktion och \u00e4ven f\u00f6r att \u00f6ka tillv\u00e4xten hos barn.<\/p>\n","protected":false},"excerpt":{"rendered":"<p>Produktnamn: Sermorelin<br \/>\nCAS: 86168-78-7<br \/>\nMF: C149H246N44O42S<br \/>\nMW: 3357.93<br \/>\nEINECS: 1312995-182-4<br \/>\nMol Fil: 86168-78-7<\/p>\n","protected":false},"featured_media":2133,"comment_status":"open","ping_status":"closed","template":"","meta":{"om_disable_all_campaigns":false,"_monsterinsights_skip_tracking":false,"_monsterinsights_sitenote_active":false,"_monsterinsights_sitenote_note":"","_monsterinsights_sitenote_category":0,"site-sidebar-layout":"default","site-content-layout":"default","ast-site-content-layout":"default","site-content-style":"default","site-sidebar-style":"default","ast-global-header-display":"","ast-banner-title-visibility":"","ast-main-header-display":"","ast-hfb-above-header-display":"","ast-hfb-below-header-display":"","ast-hfb-mobile-header-display":"","site-post-title":"","ast-breadcrumbs-content":"","ast-featured-img":"","footer-sml-layout":"","ast-disable-related-posts":"","theme-transparent-header-meta":"default","adv-header-id-meta":"","stick-header-meta":"","header-above-stick-meta":"","header-main-stick-meta":"","header-below-stick-meta":"","astra-migrate-meta-layouts":"default","ast-page-background-enabled":"default","ast-page-background-meta":{"desktop":{"background-color":"","background-image":"","background-repeat":"repeat","background-position":"center center","background-size":"auto","background-attachment":"scroll","background-type":"","background-media":"","overlay-type":"","overlay-color":"","overlay-opacity":"","overlay-gradient":""},"tablet":{"background-color":"","background-image":"","background-repeat":"repeat","background-position":"center center","background-size":"auto","background-attachment":"scroll","background-type":"","background-media":"","overlay-type":"","overlay-color":"","overlay-opacity":"","overlay-gradient":""},"mobile":{"background-color":"","background-image":"","background-repeat":"repeat","background-position":"center center","background-size":"auto","background-attachment":"scroll","background-type":"","background-media":"","overlay-type":"","overlay-color":"","overlay-opacity":"","overlay-gradient":""}},"ast-content-background-meta":{"desktop":{"background-color":"var(--ast-global-color-5)","background-image":"","background-repeat":"repeat","background-position":"center center","background-size":"auto","background-attachment":"scroll","background-type":"","background-media":"","overlay-type":"","overlay-color":"","overlay-opacity":"","overlay-gradient":""},"tablet":{"background-color":"var(--ast-global-color-5)","background-image":"","background-repeat":"repeat","background-position":"center center","background-size":"auto","background-attachment":"scroll","background-type":"","background-media":"","overlay-type":"","overlay-color":"","overlay-opacity":"","overlay-gradient":""},"mobile":{"background-color":"var(--ast-global-color-5)","background-image":"","background-repeat":"repeat","background-position":"center center","background-size":"auto","background-attachment":"scroll","background-type":"","background-media":"","overlay-type":"","overlay-color":"","overlay-opacity":"","overlay-gradient":""}}},"product_brand":[],"product_cat":[527],"product_tag":[1912],"class_list":{"0":"post-7878","1":"product","2":"type-product","3":"status-publish","4":"has-post-thumbnail","6":"product_cat-andra-peptider","7":"product_tag-sermorelin-sermorelin-acetate-grf-1-29-amide-human-cas-86168-78-7-sv","8":"desktop-align-left","9":"tablet-align-left","10":"mobile-align-left","12":"first","13":"instock","14":"shipping-taxable","15":"product-type-simple"},"_links":{"self":[{"href":"https:\/\/puyapeptide.net\/sv\/wp-json\/wp\/v2\/product\/7878","targetHints":{"allow":["GET"]}}],"collection":[{"href":"https:\/\/puyapeptide.net\/sv\/wp-json\/wp\/v2\/product"}],"about":[{"href":"https:\/\/puyapeptide.net\/sv\/wp-json\/wp\/v2\/types\/product"}],"replies":[{"embeddable":true,"href":"https:\/\/puyapeptide.net\/sv\/wp-json\/wp\/v2\/comments?post=7878"}],"wp:featuredmedia":[{"embeddable":true,"href":"https:\/\/puyapeptide.net\/sv\/wp-json\/wp\/v2\/media\/2133"}],"wp:attachment":[{"href":"https:\/\/puyapeptide.net\/sv\/wp-json\/wp\/v2\/media?parent=7878"}],"wp:term":[{"taxonomy":"product_brand","embeddable":true,"href":"https:\/\/puyapeptide.net\/sv\/wp-json\/wp\/v2\/product_brand?post=7878"},{"taxonomy":"product_cat","embeddable":true,"href":"https:\/\/puyapeptide.net\/sv\/wp-json\/wp\/v2\/product_cat?post=7878"},{"taxonomy":"product_tag","embeddable":true,"href":"https:\/\/puyapeptide.net\/sv\/wp-json\/wp\/v2\/product_tag?post=7878"}],"curies":[{"name":"wp","href":"https:\/\/api.w.org\/{rel}","templated":true}]}}