{"id":7934,"date":"2021-12-16T11:20:56","date_gmt":"2021-12-16T16:20:56","guid":{"rendered":"https:\/\/puyapeptide.net\/product\/deslorelin-deslorelin-acetate-cas-57773-65-6-behandling-av-prostatacancer\/"},"modified":"2021-12-16T11:20:56","modified_gmt":"2021-12-16T16:20:56","slug":"deslorelin-deslorelin-acetate-cas-57773-65-6-behandling-av-prostatacancer","status":"publish","type":"product","link":"https:\/\/puyapeptide.net\/sv\/product\/deslorelin-deslorelin-acetate-cas-57773-65-6-behandling-av-prostatacancer\/","title":{"rendered":"Deslorelin\/Deslorelin Acetate CAS 57773-65-6 Behandling av prostatacancer"},"content":{"rendered":"<h2><strong>Deslorelin\/Deslorelin Acetate CAS 57773-65-6 Behandling av prostatacancer<\/strong><\/h2>\n<p>Produktnamn: Deslorelin<br \/>\nSynonymer: GLP-HIS-TRP-SER-TYR-D-TRP-LEU-ARG-PRO-NHET;[D-TRP6, DES-GLY10]-LH-RH ETHYLAMIDE;DESORELIN ;DESLORELIN;deslorelinacetat;DESLORELIN (HUMAN);DES-GLY10,[D-TRP6]-LH-RH ETYLAMID;(DES-GLY10,D-TRP6,PRO-NHET9)-GONADOTROPINFR\u00c4S\u00c4TTANDE HORMON&lt;57&amp;&gt;773: -65-6<br \/>\nMF: C64H83N17O12<br \/>\nMW: 1282.48<br \/>\nEINECS: 637-335-2<br \/>\nProduktkategorier: hormoner;Peptid<br \/>\nMol Fil: 57773-65-6.mol&lt;&amp; &gt;<br \/>\nDeslorelin\/Dehydronandrolonacetat \u00e4r en nyckelmellanprodukt f\u00f6r syntesen (faslodex), medan den f\u00f6rra var ett l\u00e4kemedel mot br\u00f6stcancer som utvecklats av AstraZeneca Company och det senare var en syntetisk steroid som marknadsf\u00f6rs av Organon Company f\u00f6r besv\u00e4r efter klimakteriet. Det \u00e4r en effektiv f\u00f6rening som ger l\u00e5ngvariga muskel\u00f6kningar av h\u00f6g kvalitet. Detta beror p\u00e5 den relativt l\u00e5nga halveringstiden f\u00f6r l\u00e4kemedlet. Anv\u00e4ndare rapporterar milda biverkningar, d\u00e4r den st\u00f6rsta biverkningen \u00e4r v\u00e4tskeretention. \u00e4r en viktig intermedi\u00e4r f\u00f6r syntesen (faslodex), medan den f\u00f6rra var ett l\u00e4kemedel mot br\u00f6stcancer som utvecklats av AstraZeneca Company och det senare var en syntetisk steroid som marknadsf\u00f6rs av Organon Company f\u00f6r postclimacteric besv\u00e4r. Det \u00e4r en effektiv f\u00f6rening som ger l\u00e5ngvariga muskel\u00f6kningar av h\u00f6g kvalitet. Detta beror p\u00e5 den relativt l\u00e5nga halveringstiden f\u00f6r l\u00e4kemedlet. Anv\u00e4ndare rapporterar milda biverkningar, d\u00e4r den st\u00f6rsta biverkningen \u00e4r v\u00e4tskeretention. \u00e4r en viktig intermedi\u00e4r f\u00f6r syntesen (faslodex), medan den f\u00f6rra var ett l\u00e4kemedel mot br\u00f6stcancer som utvecklats av AstraZeneca Company och det senare var en syntetisk steroid som marknadsf\u00f6rs av Organon Company f\u00f6r postclimacteric besv\u00e4r. Det \u00e4r en effektiv f\u00f6rening som ger l\u00e5ngvariga muskel\u00f6kningar av h\u00f6g kvalitet. Detta beror p\u00e5 den relativt l\u00e5nga halveringstiden f\u00f6r l\u00e4kemedlet. Anv\u00e4ndare rapporterar milda biverkningar, d\u00e4r den st\u00f6rsta biverkningen \u00e4r vattenretention.<\/p>\n<p> <strong>Deslorelin\/Deslorelin Acetate CAS 57773-65-6 Kemiska egenskaper<\/strong><br \/>\nalfa D24 -61\u00b0 (c = 0,37 i 0,1M \u00e4ttiksyra )<br \/>\ndensitet 1,48\u00b10,1 g\/cm3(f\u00f6rutsp\u00e5dd)<br \/>\nlagringstemp. \u221220\u00b0C<br \/>\npka 9,82\u00b10,15(f\u00f6rutsp\u00e5dd)<br \/>\nCAS DataBase Reference 57773-65-6(CAS DataBase Reference)<\/p>\n<p> <strong>Funktion och till\u00e4mpning av Deslorelin\/ Deslorelin Acetate CAS 57773-65-6<\/strong><br \/>\nDeslorelin testades framg\u00e5ngsrikt i USA och godk\u00e4ndes f\u00f6r veterin\u00e4rmedicinsk anv\u00e4ndning under vissa omst\u00e4ndigheter. I Europa godk\u00e4ndes den f\u00f6r anv\u00e4ndning i h\u00e4stassisterad reproduktion.<br \/>\nDet testas ocks\u00e5 p\u00e5 m\u00e4nniskor f\u00f6r att studera dess effektivitet vid behandling av br\u00f6stcancer hos kvinnor och vid behandling av tidig pubertet och medf\u00f6dd binjurehyperplasi hos manliga och kvinnliga barn.<\/p>\n","protected":false},"excerpt":{"rendered":"<p>Produktnamn: Deslorelin<br \/>\nCAS: 57773-65-6<br \/>\nMF: C64H83N17O12<br \/>\nMW: 1282.48<br \/>\nEINECS: 637-335-2<br \/>\nMol Fil: 57773-65-6.mol<\/p>\n","protected":false},"featured_media":2112,"comment_status":"open","ping_status":"closed","template":"","meta":{"om_disable_all_campaigns":false,"_monsterinsights_skip_tracking":false,"_monsterinsights_sitenote_active":false,"_monsterinsights_sitenote_note":"","_monsterinsights_sitenote_category":0,"site-sidebar-layout":"default","site-content-layout":"default","ast-site-content-layout":"default","site-content-style":"default","site-sidebar-style":"default","ast-global-header-display":"","ast-banner-title-visibility":"","ast-main-header-display":"","ast-hfb-above-header-display":"","ast-hfb-below-header-display":"","ast-hfb-mobile-header-display":"","site-post-title":"","ast-breadcrumbs-content":"","ast-featured-img":"","footer-sml-layout":"","ast-disable-related-posts":"","theme-transparent-header-meta":"default","adv-header-id-meta":"","stick-header-meta":"","header-above-stick-meta":"","header-main-stick-meta":"","header-below-stick-meta":"","astra-migrate-meta-layouts":"default","ast-page-background-enabled":"default","ast-page-background-meta":{"desktop":{"background-color":"","background-image":"","background-repeat":"repeat","background-position":"center center","background-size":"auto","background-attachment":"scroll","background-type":"","background-media":"","overlay-type":"","overlay-color":"","overlay-opacity":"","overlay-gradient":""},"tablet":{"background-color":"","background-image":"","background-repeat":"repeat","background-position":"center center","background-size":"auto","background-attachment":"scroll","background-type":"","background-media":"","overlay-type":"","overlay-color":"","overlay-opacity":"","overlay-gradient":""},"mobile":{"background-color":"","background-image":"","background-repeat":"repeat","background-position":"center center","background-size":"auto","background-attachment":"scroll","background-type":"","background-media":"","overlay-type":"","overlay-color":"","overlay-opacity":"","overlay-gradient":""}},"ast-content-background-meta":{"desktop":{"background-color":"var(--ast-global-color-5)","background-image":"","background-repeat":"repeat","background-position":"center center","background-size":"auto","background-attachment":"scroll","background-type":"","background-media":"","overlay-type":"","overlay-color":"","overlay-opacity":"","overlay-gradient":""},"tablet":{"background-color":"var(--ast-global-color-5)","background-image":"","background-repeat":"repeat","background-position":"center center","background-size":"auto","background-attachment":"scroll","background-type":"","background-media":"","overlay-type":"","overlay-color":"","overlay-opacity":"","overlay-gradient":""},"mobile":{"background-color":"var(--ast-global-color-5)","background-image":"","background-repeat":"repeat","background-position":"center center","background-size":"auto","background-attachment":"scroll","background-type":"","background-media":"","overlay-type":"","overlay-color":"","overlay-opacity":"","overlay-gradient":""}}},"product_brand":[],"product_cat":[384],"product_tag":[1873],"class_list":{"0":"post-7934","1":"product","2":"type-product","3":"status-publish","4":"has-post-thumbnail","6":"product_cat-anti-tumor-peptid","7":"product_tag-deslorelin-deslorelin-acetate-cas-57773-65-6-treatment-of-prostate-cancer-sv","8":"desktop-align-left","9":"tablet-align-left","10":"mobile-align-left","12":"first","13":"instock","14":"shipping-taxable","15":"product-type-simple"},"_links":{"self":[{"href":"https:\/\/puyapeptide.net\/sv\/wp-json\/wp\/v2\/product\/7934","targetHints":{"allow":["GET"]}}],"collection":[{"href":"https:\/\/puyapeptide.net\/sv\/wp-json\/wp\/v2\/product"}],"about":[{"href":"https:\/\/puyapeptide.net\/sv\/wp-json\/wp\/v2\/types\/product"}],"replies":[{"embeddable":true,"href":"https:\/\/puyapeptide.net\/sv\/wp-json\/wp\/v2\/comments?post=7934"}],"wp:featuredmedia":[{"embeddable":true,"href":"https:\/\/puyapeptide.net\/sv\/wp-json\/wp\/v2\/media\/2112"}],"wp:attachment":[{"href":"https:\/\/puyapeptide.net\/sv\/wp-json\/wp\/v2\/media?parent=7934"}],"wp:term":[{"taxonomy":"product_brand","embeddable":true,"href":"https:\/\/puyapeptide.net\/sv\/wp-json\/wp\/v2\/product_brand?post=7934"},{"taxonomy":"product_cat","embeddable":true,"href":"https:\/\/puyapeptide.net\/sv\/wp-json\/wp\/v2\/product_cat?post=7934"},{"taxonomy":"product_tag","embeddable":true,"href":"https:\/\/puyapeptide.net\/sv\/wp-json\/wp\/v2\/product_tag?post=7934"}],"curies":[{"name":"wp","href":"https:\/\/api.w.org\/{rel}","templated":true}]}}