{"id":7979,"date":"2021-12-16T11:24:16","date_gmt":"2021-12-16T16:24:16","guid":{"rendered":"https:\/\/puyapeptide.net\/product\/puya-supply-ipamorelin-ipamorelin-acetate-cas-170851-70-4\/"},"modified":"2021-12-16T11:24:16","modified_gmt":"2021-12-16T16:24:16","slug":"puya-supply-ipamorelin-ipamorelin-acetate-cas-170851-70-4","status":"publish","type":"product","link":"https:\/\/puyapeptide.net\/sv\/product\/puya-supply-ipamorelin-ipamorelin-acetate-cas-170851-70-4\/","title":{"rendered":"Puya Supply Ipamorelin\/ Ipamorelin Acetate CAS 170851-70-4"},"content":{"rendered":"<h2><strong>Puya Supply Ipamorelin\/ Ipamorelin Acetate CAS 170851-70-4<\/strong><\/h2>\n<p>Produktnamn: Ipamorelin<br \/>\nSynonymer: IpoMarelin;IpaMorelin Acetate;Aib-His-D-2-Nal-D-Phe-Lys-NH2;IPAMORELIN(1MG);IPAMORELIN(5MG);2-Methylalanyl-L -histidyl-3-(2-naftyl)-D-alanyl-D-fenylalanyl-L-lysinamid; L-lysinamid, 2-metylalanyl-L-histidyl-3-(2-naftalenyl)-D-alanyl-D-fenylalanyl -;NNC-26-0161<br \/>\nCAS: 170851-70-4<br \/>\nMF: C38H49N9O5<br \/>\nMW: 711.85<br \/>\nEINECS:<br \/>\nProduktkategorier: Peptider<br \/>\nMol Fil: 170851-70 -4.mol<\/p>\n<p>Ipamorelin \u00e4r en GHRP (growth hormone releasing peptide), som anses vara den mildaste, eftersom den fris\u00e4tts stabilt och l\u00e5ngsamt utan stark desensibilisering. Ipamorelin har en enkel funktion och kan \u00f6ka produktionen av naturligt GH i kroppen. Hj\u00e4lp oss att bygga ny tunnv\u00e4vnad och hj\u00e4lp till att skydda befintlig tunnv\u00e4vnad. Det \u00e4r bra f\u00f6r s\u00f6mnen och har anti-aging effektBland de tillv\u00e4xthormonsekretagogande peptidvarianterna.<\/p>\n<p> <strong>Ipamorelin\/ Ipamorelin Acetate CAS 170851-70-4 Kemiska egenskaper<\/strong><br \/>\nKokpunkt 1185,5\u00b165,0 \u00b0C(f\u00f6rutsp\u00e5dd)&lt; &amp;&gt;densitet 1,263\u00b10,06 g\/cm3(f\u00f6rutsp\u00e5dd)<br \/>\npka 13,04\u00b10,46(f\u00f6rutsp\u00e5dd)<\/p>\n<p> <strong>Funktion och till\u00e4mpning av Ipamorelin\/Ipamorelin Acetate CAS 170851-70-4<\/strong><br \/>\nIpomorelin \u00e4r en fascinerande nyhet muskelbyggande uppt\u00e4ckt som f\u00e5r mycket uppm\u00e4rksamhet i bodybuildingv\u00e4rlden. Liksom GHRP\/6-peptiden (fris\u00e4ttande hexapeptid), \u00e4r det en syntetisk peptid som har kraftfulla frig\u00f6rande egenskaper. Och dessa frig\u00f6rande egenskaper \u00e4r det som \u00e4r av intresse f\u00f6r idrottare och kroppsbyggare eftersom de kan g\u00f6ra en enorm skillnad i m\u00e4ngden muskler du kan v\u00e4xa och hur snabbt du br\u00e4nner fett.<\/p>\n","protected":false},"excerpt":{"rendered":"<p>Produktnamn: Ipamorelin<br \/>\nCAS: 170851-70-4<br \/>\nMF: C38H49N9O5<br \/>\nMW: 711.85<br \/>\nMol Fil: 170851-70-4.mol<\/p>\n","protected":false},"featured_media":2217,"comment_status":"open","ping_status":"closed","template":"","meta":{"om_disable_all_campaigns":false,"_monsterinsights_skip_tracking":false,"_monsterinsights_sitenote_active":false,"_monsterinsights_sitenote_note":"","_monsterinsights_sitenote_category":0,"site-sidebar-layout":"default","site-content-layout":"default","ast-site-content-layout":"default","site-content-style":"default","site-sidebar-style":"default","ast-global-header-display":"","ast-banner-title-visibility":"","ast-main-header-display":"","ast-hfb-above-header-display":"","ast-hfb-below-header-display":"","ast-hfb-mobile-header-display":"","site-post-title":"","ast-breadcrumbs-content":"","ast-featured-img":"","footer-sml-layout":"","ast-disable-related-posts":"","theme-transparent-header-meta":"default","adv-header-id-meta":"","stick-header-meta":"","header-above-stick-meta":"","header-main-stick-meta":"","header-below-stick-meta":"","astra-migrate-meta-layouts":"default","ast-page-background-enabled":"default","ast-page-background-meta":{"desktop":{"background-color":"","background-image":"","background-repeat":"repeat","background-position":"center center","background-size":"auto","background-attachment":"scroll","background-type":"","background-media":"","overlay-type":"","overlay-color":"","overlay-opacity":"","overlay-gradient":""},"tablet":{"background-color":"","background-image":"","background-repeat":"repeat","background-position":"center center","background-size":"auto","background-attachment":"scroll","background-type":"","background-media":"","overlay-type":"","overlay-color":"","overlay-opacity":"","overlay-gradient":""},"mobile":{"background-color":"","background-image":"","background-repeat":"repeat","background-position":"center center","background-size":"auto","background-attachment":"scroll","background-type":"","background-media":"","overlay-type":"","overlay-color":"","overlay-opacity":"","overlay-gradient":""}},"ast-content-background-meta":{"desktop":{"background-color":"var(--ast-global-color-5)","background-image":"","background-repeat":"repeat","background-position":"center center","background-size":"auto","background-attachment":"scroll","background-type":"","background-media":"","overlay-type":"","overlay-color":"","overlay-opacity":"","overlay-gradient":""},"tablet":{"background-color":"var(--ast-global-color-5)","background-image":"","background-repeat":"repeat","background-position":"center center","background-size":"auto","background-attachment":"scroll","background-type":"","background-media":"","overlay-type":"","overlay-color":"","overlay-opacity":"","overlay-gradient":""},"mobile":{"background-color":"var(--ast-global-color-5)","background-image":"","background-repeat":"repeat","background-position":"center center","background-size":"auto","background-attachment":"scroll","background-type":"","background-media":"","overlay-type":"","overlay-color":"","overlay-opacity":"","overlay-gradient":""}}},"product_brand":[],"product_cat":[527],"product_tag":[1827],"class_list":{"0":"post-7979","1":"product","2":"type-product","3":"status-publish","4":"has-post-thumbnail","6":"product_cat-andra-peptider","7":"product_tag-puya-supply-ipamorelin-ipamorelin-acetate-cas-170851-70-4-sv","8":"desktop-align-left","9":"tablet-align-left","10":"mobile-align-left","12":"first","13":"instock","14":"shipping-taxable","15":"product-type-simple"},"_links":{"self":[{"href":"https:\/\/puyapeptide.net\/sv\/wp-json\/wp\/v2\/product\/7979","targetHints":{"allow":["GET"]}}],"collection":[{"href":"https:\/\/puyapeptide.net\/sv\/wp-json\/wp\/v2\/product"}],"about":[{"href":"https:\/\/puyapeptide.net\/sv\/wp-json\/wp\/v2\/types\/product"}],"replies":[{"embeddable":true,"href":"https:\/\/puyapeptide.net\/sv\/wp-json\/wp\/v2\/comments?post=7979"}],"wp:featuredmedia":[{"embeddable":true,"href":"https:\/\/puyapeptide.net\/sv\/wp-json\/wp\/v2\/media\/2217"}],"wp:attachment":[{"href":"https:\/\/puyapeptide.net\/sv\/wp-json\/wp\/v2\/media?parent=7979"}],"wp:term":[{"taxonomy":"product_brand","embeddable":true,"href":"https:\/\/puyapeptide.net\/sv\/wp-json\/wp\/v2\/product_brand?post=7979"},{"taxonomy":"product_cat","embeddable":true,"href":"https:\/\/puyapeptide.net\/sv\/wp-json\/wp\/v2\/product_cat?post=7979"},{"taxonomy":"product_tag","embeddable":true,"href":"https:\/\/puyapeptide.net\/sv\/wp-json\/wp\/v2\/product_tag?post=7979"}],"curies":[{"name":"wp","href":"https:\/\/api.w.org\/{rel}","templated":true}]}}