{"id":8033,"date":"2021-12-16T11:26:55","date_gmt":"2021-12-16T16:26:55","guid":{"rendered":"https:\/\/puyapeptide.net\/product\/teduglutide-alx-0600-cas-197922-42-2-for-laboratorieforskning\/"},"modified":"2021-12-16T11:26:55","modified_gmt":"2021-12-16T16:26:55","slug":"teduglutide-alx-0600-cas-197922-42-2-for-laboratorieforskning","status":"publish","type":"product","link":"https:\/\/puyapeptide.net\/sv\/product\/teduglutide-alx-0600-cas-197922-42-2-for-laboratorieforskning\/","title":{"rendered":"Teduglutide\/ ALX 0600 CAS 197922-42-2 F\u00f6r laboratorieforskning"},"content":{"rendered":"<h2><strong>Teduglutide\/ ALX 0600 CAS 197922-42-2 F\u00f6r laboratorieforskning<\/strong><\/h2>\n<p>Produktnamn: Teduglutide\/ ALX 0600<br \/>\nSynonymer: ALX 0600;Gattex;Glukagonliknande peptid II [2-glycin] (human);Teduglutid;ALX 0600 USP\/EP\/BP<br \/>\nCAS: 197922- 42-2<br \/>\nMF: C164H252N44O55S<br \/>\nMW: 3752.08248<br \/>\nEINECS:<br \/>\nProduktkategorier:<br \/>\nMol Fil: 197922-42-2.mol<\/p>\n<p>Teduglutid \u00e4r en glukagon- som peptid-2 (GLP-2) analog. Den best\u00e5r av 33 aminosyror och tillverkas med en stam av Escherichia coli modifierad med rekombinant DNA-teknologi.<\/p>\n<p>Teduglutid skiljer sig fr\u00e5n GLP-2 med en aminosyra (alanin ers\u00e4tts med glycin). Betydelsen av denna substitution \u00e4r att teduglutid verkar l\u00e4ngre \u00e4n endogent GLP-2 eftersom det \u00e4r mer resistent mot proteolys fr\u00e5n dipeptidylpeptidas-4.<\/p>\n<p> <strong>Anv\u00e4ndning av Teduglutid\/ALX 0600 CAS 197922-42-2<\/strong><br \/>\n Behandling av tarmsjukdomar som k\u00e4nnetecknas av kemiska eller kirurgiska skador p\u00e5 tarmepitelet s\u00e5som Short Bowel Syndrome (SBS) eller skada p\u00e5 tarmepitelet p\u00e5 grund av sjukdom (glukagonliknande peptid-2 (GLP-2) analog).<br \/>\n&lt; &amp;&gt; <strong>Anv\u00e4ndningsomr\u00e5de f\u00f6r Teduglutid\/ALX 0600 CAS 197922-42-2<\/strong><br \/>\nTeduglutid \u00e4r en glukagonliknande peptid-2 (GLP-2); regenerering, underh\u00e5ll och reparation av tarmen.<\/p>\n","protected":false},"excerpt":{"rendered":"<p>Produktnamn: Teduglutide\/ ALX 0600<br \/>\nCAS: 197922-42-2<br \/>\nMF: C164H252N44O55S<br \/>\nMW: 3752.08248<br \/>\nMol Fil: 197922-42-2.mol<\/p>\n","protected":false},"featured_media":2133,"comment_status":"open","ping_status":"closed","template":"","meta":{"om_disable_all_campaigns":false,"_monsterinsights_skip_tracking":false,"_monsterinsights_sitenote_active":false,"_monsterinsights_sitenote_note":"","_monsterinsights_sitenote_category":0,"site-sidebar-layout":"default","site-content-layout":"default","ast-site-content-layout":"default","site-content-style":"default","site-sidebar-style":"default","ast-global-header-display":"","ast-banner-title-visibility":"","ast-main-header-display":"","ast-hfb-above-header-display":"","ast-hfb-below-header-display":"","ast-hfb-mobile-header-display":"","site-post-title":"","ast-breadcrumbs-content":"","ast-featured-img":"","footer-sml-layout":"","ast-disable-related-posts":"","theme-transparent-header-meta":"default","adv-header-id-meta":"","stick-header-meta":"","header-above-stick-meta":"","header-main-stick-meta":"","header-below-stick-meta":"","astra-migrate-meta-layouts":"default","ast-page-background-enabled":"default","ast-page-background-meta":{"desktop":{"background-color":"","background-image":"","background-repeat":"repeat","background-position":"center center","background-size":"auto","background-attachment":"scroll","background-type":"","background-media":"","overlay-type":"","overlay-color":"","overlay-opacity":"","overlay-gradient":""},"tablet":{"background-color":"","background-image":"","background-repeat":"repeat","background-position":"center center","background-size":"auto","background-attachment":"scroll","background-type":"","background-media":"","overlay-type":"","overlay-color":"","overlay-opacity":"","overlay-gradient":""},"mobile":{"background-color":"","background-image":"","background-repeat":"repeat","background-position":"center center","background-size":"auto","background-attachment":"scroll","background-type":"","background-media":"","overlay-type":"","overlay-color":"","overlay-opacity":"","overlay-gradient":""}},"ast-content-background-meta":{"desktop":{"background-color":"var(--ast-global-color-5)","background-image":"","background-repeat":"repeat","background-position":"center center","background-size":"auto","background-attachment":"scroll","background-type":"","background-media":"","overlay-type":"","overlay-color":"","overlay-opacity":"","overlay-gradient":""},"tablet":{"background-color":"var(--ast-global-color-5)","background-image":"","background-repeat":"repeat","background-position":"center center","background-size":"auto","background-attachment":"scroll","background-type":"","background-media":"","overlay-type":"","overlay-color":"","overlay-opacity":"","overlay-gradient":""},"mobile":{"background-color":"var(--ast-global-color-5)","background-image":"","background-repeat":"repeat","background-position":"center center","background-size":"auto","background-attachment":"scroll","background-type":"","background-media":"","overlay-type":"","overlay-color":"","overlay-opacity":"","overlay-gradient":""}}},"product_brand":[],"product_cat":[448],"product_tag":[1650],"class_list":{"0":"post-8033","1":"product","2":"type-product","3":"status-publish","4":"has-post-thumbnail","6":"product_cat-peptid-for-mag-tarmsystemet","7":"product_tag-teduglutide-alx-0600-cas-197922-42-2-for-lab-research-sv","8":"desktop-align-left","9":"tablet-align-left","10":"mobile-align-left","12":"first","13":"instock","14":"shipping-taxable","15":"product-type-simple"},"_links":{"self":[{"href":"https:\/\/puyapeptide.net\/sv\/wp-json\/wp\/v2\/product\/8033","targetHints":{"allow":["GET"]}}],"collection":[{"href":"https:\/\/puyapeptide.net\/sv\/wp-json\/wp\/v2\/product"}],"about":[{"href":"https:\/\/puyapeptide.net\/sv\/wp-json\/wp\/v2\/types\/product"}],"replies":[{"embeddable":true,"href":"https:\/\/puyapeptide.net\/sv\/wp-json\/wp\/v2\/comments?post=8033"}],"wp:featuredmedia":[{"embeddable":true,"href":"https:\/\/puyapeptide.net\/sv\/wp-json\/wp\/v2\/media\/2133"}],"wp:attachment":[{"href":"https:\/\/puyapeptide.net\/sv\/wp-json\/wp\/v2\/media?parent=8033"}],"wp:term":[{"taxonomy":"product_brand","embeddable":true,"href":"https:\/\/puyapeptide.net\/sv\/wp-json\/wp\/v2\/product_brand?post=8033"},{"taxonomy":"product_cat","embeddable":true,"href":"https:\/\/puyapeptide.net\/sv\/wp-json\/wp\/v2\/product_cat?post=8033"},{"taxonomy":"product_tag","embeddable":true,"href":"https:\/\/puyapeptide.net\/sv\/wp-json\/wp\/v2\/product_tag?post=8033"}],"curies":[{"name":"wp","href":"https:\/\/api.w.org\/{rel}","templated":true}]}}