{"id":8120,"date":"2021-12-16T12:19:48","date_gmt":"2021-12-16T17:19:48","guid":{"rendered":"https:\/\/puyapeptide.net\/product\/hot-sale-vasopressin-cas-11000-17-2-for-laboratorieforskning\/"},"modified":"2021-12-16T12:19:48","modified_gmt":"2021-12-16T17:19:48","slug":"hot-sale-vasopressin-cas-11000-17-2-for-laboratorieforskning","status":"publish","type":"product","link":"https:\/\/puyapeptide.net\/sv\/product\/hot-sale-vasopressin-cas-11000-17-2-for-laboratorieforskning\/","title":{"rendered":"Hot Sale Vasopressin CAS 11000-17-2 F\u00f6r laboratorieforskning"},"content":{"rendered":"<h2><strong>Hot Sale Vasopressin CAS 11000-17-2 F\u00f6r laboratorieforskning<\/strong><\/h2>\n<p>Produktnamn: Vasopressin<br \/>\nSynonymer: adh(hormon);leiormone;pitressin;pituitrin;tonefin;vasofysin;1-[19-amino-13-butan-2-yl-10-(2-karbamoyletyl)- 7-(karbamoylmetyl)-16-[(4-hydroxifenyl)metyl]-6,9,12,15,18-pentaoxo-1,2-ditia-5,8,11,14,17-pentazacykloikosan-4-karbonyl ]-N-[1-(karbamoylmetylkarbamoyl)-4-(diaminometylidenamino)butyl]pyrrolidin-2-karboxamid; VASOPRESSINACETAT<br \/>\nCAS: 11000-17-2<br \/>\nMF: C46H65N13O12S2<br \/>\nMW: 22&amp;56.2 &gt;EINECS: 234-236-2<br \/>\nProduktkategorier:<br \/>\nMol Fil: 11000-17-2.mol<\/p>\n<p>Antidiuretiskt hormon, \u00e4ven k\u00e4nt som vasopressin, \u00e4r en peptid med nio aminosyror som uts\u00f6ndras fr\u00e5n bakre hypofysen. Antidiuretiskt hormon binder till receptorer i de distala eller samlande tubuli i njuren och fr\u00e4mjar \u00e5terupptag av vatten tillbaka till cirkulationen.<\/p>\n<p> <strong>Vasopressin CAS 11000-17-2 Kemiska egenskaper<\/strong><br \/>\nform Lyofiliserat pulver<br \/>\nf\u00e4rg Vit<br \/>\nVattenl\u00f6slighet L\u00f6slig i vatten (blandbar).<br \/>\nCAS DataBase Reference 11000-17-2(CAS DataBase Reference)<\/p>\n<p> <strong>Funktion och till\u00e4mpning av Vasopressin CAS 11000-17-2<\/strong><br \/>\nVasopressin verkar p\u00e5 tre olika receptorer, vasopressinreceptor V1a (som initierar vasokonstriktion, leverglukoneogenes, trombocytaggregation och fris\u00e4ttning av faktor VIII), vasopressinreceptor V1b (som medierar kortikotrofinuts\u00f6ndring fr\u00e5n hypofysen) och vasopressinreceptor V2 som kontrollerar fri vattenreabsorption i njurarna. . Bindningen av vasopressin till V2-receptorn aktiverar adenylatcyklas som orsakar fris\u00e4ttningen av aquaporin 2-kanaler i cellerna som kantar njurm\u00e4rgen. Detta g\u00f6r att vatten kan \u00e5terabsorberas nedf\u00f6r en osmotisk gradient s\u00e5 att urinen \u00e4r mer koncentrerad.<\/p>\n<p>Inom humanmedicin har vasopressin anv\u00e4nts f\u00f6r att behandla akuta GI-bl\u00f6dningar och f\u00f6r att stimulera GI-peristaltiken. Vasopressin CRI anv\u00e4nds ocks\u00e5 f\u00f6r behandling av hypotensiva septiska patienter som inte svarar p\u00e5 konventionella vasopressorer. F\u00f6re radiografiska ingrepp har det anv\u00e4nts f\u00f6r att skingra st\u00f6rande gasskuggor eller hj\u00e4lpa till att koncentrera kontrastmedel.<\/p>\n","protected":false},"excerpt":{"rendered":"<p>Produktnamn: Vasopressin<br \/>\nCAS: 11000-17-2<br \/>\nMF: C46H65N13O12S2<br \/>\nMW: 1056.22<br \/>\nEINECS: 234-236-2<br \/>\nMol Fil: 11000-17-2.mol<\/p>\n","protected":false},"featured_media":2217,"comment_status":"open","ping_status":"closed","template":"","meta":{"om_disable_all_campaigns":false,"_monsterinsights_skip_tracking":false,"_monsterinsights_sitenote_active":false,"_monsterinsights_sitenote_note":"","_monsterinsights_sitenote_category":0,"site-sidebar-layout":"default","site-content-layout":"default","ast-site-content-layout":"default","site-content-style":"default","site-sidebar-style":"default","ast-global-header-display":"","ast-banner-title-visibility":"","ast-main-header-display":"","ast-hfb-above-header-display":"","ast-hfb-below-header-display":"","ast-hfb-mobile-header-display":"","site-post-title":"","ast-breadcrumbs-content":"","ast-featured-img":"","footer-sml-layout":"","ast-disable-related-posts":"","theme-transparent-header-meta":"default","adv-header-id-meta":"","stick-header-meta":"","header-above-stick-meta":"","header-main-stick-meta":"","header-below-stick-meta":"","astra-migrate-meta-layouts":"default","ast-page-background-enabled":"default","ast-page-background-meta":{"desktop":{"background-color":"","background-image":"","background-repeat":"repeat","background-position":"center center","background-size":"auto","background-attachment":"scroll","background-type":"","background-media":"","overlay-type":"","overlay-color":"","overlay-opacity":"","overlay-gradient":""},"tablet":{"background-color":"","background-image":"","background-repeat":"repeat","background-position":"center center","background-size":"auto","background-attachment":"scroll","background-type":"","background-media":"","overlay-type":"","overlay-color":"","overlay-opacity":"","overlay-gradient":""},"mobile":{"background-color":"","background-image":"","background-repeat":"repeat","background-position":"center center","background-size":"auto","background-attachment":"scroll","background-type":"","background-media":"","overlay-type":"","overlay-color":"","overlay-opacity":"","overlay-gradient":""}},"ast-content-background-meta":{"desktop":{"background-color":"var(--ast-global-color-5)","background-image":"","background-repeat":"repeat","background-position":"center center","background-size":"auto","background-attachment":"scroll","background-type":"","background-media":"","overlay-type":"","overlay-color":"","overlay-opacity":"","overlay-gradient":""},"tablet":{"background-color":"var(--ast-global-color-5)","background-image":"","background-repeat":"repeat","background-position":"center center","background-size":"auto","background-attachment":"scroll","background-type":"","background-media":"","overlay-type":"","overlay-color":"","overlay-opacity":"","overlay-gradient":""},"mobile":{"background-color":"var(--ast-global-color-5)","background-image":"","background-repeat":"repeat","background-position":"center center","background-size":"auto","background-attachment":"scroll","background-type":"","background-media":"","overlay-type":"","overlay-color":"","overlay-opacity":"","overlay-gradient":""}}},"product_brand":[],"product_cat":[422],"product_tag":[1562],"class_list":{"0":"post-8120","1":"product","2":"type-product","3":"status-publish","4":"has-post-thumbnail","6":"product_cat-blod-och-vaskular-peptid","7":"product_tag-hot-sale-vasopressin-cas-11000-17-2-for-lab-research-sv","8":"desktop-align-left","9":"tablet-align-left","10":"mobile-align-left","12":"first","13":"instock","14":"shipping-taxable","15":"product-type-simple"},"_links":{"self":[{"href":"https:\/\/puyapeptide.net\/sv\/wp-json\/wp\/v2\/product\/8120","targetHints":{"allow":["GET"]}}],"collection":[{"href":"https:\/\/puyapeptide.net\/sv\/wp-json\/wp\/v2\/product"}],"about":[{"href":"https:\/\/puyapeptide.net\/sv\/wp-json\/wp\/v2\/types\/product"}],"replies":[{"embeddable":true,"href":"https:\/\/puyapeptide.net\/sv\/wp-json\/wp\/v2\/comments?post=8120"}],"wp:featuredmedia":[{"embeddable":true,"href":"https:\/\/puyapeptide.net\/sv\/wp-json\/wp\/v2\/media\/2217"}],"wp:attachment":[{"href":"https:\/\/puyapeptide.net\/sv\/wp-json\/wp\/v2\/media?parent=8120"}],"wp:term":[{"taxonomy":"product_brand","embeddable":true,"href":"https:\/\/puyapeptide.net\/sv\/wp-json\/wp\/v2\/product_brand?post=8120"},{"taxonomy":"product_cat","embeddable":true,"href":"https:\/\/puyapeptide.net\/sv\/wp-json\/wp\/v2\/product_cat?post=8120"},{"taxonomy":"product_tag","embeddable":true,"href":"https:\/\/puyapeptide.net\/sv\/wp-json\/wp\/v2\/product_tag?post=8120"}],"curies":[{"name":"wp","href":"https:\/\/api.w.org\/{rel}","templated":true}]}}