{"id":8151,"date":"2021-12-16T12:21:04","date_gmt":"2021-12-16T17:21:04","guid":{"rendered":"https:\/\/puyapeptide.net\/product\/triptorelin-triptorelin-acetate-cas-57773-63-4-for-behandling-av-prostatacancer-och-brostcancer\/"},"modified":"2021-12-16T12:21:04","modified_gmt":"2021-12-16T17:21:04","slug":"triptorelin-triptorelin-acetate-cas-57773-63-4-for-behandling-av-prostatacancer-och-brostcancer","status":"publish","type":"product","link":"https:\/\/puyapeptide.net\/sv\/product\/triptorelin-triptorelin-acetate-cas-57773-63-4-for-behandling-av-prostatacancer-och-brostcancer\/","title":{"rendered":"Triptorelin\/ Triptorelin Acetate CAS 57773-63-4 f\u00f6r behandling av prostatacancer och br\u00f6stcancer"},"content":{"rendered":"<h2><strong>Triptorelin\/ Triptorelin Acetate CAS 57773-63-4 f\u00f6r behandling av prostatacancer och br\u00f6stcancer<\/strong><\/h2>\n<p>Produktnamn: Triptorelin<br \/>\nSynonymer: PGLU-HIS-TRP-SER-TYR-D-TRP-LEU-ARG-PRO-GLY-NH2;PYROGLU-HIS-TRP-SER-TYR-D-TRP- LEU-ARG-PRO-GLY NH2;PYR-HIS-TRP-SER-TYR-D-TRP-LEU-ARG-PRO-GLY-NH2;PYR-HIS-TRP-SER-TYR-D-TRP-LEU-ARG -PRO-GLY-NH2 PAMOATSALT;TRIPTORELINPAMOAT;TRIPTORELINACETAT;TRIPTORELINAMID;TRIPTORELIN, [DTRP6]-LH-RH, AMID<br \/>\nCAS: 57773-63-4<br \/>\nMF: C64H82N18O13:&lt; 1311.47<br \/>\nEINECS: 637-328-4<br \/>\nProduktkategorier: Aminosyraderivat;Peptid<br \/>\nMol Fil: 57773-63-4.mol<\/p>\n<p>Triptoreli \u00e4r en syntetisk dekapeptidagonistanalog som fris\u00e4tter hormon (LHRH). Triptoreli har st\u00f6rre styrka \u00e4n endogent LHRH och undertrycker reversibelt gonadotropinsekretion. Efter kronisk, kontinuerlig administrering \u00e5stadkommer detta medel varaktiga minskningar av LH- och FSH-produktion och testikel- och ovariesteroidogenes. Serumkoncentrationer kan falla till niv\u00e5er som vanligtvis observeras hos kirurgiskt kastrerade m\u00e4n.<\/p>\n<p> <strong>Triptorelin\/ Triptorelin Acetate CAS 57773-63-4 Kemiska egenskaper<\/strong><br \/>\nalfa D23 -58,8\u00b0 (c = 0,33 i \u00e4ttiksyra)<br \/>\n densitet 1,52\u00b10,1 g\/cm3(f\u00f6rutsp\u00e5dd)<br \/>\nlagringstemp. -20\u00b0C<br \/>\npka 9,82\u00b10,15(f\u00f6rutsp\u00e5dd)<br \/>\nform pulver<br \/>\nInChIKey HPPONSCISKROOD-OYLNGHKZSA-N<br \/>\nCAS DataBase Reference 57773-63-4(CAS DataBase Reference)<\/p>\n<p> <strong>Funktion och till\u00e4mpning av Triptorelin\/Triptorelinacetat CAS 57773-63-4<\/strong><br \/>\nTriptoreli kan anv\u00e4ndas vid behandling av hormonk\u00e4nsliga cancerformer som prostatacancer eller br\u00f6stcancer, tidig pubertet, \u00f6strogenberoende tillst\u00e5nd (som endometrios eller livmoder) myom) och vid assisterad befruktning. Det anv\u00e4nds ocks\u00e5 som terapi f\u00f6r k\u00f6nsidentitetsst\u00f6rningar.<\/p>\n<p>Triptorelinpamoat \u00e4r en annan superagonist av GnRH, som liksom nafarelinacetat endast inneh\u00e5ller en enda aminosyrasubstitution (D-Trp6 f\u00f6r Gly6) j\u00e4mf\u00f6rt med det naturliga hormonet. Vid behandling av avancerad prostatacancer \u00e4r det viktigt att s\u00e4nka serumtestosteronniv\u00e5erna till mycket l\u00e5ga niv\u00e5er, vilket kan uppn\u00e5s kirurgiskt genom orkiektomi. N\u00e4r denna kirurgiska metod \u00e4r oacceptabel f\u00f6r patienten \u00e4r ett alternativt tillv\u00e4gag\u00e5ngss\u00e4tt &quot;kemisk kastrering&quot;, som kan uppn\u00e5s genom anv\u00e4ndning av \u00f6strogenterapi, leuprolid, goserelin eller histrelinacetater och nu triptorelinpamoat. Denna produkt \u00e4r tillg\u00e4nglig f\u00f6r IM-dep\u00e5injektion (en g\u00e5ng i m\u00e5naden eller var tredje m\u00e5nad), d\u00e4r serumkoncentrationen av testosteron sjunker till en niv\u00e5 som vanligtvis ses hos kirurgiskt kastrerade m\u00e4n.<\/p>\n","protected":false},"excerpt":{"rendered":"<p>Produktnamn: Triptorelin<br \/>\nCAS: 57773-63-4<br \/>\nMF: C64H82N18O13<br \/>\nMW: 1311.47<br \/>\nEINECS: 637-328-4<br \/>\nMol Fil: 57773-63-4.mol<\/p>\n","protected":false},"featured_media":2301,"comment_status":"open","ping_status":"closed","template":"","meta":{"om_disable_all_campaigns":false,"_monsterinsights_skip_tracking":false,"_monsterinsights_sitenote_active":false,"_monsterinsights_sitenote_note":"","_monsterinsights_sitenote_category":0,"site-sidebar-layout":"default","site-content-layout":"default","ast-site-content-layout":"default","site-content-style":"default","site-sidebar-style":"default","ast-global-header-display":"","ast-banner-title-visibility":"","ast-main-header-display":"","ast-hfb-above-header-display":"","ast-hfb-below-header-display":"","ast-hfb-mobile-header-display":"","site-post-title":"","ast-breadcrumbs-content":"","ast-featured-img":"","footer-sml-layout":"","ast-disable-related-posts":"","theme-transparent-header-meta":"default","adv-header-id-meta":"","stick-header-meta":"","header-above-stick-meta":"","header-main-stick-meta":"","header-below-stick-meta":"","astra-migrate-meta-layouts":"default","ast-page-background-enabled":"default","ast-page-background-meta":{"desktop":{"background-color":"","background-image":"","background-repeat":"repeat","background-position":"center center","background-size":"auto","background-attachment":"scroll","background-type":"","background-media":"","overlay-type":"","overlay-color":"","overlay-opacity":"","overlay-gradient":""},"tablet":{"background-color":"","background-image":"","background-repeat":"repeat","background-position":"center center","background-size":"auto","background-attachment":"scroll","background-type":"","background-media":"","overlay-type":"","overlay-color":"","overlay-opacity":"","overlay-gradient":""},"mobile":{"background-color":"","background-image":"","background-repeat":"repeat","background-position":"center center","background-size":"auto","background-attachment":"scroll","background-type":"","background-media":"","overlay-type":"","overlay-color":"","overlay-opacity":"","overlay-gradient":""}},"ast-content-background-meta":{"desktop":{"background-color":"var(--ast-global-color-5)","background-image":"","background-repeat":"repeat","background-position":"center center","background-size":"auto","background-attachment":"scroll","background-type":"","background-media":"","overlay-type":"","overlay-color":"","overlay-opacity":"","overlay-gradient":""},"tablet":{"background-color":"var(--ast-global-color-5)","background-image":"","background-repeat":"repeat","background-position":"center center","background-size":"auto","background-attachment":"scroll","background-type":"","background-media":"","overlay-type":"","overlay-color":"","overlay-opacity":"","overlay-gradient":""},"mobile":{"background-color":"var(--ast-global-color-5)","background-image":"","background-repeat":"repeat","background-position":"center center","background-size":"auto","background-attachment":"scroll","background-type":"","background-media":"","overlay-type":"","overlay-color":"","overlay-opacity":"","overlay-gradient":""}}},"product_brand":[],"product_cat":[384],"product_tag":[1511],"class_list":{"0":"post-8151","1":"product","2":"type-product","3":"status-publish","4":"has-post-thumbnail","6":"product_cat-anti-tumor-peptid","7":"product_tag-triptorelin-triptorelin-acetate-cas-57773-63-4-for-treat-prostate-cancer-and-breast-cancer-sv","8":"desktop-align-left","9":"tablet-align-left","10":"mobile-align-left","12":"first","13":"instock","14":"shipping-taxable","15":"product-type-simple"},"_links":{"self":[{"href":"https:\/\/puyapeptide.net\/sv\/wp-json\/wp\/v2\/product\/8151","targetHints":{"allow":["GET"]}}],"collection":[{"href":"https:\/\/puyapeptide.net\/sv\/wp-json\/wp\/v2\/product"}],"about":[{"href":"https:\/\/puyapeptide.net\/sv\/wp-json\/wp\/v2\/types\/product"}],"replies":[{"embeddable":true,"href":"https:\/\/puyapeptide.net\/sv\/wp-json\/wp\/v2\/comments?post=8151"}],"wp:featuredmedia":[{"embeddable":true,"href":"https:\/\/puyapeptide.net\/sv\/wp-json\/wp\/v2\/media\/2301"}],"wp:attachment":[{"href":"https:\/\/puyapeptide.net\/sv\/wp-json\/wp\/v2\/media?parent=8151"}],"wp:term":[{"taxonomy":"product_brand","embeddable":true,"href":"https:\/\/puyapeptide.net\/sv\/wp-json\/wp\/v2\/product_brand?post=8151"},{"taxonomy":"product_cat","embeddable":true,"href":"https:\/\/puyapeptide.net\/sv\/wp-json\/wp\/v2\/product_cat?post=8151"},{"taxonomy":"product_tag","embeddable":true,"href":"https:\/\/puyapeptide.net\/sv\/wp-json\/wp\/v2\/product_tag?post=8151"}],"curies":[{"name":"wp","href":"https:\/\/api.w.org\/{rel}","templated":true}]}}