{"id":8202,"date":"2021-12-16T12:24:44","date_gmt":"2021-12-16T17:24:44","guid":{"rendered":"https:\/\/puyapeptide.net\/product\/thymosin-beta-4-acetate-thymosin-%ce%b24-acetate-cas-77591-33-4-for-laboratorieforskning\/"},"modified":"2021-12-16T12:24:44","modified_gmt":"2021-12-16T17:24:44","slug":"thymosin-beta-4-acetate-thymosin-%ce%b24-acetate-cas-77591-33-4-for-laboratorieforskning","status":"publish","type":"product","link":"https:\/\/puyapeptide.net\/sv\/product\/thymosin-beta-4-acetate-thymosin-%ce%b24-acetate-cas-77591-33-4-for-laboratorieforskning\/","title":{"rendered":"Thymosin beta 4 acetate\/ Thymosin \u03b24 Acetate CAS 77591-33-4 F\u00f6r laboratorieforskning"},"content":{"rendered":"<h2><strong>Thymosin beta 4 acetate\/ Thymosin \u03b24 Acetate CAS 77591-33-4 F\u00f6r laboratorieforskning<\/strong><\/h2>\n<p>Produktnamn: Thymosin beta 4 acetate<br \/>\nSynonymer: AC-SER-ASP-LYS-PRO-ASP-MET-ALA-GLU-ILE-GLU-LYS-PHE-ASP-LYS-SER-LYS-LEU -LYS-LYS-THR-GLU-THR-GLN-GLU-LYS-ASN-PRO-LEU-PRO-SER-LYS-GLU-THR-ILE-GLU-GLN-GLU-LYS-GLN-ALA-GLY-GLU -SER-OH;FX (M\u00c4NNISKA, N\u00d6T, H\u00c4ST, R\u00c5TTA);tymosin beta 4 acetat;TYMOSIN BETA4 (M\u00c4NNISKA, BOVINE, H\u00c4ST, R\u00c5TTA);Tymosin beta4;Tymosin Beta4 Beta4 Acetate;Tymosin \u03b24 Acetate; TYMOSIN&lt; SS4 &gt;CAS: 77591-33-4<br \/>\nMF: C212H350N56O78S<br \/>\nMW: 4963.4408<br \/>\nEINECS: 1592732-453-0<br \/>\nProduktkategorier: Generisk peptid;Peptid&lt;&amp;-&gt;Mol Fil:-37591 4.mol<\/p>\n<p>Tymosin \u03b2-4 \u00e4r en endogen pro-angiogen, fibroblastaktiverande peptid som \u00e4r involverad i hormonreglering. Thymosin \u03b2-4 uppvisar ocks\u00e5 immunmodulerande och kardioprotektiva aktiviteter. Thymosin \u03b2-4 f\u00f6rb\u00e4ttrar l\u00e4kningen vid hj\u00e4rtproblem och f\u00f6rb\u00e4ttrar hj\u00e4rtfunktionen in vivo. Thymosin \u03b2-4 binder G-aktinfilament och f\u00f6rhindrar aktinpolymerisation.<\/p>\n<p> <strong>F\u00f6rdelar med Thymosin beta 4 acetate\/ Thymosin \u03b24 Acetate CAS 77591-33-4<\/strong><br \/>\nTymosin Beta-4 \u00e4r en 43- aminosyrapeptid som fr\u00e4mjar l\u00e4kning i hela kroppen. Det har ocks\u00e5 antiinflammatoriska egenskaper. Finns naturligt i h\u00f6gre koncentrationer p\u00e5 skadest\u00e4llen, det vattenl\u00f6sliga proteinet kan reparera v\u00e4vnadsskador och reglera cellmigration till en plats. Det kan f\u00f6rb\u00e4ttra s\u00e5rl\u00e4kning och reparera inte bara huden utan \u00e4ven hj\u00e4rnan, ryggm\u00e4rgen och hj\u00e4rtat. L\u00e4kare anser att Thymosin Beta-4 \u00e4r en s\u00e4ker och kraftfull substans i sin naturliga eller syntetiska form, k\u00e4nd som TB-500.<br \/>\nDessutom har TB4 en l\u00e5g molekylvikt och binder inte till den extracellul\u00e4ra matrisen. Detta g\u00f6r att den enkelt kan resa genom kroppsv\u00e4vnader, vilket fr\u00e4mjar en snabbare l\u00e4kningshastighet. Peptiden f\u00e4rdas l\u00e5nga str\u00e4ckor, s\u00e5 den beh\u00f6ver vanligtvis inte injiceras direkt p\u00e5 skadest\u00e4llet. Medan vissa tror att injicera det n\u00e4rmare ett skadat omr\u00e5de ger b\u00e4ttre resultat, tyder kliniska bevis p\u00e5 annat.<\/p>\n<p> <strong>Anv\u00e4ndning av Thymosin beta 4 acetat\/ Thymosin \u03b24 Acetate CAS 77591-33-4<\/strong><br \/>\n 1. Thymus \u03b24 och tum\u00f6r studier har visat att tymus \u03b24-acetat \u00e4r associerat med en m\u00e4ngd olika tum\u00f6rer, inklusive tjocktarmscancer, melanom, fibrosarkom, br\u00f6stcancer, pankreascancer och lungcancer, etc. Det kan synergisera med en m\u00e4ngd olika faktorer f\u00f6r att fr\u00e4mja tum\u00f6rinvasion Chemicalbook och metastaser.<br \/>\n2. Thymus \u03b24 i hj\u00e4rtskada reparation I den akuta fasen av hj\u00e4rtinfarkt, ett stort antal hj\u00e4rtmyocyter ischemisk nekros, vilket leder till nedsatt hj\u00e4rtfunktion och slutligen progression till hj\u00e4rtsvikt. Studier har bekr\u00e4ftat att tymus \u03b24-acetat har en skyddande effekt p\u00e5 kardiomyocyter.<\/p>\n","protected":false},"excerpt":{"rendered":"<p>Produktnamn: Thymosin beta 4 acetat<br \/>\nCAS: 77591-33-4<br \/>\nMF: C212H350N56O78S<br \/>\nMW: 4963.4408<br \/>\nEINECS: 1592732-453-0<br \/>\nMol Fil:-37-7591-37-759 .mol<\/p>\n","protected":false},"featured_media":2217,"comment_status":"open","ping_status":"closed","template":"","meta":{"om_disable_all_campaigns":false,"_monsterinsights_skip_tracking":false,"_monsterinsights_sitenote_active":false,"_monsterinsights_sitenote_note":"","_monsterinsights_sitenote_category":0,"site-sidebar-layout":"default","site-content-layout":"default","ast-site-content-layout":"default","site-content-style":"default","site-sidebar-style":"default","ast-global-header-display":"","ast-banner-title-visibility":"","ast-main-header-display":"","ast-hfb-above-header-display":"","ast-hfb-below-header-display":"","ast-hfb-mobile-header-display":"","site-post-title":"","ast-breadcrumbs-content":"","ast-featured-img":"","footer-sml-layout":"","ast-disable-related-posts":"","theme-transparent-header-meta":"default","adv-header-id-meta":"","stick-header-meta":"","header-above-stick-meta":"","header-main-stick-meta":"","header-below-stick-meta":"","astra-migrate-meta-layouts":"default","ast-page-background-enabled":"default","ast-page-background-meta":{"desktop":{"background-color":"","background-image":"","background-repeat":"repeat","background-position":"center center","background-size":"auto","background-attachment":"scroll","background-type":"","background-media":"","overlay-type":"","overlay-color":"","overlay-opacity":"","overlay-gradient":""},"tablet":{"background-color":"","background-image":"","background-repeat":"repeat","background-position":"center center","background-size":"auto","background-attachment":"scroll","background-type":"","background-media":"","overlay-type":"","overlay-color":"","overlay-opacity":"","overlay-gradient":""},"mobile":{"background-color":"","background-image":"","background-repeat":"repeat","background-position":"center center","background-size":"auto","background-attachment":"scroll","background-type":"","background-media":"","overlay-type":"","overlay-color":"","overlay-opacity":"","overlay-gradient":""}},"ast-content-background-meta":{"desktop":{"background-color":"var(--ast-global-color-5)","background-image":"","background-repeat":"repeat","background-position":"center center","background-size":"auto","background-attachment":"scroll","background-type":"","background-media":"","overlay-type":"","overlay-color":"","overlay-opacity":"","overlay-gradient":""},"tablet":{"background-color":"var(--ast-global-color-5)","background-image":"","background-repeat":"repeat","background-position":"center center","background-size":"auto","background-attachment":"scroll","background-type":"","background-media":"","overlay-type":"","overlay-color":"","overlay-opacity":"","overlay-gradient":""},"mobile":{"background-color":"var(--ast-global-color-5)","background-image":"","background-repeat":"repeat","background-position":"center center","background-size":"auto","background-attachment":"scroll","background-type":"","background-media":"","overlay-type":"","overlay-color":"","overlay-opacity":"","overlay-gradient":""}}},"product_brand":[],"product_cat":[527],"product_tag":[1500],"class_list":{"0":"post-8202","1":"product","2":"type-product","3":"status-publish","4":"has-post-thumbnail","6":"product_cat-andra-peptider","7":"product_tag-thymosin-beta-4-acetate-thymosin-4-acetate-cas-77591-33-4-for-lab-research-sv","8":"desktop-align-left","9":"tablet-align-left","10":"mobile-align-left","12":"first","13":"instock","14":"shipping-taxable","15":"product-type-simple"},"_links":{"self":[{"href":"https:\/\/puyapeptide.net\/sv\/wp-json\/wp\/v2\/product\/8202","targetHints":{"allow":["GET"]}}],"collection":[{"href":"https:\/\/puyapeptide.net\/sv\/wp-json\/wp\/v2\/product"}],"about":[{"href":"https:\/\/puyapeptide.net\/sv\/wp-json\/wp\/v2\/types\/product"}],"replies":[{"embeddable":true,"href":"https:\/\/puyapeptide.net\/sv\/wp-json\/wp\/v2\/comments?post=8202"}],"wp:featuredmedia":[{"embeddable":true,"href":"https:\/\/puyapeptide.net\/sv\/wp-json\/wp\/v2\/media\/2217"}],"wp:attachment":[{"href":"https:\/\/puyapeptide.net\/sv\/wp-json\/wp\/v2\/media?parent=8202"}],"wp:term":[{"taxonomy":"product_brand","embeddable":true,"href":"https:\/\/puyapeptide.net\/sv\/wp-json\/wp\/v2\/product_brand?post=8202"},{"taxonomy":"product_cat","embeddable":true,"href":"https:\/\/puyapeptide.net\/sv\/wp-json\/wp\/v2\/product_cat?post=8202"},{"taxonomy":"product_tag","embeddable":true,"href":"https:\/\/puyapeptide.net\/sv\/wp-json\/wp\/v2\/product_tag?post=8202"}],"curies":[{"name":"wp","href":"https:\/\/api.w.org\/{rel}","templated":true}]}}